{"id":889,"date":"2022-01-19T15:09:27","date_gmt":"2022-01-19T15:09:27","guid":{"rendered":"https:\/\/purplearrow.ch\/?page_id=889"},"modified":"2023-01-20T16:27:26","modified_gmt":"2023-01-20T16:27:26","slug":"pha","status":"publish","type":"page","link":"https:\/\/purplearrow.ch\/?page_id=889","title":{"rendered":"PHA"},"content":{"rendered":"\n<p style=\"font-size:15px\"><strong>Was ist PHA \u2013 Pelger-Huet Anomalie?<\/strong><br><br>Pelger-Huet Anomalie (PHA) verursacht Ver\u00e4nderungen in Blutzellen die Granulozyten genannt werden. PHA kann mit Infektionen oder Fr\u00fchstadien von Leuk\u00e4mie verwechselt werden. Auf PHA zu testen ist dann empfehlenswert, wenn f\u00fcr offensichtliche Infektionen keine Ursachen gefunden werden oder wenn die M\u00f6glichkeit f\u00fcr Leuk\u00e4mie besteht.<br><br>Die Krankheit wird unvollst\u00e4ndig Dominant vererbt. Hunde die nur ein Gen tragen sind fast immer gesund. Wenn sie aber mit einem Partner verpaart werden, der ebenfalls die Mutation tr\u00e4gt, dann werden die Welpen aus dieser Anpaarung resorbiert, totgeboren oder sie sterben kurz nach der Geburt. Gelegentlich wird ein Welpe \u00fcberleben, wird aber dann schwere Skelettdeformationen haben und anf\u00e4llig sein f\u00fcr Infektionen.<br><br>PHA ist mehr ein Problem das Z\u00fcchter betrifft als Besitzer, da Welpen mit zwei Kopien des DHA Gens fast nie \u00fcberleben und wenn, dann haben sie extreme Gesundheitsprobleme. PHA verursacht kleine W\u00fcrfe oder den Verlust der Neugeborenen.<br><br>Das Gen f\u00fcr PHA wurde noch nicht gefunden, doch der PHA Status von Zuchthunden kann durch die Begutachtung eines Blutabstrichs durch einen Pathologen bestimmt werden. Die meisten PHA Tr\u00e4ger haben geringe Anomalien in einigen ihrer Blutzellen. Dennoch hat nicht jeder PHA Tr\u00e4ger diese Anomalien, sodass es m\u00f6glich ist, von diesem Test falsche negative Resultate zu bekommen. Daher sollte jeder Zuchthund getestet werden, von dem bekannt ist, dass nahe Verwandte PHA Tr\u00e4ger sind. PHA Tr\u00e4ger sollten nicht miteinander verpaart werden. Sollte ein Zuchthund extrem variable Wurfgr\u00f6\u00dfen haben, so k\u00f6nnte dieser Hund PHA Tr\u00e4ger sein und sollte untersucht werden.<\/p>\n","protected":false},"excerpt":{"rendered":"<p>Was ist PHA \u2013 Pelger-Huet Anomalie? Pelger-Huet Anomalie (PHA) verursacht Ver\u00e4nderungen in Blutzellen die Granulozyten genannt werden. PHA kann mit Infektionen oder Fr\u00fchstadien von Leuk\u00e4mie verwechselt werden. Auf PHA zu testen ist dann empfehlenswert, wenn f\u00fcr offensichtliche Infektionen keine Ursachen gefunden werden oder wenn die M\u00f6glichkeit f\u00fcr Leuk\u00e4mie besteht. Die Krankheit wird unvollst\u00e4ndig Dominant vererbt. &hellip; <\/p>\n<p class=\"link-more\"><a href=\"https:\/\/purplearrow.ch\/?page_id=889\" class=\"more-link\"><span class=\"screen-reader-text\">\u201ePHA\u201c<\/span> weiterlesen<\/a><\/p>\n","protected":false},"author":1,"featured_media":0,"parent":74,"menu_order":8,"comment_status":"closed","ping_status":"closed","template":"","meta":{"footnotes":""},"class_list":["post-889","page","type-page","status-publish","hentry"],"_links":{"self":[{"href":"https:\/\/purplearrow.ch\/index.php?rest_route=\/wp\/v2\/pages\/889","targetHints":{"allow":["GET"]}}],"collection":[{"href":"https:\/\/purplearrow.ch\/index.php?rest_route=\/wp\/v2\/pages"}],"about":[{"href":"https:\/\/purplearrow.ch\/index.php?rest_route=\/wp\/v2\/types\/page"}],"author":[{"embeddable":true,"href":"https:\/\/purplearrow.ch\/index.php?rest_route=\/wp\/v2\/users\/1"}],"replies":[{"embeddable":true,"href":"https:\/\/purplearrow.ch\/index.php?rest_route=%2Fwp%2Fv2%2Fcomments&post=889"}],"version-history":[{"count":2,"href":"https:\/\/purplearrow.ch\/index.php?rest_route=\/wp\/v2\/pages\/889\/revisions"}],"predecessor-version":[{"id":4002,"href":"https:\/\/purplearrow.ch\/index.php?rest_route=\/wp\/v2\/pages\/889\/revisions\/4002"}],"up":[{"embeddable":true,"href":"https:\/\/purplearrow.ch\/index.php?rest_route=\/wp\/v2\/pages\/74"}],"wp:attachment":[{"href":"https:\/\/purplearrow.ch\/index.php?rest_route=%2Fwp%2Fv2%2Fmedia&parent=889"}],"curies":[{"name":"wp","href":"https:\/\/api.w.org\/{rel}","templated":true}]}}