{"id":884,"date":"2022-01-19T14:54:18","date_gmt":"2022-01-19T14:54:18","guid":{"rendered":"https:\/\/purplearrow.ch\/?page_id=884"},"modified":"2023-01-20T16:31:41","modified_gmt":"2023-01-20T16:31:41","slug":"ncl","status":"publish","type":"page","link":"https:\/\/purplearrow.ch\/?page_id=884","title":{"rendered":"NCL"},"content":{"rendered":"\n<p style=\"font-size:15px\"><strong>Was ist NCL &#8211; Neuronale Ceroid Lipofuszinose<br><br><\/strong>NCL, auch bezeichnet als Canine Ceroid Lipofuszinose, ist eine Erkrankung, bei der Giftstoffe, die normalerweise vom K\u00f6rper ausgeschieden w\u00fcrden, in bestimmten Geweben gespeichert werden. In diesem Fall im Nervensystem. Betroffene Hunde zeigen erste Symptome mit etwa 1\u00bd Jahren. Sie haben Anf\u00e4lle, k\u00f6nnen aber auch blind werden, kreiseln, Demenzerscheinungen haben oder agressiv werden. Der Hund wird an der Krankheit sterben wenn er etwa 2 bis 3 Jahre alt ist. NCL ist bei manchen Rassen vererbt. Zum Gl\u00fcck ist es beim Aussie extrem selten.<br>Eine Diagnose von NCL ist schwierig. Der einzig sichere Weg ist eine Obduktion bei der Nervensytemgewebe angeschaut wird, oder auch ein DNA Test. Der Anteil von Carnitin im Blut kann reduziert sein, dies ist aber kein sicheres Anzeichen.<br><br>Epilepsie ist eine viel h\u00e4ufigere Krankheit bei Aussies. Sie tritt f\u00fcr gew\u00f6hnlich zum selben Zeitpunkt auf wie NCL und ist auch manchmal t\u00f6dlich. Jedoch sollten die anderen Symptome von NCL den behandelnden Tierarzt zu dem Schluss f\u00fchren, dass eine andere Ursache f\u00fcr die Anf\u00e4lle vorliegt als prim\u00e4re Epilepsie.<br><br>Mehrere verschiedene Formen von NCL sind gefunden worden und es sind DNA Tests verf\u00fcgbar. Einer davon wird f\u00fcr Aussies angeboten, aber zum gegenw\u00e4rtigen Zeitpunkt ist nur ein Fall bekannt und es ist m\u00f6glich, dass es noch andere Formen innnerhalb der Rasse gibt und DNA Tests m\u00f6gen daf\u00fcr noch nicht angeboten werden.<br><br>Wenn ein Hund Anzeichen von NCL zeigt und die zur Verf\u00fcgung stehendenTestergebnisse negativ sind, so kann eine Obduktion der einzige Weg sein die Krankheit zu diagnostizieren. Die Universit\u00e4t von Missouri, die den Test entwickelt hat, forscht weiter \u00fcber dieser Krankheit.<\/p>\n","protected":false},"excerpt":{"rendered":"<p>Was ist NCL &#8211; Neuronale Ceroid Lipofuszinose NCL, auch bezeichnet als Canine Ceroid Lipofuszinose, ist eine Erkrankung, bei der Giftstoffe, die normalerweise vom K\u00f6rper ausgeschieden w\u00fcrden, in bestimmten Geweben gespeichert werden. In diesem Fall im Nervensystem. Betroffene Hunde zeigen erste Symptome mit etwa 1\u00bd Jahren. Sie haben Anf\u00e4lle, k\u00f6nnen aber auch blind werden, kreiseln, Demenzerscheinungen &hellip; <\/p>\n<p class=\"link-more\"><a href=\"https:\/\/purplearrow.ch\/?page_id=884\" class=\"more-link\"><span class=\"screen-reader-text\">\u201eNCL\u201c<\/span> weiterlesen<\/a><\/p>\n","protected":false},"author":1,"featured_media":0,"parent":74,"menu_order":7,"comment_status":"closed","ping_status":"closed","template":"","meta":{"footnotes":""},"class_list":["post-884","page","type-page","status-publish","hentry"],"_links":{"self":[{"href":"https:\/\/purplearrow.ch\/index.php?rest_route=\/wp\/v2\/pages\/884","targetHints":{"allow":["GET"]}}],"collection":[{"href":"https:\/\/purplearrow.ch\/index.php?rest_route=\/wp\/v2\/pages"}],"about":[{"href":"https:\/\/purplearrow.ch\/index.php?rest_route=\/wp\/v2\/types\/page"}],"author":[{"embeddable":true,"href":"https:\/\/purplearrow.ch\/index.php?rest_route=\/wp\/v2\/users\/1"}],"replies":[{"embeddable":true,"href":"https:\/\/purplearrow.ch\/index.php?rest_route=%2Fwp%2Fv2%2Fcomments&post=884"}],"version-history":[{"count":3,"href":"https:\/\/purplearrow.ch\/index.php?rest_route=\/wp\/v2\/pages\/884\/revisions"}],"predecessor-version":[{"id":4011,"href":"https:\/\/purplearrow.ch\/index.php?rest_route=\/wp\/v2\/pages\/884\/revisions\/4011"}],"up":[{"embeddable":true,"href":"https:\/\/purplearrow.ch\/index.php?rest_route=\/wp\/v2\/pages\/74"}],"wp:attachment":[{"href":"https:\/\/purplearrow.ch\/index.php?rest_route=%2Fwp%2Fv2%2Fmedia&parent=884"}],"curies":[{"name":"wp","href":"https:\/\/api.w.org\/{rel}","templated":true}]}}