{"id":7518,"date":"2025-04-27T13:32:55","date_gmt":"2025-04-27T13:32:55","guid":{"rendered":"https:\/\/purplearrow.ch\/?page_id=7518"},"modified":"2025-04-27T13:42:23","modified_gmt":"2025-04-27T13:42:23","slug":"zuchtzulassungs-pruefung-grace","status":"publish","type":"page","link":"https:\/\/purplearrow.ch\/?page_id=7518","title":{"rendered":"Zuchtzulassungs-Pr\u00fcfung Grace"},"content":{"rendered":"\n<p style=\"font-size:22px\"><strong>Wesenstest vom Sonntag, 19. Juni 2016<\/strong><\/p>\n\n\n\n<div class=\"wp-block-media-text is-stacked-on-mobile\"><figure class=\"wp-block-media-text__media\"><img loading=\"lazy\" decoding=\"async\" width=\"969\" height=\"645\" src=\"https:\/\/purplearrow.ch\/wp-content\/uploads\/2025\/04\/koerung_grace_91.jpg\" alt=\"\" class=\"wp-image-7523 size-full\" srcset=\"https:\/\/purplearrow.ch\/wp-content\/uploads\/2025\/04\/koerung_grace_91.jpg 969w, https:\/\/purplearrow.ch\/wp-content\/uploads\/2025\/04\/koerung_grace_91-300x200.jpg 300w, https:\/\/purplearrow.ch\/wp-content\/uploads\/2025\/04\/koerung_grace_91-768x511.jpg 768w\" sizes=\"auto, (max-width: 706px) 89vw, (max-width: 767px) 82vw, 740px\" \/><\/figure><div class=\"wp-block-media-text__content\">\n<p style=\"font-size:16px\">Die Ank\u00f6rung beginnt mit den Fragen zum allgemeinen Verh\u00e4ltniss \/ Verhalten und Gesundheitszustand von Grace.<\/p>\n\n\n\n<p style=\"font-size:16px\">Ich darf w\u00e4hrend den \u00dcbungen nicht mit Grace sprechen oder sie beeinflussen.<\/p>\n<\/div><\/div>\n\n\n\n<div class=\"wp-block-media-text has-media-on-the-right is-stacked-on-mobile\"><div class=\"wp-block-media-text__content\">\n<p style=\"font-size:16px\">W\u00e4hrend der ganzen Ank\u00f6rung werde ich von der SKG-Wesensrichterin Frau Michel begleitet.<\/p>\n\n\n\n<p style=\"font-size:16px\">1. \u00dcbung ist die Gebisskontrolle<\/p>\n\n\n\n<p style=\"font-size:16px\"><strong><em>Beurteilung:<br><\/em><\/strong><em>sicher, unbefangen<\/em><\/p>\n<\/div><figure class=\"wp-block-media-text__media\"><img loading=\"lazy\" decoding=\"async\" width=\"1024\" height=\"683\" src=\"https:\/\/purplearrow.ch\/wp-content\/uploads\/2025\/04\/koerung_grace_1-1-1024x683.jpg\" alt=\"\" class=\"wp-image-7520 size-full\" srcset=\"https:\/\/purplearrow.ch\/wp-content\/uploads\/2025\/04\/koerung_grace_1-1-1024x683.jpg 1024w, https:\/\/purplearrow.ch\/wp-content\/uploads\/2025\/04\/koerung_grace_1-1-300x200.jpg 300w, https:\/\/purplearrow.ch\/wp-content\/uploads\/2025\/04\/koerung_grace_1-1-768x512.jpg 768w, https:\/\/purplearrow.ch\/wp-content\/uploads\/2025\/04\/koerung_grace_1-1.jpg 1295w\" sizes=\"auto, (max-width: 706px) 89vw, (max-width: 767px) 82vw, 740px\" \/><\/figure><\/div>\n\n\n\n<div class=\"wp-block-media-text is-stacked-on-mobile\"><figure class=\"wp-block-media-text__media\"><img loading=\"lazy\" decoding=\"async\" width=\"1024\" height=\"681\" src=\"https:\/\/purplearrow.ch\/wp-content\/uploads\/2025\/04\/Grace_koerung_02-1-1024x681.jpg\" alt=\"\" class=\"wp-image-7522 size-full\" srcset=\"https:\/\/purplearrow.ch\/wp-content\/uploads\/2025\/04\/Grace_koerung_02-1-1024x681.jpg 1024w, https:\/\/purplearrow.ch\/wp-content\/uploads\/2025\/04\/Grace_koerung_02-1-300x199.jpg 300w, https:\/\/purplearrow.ch\/wp-content\/uploads\/2025\/04\/Grace_koerung_02-1-768x511.jpg 768w, https:\/\/purplearrow.ch\/wp-content\/uploads\/2025\/04\/Grace_koerung_02-1.jpg 1217w\" sizes=\"auto, (max-width: 706px) 89vw, (max-width: 767px) 82vw, 740px\" \/><\/figure><div class=\"wp-block-media-text__content\">\n<p style=\"font-size:16px\">2. Konfrontation mit Fremdpersonen.<\/p>\n\n\n\n<p style=\"font-size:16px\">Mehrere Personen joggen an uns vorbei, nach dem Durchlaufen der Jogger werde ich von den Personen begr\u00fcsst und Grace muss sich freundlich zeigen.<\/p>\n\n\n\n<p style=\"font-size:16px\"><strong><em>Beurteilung:<br><\/em><\/strong><em>sicher, unbefangen<\/em><\/p>\n<\/div><\/div>\n\n\n\n<div class=\"wp-block-media-text has-media-on-the-right is-stacked-on-mobile\"><div class=\"wp-block-media-text__content\">\n<p style=\"font-size:16px\">3. Konfrontation mit Fremdperson (Pilzsammlerin).<\/p>\n\n\n\n<p style=\"font-size:16px\"><strong><em>Beurteilung:<br><\/em><\/strong><em>reserviert, friedlich<\/em><\/p>\n<\/div><figure class=\"wp-block-media-text__media\"><img loading=\"lazy\" decoding=\"async\" width=\"1024\" height=\"682\" src=\"https:\/\/purplearrow.ch\/wp-content\/uploads\/2025\/04\/koerung_grace_3-1024x682.jpg\" alt=\"\" class=\"wp-image-7524 size-full\" srcset=\"https:\/\/purplearrow.ch\/wp-content\/uploads\/2025\/04\/koerung_grace_3-1024x682.jpg 1024w, https:\/\/purplearrow.ch\/wp-content\/uploads\/2025\/04\/koerung_grace_3-300x200.jpg 300w, https:\/\/purplearrow.ch\/wp-content\/uploads\/2025\/04\/koerung_grace_3-768x511.jpg 768w, https:\/\/purplearrow.ch\/wp-content\/uploads\/2025\/04\/koerung_grace_3-1536x1022.jpg 1536w, https:\/\/purplearrow.ch\/wp-content\/uploads\/2025\/04\/koerung_grace_3.jpg 2028w\" sizes=\"auto, (max-width: 706px) 89vw, (max-width: 767px) 82vw, 740px\" \/><\/figure><\/div>\n\n\n\n<div class=\"wp-block-media-text is-stacked-on-mobile\"><figure class=\"wp-block-media-text__media\"><img loading=\"lazy\" decoding=\"async\" width=\"1024\" height=\"682\" src=\"https:\/\/purplearrow.ch\/wp-content\/uploads\/2025\/04\/koerung_grace_9-1024x682.jpg\" alt=\"\" class=\"wp-image-7525 size-full\" srcset=\"https:\/\/purplearrow.ch\/wp-content\/uploads\/2025\/04\/koerung_grace_9-1024x682.jpg 1024w, https:\/\/purplearrow.ch\/wp-content\/uploads\/2025\/04\/koerung_grace_9-300x200.jpg 300w, https:\/\/purplearrow.ch\/wp-content\/uploads\/2025\/04\/koerung_grace_9-768x512.jpg 768w, https:\/\/purplearrow.ch\/wp-content\/uploads\/2025\/04\/koerung_grace_9.jpg 1267w\" sizes=\"auto, (max-width: 706px) 89vw, (max-width: 767px) 82vw, 740px\" \/><\/figure><div class=\"wp-block-media-text__content\">\n<p style=\"font-size:16px\">4. Durchgehen der Gasse &#8211; optische Einfl\u00fcsse.<\/p>\n\n\n\n<p style=\"font-size:16px\"><strong><em>Beurteilung:<\/em><\/strong><em><br>interessiert, problemlos, kontrolliert<\/em><\/p>\n<\/div><\/div>\n\n\n\n<div class=\"wp-block-media-text has-media-on-the-right is-stacked-on-mobile\"><div class=\"wp-block-media-text__content\">\n<p style=\"font-size:16px\">5. Durchgehen der Gasse &#8211; akustische Einfl\u00fcsse.<\/p>\n\n\n\n<p style=\"font-size:16px\"><strong><em>Beurteilung:<\/em><\/strong><em><br>interessiert, problemlos, kontrolliert<\/em><\/p>\n<\/div><figure class=\"wp-block-media-text__media\"><img loading=\"lazy\" decoding=\"async\" width=\"1024\" height=\"682\" src=\"https:\/\/purplearrow.ch\/wp-content\/uploads\/2025\/04\/Grace_koerung_2-1024x682.jpg\" alt=\"\" class=\"wp-image-7529 size-full\" srcset=\"https:\/\/purplearrow.ch\/wp-content\/uploads\/2025\/04\/Grace_koerung_2-1024x682.jpg 1024w, https:\/\/purplearrow.ch\/wp-content\/uploads\/2025\/04\/Grace_koerung_2-300x200.jpg 300w, https:\/\/purplearrow.ch\/wp-content\/uploads\/2025\/04\/Grace_koerung_2-768x512.jpg 768w, https:\/\/purplearrow.ch\/wp-content\/uploads\/2025\/04\/Grace_koerung_2-1536x1024.jpg 1536w, https:\/\/purplearrow.ch\/wp-content\/uploads\/2025\/04\/Grace_koerung_2-2048x1365.jpg 2048w\" sizes=\"auto, (max-width: 706px) 89vw, (max-width: 767px) 82vw, 740px\" \/><\/figure><\/div>\n\n\n\n<div class=\"wp-block-media-text is-stacked-on-mobile\"><figure class=\"wp-block-media-text__media\"><img loading=\"lazy\" decoding=\"async\" width=\"1024\" height=\"681\" src=\"https:\/\/purplearrow.ch\/wp-content\/uploads\/2025\/04\/koerung_grace_8-1024x681.jpg\" alt=\"\" class=\"wp-image-7527 size-full\" srcset=\"https:\/\/purplearrow.ch\/wp-content\/uploads\/2025\/04\/koerung_grace_8-1024x681.jpg 1024w, https:\/\/purplearrow.ch\/wp-content\/uploads\/2025\/04\/koerung_grace_8-300x200.jpg 300w, https:\/\/purplearrow.ch\/wp-content\/uploads\/2025\/04\/koerung_grace_8-768x511.jpg 768w, https:\/\/purplearrow.ch\/wp-content\/uploads\/2025\/04\/koerung_grace_8.jpg 1505w\" sizes=\"auto, (max-width: 706px) 89vw, (max-width: 767px) 82vw, 740px\" \/><\/figure><div class=\"wp-block-media-text__content\">\n<p style=\"font-size:16px\">6. Spiel mit Gegenstand<br>(ohne Fremdperson)<\/p>\n\n\n\n<p style=\"font-size:16px\">Mit dem Zerrspiel mit mir wird der Beutetrieb von Grace beurteilt<\/p>\n\n\n\n<p style=\"font-size:16px\"><strong><em>Beurteilung:<\/em><\/strong><em><br>ausgepr\u00e4gt<\/em><\/p>\n<\/div><\/div>\n\n\n\n<div class=\"wp-block-media-text has-media-on-the-right is-stacked-on-mobile\"><div class=\"wp-block-media-text__content\">\n<p style=\"font-size:16px\">7. Spiel mit Gegenstand<br>(mit Fremdperson)<\/p>\n\n\n\n<p style=\"font-size:16px\">Die Beute wird einer Fremdperson \u00fcbergeben und Grace soll weiterspielen<\/p>\n\n\n\n<p style=\"font-size:16px\"><strong><em>Beurteilung:<\/em><\/strong><em><br>ausgepr\u00e4gt<\/em><\/p>\n<\/div><figure class=\"wp-block-media-text__media\"><img loading=\"lazy\" decoding=\"async\" width=\"1024\" height=\"682\" src=\"https:\/\/purplearrow.ch\/wp-content\/uploads\/2025\/04\/koerung_grace_4-1024x682.jpg\" alt=\"\" class=\"wp-image-7530 size-full\" srcset=\"https:\/\/purplearrow.ch\/wp-content\/uploads\/2025\/04\/koerung_grace_4-1024x682.jpg 1024w, https:\/\/purplearrow.ch\/wp-content\/uploads\/2025\/04\/koerung_grace_4-300x200.jpg 300w, https:\/\/purplearrow.ch\/wp-content\/uploads\/2025\/04\/koerung_grace_4-768x511.jpg 768w, https:\/\/purplearrow.ch\/wp-content\/uploads\/2025\/04\/koerung_grace_4-1536x1023.jpg 1536w, https:\/\/purplearrow.ch\/wp-content\/uploads\/2025\/04\/koerung_grace_4-2048x1363.jpg 2048w\" sizes=\"auto, (max-width: 706px) 89vw, (max-width: 767px) 82vw, 740px\" \/><\/figure><\/div>\n\n\n\n<div class=\"wp-block-media-text is-stacked-on-mobile\"><figure class=\"wp-block-media-text__media\"><img loading=\"lazy\" decoding=\"async\" width=\"1024\" height=\"683\" src=\"https:\/\/purplearrow.ch\/wp-content\/uploads\/2025\/04\/Grace_koerung-1024x683.jpg\" alt=\"\" class=\"wp-image-7531 size-full\" srcset=\"https:\/\/purplearrow.ch\/wp-content\/uploads\/2025\/04\/Grace_koerung-1024x683.jpg 1024w, https:\/\/purplearrow.ch\/wp-content\/uploads\/2025\/04\/Grace_koerung-300x200.jpg 300w, https:\/\/purplearrow.ch\/wp-content\/uploads\/2025\/04\/Grace_koerung-768x512.jpg 768w, https:\/\/purplearrow.ch\/wp-content\/uploads\/2025\/04\/Grace_koerung-1536x1024.jpg 1536w, https:\/\/purplearrow.ch\/wp-content\/uploads\/2025\/04\/Grace_koerung-2048x1365.jpg 2048w\" sizes=\"auto, (max-width: 706px) 89vw, (max-width: 767px) 82vw, 740px\" \/><\/figure><div class=\"wp-block-media-text__content\">\n<p style=\"font-size:16px\">8. Optische Einwirkung (Schlitten)<\/p>\n\n\n\n<p style=\"font-size:16px\"><strong><em>Beurteilung:<\/em><\/strong><em><br>interessiert, Kontaktaufnahme selbst\u00e4ndig<\/em><\/p>\n<\/div><\/div>\n\n\n\n<div class=\"wp-block-media-text has-media-on-the-right is-stacked-on-mobile\"><div class=\"wp-block-media-text__content\">\n<p style=\"font-size:16px\">9. Konfrontation mit Fremdpersonen (Kreis langsam)<\/p>\n\n\n\n<p style=\"font-size:16px\"><strong><em>Beurteilung:<\/em><\/strong><em><br>unbefangen<br><br><br><\/em>10. Konfrontation mit Fremdpersonen (Kreis schnell)<\/p>\n\n\n\n<p style=\"font-size:16px\"><strong><em>Beurteilung:<\/em><\/strong><em><br>unbefangen<\/em><\/p>\n<\/div><figure class=\"wp-block-media-text__media\"><img loading=\"lazy\" decoding=\"async\" width=\"1024\" height=\"683\" src=\"https:\/\/purplearrow.ch\/wp-content\/uploads\/2025\/04\/koerung_grace_5-1024x683.jpg\" alt=\"\" class=\"wp-image-7534 size-full\" srcset=\"https:\/\/purplearrow.ch\/wp-content\/uploads\/2025\/04\/koerung_grace_5-1024x683.jpg 1024w, https:\/\/purplearrow.ch\/wp-content\/uploads\/2025\/04\/koerung_grace_5-300x200.jpg 300w, https:\/\/purplearrow.ch\/wp-content\/uploads\/2025\/04\/koerung_grace_5-768x512.jpg 768w, https:\/\/purplearrow.ch\/wp-content\/uploads\/2025\/04\/koerung_grace_5-1536x1024.jpg 1536w, https:\/\/purplearrow.ch\/wp-content\/uploads\/2025\/04\/koerung_grace_5-2048x1365.jpg 2048w\" sizes=\"auto, (max-width: 706px) 89vw, (max-width: 767px) 82vw, 740px\" \/><\/figure><\/div>\n\n\n\n<div class=\"wp-block-media-text is-stacked-on-mobile\"><figure class=\"wp-block-media-text__media\"><img loading=\"lazy\" decoding=\"async\" width=\"1024\" height=\"682\" src=\"https:\/\/purplearrow.ch\/wp-content\/uploads\/2025\/04\/koerung_grace_7-1-1024x682.jpg\" alt=\"\" class=\"wp-image-7532 size-full\" srcset=\"https:\/\/purplearrow.ch\/wp-content\/uploads\/2025\/04\/koerung_grace_7-1-1024x682.jpg 1024w, https:\/\/purplearrow.ch\/wp-content\/uploads\/2025\/04\/koerung_grace_7-1-300x200.jpg 300w, https:\/\/purplearrow.ch\/wp-content\/uploads\/2025\/04\/koerung_grace_7-1-768x511.jpg 768w, https:\/\/purplearrow.ch\/wp-content\/uploads\/2025\/04\/koerung_grace_7-1.jpg 1253w\" sizes=\"auto, (max-width: 706px) 89vw, (max-width: 767px) 82vw, 740px\" \/><\/figure><div class=\"wp-block-media-text__content\">\n<p style=\"font-size:16px\">11. Konfrontation mit Fremdpersonen (schnell klatschend)<\/p>\n\n\n\n<p style=\"font-size:16px\"><strong><em>Beurteilung:<\/em><\/strong><em><br>verl\u00e4sst den Kreis und kommt nur auf Aufforderung herein<\/em><\/p>\n<\/div><\/div>\n\n\n\n<div class=\"wp-block-media-text has-media-on-the-right is-stacked-on-mobile\"><div class=\"wp-block-media-text__content\">\n<p style=\"font-size:16px\">12. Schussfestigkeit<\/p>\n\n\n\n<p style=\"font-size:16px\">Es wird zweimal geschossen und Grace soll nicht fl\u00fcchten.<\/p>\n\n\n\n<p style=\"font-size:16px\"><strong><em>Beurteilung:<\/em><\/strong><em><br>erschrickt, erholt sich sofort<\/em><\/p>\n<\/div><figure class=\"wp-block-media-text__media\"><img loading=\"lazy\" decoding=\"async\" width=\"1024\" height=\"682\" src=\"https:\/\/purplearrow.ch\/wp-content\/uploads\/2025\/04\/koerung_grace_6-1024x682.jpg\" alt=\"\" class=\"wp-image-7535 size-full\" srcset=\"https:\/\/purplearrow.ch\/wp-content\/uploads\/2025\/04\/koerung_grace_6-1024x682.jpg 1024w, https:\/\/purplearrow.ch\/wp-content\/uploads\/2025\/04\/koerung_grace_6-300x200.jpg 300w, https:\/\/purplearrow.ch\/wp-content\/uploads\/2025\/04\/koerung_grace_6-768x512.jpg 768w, https:\/\/purplearrow.ch\/wp-content\/uploads\/2025\/04\/koerung_grace_6.jpg 1063w\" sizes=\"auto, (max-width: 706px) 89vw, (max-width: 767px) 82vw, 740px\" \/><\/figure><\/div>\n\n\n\n<div class=\"wp-block-media-text is-stacked-on-mobile\"><figure class=\"wp-block-media-text__media\"><img loading=\"lazy\" decoding=\"async\" width=\"1024\" height=\"683\" src=\"https:\/\/purplearrow.ch\/wp-content\/uploads\/2025\/04\/koerung_grace_93-1024x683.jpg\" alt=\"\" class=\"wp-image-7536 size-full\" srcset=\"https:\/\/purplearrow.ch\/wp-content\/uploads\/2025\/04\/koerung_grace_93-1024x683.jpg 1024w, https:\/\/purplearrow.ch\/wp-content\/uploads\/2025\/04\/koerung_grace_93-300x200.jpg 300w, https:\/\/purplearrow.ch\/wp-content\/uploads\/2025\/04\/koerung_grace_93-768x512.jpg 768w, https:\/\/purplearrow.ch\/wp-content\/uploads\/2025\/04\/koerung_grace_93-1536x1025.jpg 1536w, https:\/\/purplearrow.ch\/wp-content\/uploads\/2025\/04\/koerung_grace_93.jpg 1544w\" sizes=\"auto, (max-width: 706px) 89vw, (max-width: 767px) 82vw, 740px\" \/><\/figure><div class=\"wp-block-media-text__content\">\n<p style=\"font-size:16px\">13. Temperament: lebhaft<br><br>Frau Michel verk\u00fcndet das Resultat der Verhaltensbeurteilung<\/p>\n\n\n\n<p style=\"font-size:16px\"><strong>Wesenspr\u00fcfung bestanden<\/strong><\/p>\n<\/div><\/div>\n\n\n\n<p><\/p>\n","protected":false},"excerpt":{"rendered":"<p>Wesenstest vom Sonntag, 19. Juni 2016 Die Ank\u00f6rung beginnt mit den Fragen zum allgemeinen Verh\u00e4ltniss \/ Verhalten und Gesundheitszustand von Grace. Ich darf w\u00e4hrend den \u00dcbungen nicht mit Grace sprechen oder sie beeinflussen. W\u00e4hrend der ganzen Ank\u00f6rung werde ich von der SKG-Wesensrichterin Frau Michel begleitet. 1. \u00dcbung ist die Gebisskontrolle Beurteilung:sicher, unbefangen 2. Konfrontation mit &hellip; <\/p>\n<p class=\"link-more\"><a href=\"https:\/\/purplearrow.ch\/?page_id=7518\" class=\"more-link\"><span class=\"screen-reader-text\">\u201eZuchtzulassungs-Pr\u00fcfung Grace\u201c<\/span> weiterlesen<\/a><\/p>\n","protected":false},"author":1,"featured_media":0,"parent":0,"menu_order":0,"comment_status":"closed","ping_status":"closed","template":"","meta":{"footnotes":""},"class_list":["post-7518","page","type-page","status-publish","hentry"],"_links":{"self":[{"href":"https:\/\/purplearrow.ch\/index.php?rest_route=\/wp\/v2\/pages\/7518","targetHints":{"allow":["GET"]}}],"collection":[{"href":"https:\/\/purplearrow.ch\/index.php?rest_route=\/wp\/v2\/pages"}],"about":[{"href":"https:\/\/purplearrow.ch\/index.php?rest_route=\/wp\/v2\/types\/page"}],"author":[{"embeddable":true,"href":"https:\/\/purplearrow.ch\/index.php?rest_route=\/wp\/v2\/users\/1"}],"replies":[{"embeddable":true,"href":"https:\/\/purplearrow.ch\/index.php?rest_route=%2Fwp%2Fv2%2Fcomments&post=7518"}],"version-history":[{"count":8,"href":"https:\/\/purplearrow.ch\/index.php?rest_route=\/wp\/v2\/pages\/7518\/revisions"}],"predecessor-version":[{"id":7546,"href":"https:\/\/purplearrow.ch\/index.php?rest_route=\/wp\/v2\/pages\/7518\/revisions\/7546"}],"wp:attachment":[{"href":"https:\/\/purplearrow.ch\/index.php?rest_route=%2Fwp%2Fv2%2Fmedia&parent=7518"}],"curies":[{"name":"wp","href":"https:\/\/api.w.org\/{rel}","templated":true}]}}