{"id":74,"date":"2022-01-10T19:43:37","date_gmt":"2022-01-10T19:43:37","guid":{"rendered":"https:\/\/purplearrow.ch\/?page_id=74"},"modified":"2025-11-12T16:07:09","modified_gmt":"2025-11-12T16:07:09","slug":"gesundheit","status":"publish","type":"page","link":"https:\/\/purplearrow.ch\/?page_id=74","title":{"rendered":"Gesundheit"},"content":{"rendered":"\n<h3 class=\"wp-block-heading has-normal-font-size\" style=\"line-height:1.6\"><strong>Informationen \u00fcber den Australian Shepherd<\/strong><\/h3>\n\n\n\n<p style=\"font-size:15px;line-height:1.3\">Die beschriebenen Erkrankungen und Erbkrankheiten sind bei Australian Shepherds dokumentiert und bekannt. Allerdings ist die Wahrscheinlichkeit der Erkrankung bei seri\u00f6ser Zucht und vern\u00fcnftiger Vorsorge sehr gering.<br><br>Nachfolgende Informationen haben wir sorgf\u00e4ltig und gewissenhaft recherchiert. Aber nat\u00fcrlich k\u00f6nnen wir keine Gew\u00e4hr f\u00fcr die Richtigkeit geben. Die Haftung ist in jedem Fall ausgeschlossen.<br><\/p>\n\n\n\n<p><strong>Augenuntersuch<\/strong> <a href=\"https:\/\/purplearrow.ch\/?page_id=7970\" data-type=\"page\" data-id=\"7970\"><mark style=\"background-color:rgba(0, 0, 0, 0)\" class=\"has-inline-color has-luminous-vivid-amber-color\">ECVO Infos und Anmeldung<\/mark><\/a><br><br><strong>DNA-Profil <\/strong> <a href=\"https:\/\/purplearrow.ch\/?page_id=7936\" data-type=\"page\" data-id=\"7936\"><mark style=\"background-color:rgba(0, 0, 0, 0)\" class=\"has-inline-color has-luminous-vivid-amber-color\">Infos und Formular f\u00fcr Untersuchungsauftrag<\/mark><\/a><br><br><strong>MDR1 \u2013 Multi Drug Resistance Gene<\/strong> <a href=\"https:\/\/purplearrow.ch\/?page_id=764\" data-type=\"page\" data-id=\"764\"><span class=\"has-inline-color has-luminous-vivid-amber-color\">Infos<\/span><\/a><br><br><strong><strong>CEA \u2013 Collie Eye Anomalie<\/strong> <\/strong><a href=\"https:\/\/purplearrow.ch\/?page_id=770\" data-type=\"page\" data-id=\"770\"><span class=\"has-inline-color has-luminous-vivid-amber-color\"> Infos<\/span><\/a> <br><br><strong>PRA \u2013 Progressive Retinaatrophie<\/strong> <a href=\"https:\/\/purplearrow.ch\/?page_id=772\" data-type=\"page\" data-id=\"772\"><span class=\"has-inline-color has-luminous-vivid-amber-color\">Infos<\/span><\/a> <br><br><strong>HSF4 \u2013 Heredit\u00e4rer Katarakt<\/strong> <a href=\"https:\/\/purplearrow.ch\/?page_id=779\" data-type=\"page\" data-id=\"779\"><span class=\"has-inline-color has-luminous-vivid-amber-color\">Infos<\/span><\/a> <br><br><strong>DM \u2013 Degenerative Myelopathie<\/strong><a href=\"https:\/\/purplearrow.ch\/?page_id=877\" data-type=\"page\" data-id=\"877\"><strong> <\/strong><span class=\"has-inline-color has-luminous-vivid-amber-color\">Infos<\/span><\/a><strong><br><br>CMR1 \u2013 Canine multifokale Retinopathie <\/strong><a href=\"https:\/\/purplearrow.ch\/?page_id=882\" data-type=\"page\" data-id=\"882\"><span class=\"has-inline-color has-luminous-vivid-amber-color\">Infos<\/span><\/a><\/p>\n\n\n\n<p style=\"font-size:15px\"><strong>NCL \u2013 Neuronale Ceroid Lipofuszinose <\/strong><a href=\"https:\/\/purplearrow.ch\/?page_id=884\" data-type=\"page\" data-id=\"884\"><span class=\"has-inline-color has-luminous-vivid-amber-color\">Infos<\/span><\/a><strong><br><br>MH \u2013 Maligne Hyperthermie <\/strong><a href=\"https:\/\/purplearrow.ch\/?page_id=886\" data-type=\"page\" data-id=\"886\"><span class=\"has-inline-color has-luminous-vivid-amber-color\">Infos<\/span><\/a><\/p>\n\n\n\n<p style=\"font-size:15px\"><strong>PHA \u2013 Pelger-Huet Anomalie <\/strong><a href=\"https:\/\/purplearrow.ch\/?page_id=889\" data-type=\"page\" data-id=\"889\"><mark style=\"background-color:rgba(0, 0, 0, 0)\" class=\"has-inline-color has-luminous-vivid-amber-color\">Infos<\/mark><\/a><br><br><strong>CDDY \/ CDPA \/ IVDD \u2013 Chondrodystrophie<\/strong> <a href=\"https:\/\/purplearrow.ch\/?page_id=2356\" data-type=\"page\" data-id=\"2356\"><mark style=\"background-color:rgba(0, 0, 0, 0)\" class=\"has-inline-color has-luminous-vivid-amber-color\">Infos<\/mark><\/a><\/p>\n\n\n\n<p style=\"font-size:15px\"><strong>HUU \u2013<\/strong> <strong>Hyperurikosurie und Hyperurik\u00e4mie<\/strong> <a href=\"https:\/\/purplearrow.ch\/?page_id=6138\" data-type=\"page\" data-id=\"6138\"><mark style=\"background-color:rgba(0, 0, 0, 0)\" class=\"has-inline-color has-luminous-vivid-amber-color\">Infos<\/mark><\/a><\/p>\n\n\n\n<p style=\"font-size:15px\"><strong>Stummelrute<strong> \u2013<\/strong> Brachyurie<\/strong> <a href=\"https:\/\/purplearrow.ch\/?page_id=6144\" data-type=\"page\" data-id=\"6144\"><mark style=\"background-color:rgba(0, 0, 0, 0)\" class=\"has-inline-color has-luminous-vivid-amber-color\">Infos<\/mark><\/a><br><br><strong>M-Lokus<\/strong> <strong>\u2013<\/strong> <strong>Merle-Allele<\/strong> <a href=\"https:\/\/purplearrow.ch\/?page_id=4013\" data-type=\"page\" data-id=\"4013\"><mark style=\"background-color:rgba(0, 0, 0, 0)\" class=\"has-inline-color has-luminous-vivid-amber-color\">Infos<\/mark><\/a><br><br><strong>D-Lokus \u2013 Dilution, Verd\u00fcnnung<\/strong> <a href=\"https:\/\/purplearrow.ch\/?page_id=6296\" data-type=\"page\" data-id=\"6296\"><mark style=\"background-color:rgba(0, 0, 0, 0)\" class=\"has-inline-color has-luminous-vivid-amber-color\">Infos<\/mark><\/a><br><br><strong>S-Lokus  \u2013 Piebald, Weiss-Vererbung<\/strong> <a href=\"https:\/\/purplearrow.ch\/?page_id=6305\" data-type=\"page\" data-id=\"6305\"><mark style=\"background-color:rgba(0, 0, 0, 0)\" class=\"has-inline-color has-luminous-vivid-amber-color\">Infos<\/mark><\/a><\/p>\n\n\n\n<p style=\"font-size:15px\"><\/p>\n\n\n\n<p style=\"font-size:15px\"><\/p>\n\n\n\n<p style=\"font-size:15px\"><\/p>\n\n\n\n<p><\/p>\n","protected":false},"excerpt":{"rendered":"<p>Informationen \u00fcber den Australian Shepherd Die beschriebenen Erkrankungen und Erbkrankheiten sind bei Australian Shepherds dokumentiert und bekannt. Allerdings ist die Wahrscheinlichkeit der Erkrankung bei seri\u00f6ser Zucht und vern\u00fcnftiger Vorsorge sehr gering. Nachfolgende Informationen haben wir sorgf\u00e4ltig und gewissenhaft recherchiert. Aber nat\u00fcrlich k\u00f6nnen wir keine Gew\u00e4hr f\u00fcr die Richtigkeit geben. Die Haftung ist in jedem Fall &hellip; <\/p>\n<p class=\"link-more\"><a href=\"https:\/\/purplearrow.ch\/?page_id=74\" class=\"more-link\"><span class=\"screen-reader-text\">\u201eGesundheit\u201c<\/span> weiterlesen<\/a><\/p>\n","protected":false},"author":1,"featured_media":0,"parent":71,"menu_order":1,"comment_status":"closed","ping_status":"closed","template":"","meta":{"footnotes":""},"class_list":["post-74","page","type-page","status-publish","hentry"],"_links":{"self":[{"href":"https:\/\/purplearrow.ch\/index.php?rest_route=\/wp\/v2\/pages\/74","targetHints":{"allow":["GET"]}}],"collection":[{"href":"https:\/\/purplearrow.ch\/index.php?rest_route=\/wp\/v2\/pages"}],"about":[{"href":"https:\/\/purplearrow.ch\/index.php?rest_route=\/wp\/v2\/types\/page"}],"author":[{"embeddable":true,"href":"https:\/\/purplearrow.ch\/index.php?rest_route=\/wp\/v2\/users\/1"}],"replies":[{"embeddable":true,"href":"https:\/\/purplearrow.ch\/index.php?rest_route=%2Fwp%2Fv2%2Fcomments&post=74"}],"version-history":[{"count":37,"href":"https:\/\/purplearrow.ch\/index.php?rest_route=\/wp\/v2\/pages\/74\/revisions"}],"predecessor-version":[{"id":7974,"href":"https:\/\/purplearrow.ch\/index.php?rest_route=\/wp\/v2\/pages\/74\/revisions\/7974"}],"up":[{"embeddable":true,"href":"https:\/\/purplearrow.ch\/index.php?rest_route=\/wp\/v2\/pages\/71"}],"wp:attachment":[{"href":"https:\/\/purplearrow.ch\/index.php?rest_route=%2Fwp%2Fv2%2Fmedia&parent=74"}],"curies":[{"name":"wp","href":"https:\/\/api.w.org\/{rel}","templated":true}]}}