{"id":714,"date":"2022-01-18T16:23:37","date_gmt":"2022-01-18T16:23:37","guid":{"rendered":"https:\/\/purplearrow.ch\/?page_id=714"},"modified":"2025-07-19T15:05:30","modified_gmt":"2025-07-19T15:05:30","slug":"chase","status":"publish","type":"page","link":"https:\/\/purplearrow.ch\/?page_id=714","title":{"rendered":"Chase"},"content":{"rendered":"\n<p class=\"has-normal-font-size\"><strong>Purple arrow&#8217;s Let My Fly Chase<\/strong><br>\ud83c\udf08 20.7.2014 &#8211; 7.3.2024<\/p>\n\n\n\n<div class=\"wp-block-media-text alignwide is-stacked-on-mobile\" style=\"grid-template-columns:42% auto\"><figure class=\"wp-block-media-text__media\"><img loading=\"lazy\" decoding=\"async\" width=\"580\" height=\"678\" src=\"https:\/\/purplearrow.ch\/wp-content\/uploads\/2022\/01\/chase_005-1.jpg\" alt=\"\" class=\"wp-image-274 size-full\" srcset=\"https:\/\/purplearrow.ch\/wp-content\/uploads\/2022\/01\/chase_005-1.jpg 580w, https:\/\/purplearrow.ch\/wp-content\/uploads\/2022\/01\/chase_005-1-257x300.jpg 257w\" sizes=\"auto, (max-width: 580px) 100vw, 580px\" \/><\/figure><div class=\"wp-block-media-text__content\">\n<div class=\"wp-block-columns is-layout-flex wp-container-core-columns-is-layout-9d6595d7 wp-block-columns-is-layout-flex\">\n<div class=\"wp-block-column is-layout-flow wp-block-column-is-layout-flow\" style=\"flex-basis:100%\">\n<div class=\"wp-block-columns is-layout-flex wp-container-core-columns-is-layout-9d6595d7 wp-block-columns-is-layout-flex\">\n<div class=\"wp-block-column is-layout-flow wp-block-column-is-layout-flow\">\n<p style=\"font-size:14px;line-height:1.4\">Geb.: 20.7.2014<br>SHSB: A10874 <br>Bm, c\/w, red factored <br><br>Gr\u00f6sse: 56 cm<br>Gewicht: 24 kg<br><br><a href=\"https:\/\/purplearrow.ch\/wp-content\/uploads\/2022\/01\/HD-ED-Chase_3-8-2021.pdf\" data-type=\"URL\" data-id=\"https:\/\/purplearrow.ch\/wp-content\/uploads\/2022\/01\/HD-ED-Chase_3-8-2021.pdf\"><mark style=\"background-color:rgba(0, 0, 0, 0)\" class=\"has-inline-color has-pale-cyan-blue-color\">HD A\/A; ED 0\/0<\/mark><\/a> <br>LS-\u00dcGW Typ 1<br><a href=\"https:\/\/purplearrow.ch\/wp-content\/uploads\/2022\/01\/Augentest-Chase_5-8-2021.pdf\" data-type=\"URL\" data-id=\"https:\/\/purplearrow.ch\/wp-content\/uploads\/2022\/01\/Augentest-Chase_5-8-2021.pdf\"><mark style=\"background-color:rgba(0, 0, 0, 0)\" class=\"has-inline-color has-pale-cyan-blue-color\">Augen frei<\/mark><\/a> (5.8.2021) <br><br><a href=\"https:\/\/purplearrow.ch\/wp-content\/uploads\/2022\/01\/Pedigree-Chase.pdf\" data-type=\"URL\" data-id=\"https:\/\/purplearrow.ch\/wp-content\/uploads\/2022\/01\/Pedigree-Chase.pdf\"><mark style=\"background-color:rgba(0, 0, 0, 0)\" class=\"has-inline-color has-pale-cyan-blue-color\">Pedigree<\/mark><\/a><mark style=\"background-color:rgba(0, 0, 0, 0)\" class=\"has-inline-color has-pale-cyan-blue-color\"><br><\/mark><a href=\"https:\/\/purplearrow.ch\/wp-content\/uploads\/2022\/01\/Chase_Pedigree-bilder.pdf\" data-type=\"URL\" data-id=\"https:\/\/purplearrow.ch\/wp-content\/uploads\/2022\/01\/Chase_Pedigree-bilder.pdf\"><mark style=\"background-color:rgba(0, 0, 0, 0)\" class=\"has-inline-color has-pale-cyan-blue-color\">Pedigree mit Bilder<\/mark><\/a><mark style=\"background-color:rgba(0, 0, 0, 0)\" class=\"has-inline-color has-pale-cyan-blue-color\"><br><\/mark><a href=\"https:\/\/purplearrow.ch\/wp-content\/uploads\/2022\/01\/Labor-Genetik-Chase-03.08.2021.pdf\" data-type=\"URL\" data-id=\"https:\/\/purplearrow.ch\/wp-content\/uploads\/2022\/01\/Labor-Genetik-Chase-03.08.2021.pdf\"><mark style=\"background-color:rgba(0, 0, 0, 0)\" class=\"has-inline-color has-pale-cyan-blue-color\">Gentest<\/mark><\/a><br><a href=\"https:\/\/purplearrow.ch\/wp-content\/uploads\/2022\/12\/M-Lokus-Chase.pdf\" data-type=\"attachment\" data-id=\"3877\"><mark style=\"background-color:rgba(0, 0, 0, 0)\" class=\"has-inline-color has-pale-cyan-blue-color\">M-Lokus<\/mark><\/a><br><\/p>\n<\/div>\n\n\n\n<div class=\"wp-block-column is-layout-flow wp-block-column-is-layout-flow\">\n<p style=\"font-size:14px;line-height:1.4\">Vollst\u00e4ndiges Scherengebiss<br>Rute: lang <br>HSF4 N\/N frei<br>CEA N\/N frei<br>PRA N\/N frei<br>DM N\/N frei<br>MDR1 +\/- tr\u00e4ger<br>NCL N\/N frei <br>M-Lokus M266\/m<br><br>Angek\u00f6rt: 7.11.2021<br>Verhaltensbeurteilung: bestanden<br>Exteriereur: Vorz\u00fcglich <br><br><br><\/p>\n<\/div>\n<\/div>\n<\/div>\n<\/div>\n<\/div><\/div>\n\n\n\n<figure class=\"wp-block-image size-large\"><img loading=\"lazy\" decoding=\"async\" width=\"1024\" height=\"683\" src=\"https:\/\/purplearrow.ch\/wp-content\/uploads\/2022\/01\/Chase_101-1024x683.jpg\" alt=\"\" class=\"wp-image-270\" srcset=\"https:\/\/purplearrow.ch\/wp-content\/uploads\/2022\/01\/Chase_101-1024x683.jpg 1024w, https:\/\/purplearrow.ch\/wp-content\/uploads\/2022\/01\/Chase_101-300x200.jpg 300w, https:\/\/purplearrow.ch\/wp-content\/uploads\/2022\/01\/Chase_101-768x512.jpg 768w, https:\/\/purplearrow.ch\/wp-content\/uploads\/2022\/01\/Chase_101.jpg 1417w\" sizes=\"auto, (max-width: 706px) 89vw, (max-width: 767px) 82vw, 740px\" \/><\/figure>\n\n\n\n<p style=\"font-size:14px\">Chase ist aus unserem <a href=\"https:\/\/purplearrow.ch\/?page_id=694\" data-type=\"page\" data-id=\"694\"><mark style=\"background-color:rgba(0, 0, 0, 0)\" class=\"has-inline-color has-luminous-vivid-amber-color\">L-Wurf<\/mark><\/a> vom 20. Juli 2014 <\/p>\n\n\n\n<figure class=\"wp-block-image size-large\"><img loading=\"lazy\" decoding=\"async\" width=\"1024\" height=\"640\" src=\"https:\/\/purplearrow.ch\/wp-content\/uploads\/2022\/03\/S-Wurf_004-1024x640.jpg\" alt=\"\" class=\"wp-image-2344\" srcset=\"https:\/\/purplearrow.ch\/wp-content\/uploads\/2022\/03\/S-Wurf_004-1024x640.jpg 1024w, https:\/\/purplearrow.ch\/wp-content\/uploads\/2022\/03\/S-Wurf_004-300x187.jpg 300w, https:\/\/purplearrow.ch\/wp-content\/uploads\/2022\/03\/S-Wurf_004-768x480.jpg 768w, https:\/\/purplearrow.ch\/wp-content\/uploads\/2022\/03\/S-Wurf_004-1536x960.jpg 1536w, https:\/\/purplearrow.ch\/wp-content\/uploads\/2022\/03\/S-Wurf_004-2048x1280.jpg 2048w\" sizes=\"auto, (max-width: 706px) 89vw, (max-width: 767px) 82vw, 740px\" \/><\/figure>\n\n\n\n<p style=\"font-size:14px\">Der erste Wurf von Chase vom 10. M\u00e4rz 2022 &#8211; <a href=\"https:\/\/purplearrow.ch\/?page_id=2626\" data-type=\"page\" data-id=\"2626\"><mark style=\"background-color:rgba(0, 0, 0, 0)\" class=\"has-inline-color has-luminous-vivid-amber-color\">Bilder vom S-Wurf<\/mark><\/a><\/p>\n\n\n\n<figure class=\"wp-block-image size-full is-style-default\"><img loading=\"lazy\" decoding=\"async\" width=\"669\" height=\"557\" src=\"https:\/\/purplearrow.ch\/wp-content\/uploads\/2022\/01\/Chase_241.jpg\" alt=\"\" class=\"wp-image-1423\" srcset=\"https:\/\/purplearrow.ch\/wp-content\/uploads\/2022\/01\/Chase_241.jpg 669w, https:\/\/purplearrow.ch\/wp-content\/uploads\/2022\/01\/Chase_241-300x250.jpg 300w\" sizes=\"auto, (max-width: 669px) 100vw, 669px\" \/><\/figure>\n\n\n\n<figure class=\"wp-block-image size-large is-style-default\"><img loading=\"lazy\" decoding=\"async\" width=\"1024\" height=\"683\" src=\"https:\/\/purplearrow.ch\/wp-content\/uploads\/2022\/01\/chase_002-1024x683.jpg\" alt=\"\" class=\"wp-image-801\" srcset=\"https:\/\/purplearrow.ch\/wp-content\/uploads\/2022\/01\/chase_002-1024x683.jpg 1024w, https:\/\/purplearrow.ch\/wp-content\/uploads\/2022\/01\/chase_002-300x200.jpg 300w, https:\/\/purplearrow.ch\/wp-content\/uploads\/2022\/01\/chase_002-768x512.jpg 768w, https:\/\/purplearrow.ch\/wp-content\/uploads\/2022\/01\/chase_002.jpg 1417w\" sizes=\"auto, (max-width: 706px) 89vw, (max-width: 767px) 82vw, 740px\" \/><\/figure>\n\n\n\n<p style=\"font-size:14px\">Die <a href=\"https:\/\/purplearrow.ch\/wp-content\/uploads\/2022\/01\/Verhaltensbeurteilung_Chase.pdf\" data-type=\"URL\" data-id=\"https:\/\/purplearrow.ch\/wp-content\/uploads\/2022\/01\/Verhaltensbeurteilung_Chase.pdf\"><mark style=\"background-color:rgba(0, 0, 0, 0)\" class=\"has-inline-color has-pale-cyan-blue-color\">Verhaltensbeurteilung<\/mark><\/a> vom 7. November 2021 hat Chase mit Bravour bestanden<\/p>\n\n\n\n<figure class=\"wp-block-image size-large is-style-default\"><img loading=\"lazy\" decoding=\"async\" width=\"1024\" height=\"683\" src=\"https:\/\/purplearrow.ch\/wp-content\/uploads\/2022\/01\/chase_003-1024x683.jpg\" alt=\"\" class=\"wp-image-802\" srcset=\"https:\/\/purplearrow.ch\/wp-content\/uploads\/2022\/01\/chase_003-1024x683.jpg 1024w, https:\/\/purplearrow.ch\/wp-content\/uploads\/2022\/01\/chase_003-300x200.jpg 300w, https:\/\/purplearrow.ch\/wp-content\/uploads\/2022\/01\/chase_003-768x512.jpg 768w, https:\/\/purplearrow.ch\/wp-content\/uploads\/2022\/01\/chase_003.jpg 1417w\" sizes=\"auto, (max-width: 706px) 89vw, (max-width: 767px) 82vw, 740px\" \/><\/figure>\n\n\n\n<p style=\"font-size:14px\"><a href=\"https:\/\/purplearrow.ch\/wp-content\/uploads\/2022\/01\/Exterieur_Chase.pdf\" data-type=\"URL\" data-id=\"https:\/\/purplearrow.ch\/wp-content\/uploads\/2022\/01\/Exterieur_Chase.pdf\"><mark style=\"background-color:rgba(0, 0, 0, 0)\" class=\"has-inline-color has-pale-cyan-blue-color\">Exterieurbeurteilung<\/mark><\/a> vom 7. November 2021<br>Richterin: Barbara M\u00fcller<br>vorz\u00fcglich, maskuliner R\u00fcde, sehr gut passender Knochenbau, ansprechender Kopf und typischer Ausdruck, bestens entwickelter K\u00f6rper, sehr gut geschlossene Pfoten, gepflegtes Haarkleid. Qualifikation: V<\/p>\n\n\n\n<figure class=\"wp-block-image size-large is-style-default\"><img loading=\"lazy\" decoding=\"async\" width=\"1024\" height=\"768\" src=\"https:\/\/purplearrow.ch\/wp-content\/uploads\/2022\/01\/2020-08-01-1024x768.jpg\" alt=\"\" class=\"wp-image-803\" srcset=\"https:\/\/purplearrow.ch\/wp-content\/uploads\/2022\/01\/2020-08-01-1024x768.jpg 1024w, https:\/\/purplearrow.ch\/wp-content\/uploads\/2022\/01\/2020-08-01-300x225.jpg 300w, https:\/\/purplearrow.ch\/wp-content\/uploads\/2022\/01\/2020-08-01-768x576.jpg 768w, https:\/\/purplearrow.ch\/wp-content\/uploads\/2022\/01\/2020-08-01-1536x1152.jpg 1536w, https:\/\/purplearrow.ch\/wp-content\/uploads\/2022\/01\/2020-08-01-2048x1536.jpg 2048w\" sizes=\"auto, (max-width: 706px) 89vw, (max-width: 767px) 82vw, 740px\" \/><\/figure>\n\n\n\n<p style=\"font-size:14px\">Chase ist ein sehr treuer Familien- und Sporthund, der uns bei allen unseren Aktivit\u00e4ten freudig begleitet. Er hat gerne Wasser, schwimmt und f\u00e4hrt mit auf dem Sub oder Surfbrett am See oder am Meer, begleitet uns bei Skitouren, Schlittenfahrten und alpinen Bergtouren. Nat\u00fcrlich rennt er gerne bei unseren t\u00e4glichen Joggingtouren auf kurzen oder langen Distanzen mit.<\/p>\n\n\n\n<figure class=\"wp-block-image size-large is-style-default\"><img loading=\"lazy\" decoding=\"async\" width=\"1024\" height=\"768\" src=\"https:\/\/purplearrow.ch\/wp-content\/uploads\/2022\/01\/2021-02-13-12-1024x768.jpg\" alt=\"\" class=\"wp-image-805\" srcset=\"https:\/\/purplearrow.ch\/wp-content\/uploads\/2022\/01\/2021-02-13-12-1024x768.jpg 1024w, https:\/\/purplearrow.ch\/wp-content\/uploads\/2022\/01\/2021-02-13-12-300x225.jpg 300w, https:\/\/purplearrow.ch\/wp-content\/uploads\/2022\/01\/2021-02-13-12-768x576.jpg 768w, https:\/\/purplearrow.ch\/wp-content\/uploads\/2022\/01\/2021-02-13-12-1536x1152.jpg 1536w, https:\/\/purplearrow.ch\/wp-content\/uploads\/2022\/01\/2021-02-13-12-2048x1536.jpg 2048w\" sizes=\"auto, (max-width: 706px) 89vw, (max-width: 767px) 82vw, 740px\" \/><\/figure>\n\n\n\n<figure class=\"wp-block-image size-large is-style-default\"><img loading=\"lazy\" decoding=\"async\" width=\"1024\" height=\"572\" src=\"https:\/\/purplearrow.ch\/wp-content\/uploads\/2022\/01\/2021-01-10-56-1024x572.png\" alt=\"\" class=\"wp-image-1325\" srcset=\"https:\/\/purplearrow.ch\/wp-content\/uploads\/2022\/01\/2021-01-10-56-1024x572.png 1024w, https:\/\/purplearrow.ch\/wp-content\/uploads\/2022\/01\/2021-01-10-56-300x167.png 300w, https:\/\/purplearrow.ch\/wp-content\/uploads\/2022\/01\/2021-01-10-56-768x429.png 768w, https:\/\/purplearrow.ch\/wp-content\/uploads\/2022\/01\/2021-01-10-56-1536x857.png 1536w, https:\/\/purplearrow.ch\/wp-content\/uploads\/2022\/01\/2021-01-10-56.png 1985w\" sizes=\"auto, (max-width: 706px) 89vw, (max-width: 767px) 82vw, 740px\" \/><\/figure>\n\n\n\n<figure class=\"wp-block-image size-large is-style-default\"><img loading=\"lazy\" decoding=\"async\" width=\"768\" height=\"1024\" src=\"https:\/\/purplearrow.ch\/wp-content\/uploads\/2022\/01\/2020-11-14-768x1024.jpg\" alt=\"\" class=\"wp-image-1327\" srcset=\"https:\/\/purplearrow.ch\/wp-content\/uploads\/2022\/01\/2020-11-14-768x1024.jpg 768w, https:\/\/purplearrow.ch\/wp-content\/uploads\/2022\/01\/2020-11-14-225x300.jpg 225w, https:\/\/purplearrow.ch\/wp-content\/uploads\/2022\/01\/2020-11-14-1152x1536.jpg 1152w, https:\/\/purplearrow.ch\/wp-content\/uploads\/2022\/01\/2020-11-14-1536x2048.jpg 1536w, https:\/\/purplearrow.ch\/wp-content\/uploads\/2022\/01\/2020-11-14-scaled.jpg 1920w\" sizes=\"auto, (max-width: 706px) 89vw, (max-width: 767px) 82vw, 740px\" \/><\/figure>\n","protected":false},"excerpt":{"rendered":"<p>Purple arrow&#8217;s Let My Fly Chase\ud83c\udf08 20.7.2014 &#8211; 7.3.2024 Chase ist aus unserem L-Wurf vom 20. Juli 2014 Der erste Wurf von Chase vom 10. M\u00e4rz 2022 &#8211; Bilder vom S-Wurf Die Verhaltensbeurteilung vom 7. November 2021 hat Chase mit Bravour bestanden Exterieurbeurteilung vom 7. November 2021Richterin: Barbara M\u00fcllervorz\u00fcglich, maskuliner R\u00fcde, sehr gut passender Knochenbau, &hellip; <\/p>\n<p class=\"link-more\"><a href=\"https:\/\/purplearrow.ch\/?page_id=714\" class=\"more-link\"><span class=\"screen-reader-text\">\u201eChase\u201c<\/span> weiterlesen<\/a><\/p>\n","protected":false},"author":1,"featured_media":0,"parent":190,"menu_order":1,"comment_status":"closed","ping_status":"closed","template":"","meta":{"footnotes":""},"class_list":["post-714","page","type-page","status-publish","hentry"],"_links":{"self":[{"href":"https:\/\/purplearrow.ch\/index.php?rest_route=\/wp\/v2\/pages\/714","targetHints":{"allow":["GET"]}}],"collection":[{"href":"https:\/\/purplearrow.ch\/index.php?rest_route=\/wp\/v2\/pages"}],"about":[{"href":"https:\/\/purplearrow.ch\/index.php?rest_route=\/wp\/v2\/types\/page"}],"author":[{"embeddable":true,"href":"https:\/\/purplearrow.ch\/index.php?rest_route=\/wp\/v2\/users\/1"}],"replies":[{"embeddable":true,"href":"https:\/\/purplearrow.ch\/index.php?rest_route=%2Fwp%2Fv2%2Fcomments&post=714"}],"version-history":[{"count":21,"href":"https:\/\/purplearrow.ch\/index.php?rest_route=\/wp\/v2\/pages\/714\/revisions"}],"predecessor-version":[{"id":7845,"href":"https:\/\/purplearrow.ch\/index.php?rest_route=\/wp\/v2\/pages\/714\/revisions\/7845"}],"up":[{"embeddable":true,"href":"https:\/\/purplearrow.ch\/index.php?rest_route=\/wp\/v2\/pages\/190"}],"wp:attachment":[{"href":"https:\/\/purplearrow.ch\/index.php?rest_route=%2Fwp%2Fv2%2Fmedia&parent=714"}],"curies":[{"name":"wp","href":"https:\/\/api.w.org\/{rel}","templated":true}]}}