{"id":7,"date":"2021-11-22T19:44:44","date_gmt":"2021-11-22T19:44:44","guid":{"rendered":"https:\/\/purplearrow.ch\/?page_id=7"},"modified":"2025-12-11T15:44:32","modified_gmt":"2025-12-11T15:44:32","slug":"ueber-uns","status":"publish","type":"page","link":"https:\/\/purplearrow.ch\/?page_id=7","title":{"rendered":"\u00dcber uns"},"content":{"rendered":"\n<p><strong> <\/strong><\/p>\n\n\n\n<h3 class=\"wp-block-heading\"><strong>Lani, Ronny, Grace, Marlies und Sayen<\/strong> (2024)<\/h3>\n\n\n\n<figure class=\"wp-block-image size-large\"><img loading=\"lazy\" decoding=\"async\" width=\"1024\" height=\"653\" src=\"https:\/\/purplearrow.ch\/wp-content\/uploads\/2024\/11\/SinTakt_Ronny-Marlies-1024x653.jpg\" alt=\"\" class=\"wp-image-6808\" srcset=\"https:\/\/purplearrow.ch\/wp-content\/uploads\/2024\/11\/SinTakt_Ronny-Marlies-1024x653.jpg 1024w, https:\/\/purplearrow.ch\/wp-content\/uploads\/2024\/11\/SinTakt_Ronny-Marlies-300x191.jpg 300w, https:\/\/purplearrow.ch\/wp-content\/uploads\/2024\/11\/SinTakt_Ronny-Marlies-768x490.jpg 768w, https:\/\/purplearrow.ch\/wp-content\/uploads\/2024\/11\/SinTakt_Ronny-Marlies-1536x980.jpg 1536w, https:\/\/purplearrow.ch\/wp-content\/uploads\/2024\/11\/SinTakt_Ronny-Marlies-2048x1306.jpg 2048w\" sizes=\"auto, (max-width: 706px) 89vw, (max-width: 767px) 82vw, 740px\" \/><\/figure>\n\n\n\n<h3 class=\"wp-block-heading has-normal-font-size\"><strong>Mail, Ronny, Kimi, Marlies und Energy<\/strong> (2010)<\/h3>\n\n\n\n<figure class=\"wp-block-image size-large is-style-twentytwentyone-border\"><img loading=\"lazy\" decoding=\"async\" width=\"1024\" height=\"415\" src=\"https:\/\/purplearrow.ch\/wp-content\/uploads\/2022\/01\/uber-uns01-1024x415.jpg\" alt=\"\" class=\"wp-image-900\" srcset=\"https:\/\/purplearrow.ch\/wp-content\/uploads\/2022\/01\/uber-uns01-1024x415.jpg 1024w, https:\/\/purplearrow.ch\/wp-content\/uploads\/2022\/01\/uber-uns01-300x121.jpg 300w, https:\/\/purplearrow.ch\/wp-content\/uploads\/2022\/01\/uber-uns01-768x311.jpg 768w, https:\/\/purplearrow.ch\/wp-content\/uploads\/2022\/01\/uber-uns01-1536x622.jpg 1536w, https:\/\/purplearrow.ch\/wp-content\/uploads\/2022\/01\/uber-uns01.jpg 2025w\" sizes=\"auto, (max-width: 706px) 89vw, (max-width: 767px) 82vw, 740px\" \/><\/figure>\n\n\n\n<h3 class=\"wp-block-heading\" style=\"font-size:16px\"><strong>Okalani, Sayen und Grace<\/strong><\/h3>\n\n\n\n<figure class=\"wp-block-image size-large\"><img loading=\"lazy\" decoding=\"async\" width=\"1024\" height=\"639\" src=\"https:\/\/purplearrow.ch\/wp-content\/uploads\/2024\/06\/Hunde-12-2023-1024x639.jpg\" alt=\"\" class=\"wp-image-6328\" srcset=\"https:\/\/purplearrow.ch\/wp-content\/uploads\/2024\/06\/Hunde-12-2023-1024x639.jpg 1024w, https:\/\/purplearrow.ch\/wp-content\/uploads\/2024\/06\/Hunde-12-2023-300x187.jpg 300w, https:\/\/purplearrow.ch\/wp-content\/uploads\/2024\/06\/Hunde-12-2023-768x479.jpg 768w, https:\/\/purplearrow.ch\/wp-content\/uploads\/2024\/06\/Hunde-12-2023-1536x958.jpg 1536w, https:\/\/purplearrow.ch\/wp-content\/uploads\/2024\/06\/Hunde-12-2023-2048x1278.jpg 2048w\" sizes=\"auto, (max-width: 706px) 89vw, (max-width: 767px) 82vw, 740px\" \/><\/figure>\n\n\n\n<p style=\"font-size:16px\"><strong><a href=\"https:\/\/purplearrow.ch\/?page_id=8\" data-type=\"page\" data-id=\"8\"><span class=\"has-inline-color has-luminous-vivid-amber-color\">Kontakt<\/span><\/a><\/strong><\/p>\n\n\n\n<p style=\"font-size:14px;line-height:1.4\">Eins, zwei, drei, vier&#8230;&#8230;&#8230;neun, zehn, elf, h\u00f6rt den das \u00fcberhaupt nicht auf? Wir trauten unseren Augen nicht, unsere Zuchth\u00fcndin Mail hat am 2. Januar 2002, in 2 \u00bd<sup> <\/sup> Stunden elf kerngesunde Aussiebabys zur Welt gebracht. Das war wohl der ultimative Test f\u00fcr Neuz\u00fcchter. Obwohl wir uns sehr gut Vorbereiteten und mehrere SKG-Z\u00fcchterkurse besuchten, etliche B\u00fccher \u00fcber die Zucht gelesen hatten, war es doch eine sehr grosse Herausforderung gleich beim ersten Wurf so viele Welpen aufzuziehen. Die zehn Wochen waren sehr Intensiv aber machten auch sehr viel Spass. Mail war ein super Mami und meisterte ihre Aufgabe mit Bravour, sie bekam auch noch fleissige Unterst\u00fctzung vom Papa Uschak.<br>Aber fangen wir doch mal von vorne an. Im Juli 1994 kam unser erster Australian Shepherd der Black tri R\u00fcde Shadow &#8222;Nardo vom Waldacker&#8220; in unser Rudel, das bestand aus dem Bobtail Turbo &#8222;Zottel&#8217;s Fly-by-Night&#8220; und Schipperke Apollo &#8222;Apollo vom Reitstall Pharo&#8220;. Obwohl Shadow kein einfacher Hund war, war er ein toller Kamerad, lernte sehr schnell und wollte immer besch\u00e4ftig werden. Seine Intelligenz hat uns so sehr fasziniert das wir zwei Jahre sp\u00e4ter Uschak &#8222;Uschak-Turbo v. Waldacker&#8220; ein Red tri R\u00fcde, zu uns holten. Uschak \u00fcberzeugte uns mit seinem guten Wesen so sehr das wir ihn zur Ank\u00f6rung anmeldeten und er diese im April 1998 mit Bravour bestand. Im Sommer 1999 durften wir aus Deutschland unsere erste Black tri H\u00fcndin Mail &#8222;Horseman\u2019s Mail Forever&#8220; abholen. Zwei Jahre sp\u00e4ter schaffte Mail die Ank\u00f6rung und es stand nichts mehr im Weg um unsere kleine Aussie-Liebhaber-Zucht Purple arrow zu gr\u00fcnden.<\/p>\n\n\n<div class=\"wp-block-image is-style-twentytwentyone-border\">\n<figure class=\"alignleft size-large\"><img loading=\"lazy\" decoding=\"async\" width=\"1024\" height=\"683\" src=\"https:\/\/purplearrow.ch\/wp-content\/uploads\/2022\/01\/Ronny-Marlies-q-welpen-1024x683.jpg\" alt=\"\" class=\"wp-image-902\" srcset=\"https:\/\/purplearrow.ch\/wp-content\/uploads\/2022\/01\/Ronny-Marlies-q-welpen-1024x683.jpg 1024w, https:\/\/purplearrow.ch\/wp-content\/uploads\/2022\/01\/Ronny-Marlies-q-welpen-300x200.jpg 300w, https:\/\/purplearrow.ch\/wp-content\/uploads\/2022\/01\/Ronny-Marlies-q-welpen-768x512.jpg 768w, https:\/\/purplearrow.ch\/wp-content\/uploads\/2022\/01\/Ronny-Marlies-q-welpen.jpg 1063w\" sizes=\"auto, (max-width: 706px) 89vw, (max-width: 767px) 82vw, 740px\" \/><\/figure>\n<\/div>\n\n\n<p class=\"has-primary-color has-text-color\" style=\"font-size:14px;line-height:1.4\">2005 blieb die Bluemerle Tochter von Mail, Kimi &#8222;Purple arrow&#8217;s Chilaili Kimi&#8220;, bei uns und im November 2007 schenkte uns Kimi die Black tri H\u00fcndin Energy &#8222;Purple arrow&#8217;s Energy Black Eldri&#8220;. Die Bluemerle Tochter von Kimi, Face &#8222;Purple arrow&#8217;s Famous Face&#8220;, durften wir 2009 im Zuchtrecht abgeben, aus ihrem ersten Wurf blieb der Bluemerle R\u00fcde Light &#8222;Purple arrow&#8217;s Kingston City Light&#8220; bei uns. Light wurde im 2015 Angek\u00f6rt und ist Vater von 53 Welpen in 8 W\u00fcrfen.<br>Im Jahr 2014 holten wir die Red tri H\u00fcndin Grace &#8222;Goddes of Heaven Grace of the Evening Sun&#8220; aus Deutschland in unsere Zucht, aus ihrem zweiten Wurf durfte die Red tri H\u00fcndin Lani &#8222;Purple arrow&#8217;s Okalani&#8220; unser Rudel erweitern. Auch Lani wurde mit Bravour angek\u00f6rt und im 2022 durfte ihre Tochter Sayen bei uns bleiben. Sie bekam ihre Zuchtzulassung ohne Beanstandung im 2024.<br>Sayen ist eine Nachzuchth\u00fcndin von unseren beiden Zuchtlinien, die Mutter Lani &#8222;Purple arrow&#8217;s Okalani&#8220; und der Vater Chase &#8222;Purple arrow\u2019s Let My Fly Chase&#8220;. Chase ist ein Nachkommen von unserer H\u00fcndin Energy &#8222;Purple arrow&#8217;s Energy Black Eldri&#8220;.<\/p>\n\n\n\n<h3 class=\"wp-block-heading\" style=\"font-size:16px\"><strong>4 Generationen &#8211; 2024:<\/strong> <br><strong>die vier W\u2019s mit Grossmutter Lani, Mutter Sayen und Urgrossmutter Grace<\/strong><\/h3>\n\n\n\n<figure class=\"wp-block-image size-large\"><img loading=\"lazy\" decoding=\"async\" width=\"1024\" height=\"993\" src=\"https:\/\/purplearrow.ch\/wp-content\/uploads\/2025\/01\/4-Generationen-1024x993.jpg\" alt=\"\" class=\"wp-image-7172\" srcset=\"https:\/\/purplearrow.ch\/wp-content\/uploads\/2025\/01\/4-Generationen-1024x993.jpg 1024w, https:\/\/purplearrow.ch\/wp-content\/uploads\/2025\/01\/4-Generationen-300x291.jpg 300w, https:\/\/purplearrow.ch\/wp-content\/uploads\/2025\/01\/4-Generationen-768x745.jpg 768w, https:\/\/purplearrow.ch\/wp-content\/uploads\/2025\/01\/4-Generationen-1536x1489.jpg 1536w, https:\/\/purplearrow.ch\/wp-content\/uploads\/2025\/01\/4-Generationen-2048x1985.jpg 2048w\" sizes=\"auto, (max-width: 706px) 89vw, (max-width: 767px) 82vw, 740px\" \/><\/figure>\n\n\n\n<p class=\"has-primary-color has-text-color\" style=\"font-size:14px;line-height:1.4\"><br>In den 23 Jahren haben wir bereits 137 Welpen mit viel Liebe aufgezogen. Mit Mail durften wir in vier W\u00fcrfen 33 Welpen, mit Kimi in vier W\u00fcrfen 21 Welpen, mit Energy in zwei W\u00fcrfen 9 Welpen, mit Face in zwei W\u00fcrfen 10 Welpen, mit Grace in vier W\u00fcrfen 30 Welpen, mit Lani in vier W\u00fcrfen 24 Welpen aufziehen, und f\u00fcr unser zwanzigster Wurf kam Lotta &#8222;Purple arrow&#8217;s Queena Lotta&#8220; im Zuchtrecht zu den Purple arrow&#8217;s zur\u00fcck und beschenkte uns mit 6 wundervollen Welpen. Im November 2024 bekam unserer Nachzuchth\u00fcndin Sayen ihre ersten 4 Welpen.<br>Da wir mit unseren Aussies regelm\u00e4ssig verschiedene Hundesportarten betreiben und auch bei Wettk\u00e4mpfen dabei sind, bleiben unsere Hunde auch nach den Strapazen einer Geburt fit und aufgestellt. Neben Agility, Longieren, WAH Wasserarbeit, IGBH, Rallyobedience und Obedience sind wir auch viel mit unseren Aussies in der Natur unterwegs.<\/p>\n\n\n\n<h3 class=\"wp-block-heading has-normal-font-size\"><strong>Energy, Grace, Sayen und Lani<\/strong> (2022)<\/h3>\n\n\n\n<figure class=\"wp-block-image size-large\"><img loading=\"lazy\" decoding=\"async\" width=\"1024\" height=\"387\" src=\"https:\/\/purplearrow.ch\/wp-content\/uploads\/2022\/10\/uber-uns-2022-1024x387.jpg\" alt=\"\" class=\"wp-image-2799\" srcset=\"https:\/\/purplearrow.ch\/wp-content\/uploads\/2022\/10\/uber-uns-2022-1024x387.jpg 1024w, https:\/\/purplearrow.ch\/wp-content\/uploads\/2022\/10\/uber-uns-2022-300x113.jpg 300w, https:\/\/purplearrow.ch\/wp-content\/uploads\/2022\/10\/uber-uns-2022-768x291.jpg 768w, https:\/\/purplearrow.ch\/wp-content\/uploads\/2022\/10\/uber-uns-2022-1536x581.jpg 1536w, https:\/\/purplearrow.ch\/wp-content\/uploads\/2022\/10\/uber-uns-2022-2048x775.jpg 2048w\" sizes=\"auto, (max-width: 706px) 89vw, (max-width: 767px) 82vw, 740px\" \/><figcaption class=\"wp-element-caption\"><mark style=\"background-color:rgba(0, 0, 0, 0)\" class=\"has-inline-color has-white-color\">Purple arrow&#8217;s Black Eldri Energy (14,5), Goddes of Heaven Grace of the Evening Sun (8), Purple arrow&#8217;s Sayen (7 Monate) und Purple arrow&#8217;s Okalani (4)<\/mark><\/figcaption><\/figure>\n\n\n\n<h3 class=\"wp-block-heading has-normal-font-size\"><strong>Zuchtziel<\/strong><\/h3>\n\n\n\n<p style=\"font-size:14px;line-height:1.4\">In unserer Zucht legen wir besonderen Wert auf die Gesundheit, das Aussehen nach FCI-Standard, so wie auf einen sehr arbeitsfreudigen Hund, der aber auch eine gewisse Gelassenheit hat und bei gen\u00fcgender Besch\u00e4ftigung einen guten Familienhund abgibt. Bei der Aufzucht der Welpen ist es uns ein Anliegen in den acht Wochen den Kleinen m\u00f6glichst viel mitzugeben. Die Welpen werden von mir und Ronny betreut und die Welpen-Interessenten haben jederzeit die M\u00f6glichkeit sie ab der 3 Woche zu Besuchen. Grossen Wert legen wir auf eine gute Sozialisierung, dazu geh\u00f6ren auch etliche Besuche von Erwachsenen und Kinder in jedem Alter. Unser Welpengarten ist sehr abwechslungsreich gestaltet und bietet verschiedene optische und sensomotorische Elemente mit vielen Spielm\u00f6glichkeiten, ebenso trainieren wir die Welpen auf verschiedene Umweltger\u00e4usche. Ab der 5. Woche machen wir regelm\u00e4ssig kleine Ausfahrten und Spazierg\u00e4nge im nahen Wald. Sehr viel Wert legen wir darauf die Interessenten f\u00fcr unsere Welpen n\u00e4her kennen zu lernen, denn wir sind der Meinung das Hundebesitzer und Welpe zueinander passen m\u00fcssen und nicht die Farbe zum wichtigsten Auswahlkriterium wird.<\/p>\n\n\n\n<figure class=\"wp-block-image size-large is-resized is-style-twentytwentyone-border\"><img loading=\"lazy\" decoding=\"async\" width=\"1024\" height=\"366\" src=\"https:\/\/purplearrow.ch\/wp-content\/uploads\/2022\/01\/Hund-Kind-1024x366.jpg\" alt=\"\" class=\"wp-image-1580\" srcset=\"https:\/\/purplearrow.ch\/wp-content\/uploads\/2022\/01\/Hund-Kind-1024x366.jpg 1024w, https:\/\/purplearrow.ch\/wp-content\/uploads\/2022\/01\/Hund-Kind-300x107.jpg 300w, https:\/\/purplearrow.ch\/wp-content\/uploads\/2022\/01\/Hund-Kind-768x275.jpg 768w, https:\/\/purplearrow.ch\/wp-content\/uploads\/2022\/01\/Hund-Kind-1536x550.jpg 1536w, https:\/\/purplearrow.ch\/wp-content\/uploads\/2022\/01\/Hund-Kind-2048x733.jpg 2048w\" sizes=\"auto, (max-width: 706px) 89vw, (max-width: 767px) 82vw, 740px\" \/><\/figure>\n\n\n\n<figure class=\"wp-block-image size-large is-resized is-style-twentytwentyone-border\"><img loading=\"lazy\" decoding=\"async\" width=\"1024\" height=\"683\" src=\"https:\/\/purplearrow.ch\/wp-content\/uploads\/2022\/01\/welpengarten_2017-1024x683.jpg\" alt=\"\" class=\"wp-image-1237\" srcset=\"https:\/\/purplearrow.ch\/wp-content\/uploads\/2022\/01\/welpengarten_2017-1024x683.jpg 1024w, https:\/\/purplearrow.ch\/wp-content\/uploads\/2022\/01\/welpengarten_2017-300x200.jpg 300w, https:\/\/purplearrow.ch\/wp-content\/uploads\/2022\/01\/welpengarten_2017-768x512.jpg 768w, https:\/\/purplearrow.ch\/wp-content\/uploads\/2022\/01\/welpengarten_2017-1536x1024.jpg 1536w, https:\/\/purplearrow.ch\/wp-content\/uploads\/2022\/01\/welpengarten_2017-2048x1365.jpg 2048w\" sizes=\"auto, (max-width: 706px) 89vw, (max-width: 767px) 82vw, 740px\" \/><\/figure>\n\n\n\n<h3 class=\"wp-block-heading has-text-align-left\" style=\"font-size:17px\"><strong>Ronny Sturzenegger<\/strong><\/h3>\n\n\n\n<figure class=\"wp-block-image size-large is-resized\"><img loading=\"lazy\" decoding=\"async\" width=\"788\" height=\"1024\" src=\"https:\/\/purplearrow.ch\/wp-content\/uploads\/2022\/01\/uber-uns-Ronny-788x1024.jpg\" alt=\"\" class=\"wp-image-1562\" srcset=\"https:\/\/purplearrow.ch\/wp-content\/uploads\/2022\/01\/uber-uns-Ronny-788x1024.jpg 788w, https:\/\/purplearrow.ch\/wp-content\/uploads\/2022\/01\/uber-uns-Ronny-231x300.jpg 231w, https:\/\/purplearrow.ch\/wp-content\/uploads\/2022\/01\/uber-uns-Ronny-768x998.jpg 768w, https:\/\/purplearrow.ch\/wp-content\/uploads\/2022\/01\/uber-uns-Ronny-1182x1536.jpg 1182w, https:\/\/purplearrow.ch\/wp-content\/uploads\/2022\/01\/uber-uns-Ronny-1576x2048.jpg 1576w, https:\/\/purplearrow.ch\/wp-content\/uploads\/2022\/01\/uber-uns-Ronny-scaled.jpg 1969w\" sizes=\"auto, (max-width: 706px) 89vw, (max-width: 767px) 82vw, 740px\" \/><\/figure>\n\n\n\n<p class=\"has-text-align-left\" style=\"font-size:14px;line-height:1.4\">Agility seit 1994<br>1998 Weltmeisterschaft in Maribor mit Apollo<br>1999 Agility-Welt-Cup-Sieger mit Apollo<br>1999 bis 2016 Int. Agility-Richter<br>2002 bis 2005 Teamleiter-Nationalmannschaft<br>2002 bis 2005 TKAMO-Mitglied<br>Dog-Frisbee seit 2007<br>2008 Dog-Frisbee-SM, 3. Rang mit Kimi<br>2010 bis 2013 Teamleiter-Nationalmannschaft<br>2019 Agility 3 mit Light<br>2020 Agility Beginners mit Lani<br>2021 Agility 1 mit Lani<br>2024 Agility 1 mit Sayen<br>2025 Agility 2 mit Lani<br>2025 Agility 2 mit Sayen<\/p>\n\n\n\n<figure class=\"wp-block-image size-large is-resized\"><img loading=\"lazy\" decoding=\"async\" width=\"1024\" height=\"788\" src=\"https:\/\/purplearrow.ch\/wp-content\/uploads\/2022\/01\/uber-uns-Ronny-light-1024x788.jpg\" alt=\"\" class=\"wp-image-1568\" srcset=\"https:\/\/purplearrow.ch\/wp-content\/uploads\/2022\/01\/uber-uns-Ronny-light-1024x788.jpg 1024w, https:\/\/purplearrow.ch\/wp-content\/uploads\/2022\/01\/uber-uns-Ronny-light-300x231.jpg 300w, https:\/\/purplearrow.ch\/wp-content\/uploads\/2022\/01\/uber-uns-Ronny-light-768x591.jpg 768w, https:\/\/purplearrow.ch\/wp-content\/uploads\/2022\/01\/uber-uns-Ronny-light-1536x1181.jpg 1536w, https:\/\/purplearrow.ch\/wp-content\/uploads\/2022\/01\/uber-uns-Ronny-light.jpg 1823w\" sizes=\"auto, (max-width: 706px) 89vw, (max-width: 767px) 82vw, 740px\" \/><\/figure>\n\n\n\n<p class=\"has-text-align-left\" style=\"font-size:14px;line-height:1.4\"><strong>Weiterbildungs-Kurse:<\/strong><br>Sozialisierung von Welpen<br>Ern\u00e4hrung im Alter beim Hund<br>Kritische Aspekte des Fettstoffwechsels beim Hund<br>\u00dcberm\u00e4ssiges Aggressionsverhalten beim Hund<br><br><strong>SKG Ausbildung:<\/strong><br>Z\u00fcchterschulung, Basiskurs<br>Modul 2 &#8222;Pathologie&#8220;<\/p>\n\n\n\n<h3 class=\"wp-block-heading has-text-align-left\" style=\"font-size:17px\"><strong>Marlies Hoppler<\/strong><\/h3>\n\n\n\n<figure class=\"wp-block-image size-large is-resized\"><img loading=\"lazy\" decoding=\"async\" width=\"788\" height=\"1024\" src=\"https:\/\/purplearrow.ch\/wp-content\/uploads\/2022\/01\/uber-uns-Marlies-788x1024.jpg\" alt=\"\" class=\"wp-image-1565\" srcset=\"https:\/\/purplearrow.ch\/wp-content\/uploads\/2022\/01\/uber-uns-Marlies-788x1024.jpg 788w, https:\/\/purplearrow.ch\/wp-content\/uploads\/2022\/01\/uber-uns-Marlies-231x300.jpg 231w, https:\/\/purplearrow.ch\/wp-content\/uploads\/2022\/01\/uber-uns-Marlies-768x998.jpg 768w, https:\/\/purplearrow.ch\/wp-content\/uploads\/2022\/01\/uber-uns-Marlies.jpg 1182w\" sizes=\"auto, (max-width: 706px) 89vw, (max-width: 767px) 82vw, 740px\" \/><\/figure>\n\n\n\n<p class=\"has-text-align-left\" style=\"font-size:14px;line-height:1.4\"><br>Agility seit 1992<br>1995 Agility-Mannschafts-Vize-Europameisterin in Turin mit Apollo<br>1996 WM in Morges, 7. Rang mit Apollo<br>1997 Jugend+Hund-Leiterin Brevet 1<br>1998 Jugend+Hund-Leiterin Brevet 2<br>Obedience seit 1999<br>2003 Begleithund AKZ mit Energy<br>2009 &#8211; 2016 in der Zuchtkommission ASCS<br>2012 &#8211; 2016 Zuchtwartin ASCS<br>2012 Wesensrichter Rasse, Australian Shepherd<br>2013 SKG anerkannter Wesensrichter aller Rassen<br>2018 Rally-Obedience 1, Gold, Light und Energy<br>2019 Obedience B, 296 P, V AKZ mit Lani<br>2019 Agility 2 mit Grace<br>2020 Obedience 1, 271 P, V AKZ mit Lani<br>2020 Wasser-Training (WAH) mit Lani<br>2021 Obedience 2, 276,5 P, V AKZ mit Lani<br>2022 WAH 1, 278 P, SG AKZ mit Lani<br>2024 BH-VT, Sachkundenachweis mit Lan\u00ee<br>2024 Obedience B, 287,5 P, V AKZ mit Sayen<br>2024 BH-VT, Sachkundenachweis mit Sayen<br>2024 Obedience 1, 242 P, SG AKZ mit Sayen<br>2024 WAH2, 275 P, SG AKZ mit Lani<br>2025 Obedience 1, 258 P, V AKZ mit Sayen<br>2025 WAH1 und WAH2 mit Sayen bestanden<br>2025 Obedience 3, 209,5 P, G mit Lani<br>2025 WAH2, 289 P, V AKZ mit Lani<\/p>\n\n\n\n<figure class=\"wp-block-image size-large is-resized\"><img loading=\"lazy\" decoding=\"async\" width=\"1024\" height=\"788\" src=\"https:\/\/purplearrow.ch\/wp-content\/uploads\/2022\/01\/uber-uns-Marlies-grace-1024x788.jpg\" alt=\"\" class=\"wp-image-1567\" srcset=\"https:\/\/purplearrow.ch\/wp-content\/uploads\/2022\/01\/uber-uns-Marlies-grace-1024x788.jpg 1024w, https:\/\/purplearrow.ch\/wp-content\/uploads\/2022\/01\/uber-uns-Marlies-grace-300x231.jpg 300w, https:\/\/purplearrow.ch\/wp-content\/uploads\/2022\/01\/uber-uns-Marlies-grace-768x591.jpg 768w, https:\/\/purplearrow.ch\/wp-content\/uploads\/2022\/01\/uber-uns-Marlies-grace-1536x1182.jpg 1536w, https:\/\/purplearrow.ch\/wp-content\/uploads\/2022\/01\/uber-uns-Marlies-grace-2048x1576.jpg 2048w\" sizes=\"auto, (max-width: 706px) 89vw, (max-width: 767px) 82vw, 740px\" \/><\/figure>\n\n\n\n<p class=\"has-text-align-left has-primary-color has-text-color\" style=\"font-size:14px;line-height:1.4\"><strong>Weiterbildungs-Kurse:<\/strong><br>Sozialisierung von Welpen<br>Ern\u00e4hrung im Alter beim Hund<br>Kritische Aspekte des Fettstoffwechsels beim Hund<br>Agility mit Nicola Giraudi (I)<br>Longier-Seminar mit Uwe Friedrich (D)<br>Schafh\u00fctetraining mit Diane Sobel-Meyer (USA)<br>Ringtraining mit Nicola Giraudi (I)<br>Obedience mit Monika Ballerini<br>Rudelharmonie mit Anita Balser (D)<br>\u00dcberm\u00e4ssiges Aggressionsverhalten beim Hund, Dr. med. vet. Ch. Sigrist<br>Welpenanalyse mit Eva Holderegger und Doris Walder<br>Pubert\u00e4t des Hundes aus der Verhaltensperspektive, Dr. med. vet. Ch. Sigrist<br>Rally-Obedience mit Noemi Calignano<br>HoopAgi Seminarwoche, Sylvia Sennhauser<br>Wasserarbeits-Training &#8211; WAH-Gruppe \u00c4gerisee<br>Obedience-Seminar mit Rebecca Wiedermann (D)<br>Obedience-Seminar mit Renate Tribus<br><br><strong>SKG Ausbildung:<\/strong><br>Z\u00fcchterschulung, Basiskurs<br>Z-Modul 2 &#8222;Pathologie&#8220;<br>SKG Jugend+Hund-Leiterin<br>Wesensrichter-Ausbildung &#8222;WR-A&#8220; Zulassungs-Pr\u00fcfung bestanden<br>WR-A-Modul 1 &#8222;Wesensbeurteilung von Zuchthunden&#8220;<br>WR-A-Modul 2 &#8222;Lehren &amp; Lernen &#8211; K\u00f6rpersprache &amp; Kommunikation&#8220;<br>WR-A-Modul 4 &#8222;Sozialverhalten und rassetypische Leistungseigenschaften&#8220;<br>WR-A-Modul 5 &#8222;\u00c4ngstlichkeit und Aggressivit\u00e4t&#8220;<br>WR-A-Modul 6 &#8222;Die Gesamtbeurteilung&#8220;<br>Wesensrichter Rasse (Australian Shepherd)<br>SKG anerkannte Wesensrichterin aller Hunderassen<br><br><strong>Wesensrichter-Einsatz bei verschiedenen Rassen:<\/strong><br>Australian Shepherd, Schapendoes, Colli, Leonberger, Landseer<\/p>\n\n\n\n<p><\/p>\n","protected":false},"excerpt":{"rendered":"<p>Lani, Ronny, Grace, Marlies und Sayen (2024) Mail, Ronny, Kimi, Marlies und Energy (2010) Okalani, Sayen und Grace Kontakt Eins, zwei, drei, vier&#8230;&#8230;&#8230;neun, zehn, elf, h\u00f6rt den das \u00fcberhaupt nicht auf? Wir trauten unseren Augen nicht, unsere Zuchth\u00fcndin Mail hat am 2. Januar 2002, in 2 \u00bd Stunden elf kerngesunde Aussiebabys zur Welt gebracht. Das &hellip; <\/p>\n<p class=\"link-more\"><a href=\"https:\/\/purplearrow.ch\/?page_id=7\" class=\"more-link\"><span class=\"screen-reader-text\">\u201e\u00dcber uns\u201c<\/span> weiterlesen<\/a><\/p>\n","protected":false},"author":2,"featured_media":0,"parent":0,"menu_order":0,"comment_status":"closed","ping_status":"closed","template":"","meta":{"footnotes":""},"class_list":["post-7","page","type-page","status-publish","hentry"],"_links":{"self":[{"href":"https:\/\/purplearrow.ch\/index.php?rest_route=\/wp\/v2\/pages\/7","targetHints":{"allow":["GET"]}}],"collection":[{"href":"https:\/\/purplearrow.ch\/index.php?rest_route=\/wp\/v2\/pages"}],"about":[{"href":"https:\/\/purplearrow.ch\/index.php?rest_route=\/wp\/v2\/types\/page"}],"author":[{"embeddable":true,"href":"https:\/\/purplearrow.ch\/index.php?rest_route=\/wp\/v2\/users\/2"}],"replies":[{"embeddable":true,"href":"https:\/\/purplearrow.ch\/index.php?rest_route=%2Fwp%2Fv2%2Fcomments&post=7"}],"version-history":[{"count":91,"href":"https:\/\/purplearrow.ch\/index.php?rest_route=\/wp\/v2\/pages\/7\/revisions"}],"predecessor-version":[{"id":8057,"href":"https:\/\/purplearrow.ch\/index.php?rest_route=\/wp\/v2\/pages\/7\/revisions\/8057"}],"wp:attachment":[{"href":"https:\/\/purplearrow.ch\/index.php?rest_route=%2Fwp%2Fv2%2Fmedia&parent=7"}],"curies":[{"name":"wp","href":"https:\/\/api.w.org\/{rel}","templated":true}]}}