{"id":694,"date":"2022-01-18T15:34:40","date_gmt":"2022-01-18T15:34:40","guid":{"rendered":"https:\/\/purplearrow.ch\/?page_id=694"},"modified":"2025-07-19T15:06:56","modified_gmt":"2025-07-19T15:06:56","slug":"l-wurf","status":"publish","type":"page","link":"https:\/\/purplearrow.ch\/?page_id=694","title":{"rendered":"L-Wurf &#8211; 20.7.2014"},"content":{"rendered":"\n<figure class=\"wp-block-image size-large\"><img loading=\"lazy\" decoding=\"async\" width=\"1024\" height=\"640\" src=\"https:\/\/purplearrow.ch\/wp-content\/uploads\/2022\/02\/L-Wurf-W_004-1024x640.jpg\" alt=\"\" class=\"wp-image-2150\" srcset=\"https:\/\/purplearrow.ch\/wp-content\/uploads\/2022\/02\/L-Wurf-W_004-1024x640.jpg 1024w, https:\/\/purplearrow.ch\/wp-content\/uploads\/2022\/02\/L-Wurf-W_004-300x188.jpg 300w, https:\/\/purplearrow.ch\/wp-content\/uploads\/2022\/02\/L-Wurf-W_004-768x480.jpg 768w, https:\/\/purplearrow.ch\/wp-content\/uploads\/2022\/02\/L-Wurf-W_004-1536x960.jpg 1536w, https:\/\/purplearrow.ch\/wp-content\/uploads\/2022\/02\/L-Wurf-W_004-2048x1280.jpg 2048w\" sizes=\"auto, (max-width: 706px) 89vw, (max-width: 767px) 82vw, 740px\" \/><\/figure>\n\n\n\n<p style=\"font-size:16px\"><strong>Sonntag, 20. Juli 2014<\/strong><br>5 Welpen<br>1 R\u00fcde und 1 H\u00fcndin Bluemerle c\/w<br>1 R\u00fcde und 1 H\u00fcndin Redmerle c\/w<br>1 R\u00fcde Red c\/w<\/p>\n\n\n\n<p style=\"font-size:14px\"><a href=\"https:\/\/purplearrow.ch\/?page_id=2144\" data-type=\"page\" data-id=\"2144\"><mark style=\"background-color:rgba(0, 0, 0, 0)\" class=\"has-inline-color has-luminous-vivid-amber-color\">Bilder aus der Wurfkiste<\/mark><\/a><\/p>\n\n\n\n<div class=\"wp-block-media-text alignwide is-stacked-on-mobile\" style=\"grid-template-columns:25% auto\"><figure class=\"wp-block-media-text__media\"><img loading=\"lazy\" decoding=\"async\" width=\"853\" height=\"1024\" src=\"https:\/\/purplearrow.ch\/wp-content\/uploads\/2022\/01\/L-Wurf-lomasi-853x1024.jpg\" alt=\"\" class=\"wp-image-1150 size-full\" srcset=\"https:\/\/purplearrow.ch\/wp-content\/uploads\/2022\/01\/L-Wurf-lomasi-853x1024.jpg 853w, https:\/\/purplearrow.ch\/wp-content\/uploads\/2022\/01\/L-Wurf-lomasi-250x300.jpg 250w, https:\/\/purplearrow.ch\/wp-content\/uploads\/2022\/01\/L-Wurf-lomasi-768x922.jpg 768w, https:\/\/purplearrow.ch\/wp-content\/uploads\/2022\/01\/L-Wurf-lomasi-1280x1536.jpg 1280w, https:\/\/purplearrow.ch\/wp-content\/uploads\/2022\/01\/L-Wurf-lomasi-1706x2048.jpg 1706w, https:\/\/purplearrow.ch\/wp-content\/uploads\/2022\/01\/L-Wurf-lomasi.jpg 1808w\" sizes=\"auto, (max-width: 706px) 89vw, (max-width: 767px) 82vw, 740px\" \/><\/figure><div class=\"wp-block-media-text__content\">\n<p style=\"font-size:14px\"><strong>Purple arrow&#8217;s Lomasi<\/strong><br>H\u00fcndin<br>Bluemerle, c\/w<br>Augen: frei<br>HSF4 N\/N (Eltern genetisch frei)<br>PRA N\/N (Eltern genetisch frei)<br>CEA N\/N (Eltern genetisch frei)<br>Begleithund 1, Rally-Obedience<\/p>\n<\/div><\/div>\n\n\n\n<div class=\"wp-block-media-text alignwide is-stacked-on-mobile\" style=\"grid-template-columns:25% auto\"><figure class=\"wp-block-media-text__media\"><img loading=\"lazy\" decoding=\"async\" width=\"853\" height=\"1024\" src=\"https:\/\/purplearrow.ch\/wp-content\/uploads\/2022\/01\/L-Wurf-levi-853x1024.jpg\" alt=\"\" class=\"wp-image-1153 size-full\" srcset=\"https:\/\/purplearrow.ch\/wp-content\/uploads\/2022\/01\/L-Wurf-levi-853x1024.jpg 853w, https:\/\/purplearrow.ch\/wp-content\/uploads\/2022\/01\/L-Wurf-levi-250x300.jpg 250w, https:\/\/purplearrow.ch\/wp-content\/uploads\/2022\/01\/L-Wurf-levi-768x922.jpg 768w, https:\/\/purplearrow.ch\/wp-content\/uploads\/2022\/01\/L-Wurf-levi-1280x1536.jpg 1280w, https:\/\/purplearrow.ch\/wp-content\/uploads\/2022\/01\/L-Wurf-levi.jpg 1566w\" sizes=\"auto, (max-width: 706px) 89vw, (max-width: 767px) 82vw, 740px\" \/><\/figure><div class=\"wp-block-media-text__content\">\n<p style=\"font-size:14px\"><strong>Purple arrow&#8217;s Lootah Lesharo &#8222;Levi&#8220;<\/strong><br>R\u00fcde<br>Red, c\/w<br>Augen: frei<br>HSF4 N\/N (Eltern genetisch frei)<br>PRA N\/N Eltern genetisch frei)<br>CEA N\/N (Eltern genetisch frei)<br><\/p>\n<\/div><\/div>\n\n\n\n<div class=\"wp-block-media-text alignwide is-stacked-on-mobile\" style=\"grid-template-columns:25% auto\"><figure class=\"wp-block-media-text__media\"><img loading=\"lazy\" decoding=\"async\" width=\"853\" height=\"1024\" src=\"https:\/\/purplearrow.ch\/wp-content\/uploads\/2022\/01\/L-Wurf-chase-853x1024.jpg\" alt=\"\" class=\"wp-image-1154 size-full\" srcset=\"https:\/\/purplearrow.ch\/wp-content\/uploads\/2022\/01\/L-Wurf-chase-853x1024.jpg 853w, https:\/\/purplearrow.ch\/wp-content\/uploads\/2022\/01\/L-Wurf-chase-250x300.jpg 250w, https:\/\/purplearrow.ch\/wp-content\/uploads\/2022\/01\/L-Wurf-chase-768x922.jpg 768w, https:\/\/purplearrow.ch\/wp-content\/uploads\/2022\/01\/L-Wurf-chase-1280x1536.jpg 1280w, https:\/\/purplearrow.ch\/wp-content\/uploads\/2022\/01\/L-Wurf-chase.jpg 1403w\" sizes=\"auto, (max-width: 706px) 89vw, (max-width: 767px) 82vw, 740px\" \/><\/figure><div class=\"wp-block-media-text__content\">\n<p style=\"font-size:14px\"><strong>Purple arrow&#8217;s Let My Fly &#8222;Chase&#8220;<\/strong><br>R\u00fcde<br>Bluemerle, c\/w<br>Augen: frei<br>HSF4 N\/N ; PRA N\/N<br>CEA N\/N; DM N\/N, MDR1 +\/-<br>HD A\/A; ED 0\/0; LS-\u00dcGW Typ 1<br>Angek\u00f6rt: 7.11.2021<br><a href=\"https:\/\/purplearrow.ch\/?page_id=714\" data-type=\"page\" data-id=\"714\"><mark style=\"background-color:rgba(0, 0, 0, 0)\" class=\"has-inline-color has-light-green-cyan-color\">Infos und Bilder<\/mark><\/a><\/p>\n<\/div><\/div>\n\n\n\n<div class=\"wp-block-media-text alignwide is-stacked-on-mobile\" style=\"grid-template-columns:25% auto\"><figure class=\"wp-block-media-text__media\"><img loading=\"lazy\" decoding=\"async\" width=\"854\" height=\"1024\" src=\"https:\/\/purplearrow.ch\/wp-content\/uploads\/2022\/01\/L-Wurf-laska-854x1024.jpg\" alt=\"\" class=\"wp-image-1156 size-full\" srcset=\"https:\/\/purplearrow.ch\/wp-content\/uploads\/2022\/01\/L-Wurf-laska-854x1024.jpg 854w, https:\/\/purplearrow.ch\/wp-content\/uploads\/2022\/01\/L-Wurf-laska-250x300.jpg 250w, https:\/\/purplearrow.ch\/wp-content\/uploads\/2022\/01\/L-Wurf-laska-768x921.jpg 768w, https:\/\/purplearrow.ch\/wp-content\/uploads\/2022\/01\/L-Wurf-laska.jpg 1173w\" sizes=\"auto, (max-width: 706px) 89vw, (max-width: 767px) 82vw, 740px\" \/><\/figure><div class=\"wp-block-media-text__content\">\n<p style=\"font-size:14px\"><strong>Purple arrow&#8217;s Lovely Dream &#8222;Laska&#8220;<\/strong><br>H\u00fcndin<br>Redmerle, c\/w<br>Augen: frei<br>HSF4 N\/N ; PRA N\/N<br>CEA N\/N; DM N\/N; MDR1 +\/-<br>HD A\/A; ED 1\/0<br>Rally-Obedience<br>Angek\u00f6rt: 5.5.2019<br><a href=\"http:\/\/www.sky-power-aussies.ch\" data-type=\"URL\" data-id=\"www.sky-power-aussies.ch\"><mark style=\"background-color:rgba(0, 0, 0, 0)\" class=\"has-inline-color has-light-green-cyan-color\">www.sky-power-aussies.ch<\/mark><\/a><\/p>\n<\/div><\/div>\n\n\n\n<div class=\"wp-block-media-text alignwide is-stacked-on-mobile\" style=\"grid-template-columns:25% auto\"><figure class=\"wp-block-media-text__media\"><img loading=\"lazy\" decoding=\"async\" width=\"853\" height=\"1024\" src=\"https:\/\/purplearrow.ch\/wp-content\/uploads\/2022\/01\/L-Wurf-airo-853x1024.jpg\" alt=\"\" class=\"wp-image-1158 size-full\" srcset=\"https:\/\/purplearrow.ch\/wp-content\/uploads\/2022\/01\/L-Wurf-airo-853x1024.jpg 853w, https:\/\/purplearrow.ch\/wp-content\/uploads\/2022\/01\/L-Wurf-airo-250x300.jpg 250w, https:\/\/purplearrow.ch\/wp-content\/uploads\/2022\/01\/L-Wurf-airo-768x922.jpg 768w, https:\/\/purplearrow.ch\/wp-content\/uploads\/2022\/01\/L-Wurf-airo-1280x1536.jpg 1280w, https:\/\/purplearrow.ch\/wp-content\/uploads\/2022\/01\/L-Wurf-airo.jpg 1314w\" sizes=\"auto, (max-width: 706px) 89vw, (max-width: 767px) 82vw, 740px\" \/><\/figure><div class=\"wp-block-media-text__content\">\n<p style=\"font-size:14px\"><strong>Purple arrow&#8217;s Lifestyle &#8222;Airo&#8220;<\/strong><br>R\u00fcde<br>Redmerle, c\/w<br>Augen: frei<br>HSF4 N\/N (Eltern genetisch frei)<br>PRA N\/N (Eltern genetisch frei)<br>CEA N\/N (Eltern genetisch frei)<br>Rally-Obedience<\/p>\n<\/div><\/div>\n\n\n\n<h2 class=\"wp-block-heading\"><strong>Eltern vom L-Wurf<\/strong><\/h2>\n\n\n\n<figure class=\"wp-block-image size-large is-style-default\"><img loading=\"lazy\" decoding=\"async\" width=\"1024\" height=\"683\" src=\"https:\/\/purplearrow.ch\/wp-content\/uploads\/2022\/01\/L-Wurf-Opus-Energy-1024x683.jpg\" alt=\"\" class=\"wp-image-1136\" style=\"aspect-ratio:1.5024752475247525\" srcset=\"https:\/\/purplearrow.ch\/wp-content\/uploads\/2022\/01\/L-Wurf-Opus-Energy-1024x683.jpg 1024w, https:\/\/purplearrow.ch\/wp-content\/uploads\/2022\/01\/L-Wurf-Opus-Energy-300x200.jpg 300w, https:\/\/purplearrow.ch\/wp-content\/uploads\/2022\/01\/L-Wurf-Opus-Energy-768x512.jpg 768w, https:\/\/purplearrow.ch\/wp-content\/uploads\/2022\/01\/L-Wurf-Opus-Energy-1536x1024.jpg 1536w, https:\/\/purplearrow.ch\/wp-content\/uploads\/2022\/01\/L-Wurf-Opus-Energy-2048x1365.jpg 2048w\" sizes=\"auto, (max-width: 706px) 89vw, (max-width: 767px) 82vw, 740px\" \/><\/figure>\n\n\n\n<div class=\"wp-block-columns is-layout-flex wp-container-core-columns-is-layout-9d6595d7 wp-block-columns-is-layout-flex\">\n<div class=\"wp-block-column is-layout-flow wp-block-column-is-layout-flow\">\n<p class=\"has-medium-font-size\"><strong>Opus vom Nettenberg<\/strong><\/p>\n\n\n\n<p style=\"font-size:14px\">Geb.: 27.07.2008<br>Rm, c\/w<br>Vollzahniges Scherengebiss<br>Rute: lang <br>Augen: frei<br>HD A\/A; ED 0\/0<br>HSF4 N\/N; MDR: -\/+<br>CEA N\/N ; PRA N\/N<br>BH 2, Sani 2<br><br><strong>Ausstellungs-Erfolge:<\/strong><br>V; 11.7.10 Australian Shepherd Versatility Weekend, Donaueschingen DE<br>Richterin: Sheila Polk, USA<br>V2 Res-CAC; 3.07.11 ASCS-Jubil\u00e4um, M\u00fcnsingen<br>Richterin: Gail Karamalegos, USA<br><br>Besitzerin: Susanne Schaad<br>Z\u00fcchterin: Christine Locher<\/p>\n<\/div>\n\n\n\n<div class=\"wp-block-column is-layout-flow wp-block-column-is-layout-flow\">\n<p class=\"has-text-align-left has-medium-font-size\"><strong>Purple arrow&#8217;s Energy Black Eldri<\/strong><\/p>\n\n\n\n<p class=\"has-text-align-left\" style=\"font-size:14px\">Geb.: 7.11.2007<br>B, c\/w<br>Vollzahniges Scherengebiss<br>Rute: lang <br>Augen: frei<br>HD A\/A; ED 0\/0; ODC: frei<br>HSF4 N\/N; MDR: +\/+<br>CEA N\/N ; PRA N\/N; DM N\/N<br>BH1 AKZ, Obedience 2, Agility 2<br><br><strong>Ausstellungs-Erfolge:<\/strong><br>V1; 2.7.11 ASCS-Jubil\u00e4um, M\u00fcnsingen<br>V1 CAC\/CADIB; 14.5.11 IHA St.Gallen<br>V2 Res-CAC; 15.5.11 IHA St.Gallen<br>V1 CAC \/ CAC-VDH \/ BOB<br>11.7.10 Australian Shepherd Versatility Weekend, Donaueschingen DE; Richterin: Sheila Polk, USA<br>Bester in der Schweiz gezogener Hund<br><\/p>\n<\/div>\n<\/div>\n\n\n\n<div class=\"wp-block-columns is-layout-flex wp-container-core-columns-is-layout-9d6595d7 wp-block-columns-is-layout-flex\">\n<div class=\"wp-block-column is-layout-flow wp-block-column-is-layout-flow\"><\/div>\n\n\n\n<div class=\"wp-block-column is-layout-flow wp-block-column-is-layout-flow\"><\/div>\n<\/div>\n","protected":false},"excerpt":{"rendered":"<p>Sonntag, 20. Juli 20145 Welpen1 R\u00fcde und 1 H\u00fcndin Bluemerle c\/w1 R\u00fcde und 1 H\u00fcndin Redmerle c\/w1 R\u00fcde Red c\/w Bilder aus der Wurfkiste Purple arrow&#8217;s LomasiH\u00fcndinBluemerle, c\/wAugen: freiHSF4 N\/N (Eltern genetisch frei)PRA N\/N (Eltern genetisch frei)CEA N\/N (Eltern genetisch frei)Begleithund 1, Rally-Obedience Purple arrow&#8217;s Lootah Lesharo &#8222;Levi&#8220;R\u00fcdeRed, c\/wAugen: freiHSF4 N\/N (Eltern genetisch frei)PRA N\/N &hellip; <\/p>\n<p class=\"link-more\"><a href=\"https:\/\/purplearrow.ch\/?page_id=694\" class=\"more-link\"><span class=\"screen-reader-text\">\u201eL-Wurf &#8211; 20.7.2014\u201c<\/span> weiterlesen<\/a><\/p>\n","protected":false},"author":1,"featured_media":0,"parent":70,"menu_order":7,"comment_status":"closed","ping_status":"closed","template":"","meta":{"footnotes":""},"class_list":["post-694","page","type-page","status-publish","hentry"],"_links":{"self":[{"href":"https:\/\/purplearrow.ch\/index.php?rest_route=\/wp\/v2\/pages\/694","targetHints":{"allow":["GET"]}}],"collection":[{"href":"https:\/\/purplearrow.ch\/index.php?rest_route=\/wp\/v2\/pages"}],"about":[{"href":"https:\/\/purplearrow.ch\/index.php?rest_route=\/wp\/v2\/types\/page"}],"author":[{"embeddable":true,"href":"https:\/\/purplearrow.ch\/index.php?rest_route=\/wp\/v2\/users\/1"}],"replies":[{"embeddable":true,"href":"https:\/\/purplearrow.ch\/index.php?rest_route=%2Fwp%2Fv2%2Fcomments&post=694"}],"version-history":[{"count":23,"href":"https:\/\/purplearrow.ch\/index.php?rest_route=\/wp\/v2\/pages\/694\/revisions"}],"predecessor-version":[{"id":7847,"href":"https:\/\/purplearrow.ch\/index.php?rest_route=\/wp\/v2\/pages\/694\/revisions\/7847"}],"up":[{"embeddable":true,"href":"https:\/\/purplearrow.ch\/index.php?rest_route=\/wp\/v2\/pages\/70"}],"wp:attachment":[{"href":"https:\/\/purplearrow.ch\/index.php?rest_route=%2Fwp%2Fv2%2Fmedia&parent=694"}],"curies":[{"name":"wp","href":"https:\/\/api.w.org\/{rel}","templated":true}]}}