{"id":687,"date":"2022-01-18T15:28:33","date_gmt":"2022-01-18T15:28:33","guid":{"rendered":"https:\/\/purplearrow.ch\/?page_id=687"},"modified":"2026-03-22T19:11:48","modified_gmt":"2026-03-22T19:11:48","slug":"bewegung-beim-welpen","status":"publish","type":"page","link":"https:\/\/purplearrow.ch\/?page_id=687","title":{"rendered":"Bewegung beim Welpen"},"content":{"rendered":"\n<p style=\"font-size:23px\"><strong>Wie viel Bewegung braucht der wachsende Hund?<\/strong><br>2026<\/p>\n\n\n\n<p style=\"font-size:14px\"><a href=\"https:\/\/purplearrow.ch\/wp-content\/uploads\/2023\/08\/Welpen-Bewegung.pdf\" data-type=\"attachment\" data-id=\"5396\"><mark style=\"background-color:rgba(0, 0, 0, 0)\" class=\"has-inline-color has-light-green-cyan-color\"><strong>Welpen Bewegung_SKG_05_2023<\/strong><\/mark><\/a><\/p>\n\n\n\n<p style=\"font-size:16px\">Ein Hundewelpe verbringt die ersten 10-14 Tage haupts\u00e4chlich mit Schlafen und Trinken. Seine k\u00f6rperliche Aktivit\u00e4t beschr\u00e4nkt sich auf das Aufsuchen der Zitzen und kriechende Bewegungen von und zu den W\u00e4rmequellen. W\u00e4hrend den sogenannten paradoxen Schlafphasen, die 95% des Schlafes ausmachen, zeigt er Gesichts-, Ohren- und Beinbewegungen.<br>Ab der dritten Lebenswoche beginnt der Welpe die Umwelt zu erkunden und sein Bewe-gungsradius nimmt kontinuierlich zu. F\u00fcr die normale Entwicklung des Gehirns sind nicht nur die Eindr\u00fccke aus der Umwelt sowie die wechselseitigen Beziehungen zu Mutter, Geschwistern und Menschen unerl\u00e4sslich, sondern auch die Reize durch Bewegung von Muskeln und Gelenken. Je mehr Impulse der Bewegungsapparat im Gehirn ausl\u00f6st, umso besser wird sich dieses entwickeln.<\/p>\n\n\n\n<figure class=\"wp-block-image size-large\"><img loading=\"lazy\" decoding=\"async\" width=\"1024\" height=\"640\" src=\"https:\/\/purplearrow.ch\/wp-content\/uploads\/2026\/03\/N-Wurf-W_001-1024x640.jpg\" alt=\"\" class=\"wp-image-8331\" srcset=\"https:\/\/purplearrow.ch\/wp-content\/uploads\/2026\/03\/N-Wurf-W_001-1024x640.jpg 1024w, https:\/\/purplearrow.ch\/wp-content\/uploads\/2026\/03\/N-Wurf-W_001-300x188.jpg 300w, https:\/\/purplearrow.ch\/wp-content\/uploads\/2026\/03\/N-Wurf-W_001-768x480.jpg 768w, https:\/\/purplearrow.ch\/wp-content\/uploads\/2026\/03\/N-Wurf-W_001-1536x960.jpg 1536w, https:\/\/purplearrow.ch\/wp-content\/uploads\/2026\/03\/N-Wurf-W_001-2048x1280.jpg 2048w\" sizes=\"auto, (max-width: 706px) 89vw, (max-width: 767px) 82vw, 740px\" \/><\/figure>\n\n\n\n<p style=\"font-size:16px\"><br><strong>Dichte Knochen und starke Muskeln sind gefragt<\/strong><br>Damit das Skelett das Gewicht des wachsenden K\u00f6rpers tragen kann, muss es nach der Geburt mineralisiert werden, was durch Belastung der Knochen angeregt wird. Genauso m\u00fcssen die Wachstumsfugen durch Druck und Zug belastet werden, damit sich die Gelenke in Form und Funktion korrekt entwickeln.<br>Zunehmende Muskelkraft ist n\u00f6tig, um das Gewicht von der Sohle auf die Zehen zu verlagern, was f\u00fcr eine stabile und schnelle Fortbewegung eines Hundes Voraussetzung ist.<br><br><strong>Vielf\u00e4ltige und abwechslungsreiche Bewegung ist n\u00f6tig f\u00fcr die Hirnentwicklung<\/strong><br>K\u00f6rperliche Aktivit\u00e4t veranlasst die Muskulatur hormon\u00e4hnliche Botenstoffe (Myokine) auszusch\u00fctten, welche unter anderem die Neubildung und Vernetzung von Nervenzellen anregen &#8211; speziell im Hippocampus, dem Zentrum f\u00fcr Ged\u00e4chtnis und Lernen. Die verschiedenen Hirnareale f\u00fcr Wahrnehmung, Raumerfahrung, K\u00f6rperbewusstsein, Koordinationsverm\u00f6gen und Gleichgewichtssinn werden bei Bewegung ebenfalls angeregt und weiter entwickelt.<br>Komplexe Bewegungsabl\u00e4ufe werden nur durch wiederholtes \u00dcben erlernt und dazu geh\u00f6rt auch Treppen hoch- und runter laufen.<\/p>\n\n\n\n<figure class=\"wp-block-image size-large\"><img loading=\"lazy\" decoding=\"async\" width=\"1024\" height=\"640\" src=\"https:\/\/purplearrow.ch\/wp-content\/uploads\/2022\/02\/P-Wurf-W_006-1024x640.jpg\" alt=\"\" class=\"wp-image-2090\" srcset=\"https:\/\/purplearrow.ch\/wp-content\/uploads\/2022\/02\/P-Wurf-W_006-1024x640.jpg 1024w, https:\/\/purplearrow.ch\/wp-content\/uploads\/2022\/02\/P-Wurf-W_006-300x188.jpg 300w, https:\/\/purplearrow.ch\/wp-content\/uploads\/2022\/02\/P-Wurf-W_006-768x480.jpg 768w, https:\/\/purplearrow.ch\/wp-content\/uploads\/2022\/02\/P-Wurf-W_006-1536x960.jpg 1536w, https:\/\/purplearrow.ch\/wp-content\/uploads\/2022\/02\/P-Wurf-W_006-2048x1280.jpg 2048w\" sizes=\"auto, (max-width: 706px) 89vw, (max-width: 767px) 82vw, 740px\" \/><\/figure>\n\n\n\n<p style=\"font-size:16px\"><br><strong>Spielen f\u00f6rdert motorische F\u00e4higkeiten, kognitive Entwicklung und emotionale Belastbarkeit!<\/strong><br>Ausgelassenes und regelm\u00e4ssiges Spielen mit geeigneten Artgenossen ist f\u00fcr die Entwicklung besonders wichtig, weil nicht nur der Bewegungsapparat vielf\u00e4ltig gefordert wird, sondern auch notwendige Kompetenzen wie Impuls- und Emotionskontrolle, Sozialkompetenz sowie Frustrationstoleranz und Risikokompetenz erworben und ge\u00fcbt werden. Beim Spielen erlebt der junge Hund einen Kontrollverlust und den Umgang mit unvorhersehbaren Situationen in einem positiven Kontext, was den Hund anpassungsf\u00e4higer f\u00fcr Situationen macht, die im sp\u00e4teren Leben unerwartet auftreten k\u00f6nnen. Es m\u00fcssen Regeln und Fairness eingehalten werden, es kommt auch mal zu Erschrecken oder Frustration. Diese leichtgradigen Stressoren helfen dem Hund sp\u00e4ter besser mit Stress und angstausl\u00f6senden Situationen umzugehen.<br>Die einen Junghunde spielen lieber sanft und ruhig, anderen kann es nicht wild genug sein. In jedem Fall sollten gleichgesinnte Spielpartner gesucht werden. Vor allem bei sehr sozialen Rassetypen oder Individuen geh\u00f6rt h\u00e4ufiger freier Kontakt mit Hunden zu einem grossen Bed\u00fcrfnis und dessen Befriedigung ist vor allem w\u00e4hrend der Junghundephase (Adoleszenz) sehr wichtig. Ein Kontaktmangel kann einerseits zu starker Frustration und andererseits zu Defiziten im Sozialverhalten f\u00fchren.<br><\/p>\n\n\n\n<figure class=\"wp-block-image size-large\"><img loading=\"lazy\" decoding=\"async\" width=\"1024\" height=\"366\" src=\"https:\/\/purplearrow.ch\/wp-content\/uploads\/2022\/01\/Hund-Kind-1024x366.jpg\" alt=\"\" class=\"wp-image-1580\" srcset=\"https:\/\/purplearrow.ch\/wp-content\/uploads\/2022\/01\/Hund-Kind-1024x366.jpg 1024w, https:\/\/purplearrow.ch\/wp-content\/uploads\/2022\/01\/Hund-Kind-300x107.jpg 300w, https:\/\/purplearrow.ch\/wp-content\/uploads\/2022\/01\/Hund-Kind-768x275.jpg 768w, https:\/\/purplearrow.ch\/wp-content\/uploads\/2022\/01\/Hund-Kind-1536x550.jpg 1536w, https:\/\/purplearrow.ch\/wp-content\/uploads\/2022\/01\/Hund-Kind-2048x733.jpg 2048w\" sizes=\"auto, (max-width: 706px) 89vw, (max-width: 767px) 82vw, 740px\" \/><\/figure>\n\n\n\n<p style=\"font-size:16px\"><br><strong>Freies Entdecken der Welt zusammen mit seinen Menschen<\/strong><br>Das Bewegungsbed\u00fcrfnis nicht einzuschr\u00e4nken, bedeutet auch, dass der Welpe draussen m\u00f6glichst oft ohne Leine l\u00e4uft, was aufgrund des angeborenen Nachfolgetriebs in den ersten vier Lebensmonaten des Welpen in der Regel problemlos m\u00f6glich ist und es erlaubt, bereits spielerisch den R\u00fcckruf zu \u00fcben. Denn an einer Leine angebunden zu sein, ist einschr\u00e4nkend und damit oft frustrierend. Ausserdem kann der Hund angeleint nur im Schritt oder Trab gehen, was die Entwicklung des Bewegungsapparats nicht gen\u00fcgend stimuliert. Leinenf\u00fchrigkeit lernt der Hund auch sp\u00e4ter im Leben &#8211; daher sollte die Welpenzeit besser f\u00fcr den Aufbau einer sicheren Bindung und von gegenseitigem Vertrauen genutzt werden. Dies ist die Basis, um dem jungen Hund auch in belastenden Lebenssituationen Sicherheit zu vermitteln.<br>Ausserdem bietet sich Bewegung an, um den Welpen kleine Mutproben bestehen zu lassen wie auf einem wackligen Baumstamm zu laufen oder eine offene Treppe zu besteigen. Und er sollte auch lernen, dass er kleine Probleme durch eigene Entscheidungen und Handlungen l\u00f6sen kann. Dies f\u00f6rdert nicht nur das K\u00f6rper- sondern auch das Selbstbewusstsein.<\/p>\n\n\n\n<figure class=\"wp-block-image size-large\"><img loading=\"lazy\" decoding=\"async\" width=\"1024\" height=\"592\" src=\"https:\/\/purplearrow.ch\/wp-content\/uploads\/2026\/02\/X-Wurf-2_005-1024x592.jpg\" alt=\"\" class=\"wp-image-8178\" srcset=\"https:\/\/purplearrow.ch\/wp-content\/uploads\/2026\/02\/X-Wurf-2_005-1024x592.jpg 1024w, https:\/\/purplearrow.ch\/wp-content\/uploads\/2026\/02\/X-Wurf-2_005-300x173.jpg 300w, https:\/\/purplearrow.ch\/wp-content\/uploads\/2026\/02\/X-Wurf-2_005-768x444.jpg 768w, https:\/\/purplearrow.ch\/wp-content\/uploads\/2026\/02\/X-Wurf-2_005-1536x888.jpg 1536w, https:\/\/purplearrow.ch\/wp-content\/uploads\/2026\/02\/X-Wurf-2_005-2048x1184.jpg 2048w\" sizes=\"auto, (max-width: 706px) 89vw, (max-width: 767px) 82vw, 740px\" \/><\/figure>\n\n\n\n<p style=\"font-size:16px\"><br><strong>Zum gesunden Wachstum geh\u00f6rt auch viel Schlaf<\/strong><br>Im Alter von acht Wochen sind die Welpen bis zu sechs Stunden pro Tag aktiv und diese Aktivit\u00e4tsphasen dauern jeweils bereits 30-60 Minuten oder mehr. Nach den vielf\u00e4ltigen Aktivit\u00e4ten schl\u00e4ft der Welpe immer wieder mehrere Stunden und diese Schlafphasen sind im Gegensatz zum erwachsenen Familienhund, der haupts\u00e4chlich nachts schl\u00e4ft, \u00fcber 24 Stunden verteilt. Welpen schlafen ungef\u00e4hr 18 Stunden und mit zunehmendem Alter werden die Schlaf- zugunsten der Aktivit\u00e4tsphasen verk\u00fcrzt. W\u00e4hrend dem Schlafen werden Hormone und Wachstumsfaktoren ausgesch\u00fcttet, die f\u00fcr das normale Wachstum des Skeletts unerl\u00e4sslich sind. Damit der Welpe aber tief und entspannt schlafen kann, braucht er nebst Befriedigung seiner Bed\u00fcrfnisse vor allem auch Geborgenheit und Sicherheit.<\/p>\n\n\n\n<figure class=\"wp-block-image size-large\"><img loading=\"lazy\" decoding=\"async\" width=\"1024\" height=\"585\" src=\"https:\/\/purplearrow.ch\/wp-content\/uploads\/2023\/02\/welpengarten_2017_1-1024x585.jpg\" alt=\"\" class=\"wp-image-4331\" srcset=\"https:\/\/purplearrow.ch\/wp-content\/uploads\/2023\/02\/welpengarten_2017_1-1024x585.jpg 1024w, https:\/\/purplearrow.ch\/wp-content\/uploads\/2023\/02\/welpengarten_2017_1-300x171.jpg 300w, https:\/\/purplearrow.ch\/wp-content\/uploads\/2023\/02\/welpengarten_2017_1-768x439.jpg 768w, https:\/\/purplearrow.ch\/wp-content\/uploads\/2023\/02\/welpengarten_2017_1-1536x878.jpg 1536w, https:\/\/purplearrow.ch\/wp-content\/uploads\/2023\/02\/welpengarten_2017_1-2048x1170.jpg 2048w\" sizes=\"auto, (max-width: 706px) 89vw, (max-width: 767px) 82vw, 740px\" \/><\/figure>\n\n\n\n<p style=\"font-size:16px\"><strong>Gross werden braucht Muskelkraft<\/strong><br>Bei grossrassigen oder schweren Welpen ist der Muskelaufbau besonders wichtig, weil sie sehr schnell an K\u00f6rpergewicht zulegen und schon fr\u00fch viel Gewicht bewegen m\u00fcssen. Dabei soll \u00dcbergewicht genauso wie Untergewicht vermieden werden. Gut ausgebildete Muskulatur ist die Voraussetzung, dass sich der Welpe m\u00f6glichst schnell in den verschiedenen Gangarten stabilisieren kann. Bei bewegungs-freudigen Welpen findet dies durch deren selbstgew\u00e4hlte Aktivit\u00e4ten in der Regel ohne weiteres Zutun statt, bei tr\u00e4geren Welpen ist es manchmal herausfordernd, sie zu ausreichender Bewegung zu motivieren.<br><br><strong>Empfehlung \u2013 viel freie Bewegung und eine sichere Bindung<\/strong><br>Restriktive Empfehlungen f\u00fcr die Bewegung und Minutenangaben f\u00fcr die Dauer der Spazierg\u00e4nge haben keine wissenschaftliche Basis und sind \u00fcberholt. Bei einem gesunden Welpen gibt es wie bei allen anderen Spezies kein Zuviel an selbst gew\u00e4hlter Bewegung und er darf, was er kann. Daher soll sein Bewegungsbed\u00fcrfnis nicht eingeschr\u00e4nkt werden und er sollte viel mit geeigneten Artgenossen spielen und auch eigene Entscheidungen treffen d\u00fcrfen. Ebenfalls unerl\u00e4sslich f\u00fcr die gesunde Entwicklung ist eine vertrauensvolle und sichere Bindung zu seinen Menschen, damit der Welpe zu einem m\u00f6glichst ausgeglichenen, gut sozialisierten und resilienten adulten Hund heranwachsen kann.<\/p>\n\n\n\n<p style=\"font-size:16px\">2026 \u2013<em> Marianne Furler, Tier\u00e4rztin, Verhaltensmedizinerin STVV, Tierphysiotherapeutin SVTPT<\/em><\/p>\n\n\n\n<p class=\"has-text-align-center\" style=\"font-size:21px\"><strong>F A K T E N<\/strong><\/p>\n\n\n\n<p class=\"has-text-align-left\" style=\"font-size:16px\">Viele Hundez\u00fcchter propagieren f\u00fcr die Aufzucht von Welpen und Junghunde einen restriktiven Bewegungsplan. Dies mit der Absicht, das Risiko f\u00fcr heredit\u00e4r mitverursachte Gelenkerkrankungen wie zum Beispiel Ellbogen (ED)-, H\u00fcftdysplasie (HD) oder Osteochondrose zu minimieren. Es findet sich allerdings keine wissenschaftliche Publikation, welche den Zusammenhang von limitierter Bewegung im ersten Lebensjahr und dem Auftreten von skelettalen Problem nachweist.<br><br><strong>Faktenlage zur Pathogenese von Wachstumserkrankungen<\/strong><br>Die Vererblichkeit bei HD und ED liegt bei 18-60% (Beuing et al., 2000; Ubbink et al., 2000; Malm et al., 2008; Engler, 2009; Hartmann, 2011), diejenige von Patellaluxation um die 30% (Wangdee et al., 2014). Davon abzugrenzen ist die Pr\u00e4disposition diverser Hunderassen, welche f\u00fcr HD, ED und Patellaluxation nachgewiesen wurde (Vidoni et al.,, 2005; OFFA, 2010; Griffon, 2012; Michelsen, 2013). \u00dcbergewicht wurde als generell negativer Faktor f\u00fcr diverse Skelettprobleme \u00fcber das gesamte Hundeleben identifiziert (Edney und Smith, 1986; Lund et al., 2006; Nitsch und K\u00f6lle, 2021). Die Futterinhaltsstoffe sind bei der Verf\u00fctterung von kommerzieller Nahrung hinsichtlich Skelettgesundheit bedenkenlos, dies gilt im speziellen auch f\u00fcr Calcium und Proteine (Nap, 1993; Nap und Hazewinkel, 1994).<br>Es bleibt der Einfluss des Masses an Bewegung auf den K\u00f6rper. Dazu haben finnische Autoren bei Versuchen an jungen Beagles eine Studiensammlung erstellt (Kiviranta et al., 1988; Kiviranta et al., 1992; Arokoski et al., 1994; Jortikka et al., 1997). Je nach Versuchsanordnung wurde entweder ein Bein \u00fcber Wochen immobilisiert und dann bewegt oder die Hunde wurden auf einem Laufband \u00fcber 2, 4 oder 20 km laufen gelassen. Die Qualit\u00e4t des Gelenkknorpels wurde histologisch untersucht. Zusammenfassend l\u00e4sst sich sagen, dass die h\u00f6chsten Glykosaminglykangehalte, die h\u00e4rtesten Gelenkoberfl\u00e4chen und damit die beste Knorpelzusammensetzung bei moderater Laufleistung um 4 km pro Tag erreicht wurde, die schlechtesten Werte bei Nichtaktivit\u00e4t entstanden und sogar extrem lange Laufbandzeiten zu \u00fcberraschend wenig Knorpelabbau und kaum Arthrose f\u00fchrten.<br>Aus der Humanp\u00e4diatrie (Heimkes, 2016) ist zudem bekannt, dass sportliche Unt\u00e4tigkeit bei Knaben zu unterentwickelten Apophysen und als Folge daraus zu muskul\u00e4rer Fehlrichtung im benachbarten Gelenk f\u00fchrt. Dies f\u00fchrte in der Folge zu H\u00fcftgelenkdysplasie.<br><br><em>2026<\/em> \u2013 <em>Dr. Daniel Koch, Spezialist Kleintierchirurgie, Diplomate ECV<\/em><\/p>\n\n\n\n<p><\/p>\n","protected":false},"excerpt":{"rendered":"<p>Wie viel Bewegung braucht der wachsende Hund?2026 Welpen Bewegung_SKG_05_2023 Ein Hundewelpe verbringt die ersten 10-14 Tage haupts\u00e4chlich mit Schlafen und Trinken. Seine k\u00f6rperliche Aktivit\u00e4t beschr\u00e4nkt sich auf das Aufsuchen der Zitzen und kriechende Bewegungen von und zu den W\u00e4rmequellen. W\u00e4hrend den sogenannten paradoxen Schlafphasen, die 95% des Schlafes ausmachen, zeigt er Gesichts-, Ohren- und Beinbewegungen.Ab &hellip; <\/p>\n<p class=\"link-more\"><a href=\"https:\/\/purplearrow.ch\/?page_id=687\" class=\"more-link\"><span class=\"screen-reader-text\">\u201eBewegung beim Welpen\u201c<\/span> weiterlesen<\/a><\/p>\n","protected":false},"author":1,"featured_media":0,"parent":71,"menu_order":3,"comment_status":"closed","ping_status":"closed","template":"","meta":{"footnotes":""},"class_list":["post-687","page","type-page","status-publish","hentry"],"_links":{"self":[{"href":"https:\/\/purplearrow.ch\/index.php?rest_route=\/wp\/v2\/pages\/687","targetHints":{"allow":["GET"]}}],"collection":[{"href":"https:\/\/purplearrow.ch\/index.php?rest_route=\/wp\/v2\/pages"}],"about":[{"href":"https:\/\/purplearrow.ch\/index.php?rest_route=\/wp\/v2\/types\/page"}],"author":[{"embeddable":true,"href":"https:\/\/purplearrow.ch\/index.php?rest_route=\/wp\/v2\/users\/1"}],"replies":[{"embeddable":true,"href":"https:\/\/purplearrow.ch\/index.php?rest_route=%2Fwp%2Fv2%2Fcomments&post=687"}],"version-history":[{"count":23,"href":"https:\/\/purplearrow.ch\/index.php?rest_route=\/wp\/v2\/pages\/687\/revisions"}],"predecessor-version":[{"id":8348,"href":"https:\/\/purplearrow.ch\/index.php?rest_route=\/wp\/v2\/pages\/687\/revisions\/8348"}],"up":[{"embeddable":true,"href":"https:\/\/purplearrow.ch\/index.php?rest_route=\/wp\/v2\/pages\/71"}],"wp:attachment":[{"href":"https:\/\/purplearrow.ch\/index.php?rest_route=%2Fwp%2Fv2%2Fmedia&parent=687"}],"curies":[{"name":"wp","href":"https:\/\/api.w.org\/{rel}","templated":true}]}}