{"id":6525,"date":"2024-08-25T14:47:04","date_gmt":"2024-08-25T14:47:04","guid":{"rendered":"https:\/\/purplearrow.ch\/?page_id=6525"},"modified":"2026-03-28T18:57:05","modified_gmt":"2026-03-28T18:57:05","slug":"v-wurf-26-6-2024","status":"publish","type":"page","link":"https:\/\/purplearrow.ch\/?page_id=6525","title":{"rendered":"V-Wurf &#8211; 26.6.2024"},"content":{"rendered":"\n<figure class=\"wp-block-image size-large\"><img loading=\"lazy\" decoding=\"async\" width=\"1024\" height=\"668\" src=\"https:\/\/purplearrow.ch\/wp-content\/uploads\/2024\/07\/V-Welpen_007-1024x668.jpg\" alt=\"\" class=\"wp-image-6353\" srcset=\"https:\/\/purplearrow.ch\/wp-content\/uploads\/2024\/07\/V-Welpen_007-1024x668.jpg 1024w, https:\/\/purplearrow.ch\/wp-content\/uploads\/2024\/07\/V-Welpen_007-300x196.jpg 300w, https:\/\/purplearrow.ch\/wp-content\/uploads\/2024\/07\/V-Welpen_007-768x501.jpg 768w, https:\/\/purplearrow.ch\/wp-content\/uploads\/2024\/07\/V-Welpen_007-1536x1003.jpg 1536w, https:\/\/purplearrow.ch\/wp-content\/uploads\/2024\/07\/V-Welpen_007-2048x1337.jpg 2048w\" sizes=\"auto, (max-width: 706px) 89vw, (max-width: 767px) 82vw, 740px\" \/><\/figure>\n\n\n\n<p style=\"font-size:16px\"><strong>Mittwoch, 26. Juni 2024<\/strong><br>4 Welpen, 4 H\u00fcndinnen<br>21.49 Uhr &#8211; 404 g &#8211; redmerle H\u00fcndin<br>22.08 Uhr &#8211; 443 g &#8211; red tri H\u00fcndin<br>22.34 Uhr &#8211; 422 g &#8211; bluemerle H\u00fcndin<br>23.15 Uhr &#8211; 440 g &#8211; redmerle H\u00fcndin<\/p>\n\n\n\n<p style=\"font-size:14px\"><strong><a href=\"https:\/\/purplearrow.ch\/?page_id=6352\" data-type=\"page\" data-id=\"6352\"><mark style=\"background-color:rgba(0, 0, 0, 0)\" class=\"has-inline-color has-luminous-vivid-amber-color\">Bilder und Videos aus der Wurfkiste<\/mark><\/a><\/strong><\/p>\n\n\n\n<p style=\"font-size:14px\"><strong><a href=\"https:\/\/purplearrow.ch\/wp-content\/uploads\/2024\/08\/V-Welpen_Pedigree.pdf\" data-type=\"attachment\" data-id=\"6529\"><mark style=\"background-color:rgba(0, 0, 0, 0)\" class=\"has-inline-color has-luminous-vivid-amber-color\">Pedigree V-Wurf<\/mark><\/a><\/strong><\/p>\n\n\n\n<div class=\"wp-block-media-text is-stacked-on-mobile\" style=\"grid-template-columns:25% auto\"><figure class=\"wp-block-media-text__media\"><img loading=\"lazy\" decoding=\"async\" width=\"853\" height=\"1024\" src=\"https:\/\/purplearrow.ch\/wp-content\/uploads\/2024\/08\/Very-Special-Edition-Luna-1-853x1024.jpg\" alt=\"\" class=\"wp-image-6548 size-full\" srcset=\"https:\/\/purplearrow.ch\/wp-content\/uploads\/2024\/08\/Very-Special-Edition-Luna-1-853x1024.jpg 853w, https:\/\/purplearrow.ch\/wp-content\/uploads\/2024\/08\/Very-Special-Edition-Luna-1-250x300.jpg 250w, https:\/\/purplearrow.ch\/wp-content\/uploads\/2024\/08\/Very-Special-Edition-Luna-1-768x922.jpg 768w, https:\/\/purplearrow.ch\/wp-content\/uploads\/2024\/08\/Very-Special-Edition-Luna-1-1280x1536.jpg 1280w, https:\/\/purplearrow.ch\/wp-content\/uploads\/2024\/08\/Very-Special-Edition-Luna-1-1707x2048.jpg 1707w\" sizes=\"auto, (max-width: 706px) 89vw, (max-width: 767px) 82vw, 740px\" \/><\/figure><div class=\"wp-block-media-text__content\">\n<p style=\"font-size:14px\"><strong>Purple arrow\u2019s Very Special Edition<\/strong><br><em><strong>Luna<\/strong><\/em><br>H\u00fcndin<br>Redmerle c\/w<br>MDR1 ++ (Eltern genetisch frei)<br>HSF4 N\/N (Eltern genetisch frei)<br>PRA N\/N (Eltern genetisch frei)<br>CEA N\/N (Eltern genetisch frei)<br>DM N\/N (Eltern genetisch frei)<br><a href=\"https:\/\/purplearrow.ch\/?page_id=6954\" data-type=\"page\" data-id=\"6954\"><mark style=\"background-color:rgba(0, 0, 0, 0)\" class=\"has-inline-color has-vivid-green-cyan-color\">Bilder von Luna<\/mark><\/a><\/p>\n<\/div><\/div>\n\n\n\n<div class=\"wp-block-media-text is-stacked-on-mobile\" style=\"grid-template-columns:25% auto\"><figure class=\"wp-block-media-text__media\"><img loading=\"lazy\" decoding=\"async\" width=\"853\" height=\"1024\" src=\"https:\/\/purplearrow.ch\/wp-content\/uploads\/2024\/08\/Voice-of-my-Heart-Gigi-853x1024.jpg\" alt=\"\" class=\"wp-image-6545 size-full\" srcset=\"https:\/\/purplearrow.ch\/wp-content\/uploads\/2024\/08\/Voice-of-my-Heart-Gigi-853x1024.jpg 853w, https:\/\/purplearrow.ch\/wp-content\/uploads\/2024\/08\/Voice-of-my-Heart-Gigi-250x300.jpg 250w, https:\/\/purplearrow.ch\/wp-content\/uploads\/2024\/08\/Voice-of-my-Heart-Gigi-768x922.jpg 768w, https:\/\/purplearrow.ch\/wp-content\/uploads\/2024\/08\/Voice-of-my-Heart-Gigi-1280x1536.jpg 1280w, https:\/\/purplearrow.ch\/wp-content\/uploads\/2024\/08\/Voice-of-my-Heart-Gigi-1707x2048.jpg 1707w\" sizes=\"auto, (max-width: 706px) 89vw, (max-width: 767px) 82vw, 740px\" \/><\/figure><div class=\"wp-block-media-text__content\">\n<p style=\"font-size:14px\"><strong>Purple arrow\u2019s Voice of my Heart<\/strong><br><em><strong>Gigi<\/strong><\/em><br>H\u00fcndin<br>Red c\/w<br>MDR1 ++ (Eltern genetisch frei)<br>HSF4 N\/N (Eltern genetisch frei)<br>PRA N\/N (Eltern genetisch frei)<br>CEA N\/N (Eltern genetisch frei)<br>DM N\/N (Eltern genetisch frei)<br><a href=\"https:\/\/purplearrow.ch\/?page_id=6952\" data-type=\"page\" data-id=\"6952\"><mark style=\"background-color:rgba(0, 0, 0, 0)\" class=\"has-inline-color has-vivid-green-cyan-color\">Bilder von Gigi<\/mark><\/a><\/p>\n<\/div><\/div>\n\n\n\n<div class=\"wp-block-media-text is-stacked-on-mobile\" style=\"grid-template-columns:25% auto\"><figure class=\"wp-block-media-text__media\"><img loading=\"lazy\" decoding=\"async\" width=\"853\" height=\"1024\" src=\"https:\/\/purplearrow.ch\/wp-content\/uploads\/2024\/08\/Vision-of-Hope-Happy-853x1024.jpg\" alt=\"\" class=\"wp-image-6547 size-full\" srcset=\"https:\/\/purplearrow.ch\/wp-content\/uploads\/2024\/08\/Vision-of-Hope-Happy-853x1024.jpg 853w, https:\/\/purplearrow.ch\/wp-content\/uploads\/2024\/08\/Vision-of-Hope-Happy-250x300.jpg 250w, https:\/\/purplearrow.ch\/wp-content\/uploads\/2024\/08\/Vision-of-Hope-Happy-768x922.jpg 768w, https:\/\/purplearrow.ch\/wp-content\/uploads\/2024\/08\/Vision-of-Hope-Happy-1280x1536.jpg 1280w, https:\/\/purplearrow.ch\/wp-content\/uploads\/2024\/08\/Vision-of-Hope-Happy-1707x2048.jpg 1707w\" sizes=\"auto, (max-width: 706px) 89vw, (max-width: 767px) 82vw, 740px\" \/><\/figure><div class=\"wp-block-media-text__content\">\n<p style=\"font-size:14px\"><strong>Purple arrow\u2019s Vision of Hope<\/strong><br><em><strong>Happy<\/strong><\/em><br>H\u00fcndin<br>Bluemerle c\/w<br>MDR1 ++ (Eltern genetisch frei)<br>HSF4 N\/N (Eltern genetisch frei)<br>PRA N\/N (Eltern genetisch frei)<br>CEA N\/N (Eltern genetisch frei)<br>DM N\/N (Eltern genetisch frei)<br><a href=\"https:\/\/purplearrow.ch\/?page_id=6949\" data-type=\"page\" data-id=\"6949\"><mark style=\"background-color:rgba(0, 0, 0, 0)\" class=\"has-inline-color has-vivid-green-cyan-color\">Bilder von Happy<\/mark><\/a><\/p>\n<\/div><\/div>\n\n\n\n<div class=\"wp-block-media-text is-stacked-on-mobile\" style=\"grid-template-columns:25% auto\"><figure class=\"wp-block-media-text__media\"><img loading=\"lazy\" decoding=\"async\" width=\"853\" height=\"1024\" src=\"https:\/\/purplearrow.ch\/wp-content\/uploads\/2024\/08\/Velvet-Dream-Veli-853x1024.jpg\" alt=\"\" class=\"wp-image-6539 size-full\" srcset=\"https:\/\/purplearrow.ch\/wp-content\/uploads\/2024\/08\/Velvet-Dream-Veli-853x1024.jpg 853w, https:\/\/purplearrow.ch\/wp-content\/uploads\/2024\/08\/Velvet-Dream-Veli-250x300.jpg 250w, https:\/\/purplearrow.ch\/wp-content\/uploads\/2024\/08\/Velvet-Dream-Veli-768x922.jpg 768w, https:\/\/purplearrow.ch\/wp-content\/uploads\/2024\/08\/Velvet-Dream-Veli-1280x1536.jpg 1280w, https:\/\/purplearrow.ch\/wp-content\/uploads\/2024\/08\/Velvet-Dream-Veli-1707x2048.jpg 1707w\" sizes=\"auto, (max-width: 706px) 89vw, (max-width: 767px) 82vw, 740px\" \/><\/figure><div class=\"wp-block-media-text__content\">\n<p style=\"font-size:14px\"><strong>Purple arrow\u2019s Velvet Dream<\/strong><br><em><strong>Veli<\/strong><\/em><br>H\u00fcndin<br>Redmerle c\/w<br>MDR1 ++ (Eltern genetisch frei)<br>HSF4 N\/N (Eltern genetisch frei)<br>PRA N\/N (Eltern genetisch frei)<br>CEA N\/N (Eltern genetisch frei)<br>DM N\/N (Eltern genetisch frei)<br><a href=\"https:\/\/purplearrow.ch\/?page_id=6945\" data-type=\"page\" data-id=\"6945\"><mark style=\"background-color:rgba(0, 0, 0, 0)\" class=\"has-inline-color has-vivid-green-cyan-color\">Bilder von Veli<\/mark><\/a><\/p>\n<\/div><\/div>\n\n\n\n<h2 class=\"wp-block-heading\"><strong>Eltern vom V-Wurf<\/strong><\/h2>\n\n\n\n<figure class=\"wp-block-image size-large\"><img loading=\"lazy\" decoding=\"async\" width=\"1024\" height=\"729\" src=\"https:\/\/purplearrow.ch\/wp-content\/uploads\/2024\/05\/Okalani-x-Lennox-1024x729.jpg\" alt=\"\" class=\"wp-image-6257\" srcset=\"https:\/\/purplearrow.ch\/wp-content\/uploads\/2024\/05\/Okalani-x-Lennox-1024x729.jpg 1024w, https:\/\/purplearrow.ch\/wp-content\/uploads\/2024\/05\/Okalani-x-Lennox-300x214.jpg 300w, https:\/\/purplearrow.ch\/wp-content\/uploads\/2024\/05\/Okalani-x-Lennox-768x547.jpg 768w, https:\/\/purplearrow.ch\/wp-content\/uploads\/2024\/05\/Okalani-x-Lennox-1536x1094.jpg 1536w, https:\/\/purplearrow.ch\/wp-content\/uploads\/2024\/05\/Okalani-x-Lennox-2048x1458.jpg 2048w\" sizes=\"auto, (max-width: 706px) 89vw, (max-width: 767px) 82vw, 740px\" \/><\/figure>\n\n\n\n<div class=\"wp-block-columns is-layout-flex wp-container-core-columns-is-layout-9d6595d7 wp-block-columns-is-layout-flex\">\n<div class=\"wp-block-column is-layout-flow wp-block-column-is-layout-flow\">\n<p class=\"has-medium-font-size\"><strong>Purple arrow\u2019s Okalani \u00abLani\u00bb<\/strong><\/p>\n\n\n\n<p style=\"font-size:14px\">Geboren: 27.6.2018<br>Besitzer: Marlies Hoppler + Ronny Sturzenegger<br>Farbe: R c\/w<br>Vollst\u00e4ndiges Scherengebiss<br>HD A\/A, ED 0\/0, OCD frei, LS-\u00dcGW Typ 0 <br>Augen: frei (29.1.2024)<br>PRA N\/N, CEA N\/N, HSF4 N\/N<br>DM N\/N, CMR1: N\/N, MDR1: +\/+<br>M-Lokus m\/m<br><br><em>Eltern von Lani:<\/em><br>Goddes of Heaven Grace of the Evening Sun<br>R c\/w, 6.7.2014<br>x<br>Carolina Calais Get Ur Motor Runnin<br>Bm c\/w, 3.11.2007<\/p>\n<\/div>\n\n\n\n<div class=\"wp-block-column is-layout-flow wp-block-column-is-layout-flow\">\n<p class=\"has-medium-font-size\"><strong>Briarridge Best Of Luck \u00abLennox\u00bb<\/strong><\/p>\n\n\n\n<p style=\"font-size:14px\">Geboren: 7.2.2016<br>Besitzerin: Pia von Schlichtegroll, DE<br>Farbe: Bm c\/w<br>Vollst\u00e4ndiges Scherengebiss<br>HD B1, ED 0\/0, OCD frei, LS-\u00dcGW Typ 0<br>Augen: frei (12.4.2024)<br>PRA N\/N, CEA N\/N, HSF4 N\/N<br>DM N\/N, NCL N\/N, MDR1 +\/+<br>M-Lokus m\/M(268)<br><br><em>Eltern von Lennox:<\/em><br>Milwin\u2019s Enchantment<br>Bm c\/w, 18.12.2012<br>x<br>Aliyah\u2019s Patriot of Mill Creek<br>R c\/w, 6.6.2003<\/p>\n<\/div>\n<\/div>\n\n\n\n<figure class=\"wp-block-image size-large\"><img loading=\"lazy\" decoding=\"async\" width=\"1024\" height=\"535\" src=\"https:\/\/purplearrow.ch\/wp-content\/uploads\/2024\/05\/Lani-x-Lennox-1024x535.jpg\" alt=\"\" class=\"wp-image-6259\" srcset=\"https:\/\/purplearrow.ch\/wp-content\/uploads\/2024\/05\/Lani-x-Lennox-1024x535.jpg 1024w, https:\/\/purplearrow.ch\/wp-content\/uploads\/2024\/05\/Lani-x-Lennox-300x157.jpg 300w, https:\/\/purplearrow.ch\/wp-content\/uploads\/2024\/05\/Lani-x-Lennox-768x401.jpg 768w, https:\/\/purplearrow.ch\/wp-content\/uploads\/2024\/05\/Lani-x-Lennox-1536x803.jpg 1536w, https:\/\/purplearrow.ch\/wp-content\/uploads\/2024\/05\/Lani-x-Lennox-2048x1070.jpg 2048w\" sizes=\"auto, (max-width: 706px) 89vw, (max-width: 767px) 82vw, 740px\" \/><\/figure>\n","protected":false},"excerpt":{"rendered":"<p>Mittwoch, 26. Juni 20244 Welpen, 4 H\u00fcndinnen21.49 Uhr &#8211; 404 g &#8211; redmerle H\u00fcndin22.08 Uhr &#8211; 443 g &#8211; red tri H\u00fcndin22.34 Uhr &#8211; 422 g &#8211; bluemerle H\u00fcndin23.15 Uhr &#8211; 440 g &#8211; redmerle H\u00fcndin Bilder und Videos aus der Wurfkiste Pedigree V-Wurf Purple arrow\u2019s Very Special EditionLunaH\u00fcndinRedmerle c\/wMDR1 ++ (Eltern genetisch frei)HSF4 N\/N &hellip; <\/p>\n<p class=\"link-more\"><a href=\"https:\/\/purplearrow.ch\/?page_id=6525\" class=\"more-link\"><span class=\"screen-reader-text\">\u201eV-Wurf &#8211; 26.6.2024\u201c<\/span> weiterlesen<\/a><\/p>\n","protected":false},"author":1,"featured_media":0,"parent":0,"menu_order":0,"comment_status":"closed","ping_status":"closed","template":"","meta":{"footnotes":""},"class_list":["post-6525","page","type-page","status-publish","hentry"],"_links":{"self":[{"href":"https:\/\/purplearrow.ch\/index.php?rest_route=\/wp\/v2\/pages\/6525","targetHints":{"allow":["GET"]}}],"collection":[{"href":"https:\/\/purplearrow.ch\/index.php?rest_route=\/wp\/v2\/pages"}],"about":[{"href":"https:\/\/purplearrow.ch\/index.php?rest_route=\/wp\/v2\/types\/page"}],"author":[{"embeddable":true,"href":"https:\/\/purplearrow.ch\/index.php?rest_route=\/wp\/v2\/users\/1"}],"replies":[{"embeddable":true,"href":"https:\/\/purplearrow.ch\/index.php?rest_route=%2Fwp%2Fv2%2Fcomments&post=6525"}],"version-history":[{"count":14,"href":"https:\/\/purplearrow.ch\/index.php?rest_route=\/wp\/v2\/pages\/6525\/revisions"}],"predecessor-version":[{"id":6957,"href":"https:\/\/purplearrow.ch\/index.php?rest_route=\/wp\/v2\/pages\/6525\/revisions\/6957"}],"wp:attachment":[{"href":"https:\/\/purplearrow.ch\/index.php?rest_route=%2Fwp%2Fv2%2Fmedia&parent=6525"}],"curies":[{"name":"wp","href":"https:\/\/api.w.org\/{rel}","templated":true}]}}