{"id":6305,"date":"2024-05-27T18:52:04","date_gmt":"2024-05-27T18:52:04","guid":{"rendered":"https:\/\/purplearrow.ch\/?page_id=6305"},"modified":"2024-05-27T19:37:27","modified_gmt":"2024-05-27T19:37:27","slug":"s-lokus","status":"publish","type":"page","link":"https:\/\/purplearrow.ch\/?page_id=6305","title":{"rendered":"S-Lokus"},"content":{"rendered":"\n<p style=\"font-size:20px\"><strong>S-Lokus (Piebald, Weiss-Vererbung)<\/strong><\/p>\n\n\n\n<p style=\"font-size:15px\">Das MITF-Gen, auch S-Locus genannt, ist ein Hauptregulator, der die Pigmentierung steuert. Eine Insertion im MITF-Gen st\u00f6rt die gesamte Pigmentproduktion, was zu nicht pigmentierten Bereichen mit weisser Fellfarbe und rosafarbener Haut f\u00fchrt. Allerdings zeigen die S- und sp-Varianten bei einigen Rassen eine kodominante Expression, wenn beide vorhanden sind (S\/sp), was aufgrund der begrenzten Expression jeder Variante zu einer begrenzten weissen Fleckenbildung f\u00fchrt. Obwohl es mehrere andere Arten von Weissfleckenmustern gibt, wie zum Beispiel das Irish White Spotting (si), sind die DNA-Variationen, die diese Muster verursachen, nicht bekannt.<\/p>\n\n\n\n<p style=\"font-size:15px\">Es gibt verschiedene Gene, die das Fell von Hunden weiss erscheinen lassen, bekannt sind derzeit 3 M\u00f6glichkeiten ein weisses Fell zu zeigen (E-, M- und S-Locus), von denen 2 beim Aussie vorkommen (M- und S-Locus). Genau genommen sind diese Hunde nicht weiss, da es kein weisses Pigment gibt. Sie erscheinen optisch aber weiss, weil sie gar kein Pigment haben. Beim Aussie kommt daf\u00fcr der M-Locus und der S-Locus in Frage.<br>Weiss ist in einigen F\u00e4llen, wo die Farbe am Kopf das Ohr erreicht mit einem erh\u00f6hten Risiko f\u00fcr Taubheit gekoppelt. Hier vor allem weiss durch Extremscheckung (Bestimmt durch den S-Locus, Bsp. Dogo Argentino) oder weiss durch die Doppelung des Merle-Gens (Bestimmt durch den M-Locus, Double Merle). <br>Bei Extremschecken und weiss durch homozygotes Merle gilt, je ausgepr\u00e4gter das weiss um die Ohren und im Geh\u00f6rgang, je h\u00f6her ist das Risiko f\u00fcr Taubheit.<\/p>\n\n\n\n<p style=\"font-size:15px\"><strong>S\/S<\/strong><br>Dieser Hund tr\u00e4gt zwei Exemplare von S, was zu einem einfarbigen Fell ohne weisse Flecken, Grate, Partien oder gescheckte Fellfarbe f\u00fchrt. Dieser Hund gibt eine Kopie von S an 100 % seiner Nachkommen weiter. <br>Interpretation: Keine weissen Flecken, Blitze, Partien oder Scheckungen <br><br><strong>S\/sp<\/strong><br>Dieser Hund tr\u00e4gt eine Kopie von S und eine Kopie von sp, was aufgrund der gemeinsamen Dominanz von S und sp zu einer begrenzten weissen Flecken-, Blitz-, Parti- oder gescheckten Fellfarbe f\u00fchrt. Dieser Hund gibt eine Kopie von S an 50 % seiner Nachkommen und eine Kopie von sp an 50 % seiner Nachkommen weiter. <br>Interpretation: Begrenzte weisse Flecken, Blitze, Partien oder Schecken (Tr\u00e4ger)<br><br><strong>sp\/sp<\/strong><br>Dieser Hund tr\u00e4gt zwei Exemplare von sp, was zu einer fast durchgehend weissen Parti- oder gescheckten Fellfarbe f\u00fchrt. Dieser Hund gibt eine Kopie von sp an 100 % seiner Nachkommen weiter. <br>Interpretation: Fast einfarbig weiss, parti oder gescheckt<\/p>\n","protected":false},"excerpt":{"rendered":"<p>S-Lokus (Piebald, Weiss-Vererbung) Das MITF-Gen, auch S-Locus genannt, ist ein Hauptregulator, der die Pigmentierung steuert. Eine Insertion im MITF-Gen st\u00f6rt die gesamte Pigmentproduktion, was zu nicht pigmentierten Bereichen mit weisser Fellfarbe und rosafarbener Haut f\u00fchrt. Allerdings zeigen die S- und sp-Varianten bei einigen Rassen eine kodominante Expression, wenn beide vorhanden sind (S\/sp), was aufgrund der &hellip; <\/p>\n<p class=\"link-more\"><a href=\"https:\/\/purplearrow.ch\/?page_id=6305\" class=\"more-link\"><span class=\"screen-reader-text\">\u201eS-Lokus\u201c<\/span> weiterlesen<\/a><\/p>\n","protected":false},"author":1,"featured_media":0,"parent":0,"menu_order":0,"comment_status":"closed","ping_status":"closed","template":"","meta":{"footnotes":""},"class_list":["post-6305","page","type-page","status-publish","hentry"],"_links":{"self":[{"href":"https:\/\/purplearrow.ch\/index.php?rest_route=\/wp\/v2\/pages\/6305","targetHints":{"allow":["GET"]}}],"collection":[{"href":"https:\/\/purplearrow.ch\/index.php?rest_route=\/wp\/v2\/pages"}],"about":[{"href":"https:\/\/purplearrow.ch\/index.php?rest_route=\/wp\/v2\/types\/page"}],"author":[{"embeddable":true,"href":"https:\/\/purplearrow.ch\/index.php?rest_route=\/wp\/v2\/users\/1"}],"replies":[{"embeddable":true,"href":"https:\/\/purplearrow.ch\/index.php?rest_route=%2Fwp%2Fv2%2Fcomments&post=6305"}],"version-history":[{"count":3,"href":"https:\/\/purplearrow.ch\/index.php?rest_route=\/wp\/v2\/pages\/6305\/revisions"}],"predecessor-version":[{"id":6315,"href":"https:\/\/purplearrow.ch\/index.php?rest_route=\/wp\/v2\/pages\/6305\/revisions\/6315"}],"wp:attachment":[{"href":"https:\/\/purplearrow.ch\/index.php?rest_route=%2Fwp%2Fv2%2Fmedia&parent=6305"}],"curies":[{"name":"wp","href":"https:\/\/api.w.org\/{rel}","templated":true}]}}