{"id":6296,"date":"2024-05-27T16:33:02","date_gmt":"2024-05-27T16:33:02","guid":{"rendered":"https:\/\/purplearrow.ch\/?page_id=6296"},"modified":"2024-05-27T19:37:08","modified_gmt":"2024-05-27T19:37:08","slug":"d-lokus","status":"publish","type":"page","link":"https:\/\/purplearrow.ch\/?page_id=6296","title":{"rendered":"D-Lokus"},"content":{"rendered":"\n<p class=\"has-medium-font-size\"><strong>D-Lokus D1 (Dilution, Verd\u00fcnnung)<\/strong><\/p>\n\n\n\n<p style=\"font-size:15px\">Bei einigen Hunderassen ruft eine Genmutation am sogenannten D-Lokus eine verd\u00fcnnte oder aufgehellte Grundfarbe hervor. Besitzt ein Hund das mutierte Gen in doppelter Ausf\u00fchrung, ist er also homozygot f\u00fcr diese Eigenschaft, tritt die Farbverd\u00fcnnung sichtbar auf (ph\u00e4notypisch). Unter dem Einfluss des defekten Gens kommt es zur Verklumpung&#8220; der Pigmente im Haar, das dann in der Folge heller erscheint. Davon sind die Pigmente Eumelanin und Ph\u00e4omelanin betroffen. Die durch diese Pigmentverklumpung entstehende Fellf\u00e4rbung wird bei den einzelnen Rassen unterschiedlich benannt, z.B. Lilac, Silber, Isabella, Pink, Champagner, Creme usw. Mit der Farbverd\u00fcnnung eng verkn\u00fcpft sind F\u00e4lle von Haarausfall \u00fcber die sogenannte Colour Dilution Alopezie (CDA). Ein entsprechender genetischer Faktor, der zwischen Tieren mit verd\u00fcnnten Haaren mit und ohne Symptomen einer CDA unterscheidet, ist bislang nicht bekannt. Grunds\u00e4tzlich gilt, dass Bereiche mit kr\u00e4ftigem Eumelanin st\u00e4rker von einer CDA betroffen sind, als hell pigmentierte Fellbereiche.<br><br><strong>D\/D<\/strong><br>Der Hund tr\u00e4gt zwei Kopien des dominanten D-Allels und weist eine normale, unverd\u00fcnnte Fellfarbe auf; Der Hund \u00fcbertr\u00e4gt immer eine Kopie des D-Allels auf den Nachwuchs. Alle Nachkommen weisen unverd\u00fcnnt eine normale Fellfarbe auf.<br><br><strong>D\/d*(d1 or d2 or d3)<\/strong><br>Der Hund tr\u00e4gt eine Kopie des dominanten D-Allels und eine Kopie des rezessiven D-Allels; Der Hund ist heterozygot\/Tr\u00e4ger des D-Allels zur Farbverd\u00fcnnung und weist eine normale, unverd\u00fcnnte Fellfarbe auf. Der Nachwuchs hat eine 50-prozentige Chance, das D-Allel und eine 50-prozentige Chance, das D-Allel zu erben.<br><br><strong>d*\/d*(d1 or d2 or d3)<\/strong><br>Der Hund tr\u00e4gt zwei Kopien des rezessiven d-Allels und weist eine verd\u00fcnnte Fellfarbe auf; Der Hund \u00fcbertr\u00e4gt immer eine Kopie des d-Allels auf den Nachwuchs.<br><\/p>\n\n\n\n<p><\/p>\n","protected":false},"excerpt":{"rendered":"<p>D-Lokus D1 (Dilution, Verd\u00fcnnung) Bei einigen Hunderassen ruft eine Genmutation am sogenannten D-Lokus eine verd\u00fcnnte oder aufgehellte Grundfarbe hervor. Besitzt ein Hund das mutierte Gen in doppelter Ausf\u00fchrung, ist er also homozygot f\u00fcr diese Eigenschaft, tritt die Farbverd\u00fcnnung sichtbar auf (ph\u00e4notypisch). Unter dem Einfluss des defekten Gens kommt es zur Verklumpung&#8220; der Pigmente im Haar, &hellip; <\/p>\n<p class=\"link-more\"><a href=\"https:\/\/purplearrow.ch\/?page_id=6296\" class=\"more-link\"><span class=\"screen-reader-text\">\u201eD-Lokus\u201c<\/span> weiterlesen<\/a><\/p>\n","protected":false},"author":1,"featured_media":0,"parent":74,"menu_order":0,"comment_status":"closed","ping_status":"closed","template":"","meta":{"footnotes":""},"class_list":["post-6296","page","type-page","status-publish","hentry"],"_links":{"self":[{"href":"https:\/\/purplearrow.ch\/index.php?rest_route=\/wp\/v2\/pages\/6296","targetHints":{"allow":["GET"]}}],"collection":[{"href":"https:\/\/purplearrow.ch\/index.php?rest_route=\/wp\/v2\/pages"}],"about":[{"href":"https:\/\/purplearrow.ch\/index.php?rest_route=\/wp\/v2\/types\/page"}],"author":[{"embeddable":true,"href":"https:\/\/purplearrow.ch\/index.php?rest_route=\/wp\/v2\/users\/1"}],"replies":[{"embeddable":true,"href":"https:\/\/purplearrow.ch\/index.php?rest_route=%2Fwp%2Fv2%2Fcomments&post=6296"}],"version-history":[{"count":5,"href":"https:\/\/purplearrow.ch\/index.php?rest_route=\/wp\/v2\/pages\/6296\/revisions"}],"predecessor-version":[{"id":6317,"href":"https:\/\/purplearrow.ch\/index.php?rest_route=\/wp\/v2\/pages\/6296\/revisions\/6317"}],"up":[{"embeddable":true,"href":"https:\/\/purplearrow.ch\/index.php?rest_route=\/wp\/v2\/pages\/74"}],"wp:attachment":[{"href":"https:\/\/purplearrow.ch\/index.php?rest_route=%2Fwp%2Fv2%2Fmedia&parent=6296"}],"curies":[{"name":"wp","href":"https:\/\/api.w.org\/{rel}","templated":true}]}}