{"id":625,"date":"2022-01-17T23:13:51","date_gmt":"2022-01-17T23:13:51","guid":{"rendered":"https:\/\/purplearrow.ch\/?page_id=625"},"modified":"2025-05-25T19:39:02","modified_gmt":"2025-05-25T19:39:02","slug":"n-wurf","status":"publish","type":"page","link":"https:\/\/purplearrow.ch\/?page_id=625","title":{"rendered":"N-Wurf &#8211; 9.3.2017"},"content":{"rendered":"\n<figure class=\"wp-block-image size-large\"><img loading=\"lazy\" decoding=\"async\" width=\"1024\" height=\"655\" src=\"https:\/\/purplearrow.ch\/wp-content\/uploads\/2022\/01\/N-wurf_031-1024x655.jpg\" alt=\"\" class=\"wp-image-1048\" srcset=\"https:\/\/purplearrow.ch\/wp-content\/uploads\/2022\/01\/N-wurf_031-1024x655.jpg 1024w, https:\/\/purplearrow.ch\/wp-content\/uploads\/2022\/01\/N-wurf_031-300x192.jpg 300w, https:\/\/purplearrow.ch\/wp-content\/uploads\/2022\/01\/N-wurf_031-768x491.jpg 768w, https:\/\/purplearrow.ch\/wp-content\/uploads\/2022\/01\/N-wurf_031-1536x982.jpg 1536w, https:\/\/purplearrow.ch\/wp-content\/uploads\/2022\/01\/N-wurf_031-2048x1309.jpg 2048w\" sizes=\"auto, (max-width: 706px) 89vw, (max-width: 767px) 82vw, 740px\" \/><\/figure>\n\n\n\n<p style=\"font-size:16px\"><strong>Donnerstag, 9. M\u00e4rz 2017<\/strong><br>7 Welpen<br>2 R\u00fcden Black c\/w<br>2 H\u00fcndinnen Redmerle<br>1 H\u00fcndin und 1 R\u00fcde Bluemerle c\/w<br>1 H\u00fcndin Red c\/w<\/p>\n\n\n\n<p><a href=\"https:\/\/purplearrow.ch\/?page_id=2130\" data-type=\"page\" data-id=\"2130\"><mark style=\"background-color:rgba(0, 0, 0, 0)\" class=\"has-inline-color has-luminous-vivid-amber-color\">Bilder aus der Wurfkiste<\/mark><\/a><\/p>\n\n\n\n<div class=\"wp-block-media-text alignwide is-stacked-on-mobile\" style=\"grid-template-columns:33% auto\"><figure class=\"wp-block-media-text__media\"><img loading=\"lazy\" decoding=\"async\" width=\"853\" height=\"1024\" src=\"https:\/\/purplearrow.ch\/wp-content\/uploads\/2022\/01\/N-Wurf-Nashoba-853x1024.jpg\" alt=\"\" class=\"wp-image-1109 size-full\" srcset=\"https:\/\/purplearrow.ch\/wp-content\/uploads\/2022\/01\/N-Wurf-Nashoba-853x1024.jpg 853w, https:\/\/purplearrow.ch\/wp-content\/uploads\/2022\/01\/N-Wurf-Nashoba-250x300.jpg 250w, https:\/\/purplearrow.ch\/wp-content\/uploads\/2022\/01\/N-Wurf-Nashoba-768x922.jpg 768w, https:\/\/purplearrow.ch\/wp-content\/uploads\/2022\/01\/N-Wurf-Nashoba-1280x1536.jpg 1280w, https:\/\/purplearrow.ch\/wp-content\/uploads\/2022\/01\/N-Wurf-Nashoba.jpg 1680w\" sizes=\"auto, (max-width: 706px) 89vw, (max-width: 767px) 82vw, 740px\" \/><\/figure><div class=\"wp-block-media-text__content\">\n<p style=\"font-size:14px\"><strong>Purple arrow&#8217;s Nashoba<\/strong><br>R\u00fcde<br>Black, copper and white<br>Augen: frei<br>HSF4 N\/N (Eltern genetisch frei)<br>PRA N\/N (Eltern genetisch frei)<br>CEA N\/N (Eltern genetisch frei)<br><a href=\"https:\/\/purplearrow.ch\/?page_id=7682\" data-type=\"page\" data-id=\"7682\"><mark style=\"background-color:rgba(0, 0, 0, 0)\" class=\"has-inline-color has-light-green-cyan-color\">Bilder von Nashoba<\/mark><\/a><\/p>\n<\/div><\/div>\n\n\n\n<div class=\"wp-block-media-text alignwide is-stacked-on-mobile\" style=\"grid-template-columns:34% auto\"><figure class=\"wp-block-media-text__media\"><img loading=\"lazy\" decoding=\"async\" width=\"853\" height=\"1024\" src=\"https:\/\/purplearrow.ch\/wp-content\/uploads\/2022\/01\/N-Wurf-Nayeli-853x1024.jpg\" alt=\"\" class=\"wp-image-1103 size-full\" srcset=\"https:\/\/purplearrow.ch\/wp-content\/uploads\/2022\/01\/N-Wurf-Nayeli-853x1024.jpg 853w, https:\/\/purplearrow.ch\/wp-content\/uploads\/2022\/01\/N-Wurf-Nayeli-250x300.jpg 250w, https:\/\/purplearrow.ch\/wp-content\/uploads\/2022\/01\/N-Wurf-Nayeli-768x922.jpg 768w, https:\/\/purplearrow.ch\/wp-content\/uploads\/2022\/01\/N-Wurf-Nayeli-1280x1536.jpg 1280w, https:\/\/purplearrow.ch\/wp-content\/uploads\/2022\/01\/N-Wurf-Nayeli.jpg 1404w\" sizes=\"auto, (max-width: 706px) 89vw, (max-width: 767px) 82vw, 740px\" \/><\/figure><div class=\"wp-block-media-text__content\">\n<p style=\"font-size:14px\"><strong>Purple arrow&#8217;s Nayeli<\/strong><br>H\u00fcndin<br>Redmerle, copper and white<br>Augen: frei<br>HSF4 N\/N (Eltern genetisch frei)<br>PRA N\/N (Eltern genetisch frei)<br>CEA N\/N (Eltern genetisch frei)<br><a href=\"https:\/\/purplearrow.ch\/?page_id=7679\" data-type=\"page\" data-id=\"7679\"><mark style=\"background-color:rgba(0, 0, 0, 0)\" class=\"has-inline-color has-light-green-cyan-color\">Bilder von Nayeli<\/mark><\/a><\/p>\n<\/div><\/div>\n\n\n\n<div class=\"wp-block-media-text alignwide is-stacked-on-mobile\" style=\"grid-template-columns:34% auto\"><figure class=\"wp-block-media-text__media\"><img loading=\"lazy\" decoding=\"async\" width=\"853\" height=\"1024\" src=\"https:\/\/purplearrow.ch\/wp-content\/uploads\/2022\/01\/N-Wurf-Nizhoni-853x1024.jpg\" alt=\"\" class=\"wp-image-1104 size-full\" srcset=\"https:\/\/purplearrow.ch\/wp-content\/uploads\/2022\/01\/N-Wurf-Nizhoni-853x1024.jpg 853w, https:\/\/purplearrow.ch\/wp-content\/uploads\/2022\/01\/N-Wurf-Nizhoni-250x300.jpg 250w, https:\/\/purplearrow.ch\/wp-content\/uploads\/2022\/01\/N-Wurf-Nizhoni-768x922.jpg 768w, https:\/\/purplearrow.ch\/wp-content\/uploads\/2022\/01\/N-Wurf-Nizhoni-1280x1536.jpg 1280w, https:\/\/purplearrow.ch\/wp-content\/uploads\/2022\/01\/N-Wurf-Nizhoni.jpg 1660w\" sizes=\"auto, (max-width: 706px) 89vw, (max-width: 767px) 82vw, 740px\" \/><\/figure><div class=\"wp-block-media-text__content\">\n<p style=\"font-size:14px\"><strong>Purple arrow&#8217;s Nizhoni<\/strong><br>H\u00fcndin<br>Bluemerle, copper and white<br>Augen: frei<br>HSF4 N\/N (Eltern genetisch frei)<br>PRA N\/N (Eltern genetisch frei)<br>CEA N\/N (Eltern genetisch frei)<br><a href=\"https:\/\/purplearrow.ch\/?page_id=7686\" data-type=\"page\" data-id=\"7686\"><mark style=\"background-color:rgba(0, 0, 0, 0)\" class=\"has-inline-color has-light-green-cyan-color\">Bilder von Nizhoni<\/mark><\/a><\/p>\n<\/div><\/div>\n\n\n\n<div class=\"wp-block-media-text alignwide is-stacked-on-mobile\" style=\"grid-template-columns:34% auto\"><figure class=\"wp-block-media-text__media\"><img loading=\"lazy\" decoding=\"async\" width=\"854\" height=\"1024\" src=\"https:\/\/purplearrow.ch\/wp-content\/uploads\/2022\/01\/N-Wurf-Nasiba-854x1024.jpg\" alt=\"\" class=\"wp-image-1105 size-full\" srcset=\"https:\/\/purplearrow.ch\/wp-content\/uploads\/2022\/01\/N-Wurf-Nasiba-854x1024.jpg 854w, https:\/\/purplearrow.ch\/wp-content\/uploads\/2022\/01\/N-Wurf-Nasiba-250x300.jpg 250w, https:\/\/purplearrow.ch\/wp-content\/uploads\/2022\/01\/N-Wurf-Nasiba-768x921.jpg 768w, https:\/\/purplearrow.ch\/wp-content\/uploads\/2022\/01\/N-Wurf-Nasiba-1280x1536.jpg 1280w, https:\/\/purplearrow.ch\/wp-content\/uploads\/2022\/01\/N-Wurf-Nasiba.jpg 1632w\" sizes=\"auto, (max-width: 706px) 89vw, (max-width: 767px) 82vw, 740px\" \/><\/figure><div class=\"wp-block-media-text__content\">\n<p style=\"font-size:14px\"><strong>Purple arrow&#8217;s Nasiba<\/strong><br>H\u00fcndin<br>Redmerle, copper and white<br>Augen: frei<br>HSF4 N\/N (Eltern genetisch frei)<br>PRA N\/N (Eltern genetisch frei)<br>CEA N\/N (Eltern genetisch frei)<br><a href=\"https:\/\/purplearrow.ch\/?page_id=7690\" data-type=\"page\" data-id=\"7690\"><mark style=\"background-color:rgba(0, 0, 0, 0)\" class=\"has-inline-color has-light-green-cyan-color\">Bilder von Nasiba<\/mark><\/a><\/p>\n<\/div><\/div>\n\n\n\n<div class=\"wp-block-media-text alignwide is-stacked-on-mobile\" style=\"grid-template-columns:35% auto\"><figure class=\"wp-block-media-text__media\"><img loading=\"lazy\" decoding=\"async\" width=\"853\" height=\"1024\" src=\"https:\/\/purplearrow.ch\/wp-content\/uploads\/2022\/01\/N-Wurf-Nikan-853x1024.jpg\" alt=\"\" class=\"wp-image-1106 size-full\" srcset=\"https:\/\/purplearrow.ch\/wp-content\/uploads\/2022\/01\/N-Wurf-Nikan-853x1024.jpg 853w, https:\/\/purplearrow.ch\/wp-content\/uploads\/2022\/01\/N-Wurf-Nikan-250x300.jpg 250w, https:\/\/purplearrow.ch\/wp-content\/uploads\/2022\/01\/N-Wurf-Nikan-768x921.jpg 768w, https:\/\/purplearrow.ch\/wp-content\/uploads\/2022\/01\/N-Wurf-Nikan.jpg 1271w\" sizes=\"auto, (max-width: 706px) 89vw, (max-width: 767px) 82vw, 740px\" \/><\/figure><div class=\"wp-block-media-text__content\">\n<p style=\"font-size:14px\"><strong>Purple arrow&#8217;s Nikan<\/strong> <strong>Jay<\/strong><br>R\u00fcde<br>Bluemerle, copper and white<br>Augen: frei<br>HSF4 N\/N (Eltern genetisch frei)<br>PRA N\/N (Eltern genetisch frei)<br>CEA N\/N (Eltern genetisch frei)<br>Mantrailing<br><a href=\"https:\/\/purplearrow.ch\/?page_id=7694\" data-type=\"page\" data-id=\"7694\"><mark style=\"background-color:rgba(0, 0, 0, 0)\" class=\"has-inline-color has-light-green-cyan-color\">Bilder von Nikan Jay<\/mark><\/a><\/p>\n<\/div><\/div>\n\n\n\n<div class=\"wp-block-media-text alignwide is-stacked-on-mobile\" style=\"grid-template-columns:35% auto\"><figure class=\"wp-block-media-text__media\"><img loading=\"lazy\" decoding=\"async\" width=\"853\" height=\"1024\" src=\"https:\/\/purplearrow.ch\/wp-content\/uploads\/2022\/01\/N-Wurf-Najma-853x1024.jpg\" alt=\"\" class=\"wp-image-1107 size-full\" srcset=\"https:\/\/purplearrow.ch\/wp-content\/uploads\/2022\/01\/N-Wurf-Najma-853x1024.jpg 853w, https:\/\/purplearrow.ch\/wp-content\/uploads\/2022\/01\/N-Wurf-Najma-250x300.jpg 250w, https:\/\/purplearrow.ch\/wp-content\/uploads\/2022\/01\/N-Wurf-Najma-768x922.jpg 768w, https:\/\/purplearrow.ch\/wp-content\/uploads\/2022\/01\/N-Wurf-Najma-1280x1536.jpg 1280w, https:\/\/purplearrow.ch\/wp-content\/uploads\/2022\/01\/N-Wurf-Najma-1707x2048.jpg 1707w\" sizes=\"auto, (max-width: 706px) 89vw, (max-width: 767px) 82vw, 740px\" \/><\/figure><div class=\"wp-block-media-text__content\">\n<p style=\"font-size:14px\"><strong>Purple arrow&#8217;s Najma<\/strong><br>H\u00fcndin<br>Red, copper and white<br>Augen: frei<br>HSF4 N\/N; PRA N\/N<br>CEA N\/N; MDR1 +\/-<br>DM N\/DM<br>HD A\/A; ED 0\/0<br>Angek\u00f6rt: 18.10.2020<br><a href=\"https:\/\/purplearrow.ch\/?page_id=7699\" data-type=\"page\" data-id=\"7699\"><mark style=\"background-color:rgba(0, 0, 0, 0)\" class=\"has-inline-color has-light-green-cyan-color\">Bilder von Najma<\/mark><\/a><br><br><\/p>\n<\/div><\/div>\n\n\n\n<div class=\"wp-block-media-text alignwide is-stacked-on-mobile\" style=\"grid-template-columns:35% auto\"><figure class=\"wp-block-media-text__media\"><img loading=\"lazy\" decoding=\"async\" width=\"853\" height=\"1024\" src=\"https:\/\/purplearrow.ch\/wp-content\/uploads\/2022\/01\/N-Wurf-Nagi-Tanka-1-853x1024.jpg\" alt=\"\" class=\"wp-image-1108 size-full\" srcset=\"https:\/\/purplearrow.ch\/wp-content\/uploads\/2022\/01\/N-Wurf-Nagi-Tanka-1-853x1024.jpg 853w, https:\/\/purplearrow.ch\/wp-content\/uploads\/2022\/01\/N-Wurf-Nagi-Tanka-1-250x300.jpg 250w, https:\/\/purplearrow.ch\/wp-content\/uploads\/2022\/01\/N-Wurf-Nagi-Tanka-1-768x921.jpg 768w, https:\/\/purplearrow.ch\/wp-content\/uploads\/2022\/01\/N-Wurf-Nagi-Tanka-1-1280x1536.jpg 1280w, https:\/\/purplearrow.ch\/wp-content\/uploads\/2022\/01\/N-Wurf-Nagi-Tanka-1.jpg 1421w\" sizes=\"auto, (max-width: 706px) 89vw, (max-width: 767px) 82vw, 740px\" \/><\/figure><div class=\"wp-block-media-text__content\">\n<p style=\"font-size:14px\"><strong>Purple arrow&#8217;s Nagi Tanka &#8222;Timmy&#8220;<\/strong><br>R\u00fcde<br>Black, copper and white<br>Augen: frei<br>HSF4 N\/N (Eltern genetisch frei)<br>PRA N\/N (Eltern genetisch frei)<br>CEA N\/N (Eltern genetisch frei)<br>Agility, Begleithund, Obedience<br><a href=\"https:\/\/purplearrow.ch\/?page_id=7627\" data-type=\"page\" data-id=\"7627\"><mark style=\"background-color:rgba(0, 0, 0, 0)\" class=\"has-inline-color has-light-green-cyan-color\">Bilder von Timmy<\/mark><\/a><\/p>\n<\/div><\/div>\n\n\n\n<h2 class=\"wp-block-heading\"><strong>Eltern vom N-Wurf<\/strong><\/h2>\n\n\n\n<figure class=\"wp-block-image size-large is-resized is-style-default\"><img loading=\"lazy\" decoding=\"async\" width=\"1021\" height=\"1024\" src=\"https:\/\/purplearrow.ch\/wp-content\/uploads\/2022\/01\/IMG_5146_grace-light-1021x1024.jpg\" alt=\"\" class=\"wp-image-1051\" srcset=\"https:\/\/purplearrow.ch\/wp-content\/uploads\/2022\/01\/IMG_5146_grace-light-1021x1024.jpg 1021w, https:\/\/purplearrow.ch\/wp-content\/uploads\/2022\/01\/IMG_5146_grace-light-300x300.jpg 300w, https:\/\/purplearrow.ch\/wp-content\/uploads\/2022\/01\/IMG_5146_grace-light-150x150.jpg 150w, https:\/\/purplearrow.ch\/wp-content\/uploads\/2022\/01\/IMG_5146_grace-light-768x770.jpg 768w, https:\/\/purplearrow.ch\/wp-content\/uploads\/2022\/01\/IMG_5146_grace-light-1532x1536.jpg 1532w, https:\/\/purplearrow.ch\/wp-content\/uploads\/2022\/01\/IMG_5146_grace-light-2043x2048.jpg 2043w, https:\/\/purplearrow.ch\/wp-content\/uploads\/2022\/01\/IMG_5146_grace-light-100x100.jpg 100w\" sizes=\"auto, (max-width: 706px) 89vw, (max-width: 767px) 82vw, 740px\" \/><\/figure>\n\n\n\n<div class=\"wp-block-columns is-layout-flex wp-container-core-columns-is-layout-9d6595d7 wp-block-columns-is-layout-flex\">\n<div class=\"wp-block-column is-layout-flow wp-block-column-is-layout-flow\">\n<p class=\"has-medium-font-size\"><strong>Goddes of Heaven Grace <\/strong><br><strong>of the Evening Sun<\/strong><\/p>\n\n\n\n<p style=\"font-size:14px\">Geb.: 6.7.2014<br>R, c\/w<br>Vollst\u00e4ndiges Scherengebiss <br>Rute: lang<br>HD A\/A; ED 0\/0<br>Augen: frei<br>PRA N\/N, CEA N\/N<br>HSF4 N\/N; DM N\/N<br>CMR1 N\/N; MDR1 -\/+<br>Agility 2<br>Obedience 1<\/p>\n<\/div>\n\n\n\n<div class=\"wp-block-column is-layout-flow wp-block-column-is-layout-flow\">\n<p class=\"has-medium-font-size\"><strong>Purple arrow&#8217;s <\/strong><br><strong>Kingston City Light<\/strong><\/p>\n\n\n\n<p style=\"font-size:14px\">Geb: 12.4.2013 &#8211; 27.4.2022<br>Bm, c\/w, red factored<br>Vollst\u00e4ndiges Scherengebiss<br>Rute: lang<br>HD A\/A; ED 0\/0<br>Augen: frei <br>CEA N\/N; PRA N\/N<br>HSF4 N\/N; DM N\/DM<br>CMR1 N\/N; MDR1 +\/+<br>Agility 3<br>ASCS Jugend-Agility-Vize-SM-2015<br>Rally-Obedience<\/p>\n<\/div>\n<\/div>\n\n\n\n<figure class=\"wp-block-image size-large\"><img loading=\"lazy\" decoding=\"async\" width=\"1024\" height=\"486\" src=\"https:\/\/purplearrow.ch\/wp-content\/uploads\/2023\/10\/Grace-x-Light_1-1024x486.jpg\" alt=\"\" class=\"wp-image-5589\" srcset=\"https:\/\/purplearrow.ch\/wp-content\/uploads\/2023\/10\/Grace-x-Light_1-1024x486.jpg 1024w, https:\/\/purplearrow.ch\/wp-content\/uploads\/2023\/10\/Grace-x-Light_1-300x142.jpg 300w, https:\/\/purplearrow.ch\/wp-content\/uploads\/2023\/10\/Grace-x-Light_1-768x365.jpg 768w, https:\/\/purplearrow.ch\/wp-content\/uploads\/2023\/10\/Grace-x-Light_1.jpg 1417w\" sizes=\"auto, (max-width: 706px) 89vw, (max-width: 767px) 82vw, 740px\" \/><\/figure>\n\n\n\n<p><br><\/p>\n","protected":false},"excerpt":{"rendered":"<p>Donnerstag, 9. M\u00e4rz 20177 Welpen2 R\u00fcden Black c\/w2 H\u00fcndinnen Redmerle1 H\u00fcndin und 1 R\u00fcde Bluemerle c\/w1 H\u00fcndin Red c\/w Bilder aus der Wurfkiste Purple arrow&#8217;s NashobaR\u00fcdeBlack, copper and whiteAugen: freiHSF4 N\/N (Eltern genetisch frei)PRA N\/N (Eltern genetisch frei)CEA N\/N (Eltern genetisch frei)Bilder von Nashoba Purple arrow&#8217;s NayeliH\u00fcndinRedmerle, copper and whiteAugen: freiHSF4 N\/N (Eltern genetisch frei)PRA &hellip; <\/p>\n<p class=\"link-more\"><a href=\"https:\/\/purplearrow.ch\/?page_id=625\" class=\"more-link\"><span class=\"screen-reader-text\">\u201eN-Wurf &#8211; 9.3.2017\u201c<\/span> weiterlesen<\/a><\/p>\n","protected":false},"author":1,"featured_media":0,"parent":70,"menu_order":5,"comment_status":"closed","ping_status":"closed","template":"","meta":{"footnotes":""},"class_list":["post-625","page","type-page","status-publish","hentry"],"_links":{"self":[{"href":"https:\/\/purplearrow.ch\/index.php?rest_route=\/wp\/v2\/pages\/625","targetHints":{"allow":["GET"]}}],"collection":[{"href":"https:\/\/purplearrow.ch\/index.php?rest_route=\/wp\/v2\/pages"}],"about":[{"href":"https:\/\/purplearrow.ch\/index.php?rest_route=\/wp\/v2\/types\/page"}],"author":[{"embeddable":true,"href":"https:\/\/purplearrow.ch\/index.php?rest_route=\/wp\/v2\/users\/1"}],"replies":[{"embeddable":true,"href":"https:\/\/purplearrow.ch\/index.php?rest_route=%2Fwp%2Fv2%2Fcomments&post=625"}],"version-history":[{"count":37,"href":"https:\/\/purplearrow.ch\/index.php?rest_route=\/wp\/v2\/pages\/625\/revisions"}],"predecessor-version":[{"id":7702,"href":"https:\/\/purplearrow.ch\/index.php?rest_route=\/wp\/v2\/pages\/625\/revisions\/7702"}],"up":[{"embeddable":true,"href":"https:\/\/purplearrow.ch\/index.php?rest_route=\/wp\/v2\/pages\/70"}],"wp:attachment":[{"href":"https:\/\/purplearrow.ch\/index.php?rest_route=%2Fwp%2Fv2%2Fmedia&parent=625"}],"curies":[{"name":"wp","href":"https:\/\/api.w.org\/{rel}","templated":true}]}}