{"id":6144,"date":"2024-03-14T17:46:44","date_gmt":"2024-03-14T17:46:44","guid":{"rendered":"https:\/\/purplearrow.ch\/?page_id=6144"},"modified":"2024-03-14T19:01:32","modified_gmt":"2024-03-14T19:01:32","slug":"stummelrute","status":"publish","type":"page","link":"https:\/\/purplearrow.ch\/?page_id=6144","title":{"rendered":"Stummelrute"},"content":{"rendered":"\n<p style=\"font-size:15px\"><strong>Stummelrute (NBT) &#8211; Brachyurie<\/strong><br>Das Gen welches NBTs verusacht ist in Aussies gefunden worden. Es ist unvollst\u00e4ndig dominant, wie merle. Welpen, die zwei Kopien erben sterben fr\u00fch ab und werden resorbiert, was zu reduzierter Wurfgr\u00f6\u00dfe f\u00fchrt. Hunde mit einer Kopie sind NBT. Dieses Gen bestimmt nicht die Rutenl\u00e4nge der NBTs oder ob die Rute gerade oder geknickt ist. Diese Merkmale werden durch andere Gene oder regulierende DNA verursacht.<\/p>\n\n\n\n<p style=\"font-size:15px\">Hunde mit NBT sollten nicht miteinander verpaart werden, besonders wenn die NBTs sehr kurz sind. Dies kann verursachen, da\u00df Welpen Spina Bifida haben oder auch andere Defekte der hinteren Wirbels\u00e4ule. Die ASHGI Gesundheitsumfrage ergab auch, dass 2% der Zuchthunde NBTs hervorgebracht hatten mit Defekten, die schlimm genug waren um eine Einschl\u00e4ferung zu rechtfertigen. Setzt man voraus, da\u00df dies ein Prozentsatz aller Zuchthunde in der Umfrage war, von denen viele nicht NBT waren, so ist wahrscheinlich der wahre Prozentsatz in NBT x NBT Verpaarungen h\u00f6her.<\/p>\n\n\n\n<p style=\"font-size:15px\">Kraniale Kreuzbandrisse sind die am h\u00e4ufigsten vorkommenden Knieprobleme bei Hunden und bei Australian Shepherds h\u00e4ufig. Das Kreuzband stabilisiert das Kniegelenk, indem es Femur und Tibia, Beinknochen unter dem Kniegelenk in Position zueinander h\u00e4lt.<\/p>\n\n\n\n<p style=\"font-size:15px\">Mit der Zeit entstehen Risse durch B\u00e4nderabnutzung. Viele Faktoren spielen hierbei eine Rolle, wahrscheinlich auch ein gewisser Grad an Vererbung. Bertoffene Hunde zeigen Lahmheit am betroffenen Bein und einen unsicheren Gang. Ein Kreuzbandriss kann extrem schmerzhaft sein und erfordert Behandlung. Bei einem Hund von der Gr\u00f6sse des Aussies, ist eine Operation, um das Gelenk zu stabilisieren, n\u00f6tig. Ist aus irgendwelchen Gr\u00fcnden eine Operation nicht m\u00f6glich, kann eine Kniest\u00fctze helfen. Es ist eine Verletzung, die die Karriere eines Sport- oder Arbeitshundes beendet.<\/p>\n\n\n\n<p style=\"font-size:15px\">Wenn in einer Gruppe miteinander verwandter Hunde mehrere F\u00e4lle aufgetreten sind, sollten betroffene Hunde nicht zur Zucht verwendet werden. Ihre Verwandten der ersten Generation (Eltern, Nachzucht, Voll- und Halbgeschwister) sollten mit Hunden verpaart werden die keine bekannten F\u00e4lle von Kreuzbandrissen in der Familie haben.<\/p>\n\n\n\n<p><br><\/p>\n","protected":false},"excerpt":{"rendered":"<p>Stummelrute (NBT) &#8211; BrachyurieDas Gen welches NBTs verusacht ist in Aussies gefunden worden. Es ist unvollst\u00e4ndig dominant, wie merle. Welpen, die zwei Kopien erben sterben fr\u00fch ab und werden resorbiert, was zu reduzierter Wurfgr\u00f6\u00dfe f\u00fchrt. Hunde mit einer Kopie sind NBT. Dieses Gen bestimmt nicht die Rutenl\u00e4nge der NBTs oder ob die Rute gerade oder &hellip; <\/p>\n<p class=\"link-more\"><a href=\"https:\/\/purplearrow.ch\/?page_id=6144\" class=\"more-link\"><span class=\"screen-reader-text\">\u201eStummelrute\u201c<\/span> weiterlesen<\/a><\/p>\n","protected":false},"author":1,"featured_media":0,"parent":74,"menu_order":11,"comment_status":"closed","ping_status":"closed","template":"","meta":{"footnotes":""},"class_list":["post-6144","page","type-page","status-publish","hentry"],"_links":{"self":[{"href":"https:\/\/purplearrow.ch\/index.php?rest_route=\/wp\/v2\/pages\/6144","targetHints":{"allow":["GET"]}}],"collection":[{"href":"https:\/\/purplearrow.ch\/index.php?rest_route=\/wp\/v2\/pages"}],"about":[{"href":"https:\/\/purplearrow.ch\/index.php?rest_route=\/wp\/v2\/types\/page"}],"author":[{"embeddable":true,"href":"https:\/\/purplearrow.ch\/index.php?rest_route=\/wp\/v2\/users\/1"}],"replies":[{"embeddable":true,"href":"https:\/\/purplearrow.ch\/index.php?rest_route=%2Fwp%2Fv2%2Fcomments&post=6144"}],"version-history":[{"count":1,"href":"https:\/\/purplearrow.ch\/index.php?rest_route=\/wp\/v2\/pages\/6144\/revisions"}],"predecessor-version":[{"id":6146,"href":"https:\/\/purplearrow.ch\/index.php?rest_route=\/wp\/v2\/pages\/6144\/revisions\/6146"}],"up":[{"embeddable":true,"href":"https:\/\/purplearrow.ch\/index.php?rest_route=\/wp\/v2\/pages\/74"}],"wp:attachment":[{"href":"https:\/\/purplearrow.ch\/index.php?rest_route=%2Fwp%2Fv2%2Fmedia&parent=6144"}],"curies":[{"name":"wp","href":"https:\/\/api.w.org\/{rel}","templated":true}]}}