{"id":6138,"date":"2024-03-14T17:31:36","date_gmt":"2024-03-14T17:31:36","guid":{"rendered":"https:\/\/purplearrow.ch\/?page_id=6138"},"modified":"2024-03-14T17:31:36","modified_gmt":"2024-03-14T17:31:36","slug":"huu","status":"publish","type":"page","link":"https:\/\/purplearrow.ch\/?page_id=6138","title":{"rendered":"HUU"},"content":{"rendered":"\n<p style=\"font-size:15px\"><strong>Hyperurikosurie und Hyperurik\u00e4mie \u00a0(HUU)<\/strong><br>Die Hyperurikosurie und Hyperurik\u00e4mie ist eine von Geburt an auftretende Ver\u00e4nderung im Purinstoffwechsel. Normalerweise wird dabei vom Hund allantion als Endprodukt ausgeschieden. Hunde die die Mutation im SLC2A9 Gen homozygot tragen, scheiden wesentlich weniger Allantoin und mehr Harns\u00e4ure aus (Hyperurikosurie). Ebenso wie im Harn ist der Gehalt an Harns\u00e4ure im Plasma um das 2- bis 4-fache h\u00f6her als bei gesunden Hunden (Hyperurik\u00e4mie).<\/p>\n\n\n\n<p style=\"font-size:15px\">Da die Harns\u00e4ure weniger gut wasserl\u00f6slich ist als Allantoin, k\u00f6nnen h\u00f6here Mengen im Harn zu Kristallbildung f\u00fchren, es kommt zur Bildung von Blasensteinen die h\u00e4ufig operativ entfernt werden m\u00fcssen. Betroffene Hunde sollten vorbeugend eine urinarme Di\u00e4t erhalten, ausserdem muss auf ausreichende Fl\u00fcssigkeitszufuhr geachtet werden.<\/p>\n\n\n\n<p style=\"font-size:15px\">Die dem Defekt zugrundeliegenden Mutation im SLC2A9-Gen kann mittels eines DNA-Test sicher nachgewiesen werden. HUU wird autosomal-rezessiv vererbt. Das bedeutet, dass ein Hund nur erkrankt, wenn er je ein betreffendes Gen von Vater und Mutter erhalten hat. Es m\u00fcssen also sowohl Vater- als auch Muttertier das unierte Gen tragen, selbst aber nicht unbedingt erkrankt sein. Tr\u00e4ger geben aber die Erbanlage mit einer Wahrscheinlichkeit von 50 % an ihre Nachkommen weiter. Bei der Verpaarung von zwei Tr\u00e4gern besteht die Gefahr, dass die Nachkommen von der Erkrankung betroffen sind. Deshalb sollte niemals ein Tr\u00e4ger mit einem anderen Tr\u00e4ger verpasst werden.<\/p>\n","protected":false},"excerpt":{"rendered":"<p>Hyperurikosurie und Hyperurik\u00e4mie \u00a0(HUU)Die Hyperurikosurie und Hyperurik\u00e4mie ist eine von Geburt an auftretende Ver\u00e4nderung im Purinstoffwechsel. Normalerweise wird dabei vom Hund allantion als Endprodukt ausgeschieden. Hunde die die Mutation im SLC2A9 Gen homozygot tragen, scheiden wesentlich weniger Allantoin und mehr Harns\u00e4ure aus (Hyperurikosurie). Ebenso wie im Harn ist der Gehalt an Harns\u00e4ure im Plasma um &hellip; <\/p>\n<p class=\"link-more\"><a href=\"https:\/\/purplearrow.ch\/?page_id=6138\" class=\"more-link\"><span class=\"screen-reader-text\">\u201eHUU\u201c<\/span> weiterlesen<\/a><\/p>\n","protected":false},"author":1,"featured_media":0,"parent":74,"menu_order":10,"comment_status":"closed","ping_status":"closed","template":"","meta":{"footnotes":""},"class_list":["post-6138","page","type-page","status-publish","hentry"],"_links":{"self":[{"href":"https:\/\/purplearrow.ch\/index.php?rest_route=\/wp\/v2\/pages\/6138","targetHints":{"allow":["GET"]}}],"collection":[{"href":"https:\/\/purplearrow.ch\/index.php?rest_route=\/wp\/v2\/pages"}],"about":[{"href":"https:\/\/purplearrow.ch\/index.php?rest_route=\/wp\/v2\/types\/page"}],"author":[{"embeddable":true,"href":"https:\/\/purplearrow.ch\/index.php?rest_route=\/wp\/v2\/users\/1"}],"replies":[{"embeddable":true,"href":"https:\/\/purplearrow.ch\/index.php?rest_route=%2Fwp%2Fv2%2Fcomments&post=6138"}],"version-history":[{"count":1,"href":"https:\/\/purplearrow.ch\/index.php?rest_route=\/wp\/v2\/pages\/6138\/revisions"}],"predecessor-version":[{"id":6139,"href":"https:\/\/purplearrow.ch\/index.php?rest_route=\/wp\/v2\/pages\/6138\/revisions\/6139"}],"up":[{"embeddable":true,"href":"https:\/\/purplearrow.ch\/index.php?rest_route=\/wp\/v2\/pages\/74"}],"wp:attachment":[{"href":"https:\/\/purplearrow.ch\/index.php?rest_route=%2Fwp%2Fv2%2Fmedia&parent=6138"}],"curies":[{"name":"wp","href":"https:\/\/api.w.org\/{rel}","templated":true}]}}