{"id":4013,"date":"2023-01-20T16:35:03","date_gmt":"2023-01-20T16:35:03","guid":{"rendered":"https:\/\/purplearrow.ch\/?page_id=4013"},"modified":"2024-05-27T19:35:37","modified_gmt":"2024-05-27T19:35:37","slug":"m-lokus","status":"publish","type":"page","link":"https:\/\/purplearrow.ch\/?page_id=4013","title":{"rendered":"M-Lokus"},"content":{"rendered":"\n<p class=\"has-medium-font-size\"><strong>M-Lokus (Merle-Allele: Mh, M, Ma+, Ma, Mc+, Mc, m und Mosaike)<\/strong><\/p>\n\n\n\n<p style=\"font-size:15px\">Die Fellfarbe Merle (M) bezeichnet eine Fellscheckung, bei der sowohl Areale mit voll pigmentiertem Fell als auch Areale mit verd\u00fcnntem Farbpigment entstehen. Die Merle-Insertion bewirkt eine Farbverd\u00fcnnung, die nicht \u00fcber das ganze Fell verteilt ist, sondern unregelm\u00e4\u00dfige, zerrissen wirkende unverd\u00fcnnte Farbflecken stehen l\u00e4sst. M (Merle) verh\u00e4lt sich unvollst\u00e4ndig dominant gegen\u00fcber der Normalform (m).<br>Verantwortlich f\u00fcr die Auspr\u00e4gung der Fellfarbe Merle ist eine Insertion mit variabler L\u00e4nge, welche in verschiedenen Allel-Varianten vorliegen kann. Bisher sind die Varianten Mh f\u00fcr \u201eHarlequin\u201c-Merle, M f\u00fcr Merle, Ma f\u00fcr atypisches Merle und Mc f\u00fcr cryptisches Merle beschrieben. Die unver\u00e4nderte Genvariante wird mit m f\u00fcr non-merle bezeichnet.<br>Die unterschiedliche L\u00e4nge der Insertion hat dabei auch unterschiedliche Auspr\u00e4gungen der Merlezeichnung zur Folge. Bei Mc ist die Insertion so weit verk\u00fcrzt, dass keine Ver\u00e4nderung der Grundfarbe auftritt.<br>Bei Hunden mit dem Genotyp M\/M (\u201eDouble-Merle\u201c) sowie allen genetischen Kombinationen von M oder Mh mit den Allelen Mh, M oder Ma k\u00f6nnen schwere Innenohrfehlbildungen auftreten, die zu Schwerh\u00f6rigkeit oder Taubheit f\u00fchren. Zudem k\u00f6nnen Fehlbildungen des Auges auftreten. Diese Tiere haben oft einen stark erh\u00f6hten Wei\u00dfanteil oder sind vollst\u00e4ndig wei\u00df gef\u00e4rbt. Das Zustandekommen dieser Tiere gilt in Deutschland als \u201eQualzucht\u201c und eine Verpaarung von zwei Tr\u00e4gertieren ist somit gesetzlich verboten.<br>Da die Auspr\u00e4gung der Merlef\u00e4rbung auch nur auf kleine Bereiche beschr\u00e4nkt sein kann (\u201eMinimal Merle\u201c) oder durch eine andere F\u00e4rbung verdeckt sein kann (\u201eHidden Merle\u201c), ist eine optische Identifikation dieser Tiere nicht immer m\u00f6glich. Ein Gentest ist daher immer angeraten, wenn Merle in einer zur Zucht verwendeten Linie vorhanden ist oder vermutet wird.<\/p>\n\n\n\n<figure class=\"wp-block-image size-large\"><img loading=\"lazy\" decoding=\"async\" width=\"1024\" height=\"673\" src=\"https:\/\/purplearrow.ch\/wp-content\/uploads\/2023\/01\/M-Lokus-1024x673.jpg\" alt=\"\" class=\"wp-image-4014\" srcset=\"https:\/\/purplearrow.ch\/wp-content\/uploads\/2023\/01\/M-Lokus-1024x673.jpg 1024w, https:\/\/purplearrow.ch\/wp-content\/uploads\/2023\/01\/M-Lokus-300x197.jpg 300w, https:\/\/purplearrow.ch\/wp-content\/uploads\/2023\/01\/M-Lokus-768x505.jpg 768w, https:\/\/purplearrow.ch\/wp-content\/uploads\/2023\/01\/M-Lokus-1536x1010.jpg 1536w, https:\/\/purplearrow.ch\/wp-content\/uploads\/2023\/01\/M-Lokus-2048x1346.jpg 2048w\" sizes=\"auto, (max-width: 706px) 89vw, (max-width: 767px) 82vw, 740px\" \/><\/figure>\n","protected":false},"excerpt":{"rendered":"<p>M-Lokus (Merle-Allele: Mh, M, Ma+, Ma, Mc+, Mc, m und Mosaike) Die Fellfarbe Merle (M) bezeichnet eine Fellscheckung, bei der sowohl Areale mit voll pigmentiertem Fell als auch Areale mit verd\u00fcnntem Farbpigment entstehen. Die Merle-Insertion bewirkt eine Farbverd\u00fcnnung, die nicht \u00fcber das ganze Fell verteilt ist, sondern unregelm\u00e4\u00dfige, zerrissen wirkende unverd\u00fcnnte Farbflecken stehen l\u00e4sst. M &hellip; <\/p>\n<p class=\"link-more\"><a href=\"https:\/\/purplearrow.ch\/?page_id=4013\" class=\"more-link\"><span class=\"screen-reader-text\">\u201eM-Lokus\u201c<\/span> weiterlesen<\/a><\/p>\n","protected":false},"author":1,"featured_media":0,"parent":74,"menu_order":11,"comment_status":"closed","ping_status":"closed","template":"","meta":{"footnotes":""},"class_list":["post-4013","page","type-page","status-publish","hentry"],"_links":{"self":[{"href":"https:\/\/purplearrow.ch\/index.php?rest_route=\/wp\/v2\/pages\/4013","targetHints":{"allow":["GET"]}}],"collection":[{"href":"https:\/\/purplearrow.ch\/index.php?rest_route=\/wp\/v2\/pages"}],"about":[{"href":"https:\/\/purplearrow.ch\/index.php?rest_route=\/wp\/v2\/types\/page"}],"author":[{"embeddable":true,"href":"https:\/\/purplearrow.ch\/index.php?rest_route=\/wp\/v2\/users\/1"}],"replies":[{"embeddable":true,"href":"https:\/\/purplearrow.ch\/index.php?rest_route=%2Fwp%2Fv2%2Fcomments&post=4013"}],"version-history":[{"count":3,"href":"https:\/\/purplearrow.ch\/index.php?rest_route=\/wp\/v2\/pages\/4013\/revisions"}],"predecessor-version":[{"id":4023,"href":"https:\/\/purplearrow.ch\/index.php?rest_route=\/wp\/v2\/pages\/4013\/revisions\/4023"}],"up":[{"embeddable":true,"href":"https:\/\/purplearrow.ch\/index.php?rest_route=\/wp\/v2\/pages\/74"}],"wp:attachment":[{"href":"https:\/\/purplearrow.ch\/index.php?rest_route=%2Fwp%2Fv2%2Fmedia&parent=4013"}],"curies":[{"name":"wp","href":"https:\/\/api.w.org\/{rel}","templated":true}]}}