{"id":3929,"date":"2023-01-11T16:33:10","date_gmt":"2023-01-11T16:33:10","guid":{"rendered":"https:\/\/purplearrow.ch\/?page_id=3929"},"modified":"2024-04-22T15:57:06","modified_gmt":"2024-04-22T15:57:06","slug":"lotta","status":"publish","type":"page","link":"https:\/\/purplearrow.ch\/?page_id=3929","title":{"rendered":"Lotta"},"content":{"rendered":"\n<div class=\"wp-block-media-text alignwide is-stacked-on-mobile\"><figure class=\"wp-block-media-text__media\"><img loading=\"lazy\" decoding=\"async\" width=\"460\" height=\"613\" src=\"https:\/\/purplearrow.ch\/wp-content\/uploads\/2022\/12\/Q-Wurf_Lotta_Portrait.jpg\" alt=\"\" class=\"wp-image-3856 size-full\" srcset=\"https:\/\/purplearrow.ch\/wp-content\/uploads\/2022\/12\/Q-Wurf_Lotta_Portrait.jpg 460w, https:\/\/purplearrow.ch\/wp-content\/uploads\/2022\/12\/Q-Wurf_Lotta_Portrait-225x300.jpg 225w\" sizes=\"auto, (max-width: 460px) 100vw, 460px\" \/><\/figure><div class=\"wp-block-media-text__content\">\n<h3 class=\"wp-block-heading\" style=\"font-size:16px\"><strong>Purple arrow\u2019s Queena Lotta<\/strong><\/h3>\n\n\n\n<p style=\"font-size:16px\">6.4.2020<br>blue merle, c\/w, red factored<br>HD A\/A; ED 0\/0; LS-\u00dcGW Typ 0<br>Vollst\u00e4ndiges Scherengebiss<br>MDR1 +\/-; HSF4 N\/N; CEA N\/N<br>PRA N\/N; DM N\/DM; MH N\/N<br>M-Lokus M(268)\/m<br><br>Angek\u00f6rt: 6.11.2022<br><br>Besitzer: Walter Br\u00fchwiler<br><br><a href=\"https:\/\/purplearrow.ch\/wp-content\/uploads\/2022\/12\/Purple-arrows-Queena-Lotta.pdf\" data-type=\"attachment\" data-id=\"3861\"><mark style=\"background-color:rgba(0, 0, 0, 0)\" class=\"has-inline-color has-luminous-vivid-amber-color\">Pedigree<\/mark><\/a><\/p>\n<\/div><\/div>\n\n\n\n<figure class=\"wp-block-image size-large\"><img loading=\"lazy\" decoding=\"async\" width=\"1024\" height=\"586\" src=\"https:\/\/purplearrow.ch\/wp-content\/uploads\/2023\/07\/U-Wurf_1w_003-1024x586.jpg\" alt=\"\" class=\"wp-image-5055\" srcset=\"https:\/\/purplearrow.ch\/wp-content\/uploads\/2023\/07\/U-Wurf_1w_003-1024x586.jpg 1024w, https:\/\/purplearrow.ch\/wp-content\/uploads\/2023\/07\/U-Wurf_1w_003-300x172.jpg 300w, https:\/\/purplearrow.ch\/wp-content\/uploads\/2023\/07\/U-Wurf_1w_003-768x439.jpg 768w, https:\/\/purplearrow.ch\/wp-content\/uploads\/2023\/07\/U-Wurf_1w_003-1536x879.jpg 1536w, https:\/\/purplearrow.ch\/wp-content\/uploads\/2023\/07\/U-Wurf_1w_003-2048x1172.jpg 2048w\" sizes=\"auto, (max-width: 706px) 89vw, (max-width: 767px) 82vw, 740px\" \/><\/figure>\n\n\n\n<p style=\"font-size:16px\"><strong>U-Wurf 2023 <mark><a href=\"https:\/\/purplearrow.ch\/?page_id=5464\" data-type=\"page\" data-id=\"5464\"><mark style=\"background-color:rgba(0, 0, 0, 0)\" class=\"has-inline-color has-luminous-vivid-amber-color\">Wurf-U<\/mark><\/a><\/mark><br><\/strong>Samstag, 16.Juli, bei heftigem Gewitter wurden 6 gesunde Welpen von Ty und Lotta geboren<br>1 R\u00fcden und 5 H\u00fcndinnen<br>Ulani (Bluemerle H\u00fcndin)<br>Una Bella Luna (Blacktri H\u00fcndin)<br>Usha (Blacktri H\u00fcndin)<br>Unlimitetd Joy (Redtri H\u00fcndin)<br>Unique (Bluemerle R\u00fcde)<br>Una Kalia (Redtri H\u00fcndin)<\/p>\n\n\n\n<figure class=\"wp-block-image size-large\"><img loading=\"lazy\" decoding=\"async\" width=\"1024\" height=\"768\" src=\"https:\/\/purplearrow.ch\/wp-content\/uploads\/2023\/01\/Lotta_Koerung-1024x768.jpg\" alt=\"\" class=\"wp-image-3938\" srcset=\"https:\/\/purplearrow.ch\/wp-content\/uploads\/2023\/01\/Lotta_Koerung-1024x768.jpg 1024w, https:\/\/purplearrow.ch\/wp-content\/uploads\/2023\/01\/Lotta_Koerung-300x225.jpg 300w, https:\/\/purplearrow.ch\/wp-content\/uploads\/2023\/01\/Lotta_Koerung-768x576.jpg 768w, https:\/\/purplearrow.ch\/wp-content\/uploads\/2023\/01\/Lotta_Koerung-1536x1152.jpg 1536w, https:\/\/purplearrow.ch\/wp-content\/uploads\/2023\/01\/Lotta_Koerung.jpg 1572w\" sizes=\"auto, (max-width: 706px) 89vw, (max-width: 767px) 82vw, 740px\" \/><\/figure>\n\n\n\n<p style=\"font-size:16px\">Verhaltenstest vom 6. November 2022 mit bravour Bestanden<\/p>\n\n\n\n<figure class=\"wp-block-image size-large\"><img loading=\"lazy\" decoding=\"async\" width=\"1024\" height=\"768\" src=\"https:\/\/purplearrow.ch\/wp-content\/uploads\/2023\/01\/Lotta_Koeru-1024x768.jpg\" alt=\"\" class=\"wp-image-3939\" srcset=\"https:\/\/purplearrow.ch\/wp-content\/uploads\/2023\/01\/Lotta_Koeru-1024x768.jpg 1024w, https:\/\/purplearrow.ch\/wp-content\/uploads\/2023\/01\/Lotta_Koeru-300x225.jpg 300w, https:\/\/purplearrow.ch\/wp-content\/uploads\/2023\/01\/Lotta_Koeru-768x576.jpg 768w, https:\/\/purplearrow.ch\/wp-content\/uploads\/2023\/01\/Lotta_Koeru-1536x1152.jpg 1536w, https:\/\/purplearrow.ch\/wp-content\/uploads\/2023\/01\/Lotta_Koeru.jpg 2007w\" sizes=\"auto, (max-width: 706px) 89vw, (max-width: 767px) 82vw, 740px\" \/><\/figure>\n\n\n\n<p style=\"font-size:16px\"><strong>Formwertbericht<br>Richterin Wanda Burn<\/strong><br>2,5-j\u00e4hrige H\u00fcndin mit mittelkr\u00e4ftigen Knochen. Freundlich und sicher. Sch\u00f6ner H\u00fcndinnenkopf mit korrekten Proportionen. Nasenspiegel nicht komplet durchpigmentiert. Ohren seitlich gefaltet und getragen, Augen gut eingesetzt. Korrekte Halslinie, knappe Brusttiefe, etwas wenig Brustbreite. Rute korrekte l\u00e4nge, korrekt getragen. Vorhand knapp gewinkelt, Hinterhand gut gewinkelt. Korrektes Haarkleid. Fliessender und raumgreifendes Gangwerk. Gr\u00f6sse 53 cm. \u2013 SG <br><\/p>\n\n\n\n<figure class=\"wp-block-image size-large\"><img loading=\"lazy\" decoding=\"async\" width=\"1024\" height=\"768\" src=\"https:\/\/purplearrow.ch\/wp-content\/uploads\/2023\/01\/Q-Wurf_Lotta_0016-1024x768.jpg\" alt=\"\" class=\"wp-image-3943\" srcset=\"https:\/\/purplearrow.ch\/wp-content\/uploads\/2023\/01\/Q-Wurf_Lotta_0016-1024x768.jpg 1024w, https:\/\/purplearrow.ch\/wp-content\/uploads\/2023\/01\/Q-Wurf_Lotta_0016-300x225.jpg 300w, https:\/\/purplearrow.ch\/wp-content\/uploads\/2023\/01\/Q-Wurf_Lotta_0016-768x576.jpg 768w, https:\/\/purplearrow.ch\/wp-content\/uploads\/2023\/01\/Q-Wurf_Lotta_0016-1536x1152.jpg 1536w, https:\/\/purplearrow.ch\/wp-content\/uploads\/2023\/01\/Q-Wurf_Lotta_0016-2048x1536.jpg 2048w\" sizes=\"auto, (max-width: 706px) 89vw, (max-width: 767px) 82vw, 740px\" \/><\/figure>\n\n\n\n<figure class=\"wp-block-image size-large\"><img loading=\"lazy\" decoding=\"async\" width=\"819\" height=\"1024\" src=\"https:\/\/purplearrow.ch\/wp-content\/uploads\/2022\/11\/Q-Wurf_Lotta_0015-819x1024.jpg\" alt=\"\" class=\"wp-image-3124\" srcset=\"https:\/\/purplearrow.ch\/wp-content\/uploads\/2022\/11\/Q-Wurf_Lotta_0015-819x1024.jpg 819w, https:\/\/purplearrow.ch\/wp-content\/uploads\/2022\/11\/Q-Wurf_Lotta_0015-240x300.jpg 240w, https:\/\/purplearrow.ch\/wp-content\/uploads\/2022\/11\/Q-Wurf_Lotta_0015-768x960.jpg 768w, https:\/\/purplearrow.ch\/wp-content\/uploads\/2022\/11\/Q-Wurf_Lotta_0015-1229x1536.jpg 1229w, https:\/\/purplearrow.ch\/wp-content\/uploads\/2022\/11\/Q-Wurf_Lotta_0015-1638x2048.jpg 1638w, https:\/\/purplearrow.ch\/wp-content\/uploads\/2022\/11\/Q-Wurf_Lotta_0015.jpg 2048w\" sizes=\"auto, (max-width: 706px) 89vw, (max-width: 767px) 82vw, 740px\" \/><\/figure>\n\n\n\n<figure class=\"wp-block-image size-full\"><img loading=\"lazy\" decoding=\"async\" width=\"1024\" height=\"768\" src=\"https:\/\/purplearrow.ch\/wp-content\/uploads\/2023\/01\/Q-Wurf_Lotta_0020.jpg\" alt=\"\" class=\"wp-image-3978\" srcset=\"https:\/\/purplearrow.ch\/wp-content\/uploads\/2023\/01\/Q-Wurf_Lotta_0020.jpg 1024w, https:\/\/purplearrow.ch\/wp-content\/uploads\/2023\/01\/Q-Wurf_Lotta_0020-300x225.jpg 300w, https:\/\/purplearrow.ch\/wp-content\/uploads\/2023\/01\/Q-Wurf_Lotta_0020-768x576.jpg 768w\" sizes=\"auto, (max-width: 706px) 89vw, (max-width: 767px) 82vw, 740px\" \/><\/figure>\n\n\n\n<figure class=\"wp-block-image size-full\"><img loading=\"lazy\" decoding=\"async\" width=\"1024\" height=\"768\" src=\"https:\/\/purplearrow.ch\/wp-content\/uploads\/2023\/01\/Q-Wurf_Lotta_0019.jpg\" alt=\"\" class=\"wp-image-3977\" srcset=\"https:\/\/purplearrow.ch\/wp-content\/uploads\/2023\/01\/Q-Wurf_Lotta_0019.jpg 1024w, https:\/\/purplearrow.ch\/wp-content\/uploads\/2023\/01\/Q-Wurf_Lotta_0019-300x225.jpg 300w, https:\/\/purplearrow.ch\/wp-content\/uploads\/2023\/01\/Q-Wurf_Lotta_0019-768x576.jpg 768w\" sizes=\"auto, (max-width: 706px) 89vw, (max-width: 767px) 82vw, 740px\" \/><\/figure>\n\n\n\n<figure class=\"wp-block-image size-full\"><img loading=\"lazy\" decoding=\"async\" width=\"1024\" height=\"768\" src=\"https:\/\/purplearrow.ch\/wp-content\/uploads\/2023\/01\/Q-Wurf_Lotta_0017.jpg\" alt=\"\" class=\"wp-image-3975\" srcset=\"https:\/\/purplearrow.ch\/wp-content\/uploads\/2023\/01\/Q-Wurf_Lotta_0017.jpg 1024w, https:\/\/purplearrow.ch\/wp-content\/uploads\/2023\/01\/Q-Wurf_Lotta_0017-300x225.jpg 300w, https:\/\/purplearrow.ch\/wp-content\/uploads\/2023\/01\/Q-Wurf_Lotta_0017-768x576.jpg 768w\" sizes=\"auto, (max-width: 706px) 89vw, (max-width: 767px) 82vw, 740px\" \/><\/figure>\n\n\n\n<figure class=\"wp-block-image size-full\"><img loading=\"lazy\" decoding=\"async\" width=\"476\" height=\"635\" src=\"https:\/\/purplearrow.ch\/wp-content\/uploads\/2023\/01\/Q-Wurf_Lotta_10.jpg\" alt=\"\" class=\"wp-image-3942\" srcset=\"https:\/\/purplearrow.ch\/wp-content\/uploads\/2023\/01\/Q-Wurf_Lotta_10.jpg 476w, https:\/\/purplearrow.ch\/wp-content\/uploads\/2023\/01\/Q-Wurf_Lotta_10-225x300.jpg 225w\" sizes=\"auto, (max-width: 476px) 100vw, 476px\" \/><\/figure>\n\n\n\n<figure class=\"wp-block-image size-large\"><img loading=\"lazy\" decoding=\"async\" width=\"1024\" height=\"683\" src=\"https:\/\/purplearrow.ch\/wp-content\/uploads\/2022\/11\/Q-Wurf_Lotta_008-1024x683.jpg\" alt=\"\" class=\"wp-image-3117\" srcset=\"https:\/\/purplearrow.ch\/wp-content\/uploads\/2022\/11\/Q-Wurf_Lotta_008-1024x683.jpg 1024w, https:\/\/purplearrow.ch\/wp-content\/uploads\/2022\/11\/Q-Wurf_Lotta_008-300x200.jpg 300w, https:\/\/purplearrow.ch\/wp-content\/uploads\/2022\/11\/Q-Wurf_Lotta_008-768x512.jpg 768w, https:\/\/purplearrow.ch\/wp-content\/uploads\/2022\/11\/Q-Wurf_Lotta_008-1536x1024.jpg 1536w, https:\/\/purplearrow.ch\/wp-content\/uploads\/2022\/11\/Q-Wurf_Lotta_008-2048x1366.jpg 2048w\" sizes=\"auto, (max-width: 706px) 89vw, (max-width: 767px) 82vw, 740px\" \/><\/figure>\n\n\n\n<figure class=\"wp-block-image size-large\"><img loading=\"lazy\" decoding=\"async\" width=\"1024\" height=\"683\" src=\"https:\/\/purplearrow.ch\/wp-content\/uploads\/2022\/11\/Q-Wurf_Lotta_007-1024x683.jpg\" alt=\"\" class=\"wp-image-3116\" srcset=\"https:\/\/purplearrow.ch\/wp-content\/uploads\/2022\/11\/Q-Wurf_Lotta_007-1024x683.jpg 1024w, https:\/\/purplearrow.ch\/wp-content\/uploads\/2022\/11\/Q-Wurf_Lotta_007-300x200.jpg 300w, https:\/\/purplearrow.ch\/wp-content\/uploads\/2022\/11\/Q-Wurf_Lotta_007-768x512.jpg 768w, https:\/\/purplearrow.ch\/wp-content\/uploads\/2022\/11\/Q-Wurf_Lotta_007-1536x1024.jpg 1536w, https:\/\/purplearrow.ch\/wp-content\/uploads\/2022\/11\/Q-Wurf_Lotta_007-2048x1365.jpg 2048w\" sizes=\"auto, (max-width: 706px) 89vw, (max-width: 767px) 82vw, 740px\" \/><\/figure>\n\n\n\n<figure class=\"wp-block-image size-large\"><img loading=\"lazy\" decoding=\"async\" width=\"1024\" height=\"640\" src=\"https:\/\/purplearrow.ch\/wp-content\/uploads\/2022\/02\/Q-Wurf-W_002-1024x640.jpg\" alt=\"\" class=\"wp-image-2029\" srcset=\"https:\/\/purplearrow.ch\/wp-content\/uploads\/2022\/02\/Q-Wurf-W_002-1024x640.jpg 1024w, https:\/\/purplearrow.ch\/wp-content\/uploads\/2022\/02\/Q-Wurf-W_002-300x187.jpg 300w, https:\/\/purplearrow.ch\/wp-content\/uploads\/2022\/02\/Q-Wurf-W_002-768x480.jpg 768w, https:\/\/purplearrow.ch\/wp-content\/uploads\/2022\/02\/Q-Wurf-W_002-1536x960.jpg 1536w, https:\/\/purplearrow.ch\/wp-content\/uploads\/2022\/02\/Q-Wurf-W_002-2048x1280.jpg 2048w\" sizes=\"auto, (max-width: 706px) 89vw, (max-width: 767px) 82vw, 740px\" \/><figcaption class=\"wp-element-caption\"><a href=\"https:\/\/purplearrow.ch\/?page_id=2027\" data-type=\"page\" data-id=\"2027\"><mark style=\"background-color:rgba(0, 0, 0, 0)\" class=\"has-inline-color has-luminous-vivid-amber-color\">Q-Wurf 2020<\/mark><\/a><\/figcaption><\/figure>\n\n\n\n<p style=\"font-size:16px\">Mutter:<br><strong>Goddes of Heaven Grace of the Evening Sun<\/strong><\/p>\n\n\n\n<figure class=\"wp-block-image size-large\"><img loading=\"lazy\" decoding=\"async\" width=\"853\" height=\"1024\" src=\"https:\/\/purplearrow.ch\/wp-content\/uploads\/2022\/01\/Grace-001-853x1024.jpg\" alt=\"\" class=\"wp-image-1693\" srcset=\"https:\/\/purplearrow.ch\/wp-content\/uploads\/2022\/01\/Grace-001-853x1024.jpg 853w, https:\/\/purplearrow.ch\/wp-content\/uploads\/2022\/01\/Grace-001-250x300.jpg 250w, https:\/\/purplearrow.ch\/wp-content\/uploads\/2022\/01\/Grace-001-768x921.jpg 768w, https:\/\/purplearrow.ch\/wp-content\/uploads\/2022\/01\/Grace-001.jpg 976w\" sizes=\"auto, (max-width: 706px) 89vw, (max-width: 767px) 82vw, 740px\" \/><\/figure>\n\n\n\n<p style=\"font-size:16px\">Vater:<br><strong>Crazy River Gyver<\/strong><\/p>\n\n\n\n<figure class=\"wp-block-image size-full\"><img loading=\"lazy\" decoding=\"async\" width=\"775\" height=\"861\" src=\"https:\/\/purplearrow.ch\/wp-content\/uploads\/2023\/01\/Gyver_2.jpg\" alt=\"\" class=\"wp-image-3931\" srcset=\"https:\/\/purplearrow.ch\/wp-content\/uploads\/2023\/01\/Gyver_2.jpg 775w, https:\/\/purplearrow.ch\/wp-content\/uploads\/2023\/01\/Gyver_2-270x300.jpg 270w, https:\/\/purplearrow.ch\/wp-content\/uploads\/2023\/01\/Gyver_2-768x853.jpg 768w\" sizes=\"auto, (max-width: 706px) 89vw, (max-width: 767px) 82vw, 740px\" \/><\/figure>\n","protected":false},"excerpt":{"rendered":"<p>Purple arrow\u2019s Queena Lotta 6.4.2020blue merle, c\/w, red factoredHD A\/A; ED 0\/0; LS-\u00dcGW Typ 0Vollst\u00e4ndiges ScherengebissMDR1 +\/-; HSF4 N\/N; CEA N\/NPRA N\/N; DM N\/DM; MH N\/NM-Lokus M(268)\/m Angek\u00f6rt: 6.11.2022 Besitzer: Walter Br\u00fchwiler Pedigree U-Wurf 2023 Wurf-USamstag, 16.Juli, bei heftigem Gewitter wurden 6 gesunde Welpen von Ty und Lotta geboren1 R\u00fcden und 5 H\u00fcndinnenUlani (Bluemerle H\u00fcndin)Una &hellip; <\/p>\n<p class=\"link-more\"><a href=\"https:\/\/purplearrow.ch\/?page_id=3929\" class=\"more-link\"><span class=\"screen-reader-text\">\u201eLotta\u201c<\/span> weiterlesen<\/a><\/p>\n","protected":false},"author":1,"featured_media":0,"parent":250,"menu_order":0,"comment_status":"closed","ping_status":"closed","template":"","meta":{"footnotes":""},"class_list":["post-3929","page","type-page","status-publish","hentry"],"_links":{"self":[{"href":"https:\/\/purplearrow.ch\/index.php?rest_route=\/wp\/v2\/pages\/3929","targetHints":{"allow":["GET"]}}],"collection":[{"href":"https:\/\/purplearrow.ch\/index.php?rest_route=\/wp\/v2\/pages"}],"about":[{"href":"https:\/\/purplearrow.ch\/index.php?rest_route=\/wp\/v2\/types\/page"}],"author":[{"embeddable":true,"href":"https:\/\/purplearrow.ch\/index.php?rest_route=\/wp\/v2\/users\/1"}],"replies":[{"embeddable":true,"href":"https:\/\/purplearrow.ch\/index.php?rest_route=%2Fwp%2Fv2%2Fcomments&post=3929"}],"version-history":[{"count":16,"href":"https:\/\/purplearrow.ch\/index.php?rest_route=\/wp\/v2\/pages\/3929\/revisions"}],"predecessor-version":[{"id":6189,"href":"https:\/\/purplearrow.ch\/index.php?rest_route=\/wp\/v2\/pages\/3929\/revisions\/6189"}],"up":[{"embeddable":true,"href":"https:\/\/purplearrow.ch\/index.php?rest_route=\/wp\/v2\/pages\/250"}],"wp:attachment":[{"href":"https:\/\/purplearrow.ch\/index.php?rest_route=%2Fwp%2Fv2%2Fmedia&parent=3929"}],"curies":[{"name":"wp","href":"https:\/\/api.w.org\/{rel}","templated":true}]}}