{"id":331,"date":"2022-01-14T22:30:43","date_gmt":"2022-01-14T22:30:43","guid":{"rendered":"https:\/\/purplearrow.ch\/?page_id=331"},"modified":"2025-02-21T17:38:11","modified_gmt":"2025-02-21T17:38:11","slug":"q-wurf","status":"publish","type":"page","link":"https:\/\/purplearrow.ch\/?page_id=331","title":{"rendered":"Q-Wurf &#8211; 6.4.2020"},"content":{"rendered":"\n<figure class=\"wp-block-image size-large\"><img loading=\"lazy\" decoding=\"async\" width=\"1024\" height=\"640\" src=\"https:\/\/purplearrow.ch\/wp-content\/uploads\/2022\/02\/Q-Wurf-W_002-1024x640.jpg\" alt=\"\" class=\"wp-image-2029\" srcset=\"https:\/\/purplearrow.ch\/wp-content\/uploads\/2022\/02\/Q-Wurf-W_002-1024x640.jpg 1024w, https:\/\/purplearrow.ch\/wp-content\/uploads\/2022\/02\/Q-Wurf-W_002-300x187.jpg 300w, https:\/\/purplearrow.ch\/wp-content\/uploads\/2022\/02\/Q-Wurf-W_002-768x480.jpg 768w, https:\/\/purplearrow.ch\/wp-content\/uploads\/2022\/02\/Q-Wurf-W_002-1536x960.jpg 1536w, https:\/\/purplearrow.ch\/wp-content\/uploads\/2022\/02\/Q-Wurf-W_002-2048x1280.jpg 2048w\" sizes=\"auto, (max-width: 706px) 89vw, (max-width: 767px) 82vw, 740px\" \/><\/figure>\n\n\n\n<p style=\"font-size:16px\"><strong>Montag, 6. April 2020<\/strong><br>8 Welpen<br>1 R\u00fcde und 2 H\u00fcndinnen Black c\/w<br>2 H\u00fcndinnen Bluemerle c\/w<br>3 H\u00fcndinnen Redmerle c\/w<\/p>\n\n\n\n<p class=\"has-luminous-vivid-amber-color has-text-color has-small-font-size\"><a href=\"https:\/\/purplearrow.ch\/?page_id=2027\" data-type=\"page\" data-id=\"2027\"><strong><mark style=\"background-color:rgba(0, 0, 0, 0)\" class=\"has-inline-color has-luminous-vivid-amber-color\">Bilder aus der Wurfkiste<\/mark><\/strong><\/a><\/p>\n\n\n\n<div class=\"wp-block-media-text alignwide is-stacked-on-mobile\" style=\"grid-template-columns:25% auto\"><figure class=\"wp-block-media-text__media\"><img loading=\"lazy\" decoding=\"async\" width=\"1024\" height=\"1021\" src=\"https:\/\/purplearrow.ch\/wp-content\/uploads\/2022\/01\/Quimey_203-1024x1021.jpg\" alt=\"\" class=\"wp-image-401 size-full\" srcset=\"https:\/\/purplearrow.ch\/wp-content\/uploads\/2022\/01\/Quimey_203-1024x1021.jpg 1024w, https:\/\/purplearrow.ch\/wp-content\/uploads\/2022\/01\/Quimey_203-300x300.jpg 300w, https:\/\/purplearrow.ch\/wp-content\/uploads\/2022\/01\/Quimey_203-150x150.jpg 150w, https:\/\/purplearrow.ch\/wp-content\/uploads\/2022\/01\/Quimey_203-768x765.jpg 768w, https:\/\/purplearrow.ch\/wp-content\/uploads\/2022\/01\/Quimey_203.jpg 1176w\" sizes=\"auto, (max-width: 706px) 89vw, (max-width: 767px) 82vw, 740px\" \/><\/figure><div class=\"wp-block-media-text__content\">\n<p style=\"font-size:14px\"><strong>Purple arrow&#8217;s Quimey &#8222;Pablo&#8220;<\/strong><br>R\u00fcde<br>Black, c\/w<br>HSF4 N\/N (Eltern genetisch frei)<br>PRA N\/N (Eltern genetisch frei)<br>CEA N\/N (Eltern genetisch frei)<br><a href=\"https:\/\/purplearrow.ch\/?page_id=3050\" data-type=\"page\" data-id=\"3050\"><mark style=\"background-color:rgba(0, 0, 0, 0)\" class=\"has-inline-color has-light-green-cyan-color\">Bilder von Pablo<\/mark><\/a><\/p>\n<\/div><\/div>\n\n\n\n<div class=\"wp-block-media-text alignwide is-stacked-on-mobile\" style=\"grid-template-columns:25% auto\"><figure class=\"wp-block-media-text__media\"><img loading=\"lazy\" decoding=\"async\" width=\"1024\" height=\"1024\" src=\"https:\/\/purplearrow.ch\/wp-content\/uploads\/2022\/01\/Queena-Lotta_portrait-1024x1024.jpg\" alt=\"\" class=\"wp-image-400 size-full\" srcset=\"https:\/\/purplearrow.ch\/wp-content\/uploads\/2022\/01\/Queena-Lotta_portrait-1024x1024.jpg 1024w, https:\/\/purplearrow.ch\/wp-content\/uploads\/2022\/01\/Queena-Lotta_portrait-300x300.jpg 300w, https:\/\/purplearrow.ch\/wp-content\/uploads\/2022\/01\/Queena-Lotta_portrait-150x150.jpg 150w, https:\/\/purplearrow.ch\/wp-content\/uploads\/2022\/01\/Queena-Lotta_portrait-768x768.jpg 768w, https:\/\/purplearrow.ch\/wp-content\/uploads\/2022\/01\/Queena-Lotta_portrait-1536x1536.jpg 1536w, https:\/\/purplearrow.ch\/wp-content\/uploads\/2022\/01\/Queena-Lotta_portrait-2048x2048.jpg 2048w, https:\/\/purplearrow.ch\/wp-content\/uploads\/2022\/01\/Queena-Lotta_portrait-1568x1568.jpg 1568w\" sizes=\"auto, (max-width: 706px) 89vw, (max-width: 767px) 82vw, 740px\" \/><\/figure><div class=\"wp-block-media-text__content\">\n<p style=\"font-size:14px\"><strong>Purple arrow&#8217;s Queena Lotta<\/strong><br>H\u00fcndin<br>Bluemerle, c\/w<br>HD A\/A; ED 0\/0; LS-\u00dcGW Typ 0<br>MDR1 +\/-; HSF4 N\/N; PRA N\/N <br>CEA N\/N; DM N\/DM; MH N\/N<br>M-Lokus M\/m <br>Angek\u00f6rt: 6.11.2022 <br><a href=\"https:\/\/purplearrow.ch\/?page_id=3051\" data-type=\"page\" data-id=\"3051\"><mark style=\"background-color:rgba(0, 0, 0, 0)\" class=\"has-inline-color has-light-green-cyan-color\">Bilder von Lotta<\/mark><\/a><\/p>\n<\/div><\/div>\n\n\n\n<div class=\"wp-block-media-text alignwide is-stacked-on-mobile\" style=\"grid-template-columns:25% auto\"><figure class=\"wp-block-media-text__media\"><img loading=\"lazy\" decoding=\"async\" width=\"1013\" height=\"1024\" src=\"https:\/\/purplearrow.ch\/wp-content\/uploads\/2022\/01\/Queen-of-Quality_203-1013x1024.jpg\" alt=\"\" class=\"wp-image-403 size-full\" srcset=\"https:\/\/purplearrow.ch\/wp-content\/uploads\/2022\/01\/Queen-of-Quality_203-1013x1024.jpg 1013w, https:\/\/purplearrow.ch\/wp-content\/uploads\/2022\/01\/Queen-of-Quality_203-297x300.jpg 297w, https:\/\/purplearrow.ch\/wp-content\/uploads\/2022\/01\/Queen-of-Quality_203-768x776.jpg 768w, https:\/\/purplearrow.ch\/wp-content\/uploads\/2022\/01\/Queen-of-Quality_203.jpg 1488w\" sizes=\"auto, (max-width: 706px) 89vw, (max-width: 767px) 82vw, 740px\" \/><\/figure><div class=\"wp-block-media-text__content\">\n<p style=\"font-size:14px\"><strong>Purple arrow&#8217;s Queen of Quality &#8222;Nala&#8220;<\/strong><br>H\u00fcndin<br>Bluemerle, c\/w<br>HSF4 N\/N (Eltern genetisch frei)<br>PRA N\/N (Eltern genetisch frei)<br>CEA N\/N (Eltern genetisch frei)<br><a href=\"https:\/\/purplearrow.ch\/?page_id=3055\" data-type=\"page\" data-id=\"3055\"><mark style=\"background-color:rgba(0, 0, 0, 0)\" class=\"has-inline-color has-light-green-cyan-color\">Bilder von Nala<\/mark><\/a><\/p>\n<\/div><\/div>\n\n\n\n<div class=\"wp-block-media-text alignwide is-stacked-on-mobile\" style=\"grid-template-columns:25% auto\"><figure class=\"wp-block-media-text__media\"><img loading=\"lazy\" decoding=\"async\" width=\"1024\" height=\"1024\" src=\"https:\/\/purplearrow.ch\/wp-content\/uploads\/2022\/01\/Quest-for-the-Best_portrait-1024x1024.jpg\" alt=\"\" class=\"wp-image-399 size-full\" srcset=\"https:\/\/purplearrow.ch\/wp-content\/uploads\/2022\/01\/Quest-for-the-Best_portrait-1024x1024.jpg 1024w, https:\/\/purplearrow.ch\/wp-content\/uploads\/2022\/01\/Quest-for-the-Best_portrait-300x300.jpg 300w, https:\/\/purplearrow.ch\/wp-content\/uploads\/2022\/01\/Quest-for-the-Best_portrait-150x150.jpg 150w, https:\/\/purplearrow.ch\/wp-content\/uploads\/2022\/01\/Quest-for-the-Best_portrait-768x768.jpg 768w, https:\/\/purplearrow.ch\/wp-content\/uploads\/2022\/01\/Quest-for-the-Best_portrait-1536x1536.jpg 1536w, https:\/\/purplearrow.ch\/wp-content\/uploads\/2022\/01\/Quest-for-the-Best_portrait-2048x2048.jpg 2048w, https:\/\/purplearrow.ch\/wp-content\/uploads\/2022\/01\/Quest-for-the-Best_portrait-1568x1568.jpg 1568w\" sizes=\"auto, (max-width: 706px) 89vw, (max-width: 767px) 82vw, 740px\" \/><\/figure><div class=\"wp-block-media-text__content\">\n<p style=\"font-size:14px\"><strong>Purple arrow&#8217;s Quest for the Best &#8222;Rana&#8220;<\/strong><br>H\u00fcndin<br>Redmerle, c\/w<br>HSF4 N\/N (Eltern genetisch frei)<br>PRA N\/N (Eltern genetisch frei)<br>CEA N\/N (Eltern genetisch frei)<br><a href=\"https:\/\/purplearrow.ch\/?page_id=3052\" data-type=\"page\" data-id=\"3052\"><mark style=\"background-color:rgba(0, 0, 0, 0)\" class=\"has-inline-color has-light-green-cyan-color\">Bilder von Rana<\/mark><\/a><\/p>\n<\/div><\/div>\n\n\n\n<div class=\"wp-block-media-text alignwide is-stacked-on-mobile\" style=\"grid-template-columns:25% auto\"><figure class=\"wp-block-media-text__media\"><img loading=\"lazy\" decoding=\"async\" width=\"1024\" height=\"1024\" src=\"https:\/\/purplearrow.ch\/wp-content\/uploads\/2022\/01\/Quick-Easy_portrait-1024x1024.jpg\" alt=\"\" class=\"wp-image-398 size-full\" srcset=\"https:\/\/purplearrow.ch\/wp-content\/uploads\/2022\/01\/Quick-Easy_portrait-1024x1024.jpg 1024w, https:\/\/purplearrow.ch\/wp-content\/uploads\/2022\/01\/Quick-Easy_portrait-300x300.jpg 300w, https:\/\/purplearrow.ch\/wp-content\/uploads\/2022\/01\/Quick-Easy_portrait-150x150.jpg 150w, https:\/\/purplearrow.ch\/wp-content\/uploads\/2022\/01\/Quick-Easy_portrait-768x768.jpg 768w, https:\/\/purplearrow.ch\/wp-content\/uploads\/2022\/01\/Quick-Easy_portrait-1536x1536.jpg 1536w, https:\/\/purplearrow.ch\/wp-content\/uploads\/2022\/01\/Quick-Easy_portrait-2048x2048.jpg 2048w, https:\/\/purplearrow.ch\/wp-content\/uploads\/2022\/01\/Quick-Easy_portrait-1568x1568.jpg 1568w\" sizes=\"auto, (max-width: 706px) 89vw, (max-width: 767px) 82vw, 740px\" \/><\/figure><div class=\"wp-block-media-text__content\">\n<p style=\"font-size:14px\"><strong>Purple arrow&#8217;s Quick &amp; Easy &#8222;Lia&#8220;<\/strong><br>H\u00fcndin<br>Redmerle, c\/w<br>HSF4 N\/N (Eltern genetisch frei)<br>PRA N\/N (Eltern genetisch frei)<br>CEA N\/N (Eltern genetisch frei)<br><a href=\"https:\/\/purplearrow.ch\/?page_id=3053\" data-type=\"page\" data-id=\"3053\"><mark style=\"background-color:rgba(0, 0, 0, 0)\" class=\"has-inline-color has-light-green-cyan-color\">Bilder von Lia<\/mark><\/a><\/p>\n<\/div><\/div>\n\n\n\n<div class=\"wp-block-media-text alignwide is-stacked-on-mobile\" style=\"grid-template-columns:25% auto\"><figure class=\"wp-block-media-text__media\"><img loading=\"lazy\" decoding=\"async\" width=\"1024\" height=\"1024\" src=\"https:\/\/purplearrow.ch\/wp-content\/uploads\/2022\/01\/Quanah_portrait-1024x1024.jpg\" alt=\"\" class=\"wp-image-397 size-full\" srcset=\"https:\/\/purplearrow.ch\/wp-content\/uploads\/2022\/01\/Quanah_portrait-1024x1024.jpg 1024w, https:\/\/purplearrow.ch\/wp-content\/uploads\/2022\/01\/Quanah_portrait-300x300.jpg 300w, https:\/\/purplearrow.ch\/wp-content\/uploads\/2022\/01\/Quanah_portrait-150x150.jpg 150w, https:\/\/purplearrow.ch\/wp-content\/uploads\/2022\/01\/Quanah_portrait-768x768.jpg 768w, https:\/\/purplearrow.ch\/wp-content\/uploads\/2022\/01\/Quanah_portrait-1536x1536.jpg 1536w, https:\/\/purplearrow.ch\/wp-content\/uploads\/2022\/01\/Quanah_portrait-2048x2048.jpg 2048w, https:\/\/purplearrow.ch\/wp-content\/uploads\/2022\/01\/Quanah_portrait-1568x1568.jpg 1568w\" sizes=\"auto, (max-width: 706px) 89vw, (max-width: 767px) 82vw, 740px\" \/><\/figure><div class=\"wp-block-media-text__content\">\n<p style=\"font-size:14px\"><strong>Purple arrow&#8217;s Quanah &#8222;Amy&#8220;<\/strong><br>H\u00fcndin<br>Black, c\/w<br>HSF4 N\/N (Eltern genetisch frei)<br>PRA N\/N (Eltern genetisch frei)<br>CEA N\/N (Eltern genetisch frei)<br><a href=\"https:\/\/purplearrow.ch\/?page_id=3056\" data-type=\"page\" data-id=\"3056\"><mark style=\"background-color:rgba(0, 0, 0, 0)\" class=\"has-inline-color has-light-green-cyan-color\">Bilder von Amy<\/mark><\/a><\/p>\n<\/div><\/div>\n\n\n\n<div class=\"wp-block-media-text alignwide is-stacked-on-mobile\" style=\"grid-template-columns:25% auto\"><figure class=\"wp-block-media-text__media\"><img loading=\"lazy\" decoding=\"async\" width=\"1024\" height=\"1024\" src=\"https:\/\/purplearrow.ch\/wp-content\/uploads\/2022\/01\/Quiana_portrait-1024x1024.jpg\" alt=\"\" class=\"wp-image-396 size-full\" srcset=\"https:\/\/purplearrow.ch\/wp-content\/uploads\/2022\/01\/Quiana_portrait-1024x1024.jpg 1024w, https:\/\/purplearrow.ch\/wp-content\/uploads\/2022\/01\/Quiana_portrait-300x300.jpg 300w, https:\/\/purplearrow.ch\/wp-content\/uploads\/2022\/01\/Quiana_portrait-150x150.jpg 150w, https:\/\/purplearrow.ch\/wp-content\/uploads\/2022\/01\/Quiana_portrait-768x768.jpg 768w, https:\/\/purplearrow.ch\/wp-content\/uploads\/2022\/01\/Quiana_portrait-1536x1536.jpg 1536w, https:\/\/purplearrow.ch\/wp-content\/uploads\/2022\/01\/Quiana_portrait-2048x2048.jpg 2048w, https:\/\/purplearrow.ch\/wp-content\/uploads\/2022\/01\/Quiana_portrait-1568x1568.jpg 1568w\" sizes=\"auto, (max-width: 706px) 89vw, (max-width: 767px) 82vw, 740px\" \/><\/figure><div class=\"wp-block-media-text__content\">\n<p style=\"font-size:14px\"><strong>Purple arrow&#8217;s Quiana &#8222;Dixie&#8220;<\/strong><br>H\u00fcndin<br>Black, c\/w<br>HSF4 N\/N (Eltern genetisch frei)<br>PRA N\/N (Eltern genetisch frei)<br>CEA N\/N (Eltern genetisch frei)<br><a href=\"https:\/\/purplearrow.ch\/?page_id=3054\" data-type=\"page\" data-id=\"3054\"><mark style=\"background-color:rgba(0, 0, 0, 0)\" class=\"has-inline-color has-light-green-cyan-color\">Bilder von Dixie<\/mark><\/a><\/p>\n<\/div><\/div>\n\n\n\n<div class=\"wp-block-media-text alignwide is-stacked-on-mobile\" style=\"grid-template-columns:25% auto\"><figure class=\"wp-block-media-text__media\"><img loading=\"lazy\" decoding=\"async\" width=\"1024\" height=\"1024\" src=\"https:\/\/purplearrow.ch\/wp-content\/uploads\/2022\/01\/Question-of-Love_portrait-1024x1024.jpg\" alt=\"\" class=\"wp-image-395 size-full\" srcset=\"https:\/\/purplearrow.ch\/wp-content\/uploads\/2022\/01\/Question-of-Love_portrait-1024x1024.jpg 1024w, https:\/\/purplearrow.ch\/wp-content\/uploads\/2022\/01\/Question-of-Love_portrait-300x300.jpg 300w, https:\/\/purplearrow.ch\/wp-content\/uploads\/2022\/01\/Question-of-Love_portrait-150x150.jpg 150w, https:\/\/purplearrow.ch\/wp-content\/uploads\/2022\/01\/Question-of-Love_portrait-768x768.jpg 768w, https:\/\/purplearrow.ch\/wp-content\/uploads\/2022\/01\/Question-of-Love_portrait-1536x1536.jpg 1536w, https:\/\/purplearrow.ch\/wp-content\/uploads\/2022\/01\/Question-of-Love_portrait-2048x2048.jpg 2048w, https:\/\/purplearrow.ch\/wp-content\/uploads\/2022\/01\/Question-of-Love_portrait-1568x1568.jpg 1568w\" sizes=\"auto, (max-width: 706px) 89vw, (max-width: 767px) 82vw, 740px\" \/><\/figure><div class=\"wp-block-media-text__content\">\n<p style=\"font-size:14px\"><strong>Purple arrow&#8217;s Question of Love &#8222;Lovey&#8220;<\/strong><br>H\u00fcndin<br>Redmerle, c\/w<br>HSF4 N\/N (Eltern genetisch frei)<br>PRA N\/N (Eltern genetisch frei)<br>CEA N\/N (Eltern genetisch frei)<br>BAER-Test: beidseitig h\u00f6rend <br><a href=\"https:\/\/purplearrow.ch\/?page_id=3057\" data-type=\"page\" data-id=\"3057\"><mark style=\"background-color:rgba(0, 0, 0, 0)\" class=\"has-inline-color has-light-green-cyan-color\">Bilder von Lovey<\/mark><\/a><\/p>\n\n\n\n<p style=\"font-size:11px\"><em>BAER ist die Abk\u00fcrzung f\u00fcr Brainstem Audio Evoked Response. Dieser Test wird von einem Tierarzt durchgef\u00fchrt. Es wird gemessen, wie Nerven unbewusst auf Audiosignale reagieren. Durch den Test kann man erkennen, ob ein Hund auf einem oder beiden Ohren taub ist.<\/em><br><\/p>\n<\/div><\/div>\n\n\n\n<h2 class=\"wp-block-heading\"><strong>Eltern vom Q-Wurf<\/strong><\/h2>\n\n\n\n<figure class=\"wp-block-image size-large\"><img loading=\"lazy\" decoding=\"async\" width=\"1024\" height=\"590\" src=\"https:\/\/purplearrow.ch\/wp-content\/uploads\/2023\/10\/Grace-x-Gyver-1024x590.jpg\" alt=\"\" class=\"wp-image-5584\" style=\"aspect-ratio:1.735593220338983\" srcset=\"https:\/\/purplearrow.ch\/wp-content\/uploads\/2023\/10\/Grace-x-Gyver-1024x590.jpg 1024w, https:\/\/purplearrow.ch\/wp-content\/uploads\/2023\/10\/Grace-x-Gyver-300x173.jpg 300w, https:\/\/purplearrow.ch\/wp-content\/uploads\/2023\/10\/Grace-x-Gyver-768x442.jpg 768w, https:\/\/purplearrow.ch\/wp-content\/uploads\/2023\/10\/Grace-x-Gyver.jpg 1169w\" sizes=\"auto, (max-width: 706px) 89vw, (max-width: 767px) 82vw, 740px\" \/><\/figure>\n\n\n\n<div class=\"wp-block-columns is-layout-flex wp-container-core-columns-is-layout-9d6595d7 wp-block-columns-is-layout-flex\">\n<div class=\"wp-block-column is-layout-flow wp-block-column-is-layout-flow\">\n<p class=\"has-medium-font-size\"><strong>Goddes of Heaven Grace <\/strong><br><strong>of the Evening Sun<\/strong><\/p>\n\n\n\n<p style=\"font-size:14px\">Geboren:  6.7.2014<br>R, c\/w<br>Rute: lang<br>HD A\/A; ED 0\/0<br>Augen: frei<br>Vollst\u00e4ndiges Scherengebiss<br>PRA N\/N, CEA N\/N<br>HSF4 N\/N; DM N\/N<br>CMR1 N\/N; MDR1 -\/+<br>Agility 2<br>Obedience 1<\/p>\n<\/div>\n\n\n\n<div class=\"wp-block-column is-layout-flow wp-block-column-is-layout-flow\">\n<p class=\"has-medium-font-size\"><strong>Crazy River Gyver<\/strong><\/p>\n\n\n\n<p style=\"font-size:14px\"><strong><br><\/strong>Geboren: 31.12.2015<br>Bm, c\/w, red factored<br>Rute: lang<br>HD A\/A; ED 0\/0<br>Augen: MPP <br>PRA N\/N; CEA N\/N<br>HSF4 N\/N; DM N\/DM<br>MDR1 +\/+<br>Agility 2, DogFrisbee, CaninCross<br><br>Besitzer: <br>Thomas Leisibach, 6034 Inwil<\/p>\n<\/div>\n<\/div>\n\n\n\n<figure class=\"wp-block-image size-large\"><img loading=\"lazy\" decoding=\"async\" width=\"1024\" height=\"486\" src=\"https:\/\/purplearrow.ch\/wp-content\/uploads\/2023\/10\/Grace-x-Gyver_1-1024x486.jpg\" alt=\"\" class=\"wp-image-5587\" style=\"aspect-ratio:2.1069958847736627;object-fit:cover\" srcset=\"https:\/\/purplearrow.ch\/wp-content\/uploads\/2023\/10\/Grace-x-Gyver_1-1024x486.jpg 1024w, https:\/\/purplearrow.ch\/wp-content\/uploads\/2023\/10\/Grace-x-Gyver_1-300x142.jpg 300w, https:\/\/purplearrow.ch\/wp-content\/uploads\/2023\/10\/Grace-x-Gyver_1-768x365.jpg 768w, https:\/\/purplearrow.ch\/wp-content\/uploads\/2023\/10\/Grace-x-Gyver_1.jpg 1417w\" sizes=\"auto, (max-width: 706px) 89vw, (max-width: 767px) 82vw, 740px\" \/><\/figure>\n\n\n\n<p><\/p>\n","protected":false},"excerpt":{"rendered":"<p>Montag, 6. April 20208 Welpen1 R\u00fcde und 2 H\u00fcndinnen Black c\/w2 H\u00fcndinnen Bluemerle c\/w3 H\u00fcndinnen Redmerle c\/w Bilder aus der Wurfkiste Purple arrow&#8217;s Quimey &#8222;Pablo&#8220;R\u00fcdeBlack, c\/wHSF4 N\/N (Eltern genetisch frei)PRA N\/N (Eltern genetisch frei)CEA N\/N (Eltern genetisch frei)Bilder von Pablo Purple arrow&#8217;s Queena LottaH\u00fcndinBluemerle, c\/wHD A\/A; ED 0\/0; LS-\u00dcGW Typ 0MDR1 +\/-; HSF4 N\/N; PRA &hellip; <\/p>\n<p class=\"link-more\"><a href=\"https:\/\/purplearrow.ch\/?page_id=331\" class=\"more-link\"><span class=\"screen-reader-text\">\u201eQ-Wurf &#8211; 6.4.2020\u201c<\/span> weiterlesen<\/a><\/p>\n","protected":false},"author":1,"featured_media":0,"parent":70,"menu_order":2,"comment_status":"closed","ping_status":"closed","template":"","meta":{"footnotes":""},"class_list":["post-331","page","type-page","status-publish","hentry"],"_links":{"self":[{"href":"https:\/\/purplearrow.ch\/index.php?rest_route=\/wp\/v2\/pages\/331","targetHints":{"allow":["GET"]}}],"collection":[{"href":"https:\/\/purplearrow.ch\/index.php?rest_route=\/wp\/v2\/pages"}],"about":[{"href":"https:\/\/purplearrow.ch\/index.php?rest_route=\/wp\/v2\/types\/page"}],"author":[{"embeddable":true,"href":"https:\/\/purplearrow.ch\/index.php?rest_route=\/wp\/v2\/users\/1"}],"replies":[{"embeddable":true,"href":"https:\/\/purplearrow.ch\/index.php?rest_route=%2Fwp%2Fv2%2Fcomments&post=331"}],"version-history":[{"count":45,"href":"https:\/\/purplearrow.ch\/index.php?rest_route=\/wp\/v2\/pages\/331\/revisions"}],"predecessor-version":[{"id":7365,"href":"https:\/\/purplearrow.ch\/index.php?rest_route=\/wp\/v2\/pages\/331\/revisions\/7365"}],"up":[{"embeddable":true,"href":"https:\/\/purplearrow.ch\/index.php?rest_route=\/wp\/v2\/pages\/70"}],"wp:attachment":[{"href":"https:\/\/purplearrow.ch\/index.php?rest_route=%2Fwp%2Fv2%2Fmedia&parent=331"}],"curies":[{"name":"wp","href":"https:\/\/api.w.org\/{rel}","templated":true}]}}