{"id":2626,"date":"2022-05-24T12:57:29","date_gmt":"2022-05-24T12:57:29","guid":{"rendered":"https:\/\/purplearrow.ch\/?page_id=2626"},"modified":"2025-07-19T14:40:03","modified_gmt":"2025-07-19T14:40:03","slug":"s-wurf","status":"publish","type":"page","link":"https:\/\/purplearrow.ch\/?page_id=2626","title":{"rendered":"S-Wurf &#8211; 10.3.2022"},"content":{"rendered":"\n<figure class=\"wp-block-image size-large\"><img loading=\"lazy\" decoding=\"async\" width=\"1024\" height=\"640\" src=\"https:\/\/purplearrow.ch\/wp-content\/uploads\/2022\/03\/S-Wurf_001-1024x640.jpg\" alt=\"\" class=\"wp-image-2281\" srcset=\"https:\/\/purplearrow.ch\/wp-content\/uploads\/2022\/03\/S-Wurf_001-1024x640.jpg 1024w, https:\/\/purplearrow.ch\/wp-content\/uploads\/2022\/03\/S-Wurf_001-300x188.jpg 300w, https:\/\/purplearrow.ch\/wp-content\/uploads\/2022\/03\/S-Wurf_001-768x480.jpg 768w, https:\/\/purplearrow.ch\/wp-content\/uploads\/2022\/03\/S-Wurf_001-1536x960.jpg 1536w, https:\/\/purplearrow.ch\/wp-content\/uploads\/2022\/03\/S-Wurf_001-2048x1280.jpg 2048w\" sizes=\"auto, (max-width: 706px) 89vw, (max-width: 767px) 82vw, 740px\" \/><\/figure>\n\n\n\n<p style=\"font-size:16px\"><strong>Donnerstag, 10. M\u00e4rz 2022<\/strong><br>7 Welpen<br>2 H\u00fcndinnen und 1 R\u00fcde Black c\/w<br>2 R\u00fcden Red c\/w<br>2 R\u00fcden Redmerle c\/w<\/p>\n\n\n\n<p style=\"font-size:15px\"><a href=\"https:\/\/purplearrow.ch\/?page_id=2640\" data-type=\"page\" data-id=\"2640\"><mark style=\"background-color:rgba(0, 0, 0, 0)\" class=\"has-inline-color has-luminous-vivid-amber-color\"><strong>Bilder und Videos aus der Wurfkiste<\/strong><\/mark><\/a><br><a href=\"https:\/\/purplearrow.ch\/?page_id=3829\" data-type=\"page\" data-id=\"3829\"><mark style=\"background-color:rgba(0, 0, 0, 0)\" class=\"has-inline-color has-luminous-vivid-amber-color\"><strong>S-Treffen vom 11.12.22<\/strong><\/mark><\/a><br><strong><a href=\"https:\/\/purplearrow.ch\/?page_id=6019\" data-type=\"page\" data-id=\"6019\"><mark style=\"background-color:rgba(0, 0, 0, 0)\" class=\"has-inline-color has-luminous-vivid-amber-color\">S-Treffen vom 18.3.23<\/mark><\/a><\/strong><\/p>\n\n\n\n<p style=\"font-size:14px\"><strong><a href=\"https:\/\/purplearrow.ch\/wp-content\/uploads\/2023\/09\/S-Wurf-Lani-x-Chase_pedigree.pdf\" data-type=\"attachment\" data-id=\"5515\"><mark style=\"background-color:rgba(0, 0, 0, 0)\" class=\"has-inline-color has-luminous-vivid-amber-color\">Pedigree S-Wurf<\/mark><\/a><\/strong><\/p>\n\n\n\n<div class=\"wp-block-media-text alignwide is-stacked-on-mobile\" style=\"grid-template-columns:25% auto\"><figure class=\"wp-block-media-text__media\"><img loading=\"lazy\" decoding=\"async\" width=\"685\" height=\"1024\" src=\"https:\/\/purplearrow.ch\/wp-content\/uploads\/2022\/05\/Shikoba-685x1024.jpg\" alt=\"\" class=\"wp-image-2627 size-full\" srcset=\"https:\/\/purplearrow.ch\/wp-content\/uploads\/2022\/05\/Shikoba-685x1024.jpg 685w, https:\/\/purplearrow.ch\/wp-content\/uploads\/2022\/05\/Shikoba-201x300.jpg 201w, https:\/\/purplearrow.ch\/wp-content\/uploads\/2022\/05\/Shikoba-768x1149.jpg 768w, https:\/\/purplearrow.ch\/wp-content\/uploads\/2022\/05\/Shikoba-1027x1536.jpg 1027w, https:\/\/purplearrow.ch\/wp-content\/uploads\/2022\/05\/Shikoba.jpg 1279w\" sizes=\"auto, (max-width: 685px) 100vw, 685px\" \/><\/figure><div class=\"wp-block-media-text__content\">\n<p style=\"font-size:14px\"><strong>Purple arrow&#8217;s Shikoba &#8222;Shelby&#8220;<\/strong><br>R\u00fcde<br>Redmerle, c\/w<br>HSF4 N\/N (Eltern genetisch frei)<br>PRA N\/N (Eltern genetisch frei)<br>CEA N\/N (Eltern genetisch frei)<br>DM N\/N (Eltern genetisch frei) <br><a href=\"https:\/\/purplearrow.ch\/?page_id=3043\" data-type=\"page\" data-id=\"3043\"><mark style=\"background-color:rgba(0, 0, 0, 0)\" class=\"has-inline-color has-light-green-cyan-color\">Bilder von Shelby<\/mark><\/a><\/p>\n<\/div><\/div>\n\n\n\n<div class=\"wp-block-media-text alignwide is-stacked-on-mobile\" style=\"grid-template-columns:25% auto\"><figure class=\"wp-block-media-text__media\"><img loading=\"lazy\" decoding=\"async\" width=\"685\" height=\"1024\" src=\"https:\/\/purplearrow.ch\/wp-content\/uploads\/2022\/05\/Suemi-685x1024.jpg\" alt=\"\" class=\"wp-image-2628 size-full\" srcset=\"https:\/\/purplearrow.ch\/wp-content\/uploads\/2022\/05\/Suemi-685x1024.jpg 685w, https:\/\/purplearrow.ch\/wp-content\/uploads\/2022\/05\/Suemi-201x300.jpg 201w, https:\/\/purplearrow.ch\/wp-content\/uploads\/2022\/05\/Suemi-768x1148.jpg 768w, https:\/\/purplearrow.ch\/wp-content\/uploads\/2022\/05\/Suemi-1027x1536.jpg 1027w, https:\/\/purplearrow.ch\/wp-content\/uploads\/2022\/05\/Suemi.jpg 1176w\" sizes=\"auto, (max-width: 685px) 100vw, 685px\" \/><\/figure><div class=\"wp-block-media-text__content\">\n<p style=\"font-size:14px\"><strong>Purple arrow&#8217;s Suemi &#8222;Amy&#8220;<\/strong><br>H\u00fcndin<br>Black, c\/w<br>HSF4 N\/N (Eltern genetisch frei)<br>PRA N\/N (Eltern genetisch frei)<br>CEA N\/N (Eltern genetisch frei)<br>DM N\/N (Eltern genetisch frei) <br><a href=\"https:\/\/purplearrow.ch\/?page_id=3044\" data-type=\"page\" data-id=\"3044\"><mark style=\"background-color:rgba(0, 0, 0, 0)\" class=\"has-inline-color has-light-green-cyan-color\">Bilder von Amy<\/mark><\/a><br><\/p>\n<\/div><\/div>\n\n\n\n<div class=\"wp-block-media-text alignwide is-stacked-on-mobile\" style=\"grid-template-columns:25% auto\"><figure class=\"wp-block-media-text__media\"><img loading=\"lazy\" decoding=\"async\" width=\"685\" height=\"1024\" src=\"https:\/\/purplearrow.ch\/wp-content\/uploads\/2022\/05\/Shappa-685x1024.jpg\" alt=\"\" class=\"wp-image-2629 size-full\" srcset=\"https:\/\/purplearrow.ch\/wp-content\/uploads\/2022\/05\/Shappa-685x1024.jpg 685w, https:\/\/purplearrow.ch\/wp-content\/uploads\/2022\/05\/Shappa-201x300.jpg 201w, https:\/\/purplearrow.ch\/wp-content\/uploads\/2022\/05\/Shappa-768x1149.jpg 768w, https:\/\/purplearrow.ch\/wp-content\/uploads\/2022\/05\/Shappa-1027x1536.jpg 1027w, https:\/\/purplearrow.ch\/wp-content\/uploads\/2022\/05\/Shappa-1369x2048.jpg 1369w, https:\/\/purplearrow.ch\/wp-content\/uploads\/2022\/05\/Shappa.jpg 1453w\" sizes=\"auto, (max-width: 685px) 100vw, 685px\" \/><\/figure><div class=\"wp-block-media-text__content\">\n<p style=\"font-size:14px\"><strong>Purple arrow&#8217;s Shappa<\/strong><br>R\u00fcde<br>Red, c\/w<br>HSF4 N\/N (Eltern genetisch frei)<br>PRA N\/N (Eltern genetisch frei)<br>CEA N\/N (Eltern genetisch frei)<br>DM N\/N (Eltern genetisch frei) <br>Begleithund 1 <br><a href=\"https:\/\/purplearrow.ch\/?page_id=3047\" data-type=\"page\" data-id=\"3047\"><mark style=\"background-color:rgba(0, 0, 0, 0)\" class=\"has-inline-color has-light-green-cyan-color\">Bilder von Shappa<\/mark><\/a><\/p>\n<\/div><\/div>\n\n\n\n<div class=\"wp-block-media-text alignwide is-stacked-on-mobile\" style=\"grid-template-columns:25% auto\"><figure class=\"wp-block-media-text__media\"><img loading=\"lazy\" decoding=\"async\" width=\"685\" height=\"1024\" src=\"https:\/\/purplearrow.ch\/wp-content\/uploads\/2022\/05\/Sahale-685x1024.jpg\" alt=\"\" class=\"wp-image-2630 size-full\" srcset=\"https:\/\/purplearrow.ch\/wp-content\/uploads\/2022\/05\/Sahale-685x1024.jpg 685w, https:\/\/purplearrow.ch\/wp-content\/uploads\/2022\/05\/Sahale-201x300.jpg 201w, https:\/\/purplearrow.ch\/wp-content\/uploads\/2022\/05\/Sahale-768x1149.jpg 768w, https:\/\/purplearrow.ch\/wp-content\/uploads\/2022\/05\/Sahale-1027x1536.jpg 1027w, https:\/\/purplearrow.ch\/wp-content\/uploads\/2022\/05\/Sahale-1369x2048.jpg 1369w, https:\/\/purplearrow.ch\/wp-content\/uploads\/2022\/05\/Sahale.jpg 1445w\" sizes=\"auto, (max-width: 685px) 100vw, 685px\" \/><\/figure><div class=\"wp-block-media-text__content\">\n<p style=\"font-size:14px\"><strong>Purple arrow&#8217;s Sahale<\/strong> <strong>&#8222;Elmo&#8220;<\/strong><br>R\u00fcde<br>Redmerle, c\/w<br>HSF4 N\/N (Eltern genetisch frei)<br>PRA N\/N (Eltern genetisch frei)<br>CEA N\/N (Eltern genetisch frei)<br>DM N\/N (Eltern genetisch frei) <br><a href=\"https:\/\/purplearrow.ch\/?page_id=3045\" data-type=\"page\" data-id=\"3045\"><mark style=\"background-color:rgba(0, 0, 0, 0)\" class=\"has-inline-color has-light-green-cyan-color\">Bilder von Elmo<\/mark><\/a><\/p>\n<\/div><\/div>\n\n\n\n<div class=\"wp-block-media-text alignwide is-stacked-on-mobile\" style=\"grid-template-columns:25% auto\"><figure class=\"wp-block-media-text__media\"><img loading=\"lazy\" decoding=\"async\" width=\"685\" height=\"1024\" src=\"https:\/\/purplearrow.ch\/wp-content\/uploads\/2022\/05\/Sucki-685x1024.jpg\" alt=\"\" class=\"wp-image-2631 size-full\" srcset=\"https:\/\/purplearrow.ch\/wp-content\/uploads\/2022\/05\/Sucki-685x1024.jpg 685w, https:\/\/purplearrow.ch\/wp-content\/uploads\/2022\/05\/Sucki-201x300.jpg 201w, https:\/\/purplearrow.ch\/wp-content\/uploads\/2022\/05\/Sucki-768x1148.jpg 768w, https:\/\/purplearrow.ch\/wp-content\/uploads\/2022\/05\/Sucki-1027x1536.jpg 1027w, https:\/\/purplearrow.ch\/wp-content\/uploads\/2022\/05\/Sucki.jpg 1204w\" sizes=\"auto, (max-width: 685px) 100vw, 685px\" \/><\/figure><div class=\"wp-block-media-text__content\">\n<p style=\"font-size:14px\"><strong>Purple arrow&#8217;s Sucki<\/strong><br>R\u00fcde<br>Black, c\/w<br>HSF4 N\/N (Eltern genetisch frei)<br>PRA N\/N (Eltern genetisch frei)<br>CEA N\/N (Eltern genetisch frei)<br>DM N\/N (Eltern genetisch frei) <br><a href=\"https:\/\/purplearrow.ch\/?page_id=3048\" data-type=\"page\" data-id=\"3048\"><mark style=\"background-color:rgba(0, 0, 0, 0)\" class=\"has-inline-color has-light-green-cyan-color\">Bilder von Sucki<\/mark><\/a><\/p>\n<\/div><\/div>\n\n\n\n<div class=\"wp-block-media-text alignwide is-stacked-on-mobile\" style=\"grid-template-columns:25% auto\"><figure class=\"wp-block-media-text__media\"><img loading=\"lazy\" decoding=\"async\" width=\"685\" height=\"1024\" src=\"https:\/\/purplearrow.ch\/wp-content\/uploads\/2022\/05\/Songaa-685x1024.jpg\" alt=\"\" class=\"wp-image-2632 size-full\" srcset=\"https:\/\/purplearrow.ch\/wp-content\/uploads\/2022\/05\/Songaa-685x1024.jpg 685w, https:\/\/purplearrow.ch\/wp-content\/uploads\/2022\/05\/Songaa-201x300.jpg 201w, https:\/\/purplearrow.ch\/wp-content\/uploads\/2022\/05\/Songaa-768x1148.jpg 768w, https:\/\/purplearrow.ch\/wp-content\/uploads\/2022\/05\/Songaa-1027x1536.jpg 1027w, https:\/\/purplearrow.ch\/wp-content\/uploads\/2022\/05\/Songaa.jpg 1304w\" sizes=\"auto, (max-width: 685px) 100vw, 685px\" \/><\/figure><div class=\"wp-block-media-text__content\">\n<p style=\"font-size:14px\"><strong>Purple arrow&#8217;s Songaa &#8222;Toby&#8220;<\/strong><br>R\u00fcde<br>Red, c\/w<br>HSF4 N\/N (Eltern genetisch frei)<br>PRA N\/N (Eltern genetisch frei)<br>CEA N\/N (Eltern genetisch frei)<br>DM N\/N (Eltern genetisch frei) <br><a href=\"https:\/\/purplearrow.ch\/?page_id=3046\" data-type=\"page\" data-id=\"3046\"><mark style=\"background-color:rgba(0, 0, 0, 0)\" class=\"has-inline-color has-light-green-cyan-color\">Bilder von Toby<\/mark><\/a><\/p>\n<\/div><\/div>\n\n\n\n<div class=\"wp-block-media-text alignwide is-stacked-on-mobile\" style=\"grid-template-columns:25% auto\"><figure class=\"wp-block-media-text__media\"><img decoding=\"async\" src=\"https:\/\/purplearrow.ch\/wp-content\/uploads\/2022\/05\/Sayen-685x1024.jpg\" alt=\"\" class=\"wp-image-2633 size-full\"\/><\/figure><div class=\"wp-block-media-text__content\">\n<p style=\"font-size:14px\"><strong>Purple arrow&#8217;s Sayen<\/strong><br>H\u00fcndin<br>Black, c\/w<br>HD A\/A, ED 0\/0, OCD frei<br>LS-\u00dcGW Typ 1<br>HSF4 N\/N; CEA N\/N; MDR1 +\/-<br>PRA N\/N; DM N\/N, MH N\/N, NCL N\/N<br>HUU N\/N<br>M-Lokus m\/m (non-merle)<br>Agility 2, Obedience 1 V AKZ<br>BH\/VT bestanden<br>WAH 1 bestanden<br>Angek\u00f6rt: 21.4.2024<br><a href=\"https:\/\/purplearrow.ch\/?page_id=2677\" data-type=\"page\" data-id=\"2677\"><mark style=\"background-color:rgba(0, 0, 0, 0)\" class=\"has-inline-color has-light-green-cyan-color\">Bilder von Sayen<\/mark><\/a><br><\/p>\n<\/div><\/div>\n\n\n\n<h2 class=\"wp-block-heading\"><strong>Eltern vom S-Wurf<\/strong><\/h2>\n\n\n\n<figure class=\"wp-block-image size-large\"><img loading=\"lazy\" decoding=\"async\" width=\"1024\" height=\"590\" src=\"https:\/\/purplearrow.ch\/wp-content\/uploads\/2023\/10\/Lani-x-Chase-1024x590.jpg\" alt=\"\" class=\"wp-image-5580\" style=\"aspect-ratio:1.735593220338983\" srcset=\"https:\/\/purplearrow.ch\/wp-content\/uploads\/2023\/10\/Lani-x-Chase-1024x590.jpg 1024w, https:\/\/purplearrow.ch\/wp-content\/uploads\/2023\/10\/Lani-x-Chase-300x173.jpg 300w, https:\/\/purplearrow.ch\/wp-content\/uploads\/2023\/10\/Lani-x-Chase-768x442.jpg 768w, https:\/\/purplearrow.ch\/wp-content\/uploads\/2023\/10\/Lani-x-Chase.jpg 1169w\" sizes=\"auto, (max-width: 706px) 89vw, (max-width: 767px) 82vw, 740px\" \/><\/figure>\n\n\n\n<div class=\"wp-block-columns is-layout-flex wp-container-core-columns-is-layout-9d6595d7 wp-block-columns-is-layout-flex\">\n<div class=\"wp-block-column is-layout-flow wp-block-column-is-layout-flow\">\n<p class=\"has-medium-font-size\"><strong>Purple arrow&#8217;s Okalani<\/strong><\/p>\n\n\n\n<p style=\"font-size:14px\">Geboren: 27.6.2018<br>Red, c\/w<br>Vollst\u00e4ndiges Scherengebiss <br>Rute: lang<br>HD A\/A; ED 0\/0<br>LS-\u00dcGW Typ 0<br>Augen: frei<br>PRA N\/N; CEA N\/N<br>HSF4 N\/N; DM N\/N<br>CMR1 N\/N; MDR1 +\/+<br>M-Lokus: m\/m (non-merle)<br><br>Agility 2<br>Obedience 2 V AKZ<br>WAH 2<\/p>\n<\/div>\n\n\n\n<div class=\"wp-block-column is-layout-flow wp-block-column-is-layout-flow\">\n<p class=\"has-medium-font-size\"><strong><strong>Purple arrow&#8217;s Let  My Fly Chas<\/strong>e<\/strong><\/p>\n\n\n\n<p style=\"font-size:14px\">Geboren: 20.7.2014 &#8211; 7.3.2024<br>bluemerle, c\/w<br>Vollst\u00e4ndiges Scherengebiss<br>Rute: lang<br>HD A\/A; ED 0\/0<br>LS-\u00dcGW Typ 1<br>Augen: frei<br>PRA N\/N; CEA N\/N<br>HSF4 N\/N; DM N\/N<br>NCL N\/N; MDR1 +\/-<br>M-Lokus: M(266)\/m<br><br>Besitzerin: Erina Verhoek<br><br><a href=\"https:\/\/purplearrow.ch\/?page_id=714\" data-type=\"page\" data-id=\"714\"><mark style=\"background-color:rgba(0, 0, 0, 0)\" class=\"has-inline-color has-light-green-cyan-color\">Bilder von Chase<\/mark><\/a><\/p>\n<\/div>\n<\/div>\n\n\n\n<figure class=\"wp-block-image size-large is-resized\"><img loading=\"lazy\" decoding=\"async\" width=\"1024\" height=\"854\" src=\"https:\/\/purplearrow.ch\/wp-content\/uploads\/2022\/01\/Chase_240-1-1024x854.jpg\" alt=\"\" class=\"wp-image-227\" style=\"aspect-ratio:1.199063231850117;object-fit:cover;width:522px\" srcset=\"https:\/\/purplearrow.ch\/wp-content\/uploads\/2022\/01\/Chase_240-1-1024x854.jpg 1024w, https:\/\/purplearrow.ch\/wp-content\/uploads\/2022\/01\/Chase_240-1-300x250.jpg 300w, https:\/\/purplearrow.ch\/wp-content\/uploads\/2022\/01\/Chase_240-1-768x640.jpg 768w, https:\/\/purplearrow.ch\/wp-content\/uploads\/2022\/01\/Chase_240-1-1536x1281.jpg 1536w, https:\/\/purplearrow.ch\/wp-content\/uploads\/2022\/01\/Chase_240-1-1568x1307.jpg 1568w, https:\/\/purplearrow.ch\/wp-content\/uploads\/2022\/01\/Chase_240-1.jpg 1990w\" sizes=\"auto, (max-width: 706px) 89vw, (max-width: 767px) 82vw, 740px\" \/><\/figure>\n\n\n\n<div class=\"wp-block-columns alignwide is-layout-flex wp-container-core-columns-is-layout-9d6595d7 wp-block-columns-is-layout-flex\"><\/div>\n\n\n\n<div class=\"wp-block-columns is-layout-flex wp-container-core-columns-is-layout-9d6595d7 wp-block-columns-is-layout-flex\"><\/div>\n","protected":false},"excerpt":{"rendered":"<p>Donnerstag, 10. M\u00e4rz 20227 Welpen2 H\u00fcndinnen und 1 R\u00fcde Black c\/w2 R\u00fcden Red c\/w2 R\u00fcden Redmerle c\/w Bilder und Videos aus der WurfkisteS-Treffen vom 11.12.22S-Treffen vom 18.3.23 Pedigree S-Wurf Purple arrow&#8217;s Shikoba &#8222;Shelby&#8220;R\u00fcdeRedmerle, c\/wHSF4 N\/N (Eltern genetisch frei)PRA N\/N (Eltern genetisch frei)CEA N\/N (Eltern genetisch frei)DM N\/N (Eltern genetisch frei) Bilder von Shelby Purple arrow&#8217;s &hellip; <\/p>\n<p class=\"link-more\"><a href=\"https:\/\/purplearrow.ch\/?page_id=2626\" class=\"more-link\"><span class=\"screen-reader-text\">\u201eS-Wurf &#8211; 10.3.2022\u201c<\/span> weiterlesen<\/a><\/p>\n","protected":false},"author":1,"featured_media":0,"parent":70,"menu_order":-1,"comment_status":"closed","ping_status":"closed","template":"","meta":{"footnotes":""},"class_list":["post-2626","page","type-page","status-publish","hentry"],"_links":{"self":[{"href":"https:\/\/purplearrow.ch\/index.php?rest_route=\/wp\/v2\/pages\/2626","targetHints":{"allow":["GET"]}}],"collection":[{"href":"https:\/\/purplearrow.ch\/index.php?rest_route=\/wp\/v2\/pages"}],"about":[{"href":"https:\/\/purplearrow.ch\/index.php?rest_route=\/wp\/v2\/types\/page"}],"author":[{"embeddable":true,"href":"https:\/\/purplearrow.ch\/index.php?rest_route=\/wp\/v2\/users\/1"}],"replies":[{"embeddable":true,"href":"https:\/\/purplearrow.ch\/index.php?rest_route=%2Fwp%2Fv2%2Fcomments&post=2626"}],"version-history":[{"count":60,"href":"https:\/\/purplearrow.ch\/index.php?rest_route=\/wp\/v2\/pages\/2626\/revisions"}],"predecessor-version":[{"id":7841,"href":"https:\/\/purplearrow.ch\/index.php?rest_route=\/wp\/v2\/pages\/2626\/revisions\/7841"}],"up":[{"embeddable":true,"href":"https:\/\/purplearrow.ch\/index.php?rest_route=\/wp\/v2\/pages\/70"}],"wp:attachment":[{"href":"https:\/\/purplearrow.ch\/index.php?rest_route=%2Fwp%2Fv2%2Fmedia&parent=2626"}],"curies":[{"name":"wp","href":"https:\/\/api.w.org\/{rel}","templated":true}]}}