{"id":2356,"date":"2022-03-18T12:17:16","date_gmt":"2022-03-18T12:17:16","guid":{"rendered":"https:\/\/purplearrow.ch\/?page_id=2356"},"modified":"2023-01-20T16:32:25","modified_gmt":"2023-01-20T16:32:25","slug":"cddy-cdpa-ivdd","status":"publish","type":"page","link":"https:\/\/purplearrow.ch\/?page_id=2356","title":{"rendered":"CDDY \/ CDPA \/ IVDD"},"content":{"rendered":"\n<p style=\"font-size:15px\"><strong>Was ist CDDY \/ CDPA \/ IVDD &#8211; Chondrodystrophie?<\/strong><br><br>Die typisch kurze Beinl\u00e4nge wird bei diesen Rassen durch die sogenannte Chrondrodysplasie (CDPA), eine Fehbildung des Skeletts, hervorgerufen. Sie kann jedoch auch durch eine andere Erkrankung, die sogenannte Chondrodystrophie (CDDY), eine Unterversorgung der entsprechenden Knochen, entstehen. Das ist die gef\u00e4hrliche Ursache von beiden, denn sie ist mit einem erh\u00f6hten Risiko f\u00fcr einen Bandscheibenvorfall verbunden (Hansen\u00b4s Type I Intervertebral Disc Disease, IVDD). Ein Gentest kann Klarheit schaffen und den Z\u00fcchter die kurzbeinigen Hunde mit CDPA statt mit CDDY f\u00fcr die weitere Zucht ausw\u00e4hlen lassen. Eine weitere Besonderheit der CDDY ist die semi-dominante Vererbung. Das hei\u00dft, dass ein ver\u00e4ndertes Chromosom (Tr\u00e4ger der Gene) etwas k\u00fcrzere Beine macht, w\u00e4hrenddessen Hunde, die zwei ver\u00e4nderte Chromosomen besitzen sehr kurze Beine haben. Ein durch CDDY ver\u00e4nderstes Chromosom reicht aus, um das Risiko f\u00fcr IVDD signifikant (merklich) zu erh\u00f6hen. Die IVDD wird also autosomal-dominant vererbt und ist zu vermeiden. <br><br><em>Erbgang<\/em>: dominant f\u00fcr CDPA, semi-dominant f\u00fcr CDDY-bedingte Beinl\u00e4nge, dominant f\u00fcr IVDD-Risiko<br><br>CDDY-, CDPA-, IVDD-Tr\u00e4ger und -Betroffene werden bei den ASCS von der Zucht ausgeschlossen.<\/p>\n","protected":false},"excerpt":{"rendered":"<p>Was ist CDDY \/ CDPA \/ IVDD &#8211; Chondrodystrophie? Die typisch kurze Beinl\u00e4nge wird bei diesen Rassen durch die sogenannte Chrondrodysplasie (CDPA), eine Fehbildung des Skeletts, hervorgerufen. Sie kann jedoch auch durch eine andere Erkrankung, die sogenannte Chondrodystrophie (CDDY), eine Unterversorgung der entsprechenden Knochen, entstehen. Das ist die gef\u00e4hrliche Ursache von beiden, denn sie ist &hellip; <\/p>\n<p class=\"link-more\"><a href=\"https:\/\/purplearrow.ch\/?page_id=2356\" class=\"more-link\"><span class=\"screen-reader-text\">\u201eCDDY \/ CDPA \/ IVDD\u201c<\/span> weiterlesen<\/a><\/p>\n","protected":false},"author":1,"featured_media":0,"parent":74,"menu_order":10,"comment_status":"closed","ping_status":"closed","template":"","meta":{"footnotes":""},"class_list":["post-2356","page","type-page","status-publish","hentry"],"_links":{"self":[{"href":"https:\/\/purplearrow.ch\/index.php?rest_route=\/wp\/v2\/pages\/2356","targetHints":{"allow":["GET"]}}],"collection":[{"href":"https:\/\/purplearrow.ch\/index.php?rest_route=\/wp\/v2\/pages"}],"about":[{"href":"https:\/\/purplearrow.ch\/index.php?rest_route=\/wp\/v2\/types\/page"}],"author":[{"embeddable":true,"href":"https:\/\/purplearrow.ch\/index.php?rest_route=\/wp\/v2\/users\/1"}],"replies":[{"embeddable":true,"href":"https:\/\/purplearrow.ch\/index.php?rest_route=%2Fwp%2Fv2%2Fcomments&post=2356"}],"version-history":[{"count":3,"href":"https:\/\/purplearrow.ch\/index.php?rest_route=\/wp\/v2\/pages\/2356\/revisions"}],"predecessor-version":[{"id":4012,"href":"https:\/\/purplearrow.ch\/index.php?rest_route=\/wp\/v2\/pages\/2356\/revisions\/4012"}],"up":[{"embeddable":true,"href":"https:\/\/purplearrow.ch\/index.php?rest_route=\/wp\/v2\/pages\/74"}],"wp:attachment":[{"href":"https:\/\/purplearrow.ch\/index.php?rest_route=%2Fwp%2Fv2%2Fmedia&parent=2356"}],"curies":[{"name":"wp","href":"https:\/\/api.w.org\/{rel}","templated":true}]}}