{"id":1397,"date":"2022-01-22T20:58:47","date_gmt":"2022-01-22T20:58:47","guid":{"rendered":"https:\/\/purplearrow.ch\/?page_id=1397"},"modified":"2024-09-12T18:49:15","modified_gmt":"2024-09-12T18:49:15","slug":"energy","status":"publish","type":"page","link":"https:\/\/purplearrow.ch\/?page_id=1397","title":{"rendered":"Energy"},"content":{"rendered":"\n<div class=\"wp-block-media-text is-stacked-on-mobile\"><figure class=\"wp-block-media-text__media\"><img loading=\"lazy\" decoding=\"async\" width=\"753\" height=\"1018\" src=\"https:\/\/purplearrow.ch\/wp-content\/uploads\/2022\/01\/Energy_ordnerruecken.jpg\" alt=\"\" class=\"wp-image-353 size-full\" srcset=\"https:\/\/purplearrow.ch\/wp-content\/uploads\/2022\/01\/Energy_ordnerruecken.jpg 753w, https:\/\/purplearrow.ch\/wp-content\/uploads\/2022\/01\/Energy_ordnerruecken-222x300.jpg 222w\" sizes=\"auto, (max-width: 706px) 89vw, (max-width: 767px) 82vw, 740px\" \/><\/figure><div class=\"wp-block-media-text__content\">\n<p style=\"font-size:16px\"><strong>Purple arrow&#8217;s Energy Black Eldri<\/strong><br>Geb.: 6.7.2014 &#8211; 13.4.2023<br>B, c\/w, red factored<br>Vollst\u00e4ndiges Scherengebiss<br>Rute: lang<br>HD A\/A; ED 0\/0<br>PRA N\/N; CEA N\/N<br>HSF4 N\/N; DM N\/N; MDR1 +\/+<br><br>Begleithund 1 AKZ<br>Agility 3<br>Rally Obedience B-Gold<br>Obedience 1 FCI AKZ<br><br>Deutscher-Veteranen-Champion<br><br><a href=\"https:\/\/purplearrow.ch\/wp-content\/uploads\/2024\/04\/Energy-Pedigree.pdf\" data-type=\"attachment\" data-id=\"6207\"><mark style=\"background-color:rgba(0, 0, 0, 0)\" class=\"has-inline-color has-luminous-vivid-amber-color\">Pedigree<\/mark><\/a><br><br><strong><a href=\"https:\/\/purplearrow.ch\/?page_id=1025\" data-type=\"page\" data-id=\"1025\"><mark style=\"background-color:rgba(0, 0, 0, 0)\" class=\"has-inline-color has-luminous-vivid-amber-color\">H-Wurf<\/mark><\/a><\/strong> <strong><a href=\"https:\/\/purplearrow.ch\/?page_id=694\" data-type=\"page\" data-id=\"694\"><mark style=\"background-color:rgba(0, 0, 0, 0)\" class=\"has-inline-color has-luminous-vivid-amber-color\">L-Wurf<\/mark><\/a><\/strong><\/p>\n<\/div><\/div>\n\n\n\n<p style=\"font-size:15px\">Energy mit 14 Jahren<\/p>\n\n\n\n<figure class=\"wp-block-image size-large is-resized is-style-default\"><img loading=\"lazy\" decoding=\"async\" width=\"1024\" height=\"683\" src=\"https:\/\/purplearrow.ch\/wp-content\/uploads\/2022\/01\/Energy_14-Jahre-1024x683.jpg\" alt=\"\" class=\"wp-image-114\" srcset=\"https:\/\/purplearrow.ch\/wp-content\/uploads\/2022\/01\/Energy_14-Jahre-1024x683.jpg 1024w, https:\/\/purplearrow.ch\/wp-content\/uploads\/2022\/01\/Energy_14-Jahre-300x200.jpg 300w, https:\/\/purplearrow.ch\/wp-content\/uploads\/2022\/01\/Energy_14-Jahre-768x512.jpg 768w, https:\/\/purplearrow.ch\/wp-content\/uploads\/2022\/01\/Energy_14-Jahre-1536x1024.jpg 1536w, https:\/\/purplearrow.ch\/wp-content\/uploads\/2022\/01\/Energy_14-Jahre-1568x1046.jpg 1568w, https:\/\/purplearrow.ch\/wp-content\/uploads\/2022\/01\/Energy_14-Jahre.jpg 1807w\" sizes=\"auto, (max-width: 706px) 89vw, (max-width: 767px) 82vw, 740px\" \/><\/figure>\n\n\n\n<p style=\"font-size:15px\">Energy mit 12 Jahren, immernoch fit und temperamentvoll<\/p>\n\n\n\n<figure class=\"wp-block-image size-large is-resized\"><img loading=\"lazy\" decoding=\"async\" width=\"683\" height=\"1024\" src=\"https:\/\/purplearrow.ch\/wp-content\/uploads\/2022\/01\/Energy_2020-683x1024.jpg\" alt=\"\" class=\"wp-image-1763\" srcset=\"https:\/\/purplearrow.ch\/wp-content\/uploads\/2022\/01\/Energy_2020-683x1024.jpg 683w, https:\/\/purplearrow.ch\/wp-content\/uploads\/2022\/01\/Energy_2020-200x300.jpg 200w, https:\/\/purplearrow.ch\/wp-content\/uploads\/2022\/01\/Energy_2020-768x1152.jpg 768w, https:\/\/purplearrow.ch\/wp-content\/uploads\/2022\/01\/Energy_2020-1024x1536.jpg 1024w, https:\/\/purplearrow.ch\/wp-content\/uploads\/2022\/01\/Energy_2020-1365x2048.jpg 1365w, https:\/\/purplearrow.ch\/wp-content\/uploads\/2022\/01\/Energy_2020-scaled.jpg 1707w\" sizes=\"auto, (max-width: 683px) 100vw, 683px\" \/><\/figure>\n\n\n\n<figure class=\"wp-block-gallery has-nested-images columns-default is-cropped wp-block-gallery-1 is-layout-flex wp-block-gallery-is-layout-flex\">\n<figure class=\"wp-block-image size-large\"><img loading=\"lazy\" decoding=\"async\" width=\"683\" height=\"1024\" data-id=\"1765\" src=\"https:\/\/purplearrow.ch\/wp-content\/uploads\/2022\/01\/Energy-veteranen-champion-VDH-1-683x1024.jpg\" alt=\"\" class=\"wp-image-1765\" srcset=\"https:\/\/purplearrow.ch\/wp-content\/uploads\/2022\/01\/Energy-veteranen-champion-VDH-1-683x1024.jpg 683w, https:\/\/purplearrow.ch\/wp-content\/uploads\/2022\/01\/Energy-veteranen-champion-VDH-1-200x300.jpg 200w, https:\/\/purplearrow.ch\/wp-content\/uploads\/2022\/01\/Energy-veteranen-champion-VDH-1-768x1152.jpg 768w, https:\/\/purplearrow.ch\/wp-content\/uploads\/2022\/01\/Energy-veteranen-champion-VDH-1-1024x1536.jpg 1024w, https:\/\/purplearrow.ch\/wp-content\/uploads\/2022\/01\/Energy-veteranen-champion-VDH-1.jpg 1144w\" sizes=\"auto, (max-width: 683px) 100vw, 683px\" \/><\/figure>\n\n\n\n<figure class=\"wp-block-image size-large\"><img loading=\"lazy\" decoding=\"async\" width=\"683\" height=\"1024\" data-id=\"1766\" src=\"https:\/\/purplearrow.ch\/wp-content\/uploads\/2022\/01\/Energy_001-683x1024.jpg\" alt=\"\" class=\"wp-image-1766\" srcset=\"https:\/\/purplearrow.ch\/wp-content\/uploads\/2022\/01\/Energy_001-683x1024.jpg 683w, https:\/\/purplearrow.ch\/wp-content\/uploads\/2022\/01\/Energy_001-200x300.jpg 200w, https:\/\/purplearrow.ch\/wp-content\/uploads\/2022\/01\/Energy_001-768x1152.jpg 768w, https:\/\/purplearrow.ch\/wp-content\/uploads\/2022\/01\/Energy_001-1024x1536.jpg 1024w, https:\/\/purplearrow.ch\/wp-content\/uploads\/2022\/01\/Energy_001-1365x2048.jpg 1365w, https:\/\/purplearrow.ch\/wp-content\/uploads\/2022\/01\/Energy_001-scaled.jpg 1706w\" sizes=\"auto, (max-width: 683px) 100vw, 683px\" \/><\/figure>\n<\/figure>\n\n\n\n<p style=\"font-size:15px\">27.8.2017 Donaueschingen D, Richterin: Joyce Siddall, USA<br>V1 Veteranen Klasse; Best Swiss Bred, Top 5 Females<br>1. Rang: Combination Cup (Agility,  Ausstellung) <br>2. Rang: Superdog 2017 (Ausstellung, Agility, Obedience) <\/p>\n\n\n\n<figure class=\"wp-block-image size-full is-resized is-style-default\"><img loading=\"lazy\" decoding=\"async\" width=\"954\" height=\"636\" src=\"https:\/\/purplearrow.ch\/wp-content\/uploads\/2022\/01\/Energy_2017_0013.jpg\" alt=\"\" class=\"wp-image-1773\" srcset=\"https:\/\/purplearrow.ch\/wp-content\/uploads\/2022\/01\/Energy_2017_0013.jpg 954w, https:\/\/purplearrow.ch\/wp-content\/uploads\/2022\/01\/Energy_2017_0013-300x200.jpg 300w, https:\/\/purplearrow.ch\/wp-content\/uploads\/2022\/01\/Energy_2017_0013-768x512.jpg 768w\" sizes=\"auto, (max-width: 706px) 89vw, (max-width: 767px) 82vw, 740px\" \/><\/figure>\n\n\n\n<p style=\"font-size:15px\">8.8.2016 Donaueschingen D, Richterin: Sharon Sparks, USA<br>V1 Veteranen Klasse; Best Veteran; Best Swiss Bred, Top 5 Females<br>2. Rang: Combination Cup (Agility, Ausstellung) <\/p>\n\n\n\n<figure class=\"wp-block-image size-large is-resized is-style-default\"><img loading=\"lazy\" decoding=\"async\" width=\"853\" height=\"1024\" src=\"https:\/\/purplearrow.ch\/wp-content\/uploads\/2022\/01\/Energy_2016_0010-853x1024.jpg\" alt=\"\" class=\"wp-image-1767\" srcset=\"https:\/\/purplearrow.ch\/wp-content\/uploads\/2022\/01\/Energy_2016_0010-853x1024.jpg 853w, https:\/\/purplearrow.ch\/wp-content\/uploads\/2022\/01\/Energy_2016_0010-250x300.jpg 250w, https:\/\/purplearrow.ch\/wp-content\/uploads\/2022\/01\/Energy_2016_0010-768x922.jpg 768w, https:\/\/purplearrow.ch\/wp-content\/uploads\/2022\/01\/Energy_2016_0010-1280x1536.jpg 1280w, https:\/\/purplearrow.ch\/wp-content\/uploads\/2022\/01\/Energy_2016_0010-1707x2048.jpg 1707w\" sizes=\"auto, (max-width: 706px) 89vw, (max-width: 767px) 82vw, 740px\" \/><\/figure>\n\n\n\n<p style=\"font-size:15px\">Energy hat sich f\u00fcr die Crufts vom 10. bis 13. M\u00e4rz in Birmingham England qualifiziert, die gr\u00f6sste Ausstellung der Welt, Curfts &#8211; The Nec 2016.<br>Es war die best organisierteste Ausstellung die wir je gesehen haben, es hat einfach alles hervorragen geklappt, obwohl mehr als 22 000 Hunde ausgestellt wurden und jeden Tag auch noch Vorf\u00fchrungen und Wettk\u00e4mpfe in den Sparten Dogdance, Obedience, Agility, Flyball und vieles mehr geboten wurde.<\/p>\n\n\n\n<figure class=\"wp-block-image size-large is-resized\"><img loading=\"lazy\" decoding=\"async\" width=\"1024\" height=\"820\" src=\"https:\/\/purplearrow.ch\/wp-content\/uploads\/2022\/02\/Energy_004-1024x820.jpg\" alt=\"\" class=\"wp-image-1965\" srcset=\"https:\/\/purplearrow.ch\/wp-content\/uploads\/2022\/02\/Energy_004-1024x820.jpg 1024w, https:\/\/purplearrow.ch\/wp-content\/uploads\/2022\/02\/Energy_004-300x240.jpg 300w, https:\/\/purplearrow.ch\/wp-content\/uploads\/2022\/02\/Energy_004-768x615.jpg 768w, https:\/\/purplearrow.ch\/wp-content\/uploads\/2022\/02\/Energy_004.jpg 1508w\" sizes=\"auto, (max-width: 706px) 89vw, (max-width: 767px) 82vw, 740px\" \/><\/figure>\n\n\n\n<p style=\"font-size:15px\">4.10.2015 Grenchen, ASCS-Club-Show, Richter: Hans Ulrich H\u00e4berli<br>ASCS-Club Sieger 2015, offene Klasse <br>V1 CAC, Beste H\u00fcndin, BOB und Best gezogene H\u00fcndin der Schweiz<\/p>\n\n\n\n<figure class=\"wp-block-image size-full is-resized\"><img loading=\"lazy\" decoding=\"async\" width=\"258\" height=\"266\" src=\"https:\/\/purplearrow.ch\/wp-content\/uploads\/2022\/01\/Energy_2015_0014.jpg\" alt=\"\" class=\"wp-image-1778\"\/><\/figure>\n\n\n\n<p style=\"font-size:15px\">23.8.2015 Donaueschingen, Richter: Donavon Thompson, USA<br>V1 CAC, Beste H\u00fcndin, VDH CH Anwartschaft, Best of Breed, Best of Swiss Bred<br>1. Platz: Combination Cup (Agility, Ausstellung) <br>3. Platz: Superdog 2015 (Agility, Obedience, Ausstellung)<\/p>\n\n\n\n<figure class=\"wp-block-image size-large is-resized is-style-default\"><img loading=\"lazy\" decoding=\"async\" width=\"853\" height=\"1024\" src=\"https:\/\/purplearrow.ch\/wp-content\/uploads\/2022\/01\/Energy_009-853x1024.jpg\" alt=\"\" class=\"wp-image-1768\" srcset=\"https:\/\/purplearrow.ch\/wp-content\/uploads\/2022\/01\/Energy_009-853x1024.jpg 853w, https:\/\/purplearrow.ch\/wp-content\/uploads\/2022\/01\/Energy_009-250x300.jpg 250w, https:\/\/purplearrow.ch\/wp-content\/uploads\/2022\/01\/Energy_009-768x922.jpg 768w, https:\/\/purplearrow.ch\/wp-content\/uploads\/2022\/01\/Energy_009-1280x1536.jpg 1280w, https:\/\/purplearrow.ch\/wp-content\/uploads\/2022\/01\/Energy_009-1707x2048.jpg 1707w\" sizes=\"auto, (max-width: 706px) 89vw, (max-width: 767px) 82vw, 740px\" \/><\/figure>\n\n\n\n<p style=\"font-size:15px\">11.7.2010 Donaueschingen, Richterin: Sheila Polk, USA<br>V1 Offene Klasse; Beste H\u00fcndin; Best of Breed; Best Swiss Bred<br>1. Rang: Combination Cup (Agility, Ausstellung <br>3. Rang: Superdog 2010 (Agility, Obedience, Ausstellung)<\/p>\n\n\n\n<figure class=\"wp-block-image size-full is-resized is-style-default\"><img loading=\"lazy\" decoding=\"async\" width=\"400\" height=\"384\" src=\"https:\/\/purplearrow.ch\/wp-content\/uploads\/2022\/01\/Energy_2010_0015.jpg\" alt=\"\" class=\"wp-image-1774\" srcset=\"https:\/\/purplearrow.ch\/wp-content\/uploads\/2022\/01\/Energy_2010_0015.jpg 400w, https:\/\/purplearrow.ch\/wp-content\/uploads\/2022\/01\/Energy_2010_0015-300x288.jpg 300w\" sizes=\"auto, (max-width: 400px) 100vw, 400px\" \/><\/figure>\n\n\n\n<figure class=\"wp-block-image size-full is-resized\"><img loading=\"lazy\" decoding=\"async\" width=\"365\" height=\"243\" src=\"https:\/\/purplearrow.ch\/wp-content\/uploads\/2022\/01\/Energy_2010_0014.jpg\" alt=\"\" class=\"wp-image-1775\" srcset=\"https:\/\/purplearrow.ch\/wp-content\/uploads\/2022\/01\/Energy_2010_0014.jpg 365w, https:\/\/purplearrow.ch\/wp-content\/uploads\/2022\/01\/Energy_2010_0014-300x200.jpg 300w\" sizes=\"auto, (max-width: 365px) 100vw, 365px\" \/><\/figure>\n\n\n\n<p style=\"font-size:14px\"><strong><em>Ihre bisherigen Ausstellungs-Erfolge:<br><br><\/em>3. 12. 2017 IHA Karlsruhe D, <\/strong>Petra Bartz D<br>V1 Veteranen-Klasse, Veteranensieger Baden-W\u00fcrttemberg, Alpen-Veteranensieger<br><strong>2. 12. 2017 NHA Karlsruhe D,<\/strong> Muriel Clementz F, V1 Veteranen <br><strong>27. 8. 2017 Australian Shepherd Versatility Weekend, Donaueschingen D<br>Richterin: Joyce Siddall, USA<br><\/strong>V1 Veteranen, Best Swiss Bred, Top 5 Females<br>1. Platz: Combination Cup Agility, Ausstellung<br>2. Platz: Superdog 2017 (Ausstellung, Agility, Obedience)<br><strong>4. 6. 2017 32. IHA Neunkirchen D, <\/strong>Ch. Habig D<br>V1 Veteranen, Best Veteran, Saarland-Veteranensieger 2017<br><strong>5. 6. 2017 8. NHA in Neunkirchen D, <\/strong>Peter Machetanz D<br>V1 Veteranen, Best Veteran<br><strong>28. 8. 2016 Australian Shepherd Versatility Weekend, Donaueschingen D<br>Richterin: Sharon Sparks, USA<br><\/strong>V1 Veteranen, Best Veteran, Best Swiss Bred, Top 5 Females<br>2. Platz: Combination Cup Agility, Ausstellung<br><strong>22.11.2015 IHA Genf<\/strong>, Hans Ulrich H\u00e4berli, CH<br>V1\/CAC\/CACIB\/BOB <br><strong>4. 10. 2015 ASCS-Club-Show Grenchen, <\/strong>Richter: Hans Ulrich H\u00e4berli, CH<br>V1 CAC\/BOB, ASCS-Clubsieger 2015<br>Sonderpreis: Bester in der Schweiz gezogene H\u00fcndin<br><strong>23. 8. 2015 Australian Shepherd Versatility Weekend, Donaueschingen D<br>Richter: Donavon Thompson, USA<br><\/strong>V1 CAC\/CAC-VDH\/BOB, Best Swiss Bred<br>1. Platz: Combination Cup Agility, Ausstellung<br>3. Platz: Superdog 2015 (Agility, Obedience, Ausstellung)<br><br><strong>15. 5. 11 IHA St.Gallen<\/strong>, W.Schicker;  V2 Res-CAC <br><strong>14. 5. 11 IHA St.Gallen<\/strong>, Ch Senn; V1 CAC\/CACIB   <br><strong>19. 2. 11 IHA Fribourg<\/strong>, W.Peper D;  V2 Res-CAC <br><strong>11. 7. 10 Australian Shepherd Versatility Weekend, Donaueschingen DE<br>Richterin: Sheila Polk, USA<br><\/strong>V1 CAC\/CAC-VDH\/BOB, Best Swiss Bred<br><br><strong>Welpen-\/J\u00fcngsten- und Jugendklasse<\/strong><br>V1 CAC\/ Jugendsieger; 19.10.08 IHA Lausanne<br>V1 CAC\/ Jugendsieger; 18.10.08 IHA Lausanne<br>VV2; 20.07.08 Australian Shepherd Versatility Weekend, Donaueschingen DE<br>VV1 \/ J\u00fcngstensieger; 13.7.08 NHA Cani\u2019Bulle<br>VV1 \/ J\u00fcngstensieger; 22.6.08 IHA Luzern<br>VV1; 24.02.08 IHA Fribourg<br>VV1 \/ Welpensieger; 23.2.08 IHA Fribourg<\/p>\n\n\n\n<p style=\"font-size:14px\"><strong>Beurteilung von Herrn Ch. Habig D, 4. 7. 2017<br><\/strong>Sehr Typ H\u00fcndin, in Bester Kondition, erstklassige Linien, ganz sauber gestellt, super Schulter und R\u00fccken, vorz\u00fcglicher Kopf, viel Ausstrahlung, Traumhafte Bewegung, Hervorragend.<strong><br><br>Beurteilung von Frau Ch. Senn CH, 22. 8. 2008<br><\/strong>7-Monate alte harmonisch entwickelte Jungh\u00fcndin mit sehr sch\u00f6ner Knochenst\u00e4rke. Ansprechender H\u00fcndinnenkopf mit Scherengebiss, korrekten Details, harmonische gute obere und untere Linie, gute Winkelungen. Vorne korrekter Stand, hinten leicht ausdrehend, freie und fl\u00fcssige Bewegung, zeitweise mit Schub, sch\u00f6n getragene Rute. Blacktri Farbe mit korrekter Pigmentierung, gute Haarstruktur. Aufgestelltes, liebes Wesen.<\/p>\n\n\n\n<p style=\"font-size:14px\"><strong>Arbeitspr\u00fcfungen:<br><\/strong>Agility 3<br>BH1 mit AKZ<br>Obedience Beginners 1. Rang V AKZ<br>Obedience 1 FCI V AKZ, Obedience 1 V AKZ, Obedience 2<\/p>\n\n\n\n<figure class=\"wp-block-image size-full is-resized is-style-default\"><img loading=\"lazy\" decoding=\"async\" width=\"389\" height=\"259\" src=\"https:\/\/purplearrow.ch\/wp-content\/uploads\/2022\/01\/Energy_007.jpg\" alt=\"\" class=\"wp-image-1780\" srcset=\"https:\/\/purplearrow.ch\/wp-content\/uploads\/2022\/01\/Energy_007.jpg 389w, https:\/\/purplearrow.ch\/wp-content\/uploads\/2022\/01\/Energy_007-300x200.jpg 300w\" sizes=\"auto, (max-width: 389px) 100vw, 389px\" \/><\/figure>\n\n\n\n<figure class=\"wp-block-image size-full is-resized is-style-default\"><img loading=\"lazy\" decoding=\"async\" width=\"368\" height=\"245\" src=\"https:\/\/purplearrow.ch\/wp-content\/uploads\/2022\/01\/Energy_008.jpg\" alt=\"\" class=\"wp-image-1781\" srcset=\"https:\/\/purplearrow.ch\/wp-content\/uploads\/2022\/01\/Energy_008.jpg 368w, https:\/\/purplearrow.ch\/wp-content\/uploads\/2022\/01\/Energy_008-300x200.jpg 300w\" sizes=\"auto, (max-width: 368px) 100vw, 368px\" \/><\/figure>\n\n\n\n<figure class=\"wp-block-image size-full is-resized is-style-default\"><img loading=\"lazy\" decoding=\"async\" width=\"352\" height=\"422\" src=\"https:\/\/purplearrow.ch\/wp-content\/uploads\/2022\/01\/Energy_0011.jpg\" alt=\"\" class=\"wp-image-1782\" srcset=\"https:\/\/purplearrow.ch\/wp-content\/uploads\/2022\/01\/Energy_0011.jpg 352w, https:\/\/purplearrow.ch\/wp-content\/uploads\/2022\/01\/Energy_0011-250x300.jpg 250w\" sizes=\"auto, (max-width: 352px) 100vw, 352px\" \/><\/figure>\n\n\n\n<figure class=\"wp-block-image size-full is-resized is-style-default\"><img loading=\"lazy\" decoding=\"async\" width=\"348\" height=\"232\" src=\"https:\/\/purplearrow.ch\/wp-content\/uploads\/2022\/01\/Energy_0012.jpg\" alt=\"\" class=\"wp-image-1784\" srcset=\"https:\/\/purplearrow.ch\/wp-content\/uploads\/2022\/01\/Energy_0012.jpg 348w, https:\/\/purplearrow.ch\/wp-content\/uploads\/2022\/01\/Energy_0012-300x200.jpg 300w\" sizes=\"auto, (max-width: 348px) 100vw, 348px\" \/><\/figure>\n\n\n\n<figure class=\"wp-block-image size-full is-resized is-style-default\"><img loading=\"lazy\" decoding=\"async\" width=\"339\" height=\"226\" src=\"https:\/\/purplearrow.ch\/wp-content\/uploads\/2022\/01\/Energy_0014.jpg\" alt=\"\" class=\"wp-image-1785\" srcset=\"https:\/\/purplearrow.ch\/wp-content\/uploads\/2022\/01\/Energy_0014.jpg 339w, https:\/\/purplearrow.ch\/wp-content\/uploads\/2022\/01\/Energy_0014-300x200.jpg 300w\" sizes=\"auto, (max-width: 339px) 100vw, 339px\" \/><\/figure>\n\n\n\n<p style=\"font-size:15px\">Spass in der Welpenspielstunde<\/p>\n\n\n\n<figure class=\"wp-block-image size-full is-resized is-style-default\"><img loading=\"lazy\" decoding=\"async\" width=\"400\" height=\"267\" src=\"https:\/\/purplearrow.ch\/wp-content\/uploads\/2022\/01\/Energy_0017.jpg\" alt=\"\" class=\"wp-image-1786\" srcset=\"https:\/\/purplearrow.ch\/wp-content\/uploads\/2022\/01\/Energy_0017.jpg 400w, https:\/\/purplearrow.ch\/wp-content\/uploads\/2022\/01\/Energy_0017-300x200.jpg 300w\" sizes=\"auto, (max-width: 400px) 100vw, 400px\" \/><\/figure>\n\n\n\n<p style=\"font-size:15px\">6 Wochen<\/p>\n\n\n\n<figure class=\"wp-block-image size-large is-resized is-style-default\"><img loading=\"lazy\" decoding=\"async\" width=\"1024\" height=\"683\" src=\"https:\/\/purplearrow.ch\/wp-content\/uploads\/2022\/01\/Energy_006-1024x683.jpg\" alt=\"\" class=\"wp-image-1787\" srcset=\"https:\/\/purplearrow.ch\/wp-content\/uploads\/2022\/01\/Energy_006-1024x683.jpg 1024w, https:\/\/purplearrow.ch\/wp-content\/uploads\/2022\/01\/Energy_006-300x200.jpg 300w, https:\/\/purplearrow.ch\/wp-content\/uploads\/2022\/01\/Energy_006-768x512.jpg 768w, https:\/\/purplearrow.ch\/wp-content\/uploads\/2022\/01\/Energy_006-1536x1024.jpg 1536w, https:\/\/purplearrow.ch\/wp-content\/uploads\/2022\/01\/Energy_006.jpg 1548w\" sizes=\"auto, (max-width: 706px) 89vw, (max-width: 767px) 82vw, 740px\" \/><\/figure>\n\n\n\n<p style=\"font-size:15px\">4 Wochen<\/p>\n\n\n\n<figure class=\"wp-block-image size-large is-resized is-style-default\"><img loading=\"lazy\" decoding=\"async\" width=\"853\" height=\"1024\" src=\"https:\/\/purplearrow.ch\/wp-content\/uploads\/2022\/01\/Energy_0016-853x1024.jpg\" alt=\"\" class=\"wp-image-1788\" srcset=\"https:\/\/purplearrow.ch\/wp-content\/uploads\/2022\/01\/Energy_0016-853x1024.jpg 853w, https:\/\/purplearrow.ch\/wp-content\/uploads\/2022\/01\/Energy_0016-250x300.jpg 250w, https:\/\/purplearrow.ch\/wp-content\/uploads\/2022\/01\/Energy_0016-768x922.jpg 768w, https:\/\/purplearrow.ch\/wp-content\/uploads\/2022\/01\/Energy_0016.jpg 1084w\" sizes=\"auto, (max-width: 706px) 89vw, (max-width: 767px) 82vw, 740px\" \/><\/figure>\n\n\n\n<p style=\"font-size:15px\">9 Tage alt und 990g schwer<\/p>\n\n\n\n<figure class=\"wp-block-image size-large is-resized\"><img loading=\"lazy\" decoding=\"async\" width=\"853\" height=\"1024\" src=\"https:\/\/purplearrow.ch\/wp-content\/uploads\/2022\/01\/Energy_005-853x1024.jpg\" alt=\"\" class=\"wp-image-1789\" srcset=\"https:\/\/purplearrow.ch\/wp-content\/uploads\/2022\/01\/Energy_005-853x1024.jpg 853w, https:\/\/purplearrow.ch\/wp-content\/uploads\/2022\/01\/Energy_005-250x300.jpg 250w, https:\/\/purplearrow.ch\/wp-content\/uploads\/2022\/01\/Energy_005-768x921.jpg 768w, https:\/\/purplearrow.ch\/wp-content\/uploads\/2022\/01\/Energy_005.jpg 1261w\" sizes=\"auto, (max-width: 706px) 89vw, (max-width: 767px) 82vw, 740px\" \/><\/figure>\n\n\n\n<h3 class=\"wp-block-heading\" id=\"mutter-purple-arrow-s-chilaili-kimi\" style=\"font-size:16px\"><strong>Mutter: Purple arrow&#8217;s Chilaili Kimi<\/strong><\/h3>\n\n\n\n<figure class=\"wp-block-image size-large is-resized is-style-default\"><img loading=\"lazy\" decoding=\"async\" width=\"853\" height=\"1024\" src=\"https:\/\/purplearrow.ch\/wp-content\/uploads\/2022\/01\/Kimi-853x1024.jpg\" alt=\"\" class=\"wp-image-1407\" srcset=\"https:\/\/purplearrow.ch\/wp-content\/uploads\/2022\/01\/Kimi-853x1024.jpg 853w, https:\/\/purplearrow.ch\/wp-content\/uploads\/2022\/01\/Kimi-250x300.jpg 250w, https:\/\/purplearrow.ch\/wp-content\/uploads\/2022\/01\/Kimi-768x922.jpg 768w, https:\/\/purplearrow.ch\/wp-content\/uploads\/2022\/01\/Kimi-1280x1536.jpg 1280w, https:\/\/purplearrow.ch\/wp-content\/uploads\/2022\/01\/Kimi.jpg 1338w\" sizes=\"auto, (max-width: 706px) 89vw, (max-width: 767px) 82vw, 740px\" \/><\/figure>\n\n\n\n<h3 class=\"wp-block-heading\" id=\"vater-mill-creek-s-night-flight-kanoa\" style=\"font-size:16px\"><strong>Vater: Mill Creek&#8217;s Night Flight &#8222;Kanoa&#8220;<\/strong><\/h3>\n\n\n\n<figure class=\"wp-block-image size-full is-style-default\"><img loading=\"lazy\" decoding=\"async\" width=\"476\" height=\"397\" src=\"https:\/\/purplearrow.ch\/wp-content\/uploads\/2022\/01\/K-Wurf-kanoa.jpg\" alt=\"\" class=\"wp-image-1189\" srcset=\"https:\/\/purplearrow.ch\/wp-content\/uploads\/2022\/01\/K-Wurf-kanoa.jpg 476w, https:\/\/purplearrow.ch\/wp-content\/uploads\/2022\/01\/K-Wurf-kanoa-300x250.jpg 300w\" sizes=\"auto, (max-width: 476px) 100vw, 476px\" \/><\/figure>\n\n\n\n<p><\/p>\n","protected":false},"excerpt":{"rendered":"<p>Purple arrow&#8217;s Energy Black EldriGeb.: 6.7.2014 &#8211; 13.4.2023B, c\/w, red factoredVollst\u00e4ndiges ScherengebissRute: langHD A\/A; ED 0\/0PRA N\/N; CEA N\/NHSF4 N\/N; DM N\/N; MDR1 +\/+ Begleithund 1 AKZAgility 3Rally Obedience B-GoldObedience 1 FCI AKZ Deutscher-Veteranen-Champion Pedigree H-Wurf L-Wurf Energy mit 14 Jahren Energy mit 12 Jahren, immernoch fit und temperamentvoll 27.8.2017 Donaueschingen D, Richterin: Joyce Siddall, &hellip; <\/p>\n<p class=\"link-more\"><a href=\"https:\/\/purplearrow.ch\/?page_id=1397\" class=\"more-link\"><span class=\"screen-reader-text\">\u201eEnergy\u201c<\/span> weiterlesen<\/a><\/p>\n","protected":false},"author":1,"featured_media":0,"parent":250,"menu_order":3,"comment_status":"closed","ping_status":"closed","template":"","meta":{"footnotes":""},"class_list":["post-1397","page","type-page","status-publish","hentry"],"_links":{"self":[{"href":"https:\/\/purplearrow.ch\/index.php?rest_route=\/wp\/v2\/pages\/1397","targetHints":{"allow":["GET"]}}],"collection":[{"href":"https:\/\/purplearrow.ch\/index.php?rest_route=\/wp\/v2\/pages"}],"about":[{"href":"https:\/\/purplearrow.ch\/index.php?rest_route=\/wp\/v2\/types\/page"}],"author":[{"embeddable":true,"href":"https:\/\/purplearrow.ch\/index.php?rest_route=\/wp\/v2\/users\/1"}],"replies":[{"embeddable":true,"href":"https:\/\/purplearrow.ch\/index.php?rest_route=%2Fwp%2Fv2%2Fcomments&post=1397"}],"version-history":[{"count":27,"href":"https:\/\/purplearrow.ch\/index.php?rest_route=\/wp\/v2\/pages\/1397\/revisions"}],"predecessor-version":[{"id":6211,"href":"https:\/\/purplearrow.ch\/index.php?rest_route=\/wp\/v2\/pages\/1397\/revisions\/6211"}],"up":[{"embeddable":true,"href":"https:\/\/purplearrow.ch\/index.php?rest_route=\/wp\/v2\/pages\/250"}],"wp:attachment":[{"href":"https:\/\/purplearrow.ch\/index.php?rest_route=%2Fwp%2Fv2%2Fmedia&parent=1397"}],"curies":[{"name":"wp","href":"https:\/\/api.w.org\/{rel}","templated":true}]}}