{"id":1383,"date":"2022-01-22T20:34:01","date_gmt":"2022-01-22T20:34:01","guid":{"rendered":"https:\/\/purplearrow.ch\/?page_id=1383"},"modified":"2025-04-27T13:55:59","modified_gmt":"2025-04-27T13:55:59","slug":"grace","status":"publish","type":"page","link":"https:\/\/purplearrow.ch\/?page_id=1383","title":{"rendered":"Grace"},"content":{"rendered":"\n<div class=\"wp-block-media-text alignwide is-stacked-on-mobile\" style=\"grid-template-columns:39% auto\"><figure class=\"wp-block-media-text__media\"><img loading=\"lazy\" decoding=\"async\" width=\"736\" height=\"1024\" src=\"https:\/\/purplearrow.ch\/wp-content\/uploads\/2022\/01\/Grace_201-736x1024.jpg\" alt=\"\" class=\"wp-image-350 size-full\" srcset=\"https:\/\/purplearrow.ch\/wp-content\/uploads\/2022\/01\/Grace_201-736x1024.jpg 736w, https:\/\/purplearrow.ch\/wp-content\/uploads\/2022\/01\/Grace_201-216x300.jpg 216w, https:\/\/purplearrow.ch\/wp-content\/uploads\/2022\/01\/Grace_201-768x1068.jpg 768w, https:\/\/purplearrow.ch\/wp-content\/uploads\/2022\/01\/Grace_201-1104x1536.jpg 1104w, https:\/\/purplearrow.ch\/wp-content\/uploads\/2022\/01\/Grace_201-1473x2048.jpg 1473w, https:\/\/purplearrow.ch\/wp-content\/uploads\/2022\/01\/Grace_201.jpg 1566w\" sizes=\"auto, (max-width: 736px) 100vw, 736px\" \/><\/figure><div class=\"wp-block-media-text__content\">\n<h3 class=\"wp-block-heading\" style=\"font-size:16px;line-height:1.5\"><br><strong>Goddes of Heaven Grace <\/strong><br><strong>of the Evening Sun<\/strong><\/h3>\n\n\n\n<p style=\"font-size:16px\">6.7.2014; red, c\/w<br>HD A\/A; ED 0\/0; OCD frei; LS-\u00dcGW Typ 0<br>Vollst\u00e4ndiges Scherengebiss<br>MDR1 +\/-; HSF4 N\/N; CEA N\/N<br>PRA N\/N; DM N\/N; CMR1 N\/N<br>Agility Large 2<br>Obedience B: V AKZ<br>Angk\u00f6rt: 19.6.2016<br><br><a href=\"https:\/\/purplearrow.ch\/wp-content\/uploads\/2022\/04\/grace_pedigree.pdf\"><mark style=\"background-color:rgba(0, 0, 0, 0)\" class=\"has-inline-color has-luminous-vivid-amber-color\">Pedigree<\/mark><\/a><br><a href=\"https:\/\/purplearrow.ch\/?page_id=7518\" data-type=\"page\" data-id=\"7518\"><mark style=\"background-color:rgba(0, 0, 0, 0)\" class=\"has-inline-color has-luminous-vivid-amber-color\">Zuchtzulassungs-Pr\u00fcfung<\/mark><\/a><\/p>\n<\/div><\/div>\n\n\n\n<figure class=\"wp-block-image size-large is-resized is-style-default\"><img loading=\"lazy\" decoding=\"async\" width=\"853\" height=\"1024\" src=\"https:\/\/purplearrow.ch\/wp-content\/uploads\/2022\/01\/Grace-001-853x1024.jpg\" alt=\"\" class=\"wp-image-1693\" srcset=\"https:\/\/purplearrow.ch\/wp-content\/uploads\/2022\/01\/Grace-001-853x1024.jpg 853w, https:\/\/purplearrow.ch\/wp-content\/uploads\/2022\/01\/Grace-001-250x300.jpg 250w, https:\/\/purplearrow.ch\/wp-content\/uploads\/2022\/01\/Grace-001-768x921.jpg 768w, https:\/\/purplearrow.ch\/wp-content\/uploads\/2022\/01\/Grace-001.jpg 976w\" sizes=\"auto, (max-width: 706px) 89vw, (max-width: 767px) 82vw, 740px\" \/><\/figure>\n\n\n\n<h3 class=\"wp-block-heading has-normal-font-size\" id=\"q-wurf\"><strong><a href=\"https:\/\/purplearrow.ch\/?page_id=331\" data-type=\"page\" data-id=\"331\">Q-Wurf<\/a><\/strong><\/h3>\n\n\n\n<p style=\"font-size:16px\">6. April 2020, Grace schenkt uns 8 wundervolle Welpen, 1 R\u00fcden und 7 H\u00fcndinnen <\/p>\n\n\n\n<figure class=\"wp-block-image size-large is-resized is-style-default\"><img loading=\"lazy\" decoding=\"async\" width=\"1024\" height=\"723\" src=\"https:\/\/purplearrow.ch\/wp-content\/uploads\/2022\/01\/Q-Welpen_025-1024x723.jpg\" alt=\"\" class=\"wp-image-283\" srcset=\"https:\/\/purplearrow.ch\/wp-content\/uploads\/2022\/01\/Q-Welpen_025-1024x723.jpg 1024w, https:\/\/purplearrow.ch\/wp-content\/uploads\/2022\/01\/Q-Welpen_025-300x212.jpg 300w, https:\/\/purplearrow.ch\/wp-content\/uploads\/2022\/01\/Q-Welpen_025-768x542.jpg 768w, https:\/\/purplearrow.ch\/wp-content\/uploads\/2022\/01\/Q-Welpen_025-1536x1084.jpg 1536w, https:\/\/purplearrow.ch\/wp-content\/uploads\/2022\/01\/Q-Welpen_025-2048x1446.jpg 2048w, https:\/\/purplearrow.ch\/wp-content\/uploads\/2022\/01\/Q-Welpen_025-1568x1107.jpg 1568w\" sizes=\"auto, (max-width: 706px) 89vw, (max-width: 767px) 82vw, 740px\" \/><\/figure>\n\n\n\n<h3 class=\"wp-block-heading has-normal-font-size\" id=\"p-wurf\"><strong><a href=\"https:\/\/purplearrow.ch\/?page_id=370\" data-type=\"page\" data-id=\"370\">P-Wurf<\/a><\/strong><\/h3>\n\n\n\n<p style=\"font-size:16px\">22. Mai 2019, kamen 8 Welpen von Grace bei uns an, 5 R\u00fcden und 3 H\u00fcndinnen<\/p>\n\n\n\n<figure class=\"wp-block-image size-large is-resized is-style-default\"><img loading=\"lazy\" decoding=\"async\" width=\"1024\" height=\"736\" src=\"https:\/\/purplearrow.ch\/wp-content\/uploads\/2022\/01\/P-Wurf_001-1024x736.jpg\" alt=\"\" class=\"wp-image-371\" srcset=\"https:\/\/purplearrow.ch\/wp-content\/uploads\/2022\/01\/P-Wurf_001-1024x736.jpg 1024w, https:\/\/purplearrow.ch\/wp-content\/uploads\/2022\/01\/P-Wurf_001-300x216.jpg 300w, https:\/\/purplearrow.ch\/wp-content\/uploads\/2022\/01\/P-Wurf_001-768x552.jpg 768w, https:\/\/purplearrow.ch\/wp-content\/uploads\/2022\/01\/P-Wurf_001-1536x1104.jpg 1536w, https:\/\/purplearrow.ch\/wp-content\/uploads\/2022\/01\/P-Wurf_001-2048x1471.jpg 2048w, https:\/\/purplearrow.ch\/wp-content\/uploads\/2022\/01\/P-Wurf_001-1568x1127.jpg 1568w\" sizes=\"auto, (max-width: 706px) 89vw, (max-width: 767px) 82vw, 740px\" \/><\/figure>\n\n\n\n<h3 class=\"wp-block-heading has-normal-font-size\" id=\"o-wurf-2018\"><strong><a href=\"https:\/\/purplearrow.ch\/?page_id=410\" data-type=\"page\" data-id=\"410\">O-Wurf<\/a><\/strong><\/h3>\n\n\n\n<p style=\"font-size:16px\">27. Juni 2018, Grace schenkt uns 7 wundervolle Welpen, 4 R\u00fcden und 3 H\u00fcndinnen<br>Ohitekah &#8222;Aragon&#8220; (black); Ominatago &#8222;Milo&#8220; (bluemerle); Ouray &#8222;Orlik&#8220; (redmerle); Otakotah &#8222;Django&#8220; (red); Otekah &#8222;Amie&#8220; (bluemerle); Oshiwah &#8222;Maui&#8220; (red) und Okalani &#8222;Lani&#8220; (red)<\/p>\n\n\n\n<figure class=\"wp-block-image size-large is-resized is-style-default\"><img loading=\"lazy\" decoding=\"async\" width=\"1024\" height=\"768\" src=\"https:\/\/purplearrow.ch\/wp-content\/uploads\/2022\/01\/o-welpen_008-1024x768.jpg\" alt=\"\" class=\"wp-image-411\" srcset=\"https:\/\/purplearrow.ch\/wp-content\/uploads\/2022\/01\/o-welpen_008-1024x768.jpg 1024w, https:\/\/purplearrow.ch\/wp-content\/uploads\/2022\/01\/o-welpen_008-300x225.jpg 300w, https:\/\/purplearrow.ch\/wp-content\/uploads\/2022\/01\/o-welpen_008-768x576.jpg 768w, https:\/\/purplearrow.ch\/wp-content\/uploads\/2022\/01\/o-welpen_008-1536x1152.jpg 1536w, https:\/\/purplearrow.ch\/wp-content\/uploads\/2022\/01\/o-welpen_008-2048x1536.jpg 2048w, https:\/\/purplearrow.ch\/wp-content\/uploads\/2022\/01\/o-welpen_008-1568x1176.jpg 1568w\" sizes=\"auto, (max-width: 706px) 89vw, (max-width: 767px) 82vw, 740px\" \/><\/figure>\n\n\n\n<p style=\"font-size:16px\">16.2.2018 &#8211; Obedience B 281 P. V AKZ<\/p>\n\n\n\n<figure class=\"wp-block-image size-full is-style-default\"><img loading=\"lazy\" decoding=\"async\" width=\"372\" height=\"446\" src=\"https:\/\/purplearrow.ch\/wp-content\/uploads\/2022\/01\/Grace-002.jpg\" alt=\"\" class=\"wp-image-1697\" srcset=\"https:\/\/purplearrow.ch\/wp-content\/uploads\/2022\/01\/Grace-002.jpg 372w, https:\/\/purplearrow.ch\/wp-content\/uploads\/2022\/01\/Grace-002-250x300.jpg 250w\" sizes=\"auto, (max-width: 372px) 100vw, 372px\" \/><\/figure>\n\n\n\n<p style=\"font-size:16px\">Swiss-Agility-Cup 2017 &#8211; 5mal auf dem Podest: 4mal im Jumping, 2 Gold, 1 Silber, 1 Bronze Medaille und 1mal im Agility L1 V0 2. Platz<\/p>\n\n\n\n<figure class=\"wp-block-image size-full is-resized is-style-default\"><img loading=\"lazy\" decoding=\"async\" width=\"621\" height=\"931\" src=\"https:\/\/purplearrow.ch\/wp-content\/uploads\/2022\/01\/Grace-005.jpg\" alt=\"\" class=\"wp-image-1698\" srcset=\"https:\/\/purplearrow.ch\/wp-content\/uploads\/2022\/01\/Grace-005.jpg 621w, https:\/\/purplearrow.ch\/wp-content\/uploads\/2022\/01\/Grace-005-200x300.jpg 200w\" sizes=\"auto, (max-width: 621px) 100vw, 621px\" \/><\/figure>\n\n\n\n<figure class=\"wp-block-image size-large is-resized is-style-default\"><img loading=\"lazy\" decoding=\"async\" width=\"1024\" height=\"683\" src=\"https:\/\/purplearrow.ch\/wp-content\/uploads\/2022\/01\/Grace-003-1024x683.jpg\" alt=\"\" class=\"wp-image-1699\" srcset=\"https:\/\/purplearrow.ch\/wp-content\/uploads\/2022\/01\/Grace-003-1024x683.jpg 1024w, https:\/\/purplearrow.ch\/wp-content\/uploads\/2022\/01\/Grace-003-300x200.jpg 300w, https:\/\/purplearrow.ch\/wp-content\/uploads\/2022\/01\/Grace-003-768x512.jpg 768w, https:\/\/purplearrow.ch\/wp-content\/uploads\/2022\/01\/Grace-003-1536x1024.jpg 1536w, https:\/\/purplearrow.ch\/wp-content\/uploads\/2022\/01\/Grace-003-2048x1365.jpg 2048w\" sizes=\"auto, (max-width: 706px) 89vw, (max-width: 767px) 82vw, 740px\" \/><\/figure>\n\n\n\n<p style=\"font-size:16px\"><strong>ASCS-Agility-SM<\/strong>, 11.6.2016 <strong>Final-Teilnahme<\/strong><br>3. Rang V0 A A: 30.1016 Champion Dogs<br>3. Rang V0 A 1: 10.6.17 Champion Dogs<br><strong>ASCS-Agility-SM<\/strong>, 10.6.2017 <strong>Final-Teilnahme <\/strong><br>1. Rang V0 A 1: 17.6.2017 Agility Burgistein<br>4. Rang V0 A 1: 7.8.2017 Swiss Agility Cup<br>5. Rang V0 A 1: 10.8.2017 Swiss Agility Cup<br>2. Rang V0 A 1: 11.8.2017 Swiss Agility Cup<br>4. Rang V0 A 2: 2.12.2018 ATV Fr\u00e4sy Dogs<br>2. Rang V0 Jumping 2: 6.1.19 Running Gags<br>3. Rang V0 A 2: 03.02 2019 Running Gags<br><\/p>\n\n\n\n<figure class=\"wp-block-image size-large is-resized is-style-default\"><img loading=\"lazy\" decoding=\"async\" width=\"1024\" height=\"683\" src=\"https:\/\/purplearrow.ch\/wp-content\/uploads\/2022\/01\/Grace-004-1024x683.jpg\" alt=\"\" class=\"wp-image-1700\" srcset=\"https:\/\/purplearrow.ch\/wp-content\/uploads\/2022\/01\/Grace-004-1024x683.jpg 1024w, https:\/\/purplearrow.ch\/wp-content\/uploads\/2022\/01\/Grace-004-300x200.jpg 300w, https:\/\/purplearrow.ch\/wp-content\/uploads\/2022\/01\/Grace-004-768x512.jpg 768w, https:\/\/purplearrow.ch\/wp-content\/uploads\/2022\/01\/Grace-004-1536x1024.jpg 1536w, https:\/\/purplearrow.ch\/wp-content\/uploads\/2022\/01\/Grace-004-2048x1366.jpg 2048w\" sizes=\"auto, (max-width: 706px) 89vw, (max-width: 767px) 82vw, 740px\" \/><\/figure>\n\n\n\n<h3 class=\"wp-block-heading has-normal-font-size\" id=\"n-wurf-2017\"><strong><a href=\"https:\/\/purplearrow.ch\/?page_id=625\" data-type=\"page\" data-id=\"625\">N-Wurf<\/a><\/strong><\/h3>\n\n\n\n<p style=\"font-size:16px\">9. M\u00e4rz 2017, Grace schenkt uns 7 wundervolle Welpen, 3 R\u00fcden und 4 H\u00fcndinnen<br>Nashoba (black); Nayeli (redmerle); Nizhoni (bluemerle); Nasiba (redmerle); Nikan (bluemerle); Najma (red) und Timmy (black)<\/p>\n\n\n\n<figure class=\"wp-block-image size-large is-resized is-style-default\"><img loading=\"lazy\" decoding=\"async\" width=\"1024\" height=\"655\" src=\"https:\/\/purplearrow.ch\/wp-content\/uploads\/2022\/01\/N-wurf_031-1024x655.jpg\" alt=\"\" class=\"wp-image-1048\" srcset=\"https:\/\/purplearrow.ch\/wp-content\/uploads\/2022\/01\/N-wurf_031-1024x655.jpg 1024w, https:\/\/purplearrow.ch\/wp-content\/uploads\/2022\/01\/N-wurf_031-300x192.jpg 300w, https:\/\/purplearrow.ch\/wp-content\/uploads\/2022\/01\/N-wurf_031-768x491.jpg 768w, https:\/\/purplearrow.ch\/wp-content\/uploads\/2022\/01\/N-wurf_031-1536x982.jpg 1536w, https:\/\/purplearrow.ch\/wp-content\/uploads\/2022\/01\/N-wurf_031-2048x1309.jpg 2048w\" sizes=\"auto, (max-width: 706px) 89vw, (max-width: 767px) 82vw, 740px\" \/><\/figure>\n\n\n\n<p style=\"font-size:16px\">Grace hat am 19. Juni 2016 die Zuchtzulassungs-Pr\u00fcfung bestanden<br><a href=\"https:\/\/purplearrow.ch\/?page_id=7518\" data-type=\"page\" data-id=\"7518\"><mark style=\"background-color:rgba(0, 0, 0, 0)\" class=\"has-inline-color has-luminous-vivid-amber-color\">Bilder vom Wesenstest<\/mark><\/a><\/p>\n\n\n\n<figure class=\"wp-block-image size-full is-resized is-style-default\"><img loading=\"lazy\" decoding=\"async\" width=\"731\" height=\"487\" src=\"https:\/\/purplearrow.ch\/wp-content\/uploads\/2022\/01\/Grace-006.jpg\" alt=\"\" class=\"wp-image-1703\" srcset=\"https:\/\/purplearrow.ch\/wp-content\/uploads\/2022\/01\/Grace-006.jpg 731w, https:\/\/purplearrow.ch\/wp-content\/uploads\/2022\/01\/Grace-006-300x200.jpg 300w\" sizes=\"auto, (max-width: 731px) 100vw, 731px\" \/><\/figure>\n\n\n\n<figure class=\"wp-block-image size-large is-resized is-style-default\"><img loading=\"lazy\" decoding=\"async\" width=\"1024\" height=\"788\" src=\"https:\/\/purplearrow.ch\/wp-content\/uploads\/2022\/01\/uber-uns-Marlies-grace-1024x788.jpg\" alt=\"\" class=\"wp-image-1567\" srcset=\"https:\/\/purplearrow.ch\/wp-content\/uploads\/2022\/01\/uber-uns-Marlies-grace-1024x788.jpg 1024w, https:\/\/purplearrow.ch\/wp-content\/uploads\/2022\/01\/uber-uns-Marlies-grace-300x231.jpg 300w, https:\/\/purplearrow.ch\/wp-content\/uploads\/2022\/01\/uber-uns-Marlies-grace-768x591.jpg 768w, https:\/\/purplearrow.ch\/wp-content\/uploads\/2022\/01\/uber-uns-Marlies-grace-1536x1182.jpg 1536w, https:\/\/purplearrow.ch\/wp-content\/uploads\/2022\/01\/uber-uns-Marlies-grace-2048x1576.jpg 2048w\" sizes=\"auto, (max-width: 706px) 89vw, (max-width: 767px) 82vw, 740px\" \/><\/figure>\n\n\n\n<h3 class=\"wp-block-heading\" id=\"danke-jaqueline-fur-die-tolle-grace\" style=\"font-size:16px\">Danke Jaqueline f\u00fcr die tolle Grace<\/h3>\n\n\n\n<figure class=\"wp-block-image size-large is-resized\"><img loading=\"lazy\" decoding=\"async\" width=\"683\" height=\"1024\" src=\"https:\/\/purplearrow.ch\/wp-content\/uploads\/2022\/01\/grace-jaqueline-683x1024.jpg\" alt=\"\" class=\"wp-image-1704\" srcset=\"https:\/\/purplearrow.ch\/wp-content\/uploads\/2022\/01\/grace-jaqueline-683x1024.jpg 683w, https:\/\/purplearrow.ch\/wp-content\/uploads\/2022\/01\/grace-jaqueline-200x300.jpg 200w, https:\/\/purplearrow.ch\/wp-content\/uploads\/2022\/01\/grace-jaqueline-768x1152.jpg 768w, https:\/\/purplearrow.ch\/wp-content\/uploads\/2022\/01\/grace-jaqueline.jpg 949w\" sizes=\"auto, (max-width: 683px) 100vw, 683px\" \/><\/figure>\n\n\n\n<figure class=\"wp-block-image size-large is-resized\"><img loading=\"lazy\" decoding=\"async\" width=\"683\" height=\"1024\" src=\"https:\/\/purplearrow.ch\/wp-content\/uploads\/2022\/01\/Grace-007-683x1024.jpg\" alt=\"\" class=\"wp-image-1705\" srcset=\"https:\/\/purplearrow.ch\/wp-content\/uploads\/2022\/01\/Grace-007-683x1024.jpg 683w, https:\/\/purplearrow.ch\/wp-content\/uploads\/2022\/01\/Grace-007-200x300.jpg 200w, https:\/\/purplearrow.ch\/wp-content\/uploads\/2022\/01\/Grace-007-768x1152.jpg 768w, https:\/\/purplearrow.ch\/wp-content\/uploads\/2022\/01\/Grace-007-1024x1536.jpg 1024w, https:\/\/purplearrow.ch\/wp-content\/uploads\/2022\/01\/Grace-007-1365x2048.jpg 1365w, https:\/\/purplearrow.ch\/wp-content\/uploads\/2022\/01\/Grace-007-scaled.jpg 1707w\" sizes=\"auto, (max-width: 683px) 100vw, 683px\" \/><\/figure>\n\n\n\n<figure class=\"wp-block-image size-full is-resized\"><img loading=\"lazy\" decoding=\"async\" width=\"250\" height=\"167\" src=\"https:\/\/purplearrow.ch\/wp-content\/uploads\/2024\/07\/grace_016.jpg\" alt=\"\" class=\"wp-image-6416\" style=\"width:600px\"\/><\/figure>\n\n\n\n<h3 class=\"wp-block-heading\" id=\"mutter-aura-lee-von-hauschteckslust\" style=\"font-size:16px\">Mutter<br><strong>Aura-Lee von Hauschteckslust<\/strong><\/h3>\n\n\n\n<figure class=\"wp-block-image size-full is-resized\"><img loading=\"lazy\" decoding=\"async\" width=\"244\" height=\"190\" src=\"https:\/\/purplearrow.ch\/wp-content\/uploads\/2022\/01\/Aura-Lee-von-Hauschteckslust.jpg\" alt=\"\" class=\"wp-image-1702\"\/><\/figure>\n\n\n\n<h3 class=\"wp-block-heading\" id=\"vater-rafter-creek-s-blue-chip\" style=\"font-size:16px\">Vater<br><strong>Rafter Creek&#8217;s Blue Chip<\/strong><\/h3>\n\n\n\n<figure class=\"wp-block-image size-full is-resized is-style-default\"><img loading=\"lazy\" decoding=\"async\" width=\"243\" height=\"190\" src=\"https:\/\/purplearrow.ch\/wp-content\/uploads\/2022\/01\/Rafter-Creeks-Blue-Chip-Shadow.jpg\" alt=\"\" class=\"wp-image-1701\"\/><\/figure>\n","protected":false},"excerpt":{"rendered":"<p>Goddes of Heaven Grace of the Evening Sun 6.7.2014; red, c\/wHD A\/A; ED 0\/0; OCD frei; LS-\u00dcGW Typ 0Vollst\u00e4ndiges ScherengebissMDR1 +\/-; HSF4 N\/N; CEA N\/NPRA N\/N; DM N\/N; CMR1 N\/NAgility Large 2Obedience B: V AKZAngk\u00f6rt: 19.6.2016 PedigreeZuchtzulassungs-Pr\u00fcfung Q-Wurf 6. April 2020, Grace schenkt uns 8 wundervolle Welpen, 1 R\u00fcden und 7 H\u00fcndinnen P-Wurf 22. Mai &hellip; <\/p>\n<p class=\"link-more\"><a href=\"https:\/\/purplearrow.ch\/?page_id=1383\" class=\"more-link\"><span class=\"screen-reader-text\">\u201eGrace\u201c<\/span> weiterlesen<\/a><\/p>\n","protected":false},"author":1,"featured_media":0,"parent":250,"menu_order":2,"comment_status":"closed","ping_status":"closed","template":"","meta":{"footnotes":""},"class_list":["post-1383","page","type-page","status-publish","hentry"],"_links":{"self":[{"href":"https:\/\/purplearrow.ch\/index.php?rest_route=\/wp\/v2\/pages\/1383","targetHints":{"allow":["GET"]}}],"collection":[{"href":"https:\/\/purplearrow.ch\/index.php?rest_route=\/wp\/v2\/pages"}],"about":[{"href":"https:\/\/purplearrow.ch\/index.php?rest_route=\/wp\/v2\/types\/page"}],"author":[{"embeddable":true,"href":"https:\/\/purplearrow.ch\/index.php?rest_route=\/wp\/v2\/users\/1"}],"replies":[{"embeddable":true,"href":"https:\/\/purplearrow.ch\/index.php?rest_route=%2Fwp%2Fv2%2Fcomments&post=1383"}],"version-history":[{"count":21,"href":"https:\/\/purplearrow.ch\/index.php?rest_route=\/wp\/v2\/pages\/1383\/revisions"}],"predecessor-version":[{"id":7554,"href":"https:\/\/purplearrow.ch\/index.php?rest_route=\/wp\/v2\/pages\/1383\/revisions\/7554"}],"up":[{"embeddable":true,"href":"https:\/\/purplearrow.ch\/index.php?rest_route=\/wp\/v2\/pages\/250"}],"wp:attachment":[{"href":"https:\/\/purplearrow.ch\/index.php?rest_route=%2Fwp%2Fv2%2Fmedia&parent=1383"}],"curies":[{"name":"wp","href":"https:\/\/api.w.org\/{rel}","templated":true}]}}