{"id":1308,"date":"2022-01-22T15:51:46","date_gmt":"2022-01-22T15:51:46","guid":{"rendered":"https:\/\/purplearrow.ch\/?page_id=1308"},"modified":"2022-02-26T19:39:56","modified_gmt":"2022-02-26T19:39:56","slug":"nachkommen-light","status":"publish","type":"page","link":"https:\/\/purplearrow.ch\/?page_id=1308","title":{"rendered":"Nachkommen von Light"},"content":{"rendered":"\n<p class=\"has-text-align-left has-normal-font-size\"><strong>31.12.2015<\/strong><br><strong>Crazy-River Chiara<\/strong> +<br><strong>Purple arrow&#8217;s Kingston City Light<\/strong><\/p>\n\n\n\n<figure class=\"wp-block-image size-large is-resized is-style-default\"><img decoding=\"async\" src=\"https:\/\/purplearrow.ch\/wp-content\/uploads\/2022\/01\/Zuchtrueden_Crazy-river-1024x683.jpg\" alt=\"\" class=\"wp-image-1812\" width=\"480\" srcset=\"https:\/\/purplearrow.ch\/wp-content\/uploads\/2022\/01\/Zuchtrueden_Crazy-river-1024x683.jpg 1024w, https:\/\/purplearrow.ch\/wp-content\/uploads\/2022\/01\/Zuchtrueden_Crazy-river-300x200.jpg 300w, https:\/\/purplearrow.ch\/wp-content\/uploads\/2022\/01\/Zuchtrueden_Crazy-river-768x512.jpg 768w, https:\/\/purplearrow.ch\/wp-content\/uploads\/2022\/01\/Zuchtrueden_Crazy-river-1536x1024.jpg 1536w, https:\/\/purplearrow.ch\/wp-content\/uploads\/2022\/01\/Zuchtrueden_Crazy-river.jpg 1605w\" sizes=\"(max-width: 706px) 89vw, (max-width: 767px) 82vw, 740px\" \/><\/figure>\n\n\n\n<p class=\"has-small-font-size\">P\u00fcnktlich zum Silvester, 31. Dezember, kamen bei den Crazy Rivers<br>7 gesunde Welpen auf die Welt.<br>Ein R\u00fcde und 6 H\u00fcndinnen. Light ist mega stolz auf seine ersten Welpen!<br><a href=\"https:\/\/www.google.com\/url?sa=t&amp;rct=j&amp;q=&amp;esrc=s&amp;source=web&amp;cd=&amp;cad=rja&amp;uact=8&amp;ved=2ahUKEwjWg8fKisb1AhWHlP0HHbfXCVcQFnoECCoQAQ&amp;url=https%3A%2F%2Fwww.crazy-river.ch%2F&amp;usg=AOvVaw0QorSxAyiXBpA1LDWZj7Vx\">www.crazy-river.ch<\/a><\/p>\n\n\n\n<p class=\"has-text-align-left\" style=\"font-size:14px\"><br><strong>9.3.2017<\/strong><br><strong>Goddes of Heaven Grace of the Evening Sun <\/strong>+<br><strong>Purple arrow&#8217;s Kingston City Light<\/strong> <\/p>\n\n\n\n<figure class=\"wp-block-image size-large is-resized is-style-default\"><img decoding=\"async\" src=\"https:\/\/purplearrow.ch\/wp-content\/uploads\/2022\/01\/N-wurf_031-1024x655.jpg\" alt=\"\" class=\"wp-image-1048\" width=\"480\" srcset=\"https:\/\/purplearrow.ch\/wp-content\/uploads\/2022\/01\/N-wurf_031-1024x655.jpg 1024w, https:\/\/purplearrow.ch\/wp-content\/uploads\/2022\/01\/N-wurf_031-300x192.jpg 300w, https:\/\/purplearrow.ch\/wp-content\/uploads\/2022\/01\/N-wurf_031-768x491.jpg 768w, https:\/\/purplearrow.ch\/wp-content\/uploads\/2022\/01\/N-wurf_031-1536x982.jpg 1536w, https:\/\/purplearrow.ch\/wp-content\/uploads\/2022\/01\/N-wurf_031-2048x1309.jpg 2048w\" sizes=\"(max-width: 706px) 89vw, (max-width: 767px) 82vw, 740px\" \/><\/figure>\n\n\n\n<p class=\"has-small-font-size\">Am 9. M\u00e4rz bekam Grace 7 gesunde Welpen.<br>3 R\u00fcde: 2x Black, 1x Bluemerle <br>4 H\u00fcndinnen: 2x Redmerle, 1x Bluemerle, 1x Red c\/w<br><a href=\"https:\/\/purplearrow.ch\/?page_id=625\" data-type=\"page\" data-id=\"625\"><mark style=\"background-color:rgba(0, 0, 0, 0)\" class=\"has-inline-color has-light-green-cyan-color\">Bilder vom N-Wurf<\/mark><\/a><\/p>\n\n\n\n<p style=\"font-size:16px\"><br><strong>22.4.2017<\/strong><br><strong>Caramba vom Trollnest <\/strong>+<br><strong>Purple arrow&#8217;s Kingston City Light<\/strong> <\/p>\n\n\n\n<figure class=\"wp-block-image size-full is-resized is-style-default\"><img decoding=\"async\" src=\"https:\/\/purplearrow.ch\/wp-content\/uploads\/2022\/01\/Zuchtrueden_Wehribach-B.jpg\" alt=\"\" class=\"wp-image-1813\" width=\"480\" srcset=\"https:\/\/purplearrow.ch\/wp-content\/uploads\/2022\/01\/Zuchtrueden_Wehribach-B.jpg 594w, https:\/\/purplearrow.ch\/wp-content\/uploads\/2022\/01\/Zuchtrueden_Wehribach-B-300x200.jpg 300w\" sizes=\"(max-width: 594px) 100vw, 594px\" \/><\/figure>\n\n\n\n<p class=\"has-small-font-size\">In der Nacht auf den 22. April hat Caramba 10 kleine Welpen geboren.<br>5x Red c\/w, 4x Bluemerle, 1x Black c\/w<br><a href=\"http:\/\/www.vomwehribach.ch\" target=\"_blank\" rel=\"noreferrer noopener\">www.vomwehribach.ch<\/a><\/p>\n\n\n\n<p class=\"has-text-align-left\" style=\"font-size:16px\"><br><strong>30.6.2018<\/strong><br><strong>I&#8217;m a crazy Girl of Calypso Dream <\/strong> +<br><strong>Purple arrow&#8217;s Kingston City Light<\/strong> <\/p>\n\n\n\n<figure class=\"wp-block-image size-large is-resized is-style-default\"><img decoding=\"async\" src=\"https:\/\/purplearrow.ch\/wp-content\/uploads\/2022\/01\/Zuchtrueden_Calypso-Dream-1024x683.jpg\" alt=\"\" class=\"wp-image-1815\" width=\"480\" srcset=\"https:\/\/purplearrow.ch\/wp-content\/uploads\/2022\/01\/Zuchtrueden_Calypso-Dream-1024x683.jpg 1024w, https:\/\/purplearrow.ch\/wp-content\/uploads\/2022\/01\/Zuchtrueden_Calypso-Dream-300x200.jpg 300w, https:\/\/purplearrow.ch\/wp-content\/uploads\/2022\/01\/Zuchtrueden_Calypso-Dream-768x512.jpg 768w, https:\/\/purplearrow.ch\/wp-content\/uploads\/2022\/01\/Zuchtrueden_Calypso-Dream-1536x1024.jpg 1536w, https:\/\/purplearrow.ch\/wp-content\/uploads\/2022\/01\/Zuchtrueden_Calypso-Dream.jpg 1566w\" sizes=\"(max-width: 706px) 89vw, (max-width: 767px) 82vw, 740px\" \/><\/figure>\n\n\n\n<p class=\"has-small-font-size\">In der Nacht auf den 30. Juni hat Crispy ein R\u00fcde und vier H\u00fcndinnen geboren.<br>1x Red c\/w, 1x Bluemerle w, 1x Black c\/w, 1x Red c\/w und 1x Red w<br><a href=\"http:\/\/www.calypsodream.ch\" data-type=\"URL\" data-id=\"www.calypsodream.ch\">www.calypsodream.ch<\/a><\/p>\n\n\n\n<p class=\"has-text-align-left has-normal-font-size\"><br><strong>15.7.2018<\/strong><br><strong>More than a little Kalina <\/strong>+<br><strong>Purple arrow&#8217;s Kingston City Light<\/strong> <\/p>\n\n\n\n<figure class=\"wp-block-image size-full is-resized is-style-default\"><img decoding=\"async\" src=\"https:\/\/purplearrow.ch\/wp-content\/uploads\/2022\/01\/Zuchtrueden_Merlynscave.jpg\" alt=\"\" class=\"wp-image-1817\" width=\"480\" srcset=\"https:\/\/purplearrow.ch\/wp-content\/uploads\/2022\/01\/Zuchtrueden_Merlynscave.jpg 735w, https:\/\/purplearrow.ch\/wp-content\/uploads\/2022\/01\/Zuchtrueden_Merlynscave-300x200.jpg 300w\" sizes=\"(max-width: 735px) 100vw, 735px\" \/><\/figure>\n\n\n\n<p class=\"has-small-font-size\">Am Samstag, 15. Juli, bekam Kalina 9 Welpen, f\u00fcnf R\u00fcde und vier H\u00fcndinnen.<br>2x Bluemerle c\/w, 2x Redmerle c\/w und 5x Red c\/w<br><a href=\"http:\/\/www.merlynscave.ch\" data-type=\"URL\" data-id=\"www.merlynscave.ch\">www.merlynscave.ch<\/a><\/p>\n\n\n\n<p class=\"has-text-align-left has-normal-font-size\"><br><strong>13.3.2019<\/strong><br><strong>Caramba vom Trollnest<\/strong> +<br><strong>Purple arrow&#8217;s Kingston City Light<\/strong> <\/p>\n\n\n\n<figure class=\"wp-block-image size-full is-resized is-style-default\"><img decoding=\"async\" src=\"https:\/\/purplearrow.ch\/wp-content\/uploads\/2022\/01\/Zuchtrueden_Wehribach-19.jpg\" alt=\"\" class=\"wp-image-1819\" width=\"480\" srcset=\"https:\/\/purplearrow.ch\/wp-content\/uploads\/2022\/01\/Zuchtrueden_Wehribach-19.jpg 722w, https:\/\/purplearrow.ch\/wp-content\/uploads\/2022\/01\/Zuchtrueden_Wehribach-19-300x166.jpg 300w\" sizes=\"(max-width: 722px) 100vw, 722px\" \/><\/figure>\n\n\n\n<p class=\"has-small-font-size\">In der Nacht auf den 13. M\u00e4rz kamen bei der Wurfst\u00e4tte Wehribach 8 kleine Aussies an.<br>5 R\u00fcden: 3x Back, 1x Red, 1x Bluemerle<br>3 H\u00fcndinnen: 1x Black, 2x Redmerle<br><a rel=\"noreferrer noopener\" href=\"http:\/\/www.vomwehribach.ch\" target=\"_blank\">www.vomwehribach.ch<\/a><\/p>\n\n\n\n<p class=\"has-text-align-left\" style=\"font-size:14px\"><br><strong>22.5.2019<\/strong><br><strong>Goddes of Heaven Grace of the Evening Sun<\/strong> +<br><strong>Purple arrow&#8217;s Kingston City Light<\/strong> <\/p>\n\n\n\n<figure class=\"wp-block-image size-large is-resized is-style-default\"><img decoding=\"async\" src=\"https:\/\/purplearrow.ch\/wp-content\/uploads\/2022\/01\/P-Wurf_001-1024x736.jpg\" alt=\"\" class=\"wp-image-371\" width=\"480\" srcset=\"https:\/\/purplearrow.ch\/wp-content\/uploads\/2022\/01\/P-Wurf_001-1024x736.jpg 1024w, https:\/\/purplearrow.ch\/wp-content\/uploads\/2022\/01\/P-Wurf_001-300x216.jpg 300w, https:\/\/purplearrow.ch\/wp-content\/uploads\/2022\/01\/P-Wurf_001-768x552.jpg 768w, https:\/\/purplearrow.ch\/wp-content\/uploads\/2022\/01\/P-Wurf_001-1536x1104.jpg 1536w, https:\/\/purplearrow.ch\/wp-content\/uploads\/2022\/01\/P-Wurf_001-2048x1471.jpg 2048w, https:\/\/purplearrow.ch\/wp-content\/uploads\/2022\/01\/P-Wurf_001-1568x1127.jpg 1568w\" sizes=\"(max-width: 706px) 89vw, (max-width: 767px) 82vw, 740px\" \/><\/figure>\n\n\n\n<p class=\"has-small-font-size\">Am 22. Mai schenkte uns Grace 8 Welpen.<br>5 R\u00fcden: 3x Black, 1x Red, 1x Redmerle <br>3 H\u00fcndinnen: 2x Redmerle und 1x Red c\/w<br><a href=\"https:\/\/purplearrow.ch\/?page_id=370\" data-type=\"page\" data-id=\"370\"><mark style=\"background-color:rgba(0, 0, 0, 0)\" class=\"has-inline-color has-light-green-cyan-color\">Bilder vom P-Wurf<\/mark><\/a><\/p>\n\n\n\n<p class=\"has-text-align-left\" style=\"font-size:14px\"><br><strong>17.7.2019<\/strong><br><strong>Good Times for Glenn of the Evening Sun <\/strong>+<br><strong>Purple arrow&#8217;s Kingston City Light<\/strong><\/p>\n\n\n\n<figure class=\"wp-block-image size-large is-resized is-style-default\"><img decoding=\"async\" src=\"https:\/\/purplearrow.ch\/wp-content\/uploads\/2022\/01\/Zuchtrueden_Evening-Sun-1024x682.jpg\" alt=\"\" class=\"wp-image-1816\" width=\"480\" srcset=\"https:\/\/purplearrow.ch\/wp-content\/uploads\/2022\/01\/Zuchtrueden_Evening-Sun-1024x682.jpg 1024w, https:\/\/purplearrow.ch\/wp-content\/uploads\/2022\/01\/Zuchtrueden_Evening-Sun-300x200.jpg 300w, https:\/\/purplearrow.ch\/wp-content\/uploads\/2022\/01\/Zuchtrueden_Evening-Sun-768x512.jpg 768w, https:\/\/purplearrow.ch\/wp-content\/uploads\/2022\/01\/Zuchtrueden_Evening-Sun.jpg 1508w\" sizes=\"(max-width: 706px) 89vw, (max-width: 767px) 82vw, 740px\" \/><\/figure>\n\n\n\n<p class=\"has-small-font-size\">Wieder ist ein kleines Wunder geschehen und wir \u00fcbergl\u00fccklich.<br>Kira hat am Mittwoch, 17. Juli, in einer komplikationslosen Geburt 7 gesunden,<br>h\u00fcbschen Aussie M\u00e4dchen das Leben geschenkt.<br>2x Redmerle, 2x Bluemerle, 2x Red und 1 Black c\/w<br><a href=\"http:\/\/www.aussie-zucht.com\" data-type=\"URL\" data-id=\"www.aussie-zucht.com\">www.aussie-zucht.com<\/a><\/p>\n","protected":false},"excerpt":{"rendered":"<p>31.12.2015Crazy-River Chiara +Purple arrow&#8217;s Kingston City Light P\u00fcnktlich zum Silvester, 31. Dezember, kamen bei den Crazy Rivers7 gesunde Welpen auf die Welt.Ein R\u00fcde und 6 H\u00fcndinnen. Light ist mega stolz auf seine ersten Welpen!www.crazy-river.ch 9.3.2017Goddes of Heaven Grace of the Evening Sun +Purple arrow&#8217;s Kingston City Light Am 9. M\u00e4rz bekam Grace 7 gesunde Welpen.3 &hellip; <\/p>\n<p class=\"link-more\"><a href=\"https:\/\/purplearrow.ch\/?page_id=1308\" class=\"more-link\"><span class=\"screen-reader-text\">\u201eNachkommen von Light\u201c<\/span> weiterlesen<\/a><\/p>\n","protected":false},"author":1,"featured_media":0,"parent":700,"menu_order":1,"comment_status":"closed","ping_status":"closed","template":"","meta":{"footnotes":""},"class_list":["post-1308","page","type-page","status-publish","hentry"],"_links":{"self":[{"href":"https:\/\/purplearrow.ch\/index.php?rest_route=\/wp\/v2\/pages\/1308","targetHints":{"allow":["GET"]}}],"collection":[{"href":"https:\/\/purplearrow.ch\/index.php?rest_route=\/wp\/v2\/pages"}],"about":[{"href":"https:\/\/purplearrow.ch\/index.php?rest_route=\/wp\/v2\/types\/page"}],"author":[{"embeddable":true,"href":"https:\/\/purplearrow.ch\/index.php?rest_route=\/wp\/v2\/users\/1"}],"replies":[{"embeddable":true,"href":"https:\/\/purplearrow.ch\/index.php?rest_route=%2Fwp%2Fv2%2Fcomments&post=1308"}],"version-history":[{"count":27,"href":"https:\/\/purplearrow.ch\/index.php?rest_route=\/wp\/v2\/pages\/1308\/revisions"}],"predecessor-version":[{"id":2229,"href":"https:\/\/purplearrow.ch\/index.php?rest_route=\/wp\/v2\/pages\/1308\/revisions\/2229"}],"up":[{"embeddable":true,"href":"https:\/\/purplearrow.ch\/index.php?rest_route=\/wp\/v2\/pages\/700"}],"wp:attachment":[{"href":"https:\/\/purplearrow.ch\/index.php?rest_route=%2Fwp%2Fv2%2Fmedia&parent=1308"}],"curies":[{"name":"wp","href":"https:\/\/api.w.org\/{rel}","templated":true}]}}