{"id":1039,"date":"2022-01-19T22:46:28","date_gmt":"2022-01-19T22:46:28","guid":{"rendered":"https:\/\/purplearrow.ch\/?page_id=1039"},"modified":"2025-02-21T18:01:18","modified_gmt":"2025-02-21T18:01:18","slug":"a-wurf","status":"publish","type":"page","link":"https:\/\/purplearrow.ch\/?page_id=1039","title":{"rendered":"A-Wurf &#8211; 2.1.2002"},"content":{"rendered":"\n<figure class=\"wp-block-image size-large\"><img loading=\"lazy\" decoding=\"async\" width=\"1024\" height=\"683\" src=\"https:\/\/purplearrow.ch\/wp-content\/uploads\/2022\/01\/A-Wurf-welpen-1024x683.jpg\" alt=\"\" class=\"wp-image-1647\" srcset=\"https:\/\/purplearrow.ch\/wp-content\/uploads\/2022\/01\/A-Wurf-welpen-1024x683.jpg 1024w, https:\/\/purplearrow.ch\/wp-content\/uploads\/2022\/01\/A-Wurf-welpen-300x200.jpg 300w, https:\/\/purplearrow.ch\/wp-content\/uploads\/2022\/01\/A-Wurf-welpen-768x512.jpg 768w, https:\/\/purplearrow.ch\/wp-content\/uploads\/2022\/01\/A-Wurf-welpen.jpg 1389w\" sizes=\"auto, (max-width: 706px) 89vw, (max-width: 767px) 82vw, 740px\" \/><\/figure>\n\n\n\n<p style=\"font-size:16px\"><strong>Mittwoch, 2. Januar 2002<\/strong><br>11 Welpen<br>9 R\u00fcden und 2 H\u00fcndinnen<\/p>\n\n\n\n<p style=\"font-size:16px\"><a href=\"https:\/\/purplearrow.ch\/?page_id=5285\" data-type=\"page\" data-id=\"5285\"><mark style=\"background-color:rgba(0, 0, 0, 0)\" class=\"has-inline-color has-luminous-vivid-amber-color\">Aus der Wurfkiste<\/mark><\/a><\/p>\n\n\n\n<div class=\"wp-block-media-text alignwide is-stacked-on-mobile\" style=\"grid-template-columns:25% auto\"><figure class=\"wp-block-media-text__media\"><img loading=\"lazy\" decoding=\"async\" width=\"357\" height=\"389\" src=\"https:\/\/purplearrow.ch\/wp-content\/uploads\/2022\/02\/A-Wurf-kiss.jpg\" alt=\"\" class=\"wp-image-1946 size-full\" srcset=\"https:\/\/purplearrow.ch\/wp-content\/uploads\/2022\/02\/A-Wurf-kiss.jpg 357w, https:\/\/purplearrow.ch\/wp-content\/uploads\/2022\/02\/A-Wurf-kiss-275x300.jpg 275w\" sizes=\"auto, (max-width: 357px) 100vw, 357px\" \/><\/figure><div class=\"wp-block-media-text__content\">\n<p style=\"font-size:14px\"><strong>Purple arrow&#8217;s Australian Kiss<\/strong><br>H\u00fcndin  <br>Black, c\/w<br>Agility 2<\/p>\n<\/div><\/div>\n\n\n\n<div class=\"wp-block-media-text alignwide is-stacked-on-mobile\" style=\"grid-template-columns:25% auto\"><figure class=\"wp-block-media-text__media\"><img loading=\"lazy\" decoding=\"async\" width=\"362\" height=\"395\" src=\"https:\/\/purplearrow.ch\/wp-content\/uploads\/2022\/02\/A-Wurf-toni.jpg\" alt=\"\" class=\"wp-image-1947 size-full\" srcset=\"https:\/\/purplearrow.ch\/wp-content\/uploads\/2022\/02\/A-Wurf-toni.jpg 362w, https:\/\/purplearrow.ch\/wp-content\/uploads\/2022\/02\/A-Wurf-toni-275x300.jpg 275w\" sizes=\"auto, (max-width: 362px) 100vw, 362px\" \/><\/figure><div class=\"wp-block-media-text__content\">\n<p style=\"font-size:14px\"><strong>Purple arrow&#8217;s A Little Bit Crazy &#8222;Toni&#8220;<\/strong><br>R\u00fcde  <br>Red, c\/w<br>REDOG einsatzf\u00e4higer Rettungshund KH.<br>Er war im Schweizerische Rettungsteam im japanischen Erdbebengebiet im Einsatz.<\/p>\n<\/div><\/div>\n\n\n\n<div class=\"wp-block-media-text alignwide is-stacked-on-mobile\" style=\"grid-template-columns:25% auto\"><figure class=\"wp-block-media-text__media\"><img loading=\"lazy\" decoding=\"async\" width=\"367\" height=\"400\" src=\"https:\/\/purplearrow.ch\/wp-content\/uploads\/2022\/02\/A-Wurf-baileys.jpg\" alt=\"\" class=\"wp-image-1949 size-full\" srcset=\"https:\/\/purplearrow.ch\/wp-content\/uploads\/2022\/02\/A-Wurf-baileys.jpg 367w, https:\/\/purplearrow.ch\/wp-content\/uploads\/2022\/02\/A-Wurf-baileys-275x300.jpg 275w\" sizes=\"auto, (max-width: 367px) 100vw, 367px\" \/><\/figure><div class=\"wp-block-media-text__content\">\n<p style=\"font-size:14px\"><strong>Purple arrow&#8217;s Amazing Baileys<\/strong><br>R\u00fcde  <br>Red, c\/w<br>Agility 2<\/p>\n<\/div><\/div>\n\n\n\n<div class=\"wp-block-media-text alignwide is-stacked-on-mobile\" style=\"grid-template-columns:25% auto\"><figure class=\"wp-block-media-text__media\"><img loading=\"lazy\" decoding=\"async\" width=\"366\" height=\"399\" src=\"https:\/\/purplearrow.ch\/wp-content\/uploads\/2022\/02\/A-Wurf-ashaki.jpg\" alt=\"\" class=\"wp-image-1950 size-full\" srcset=\"https:\/\/purplearrow.ch\/wp-content\/uploads\/2022\/02\/A-Wurf-ashaki.jpg 366w, https:\/\/purplearrow.ch\/wp-content\/uploads\/2022\/02\/A-Wurf-ashaki-275x300.jpg 275w\" sizes=\"auto, (max-width: 366px) 100vw, 366px\" \/><\/figure><div class=\"wp-block-media-text__content\">\n<p style=\"font-size:14px\"><strong>Purple arrow&#8217;s Ashaki Dajo &#8222;Ashaki&#8220;<\/strong><br>R\u00fcde  <br>Red, c\/w<br>MDR1 +\/+, HD A2<br>Begleithundepr\u00fcfung, Turnierhundesport<br><\/p>\n<\/div><\/div>\n\n\n\n<div class=\"wp-block-media-text alignwide is-stacked-on-mobile\" style=\"grid-template-columns:25% auto\"><figure class=\"wp-block-media-text__media\"><img loading=\"lazy\" decoding=\"async\" width=\"357\" height=\"389\" src=\"https:\/\/purplearrow.ch\/wp-content\/uploads\/2022\/02\/A-Wurf-ace.jpg\" alt=\"\" class=\"wp-image-1952 size-full\" srcset=\"https:\/\/purplearrow.ch\/wp-content\/uploads\/2022\/02\/A-Wurf-ace.jpg 357w, https:\/\/purplearrow.ch\/wp-content\/uploads\/2022\/02\/A-Wurf-ace-275x300.jpg 275w\" sizes=\"auto, (max-width: 357px) 100vw, 357px\" \/><\/figure><div class=\"wp-block-media-text__content\">\n<p style=\"font-size:14px\"><strong>Purple arrow&#8217;s Ace of Diamond &#8222;Ace&#8220;<\/strong><br>R\u00fcde  <br>Black, c\/w<br>Therapiehund, Agility<\/p>\n<\/div><\/div>\n\n\n\n<div class=\"wp-block-media-text alignwide is-stacked-on-mobile\" style=\"grid-template-columns:25% auto\"><figure class=\"wp-block-media-text__media\"><img loading=\"lazy\" decoding=\"async\" width=\"331\" height=\"361\" src=\"https:\/\/purplearrow.ch\/wp-content\/uploads\/2022\/02\/A-Wurf-niouc.jpg\" alt=\"\" class=\"wp-image-1956 size-full\" srcset=\"https:\/\/purplearrow.ch\/wp-content\/uploads\/2022\/02\/A-Wurf-niouc.jpg 331w, https:\/\/purplearrow.ch\/wp-content\/uploads\/2022\/02\/A-Wurf-niouc-275x300.jpg 275w\" sizes=\"auto, (max-width: 331px) 100vw, 331px\" \/><\/figure><div class=\"wp-block-media-text__content\">\n<p style=\"font-size:14px\"><strong>Purple arrow&#8217;s A black jevel Niouc<\/strong><br>H\u00fcndin  <br>Black, c\/w<br>HD A\/A, ED 0\/0<br>Agility 2<\/p>\n<\/div><\/div>\n\n\n\n<div class=\"wp-block-media-text alignwide is-stacked-on-mobile\" style=\"grid-template-columns:25% auto\"><figure class=\"wp-block-media-text__media\"><img loading=\"lazy\" decoding=\"async\" width=\"367\" height=\"400\" src=\"https:\/\/purplearrow.ch\/wp-content\/uploads\/2022\/02\/A-Wurf-spunky.jpg\" alt=\"\" class=\"wp-image-1957 size-full\" srcset=\"https:\/\/purplearrow.ch\/wp-content\/uploads\/2022\/02\/A-Wurf-spunky.jpg 367w, https:\/\/purplearrow.ch\/wp-content\/uploads\/2022\/02\/A-Wurf-spunky-275x300.jpg 275w\" sizes=\"auto, (max-width: 367px) 100vw, 367px\" \/><\/figure><div class=\"wp-block-media-text__content\">\n<p style=\"font-size:14px\"><strong>Purple arrow&#8217;s Aussi Spunky<\/strong><br>R\u00fcde   <br>Black, c\/w<\/p>\n<\/div><\/div>\n\n\n\n<div class=\"wp-block-media-text alignwide is-stacked-on-mobile\" style=\"grid-template-columns:25% auto\"><figure class=\"wp-block-media-text__media\"><img loading=\"lazy\" decoding=\"async\" width=\"346\" height=\"377\" src=\"https:\/\/purplearrow.ch\/wp-content\/uploads\/2022\/02\/A-Wurf-boomer.jpg\" alt=\"\" class=\"wp-image-1958 size-full\" srcset=\"https:\/\/purplearrow.ch\/wp-content\/uploads\/2022\/02\/A-Wurf-boomer.jpg 346w, https:\/\/purplearrow.ch\/wp-content\/uploads\/2022\/02\/A-Wurf-boomer-275x300.jpg 275w\" sizes=\"auto, (max-width: 346px) 100vw, 346px\" \/><\/figure><div class=\"wp-block-media-text__content\">\n<p style=\"font-size:14px\"><strong>Purple arrow&#8217;s American Express &#8222;Boomer&#8220;<\/strong><br>R\u00fcde   <br>Black, c\/w<br>Agility<\/p>\n<\/div><\/div>\n\n\n\n<div class=\"wp-block-media-text alignwide is-stacked-on-mobile\" style=\"grid-template-columns:25% auto\"><figure class=\"wp-block-media-text__media\"><img loading=\"lazy\" decoding=\"async\" width=\"337\" height=\"368\" src=\"https:\/\/purplearrow.ch\/wp-content\/uploads\/2022\/02\/A-Wurf-attack-1.jpg\" alt=\"\" class=\"wp-image-1959 size-full\" srcset=\"https:\/\/purplearrow.ch\/wp-content\/uploads\/2022\/02\/A-Wurf-attack-1.jpg 337w, https:\/\/purplearrow.ch\/wp-content\/uploads\/2022\/02\/A-Wurf-attack-1-275x300.jpg 275w\" sizes=\"auto, (max-width: 337px) 100vw, 337px\" \/><\/figure><div class=\"wp-block-media-text__content\">\n<p style=\"font-size:14px\"><strong>Purple arrow&#8217;s Attack just for fun<\/strong><br>R\u00fcde  <br>Black, c\/w<br>Agility<\/p>\n<\/div><\/div>\n\n\n\n<div class=\"wp-block-media-text alignwide is-stacked-on-mobile\" style=\"grid-template-columns:25% auto\"><figure class=\"wp-block-media-text__media\"><img loading=\"lazy\" decoding=\"async\" width=\"358\" height=\"390\" src=\"https:\/\/purplearrow.ch\/wp-content\/uploads\/2022\/02\/A-Wurf-nanouk.jpg\" alt=\"\" class=\"wp-image-1960 size-full\" srcset=\"https:\/\/purplearrow.ch\/wp-content\/uploads\/2022\/02\/A-Wurf-nanouk.jpg 358w, https:\/\/purplearrow.ch\/wp-content\/uploads\/2022\/02\/A-Wurf-nanouk-275x300.jpg 275w\" sizes=\"auto, (max-width: 358px) 100vw, 358px\" \/><\/figure><div class=\"wp-block-media-text__content\">\n<p style=\"font-size:14px\"><strong>Purple arrow&#8217;s Australian Nanouk<\/strong><br>R\u00fcde  <br>Red, c\/w<br>HD B\/B<br>Therapiehund<\/p>\n<\/div><\/div>\n\n\n\n<div class=\"wp-block-media-text alignwide is-stacked-on-mobile\" style=\"grid-template-columns:25% auto\"><figure class=\"wp-block-media-text__media\"><img loading=\"lazy\" decoding=\"async\" width=\"620\" height=\"676\" src=\"https:\/\/purplearrow.ch\/wp-content\/uploads\/2022\/02\/A-Wurf-nando.jpg\" alt=\"\" class=\"wp-image-1961 size-full\" srcset=\"https:\/\/purplearrow.ch\/wp-content\/uploads\/2022\/02\/A-Wurf-nando.jpg 620w, https:\/\/purplearrow.ch\/wp-content\/uploads\/2022\/02\/A-Wurf-nando-275x300.jpg 275w\" sizes=\"auto, (max-width: 620px) 100vw, 620px\" \/><\/figure><div class=\"wp-block-media-text__content\">\n<p style=\"font-size:14px\"><strong>Purple arrow&#8217;s Ashly snowball Boy &#8222;Nando&#8220;<\/strong><br>R\u00fcde   <br>Black, c\/w<br>MDR1 +\/-, HD A\/A, ED 0\/0<br>Begleithund 3<br>Angek\u00f6rt<br><\/p>\n<\/div><\/div>\n\n\n\n<h2 class=\"wp-block-heading\"><strong>Eltern vom A-Wurf<\/strong><\/h2>\n\n\n\n<figure class=\"wp-block-image size-large\"><img loading=\"lazy\" decoding=\"async\" width=\"1024\" height=\"683\" src=\"https:\/\/purplearrow.ch\/wp-content\/uploads\/2022\/01\/A-Wurf-Uschak-Mail-1024x683.jpg\" alt=\"\" class=\"wp-image-1644\" srcset=\"https:\/\/purplearrow.ch\/wp-content\/uploads\/2022\/01\/A-Wurf-Uschak-Mail-1024x683.jpg 1024w, https:\/\/purplearrow.ch\/wp-content\/uploads\/2022\/01\/A-Wurf-Uschak-Mail-300x200.jpg 300w, https:\/\/purplearrow.ch\/wp-content\/uploads\/2022\/01\/A-Wurf-Uschak-Mail-768x512.jpg 768w, https:\/\/purplearrow.ch\/wp-content\/uploads\/2022\/01\/A-Wurf-Uschak-Mail.jpg 1171w\" sizes=\"auto, (max-width: 706px) 89vw, (max-width: 767px) 82vw, 740px\" \/><\/figure>\n\n\n\n<div class=\"wp-block-columns is-layout-flex wp-container-core-columns-is-layout-9d6595d7 wp-block-columns-is-layout-flex\">\n<div class=\"wp-block-column is-layout-flow wp-block-column-is-layout-flow\">\n<p class=\"has-medium-font-size\"><strong><strong>Uschak Turbo v. Waldacker<\/strong><\/strong><\/p>\n\n\n\n<p style=\"font-size:14px\">26.5.1996 \u2013 27.1.2010<br>R c\/w, red factored<br>Vollst\u00e4ndiges Scherengebiss<br>Rute: lang<br>HD A\/A; ED 0\/0<br>Augen: frei<br>CEA N\/N; PRA N\/N<br>MDR1 +\/-<br>Agility 3<br>Obedience 1, <br><br><em>Ausstellungs-Erfolge<\/em><br>V1; IHA Basel, 14.2.1998<br>V1; IHA St. Gallen, 8.5.1999<br>V2; IHA Friedrichshafen, 8.4.2001<br>V2; IHA St.Gallen, 19.5.2001<br><br>Z\u00fcchter: Vreni Gasser, CH<\/p>\n<\/div>\n\n\n\n<div class=\"wp-block-column is-layout-flow wp-block-column-is-layout-flow\">\n<p class=\"has-medium-font-size\"><strong>Horseman&#8217;s Mail forever<\/strong><\/p>\n\n\n\n<p style=\"font-size:14px\">5.6.1999 \u2013 7.5.2014<br>B, c\/w, red factored<br>Vollst\u00e4ndiges Scherengebiss<br>Rute: lang<br>HD A\/A; ED 0\/0<br>Augen: frei<br>PRA N\/N; CEA N\/N<br>MDR1 +\/+<br>Agility 2<br>Obedience 1<br><br><em>Ausstellungs-Erfolge<\/em><br>V2; IHA Friedrichshafen, 8.4.2001<br>V2; IHA St.Gallen, 19.5.2001<br><br>Z\u00fcchter: Inge Hammer, D<\/p>\n<\/div>\n<\/div>\n\n\n\n<p><\/p>\n","protected":false},"excerpt":{"rendered":"<p>Mittwoch, 2. Januar 200211 Welpen9 R\u00fcden und 2 H\u00fcndinnen Aus der Wurfkiste Purple arrow&#8217;s Australian KissH\u00fcndin Black, c\/wAgility 2 Purple arrow&#8217;s A Little Bit Crazy &#8222;Toni&#8220;R\u00fcde Red, c\/wREDOG einsatzf\u00e4higer Rettungshund KH.Er war im Schweizerische Rettungsteam im japanischen Erdbebengebiet im Einsatz. Purple arrow&#8217;s Amazing BaileysR\u00fcde Red, c\/wAgility 2 Purple arrow&#8217;s Ashaki Dajo &#8222;Ashaki&#8220;R\u00fcde Red, c\/wMDR1 +\/+, &hellip; <\/p>\n<p class=\"link-more\"><a href=\"https:\/\/purplearrow.ch\/?page_id=1039\" class=\"more-link\"><span class=\"screen-reader-text\">\u201eA-Wurf &#8211; 2.1.2002\u201c<\/span> weiterlesen<\/a><\/p>\n","protected":false},"author":1,"featured_media":0,"parent":70,"menu_order":17,"comment_status":"closed","ping_status":"closed","template":"","meta":{"footnotes":""},"class_list":["post-1039","page","type-page","status-publish","hentry"],"_links":{"self":[{"href":"https:\/\/purplearrow.ch\/index.php?rest_route=\/wp\/v2\/pages\/1039","targetHints":{"allow":["GET"]}}],"collection":[{"href":"https:\/\/purplearrow.ch\/index.php?rest_route=\/wp\/v2\/pages"}],"about":[{"href":"https:\/\/purplearrow.ch\/index.php?rest_route=\/wp\/v2\/types\/page"}],"author":[{"embeddable":true,"href":"https:\/\/purplearrow.ch\/index.php?rest_route=\/wp\/v2\/users\/1"}],"replies":[{"embeddable":true,"href":"https:\/\/purplearrow.ch\/index.php?rest_route=%2Fwp%2Fv2%2Fcomments&post=1039"}],"version-history":[{"count":22,"href":"https:\/\/purplearrow.ch\/index.php?rest_route=\/wp\/v2\/pages\/1039\/revisions"}],"predecessor-version":[{"id":7387,"href":"https:\/\/purplearrow.ch\/index.php?rest_route=\/wp\/v2\/pages\/1039\/revisions\/7387"}],"up":[{"embeddable":true,"href":"https:\/\/purplearrow.ch\/index.php?rest_route=\/wp\/v2\/pages\/70"}],"wp:attachment":[{"href":"https:\/\/purplearrow.ch\/index.php?rest_route=%2Fwp%2Fv2%2Fmedia&parent=1039"}],"curies":[{"name":"wp","href":"https:\/\/api.w.org\/{rel}","templated":true}]}}