{"id":1035,"date":"2022-01-19T22:44:42","date_gmt":"2022-01-19T22:44:42","guid":{"rendered":"https:\/\/purplearrow.ch\/?page_id=1035"},"modified":"2025-02-21T17:57:25","modified_gmt":"2025-02-21T17:57:25","slug":"c-wurf","status":"publish","type":"page","link":"https:\/\/purplearrow.ch\/?page_id=1035","title":{"rendered":"C-Wurf &#8211; 15.1.2005"},"content":{"rendered":"\n<figure class=\"wp-block-image size-full\"><img loading=\"lazy\" decoding=\"async\" width=\"970\" height=\"647\" src=\"https:\/\/purplearrow.ch\/wp-content\/uploads\/2022\/01\/C-Wurf-welpen.jpg\" alt=\"\" class=\"wp-image-1663\" srcset=\"https:\/\/purplearrow.ch\/wp-content\/uploads\/2022\/01\/C-Wurf-welpen.jpg 970w, https:\/\/purplearrow.ch\/wp-content\/uploads\/2022\/01\/C-Wurf-welpen-300x200.jpg 300w, https:\/\/purplearrow.ch\/wp-content\/uploads\/2022\/01\/C-Wurf-welpen-768x512.jpg 768w\" sizes=\"auto, (max-width: 706px) 89vw, (max-width: 767px) 82vw, 740px\" \/><\/figure>\n\n\n\n<p style=\"font-size:16px\"><strong>Samstag, 15. Januar 2005<\/strong><br>7 Welpen<br>3 R\u00fcden und 4 H\u00fcndinnen<\/p>\n\n\n\n<p style=\"font-size:16px\"><a href=\"https:\/\/purplearrow.ch\/?page_id=5265\" data-type=\"page\" data-id=\"5265\"><mark style=\"background-color:rgba(0, 0, 0, 0)\" class=\"has-inline-color has-luminous-vivid-amber-color\">Bilder aus der Wurfkiste<\/mark><\/a><\/p>\n\n\n\n<div class=\"wp-block-media-text alignwide is-stacked-on-mobile\" style=\"grid-template-columns:25% auto\"><figure class=\"wp-block-media-text__media\"><img loading=\"lazy\" decoding=\"async\" width=\"341\" height=\"409\" src=\"https:\/\/purplearrow.ch\/wp-content\/uploads\/2022\/01\/c-wurf-Cheveyo.jpg\" alt=\"\" class=\"wp-image-1881 size-full\" srcset=\"https:\/\/purplearrow.ch\/wp-content\/uploads\/2022\/01\/c-wurf-Cheveyo.jpg 341w, https:\/\/purplearrow.ch\/wp-content\/uploads\/2022\/01\/c-wurf-Cheveyo-250x300.jpg 250w\" sizes=\"auto, (max-width: 341px) 100vw, 341px\" \/><\/figure><div class=\"wp-block-media-text__content\">\n<p style=\"font-size:14px\"><strong>Purple arrow&#8217;s Cheveyo Manapi &#8222;Chevy&#8220;<\/strong><br>R\u00fcde<br>Red, c\/w<br>HSF4 N\/N;  PRA N\/N; CEA N\/N<br>MDR1 +\/+<br>HD A\/A, ED 0\/0<br>Begleithund , Agility 1,<br>Dogdance<br>Angek\u00f6rt<\/p>\n<\/div><\/div>\n\n\n\n<div class=\"wp-block-media-text alignwide is-stacked-on-mobile\" style=\"grid-template-columns:25% auto\"><figure class=\"wp-block-media-text__media\"><img loading=\"lazy\" decoding=\"async\" width=\"313\" height=\"375\" src=\"https:\/\/purplearrow.ch\/wp-content\/uploads\/2022\/01\/c-wurf-Kimi-1.jpg\" alt=\"\" class=\"wp-image-1883 size-full\" srcset=\"https:\/\/purplearrow.ch\/wp-content\/uploads\/2022\/01\/c-wurf-Kimi-1.jpg 313w, https:\/\/purplearrow.ch\/wp-content\/uploads\/2022\/01\/c-wurf-Kimi-1-250x300.jpg 250w\" sizes=\"auto, (max-width: 313px) 100vw, 313px\" \/><\/figure><div class=\"wp-block-media-text__content\">\n<p style=\"font-size:14px\"><strong>Purple arrow&#8217;s Chilaili Kimi<\/strong><br>H\u00fcndin <br>Bluemerle, c\/w<br>HSF4 N\/N;  PRA N\/N; CEA N\/N<br>MDR1 +\/-<br>HD A\/A, ED 0\/0<br>Agility 2, Dog-Frisbee<br>Angek\u00f6rt<br><a href=\"https:\/\/purplearrow.ch\/?page_id=1411\" data-type=\"page\" data-id=\"1411\"><mark style=\"background-color:rgba(0, 0, 0, 0)\" class=\"has-inline-color has-light-green-cyan-color\">Bilder von Kimi<\/mark><\/a><\/p>\n<\/div><\/div>\n\n\n\n<div class=\"wp-block-media-text alignwide is-stacked-on-mobile\" style=\"grid-template-columns:25% auto\"><figure class=\"wp-block-media-text__media\"><img loading=\"lazy\" decoding=\"async\" width=\"339\" height=\"407\" src=\"https:\/\/purplearrow.ch\/wp-content\/uploads\/2022\/01\/c-wurf-Casy.jpg\" alt=\"\" class=\"wp-image-1869 size-full\" srcset=\"https:\/\/purplearrow.ch\/wp-content\/uploads\/2022\/01\/c-wurf-Casy.jpg 339w, https:\/\/purplearrow.ch\/wp-content\/uploads\/2022\/01\/c-wurf-Casy-250x300.jpg 250w\" sizes=\"auto, (max-width: 339px) 100vw, 339px\" \/><\/figure><div class=\"wp-block-media-text__content\">\n<p style=\"font-size:14px\"><strong>Purple arrow&#8217;s Casandra Casy<\/strong><br>H\u00fcndin <br>Bluemerle, c\/w<br>HSF4 N\/N;  PRA N\/N; CEA N\/N<br>HD A\/B, ED 0\/0<br><\/p>\n<\/div><\/div>\n\n\n\n<div class=\"wp-block-media-text alignwide is-stacked-on-mobile\" style=\"grid-template-columns:25% auto\"><figure class=\"wp-block-media-text__media\"><img loading=\"lazy\" decoding=\"async\" width=\"234\" height=\"281\" src=\"https:\/\/purplearrow.ch\/wp-content\/uploads\/2022\/01\/c-wurf-Joya-1.jpg\" alt=\"\" class=\"wp-image-1884 size-full\"\/><\/figure><div class=\"wp-block-media-text__content\">\n<p style=\"font-size:14px\"><strong>Purple arrow&#8217;s Call Me Joya<\/strong><br>H\u00fcndin <br>Bluemerle, c\/w<br>HSF4 N\/N;  PRA N\/N; CEA N\/N<br>HD A\/A, ED 0\/0<br>Agility 1, Horse &amp; Dog Trail<br><\/p>\n<\/div><\/div>\n\n\n\n<div class=\"wp-block-media-text alignwide is-stacked-on-mobile\" style=\"grid-template-columns:25% auto\"><figure class=\"wp-block-media-text__media\"><img loading=\"lazy\" decoding=\"async\" width=\"417\" height=\"501\" src=\"https:\/\/purplearrow.ch\/wp-content\/uploads\/2022\/01\/c-wurf-Chesmu.jpg\" alt=\"\" class=\"wp-image-1871 size-full\" srcset=\"https:\/\/purplearrow.ch\/wp-content\/uploads\/2022\/01\/c-wurf-Chesmu.jpg 417w, https:\/\/purplearrow.ch\/wp-content\/uploads\/2022\/01\/c-wurf-Chesmu-250x300.jpg 250w\" sizes=\"auto, (max-width: 417px) 100vw, 417px\" \/><\/figure><div class=\"wp-block-media-text__content\">\n<p style=\"font-size:14px\"><strong><strong>Purple arrow&#8217;s Chesmu Chayton<\/strong><\/strong><br>R\u00fcde <br>Redmerle, c\/w<br>HSF4 N\/N;  PRA N\/N; CEA N\/N<br>MDR1 +\/-<br>HD A\/A, ED 0\/0<br>Agility, Begleithund 2<\/p>\n<\/div><\/div>\n\n\n\n<div class=\"wp-block-media-text alignwide is-stacked-on-mobile\" style=\"grid-template-columns:25% auto\"><figure class=\"wp-block-media-text__media\"><img loading=\"lazy\" decoding=\"async\" width=\"447\" height=\"537\" src=\"https:\/\/purplearrow.ch\/wp-content\/uploads\/2022\/01\/c-wurf-Crischa.jpg\" alt=\"\" class=\"wp-image-1874 size-full\" srcset=\"https:\/\/purplearrow.ch\/wp-content\/uploads\/2022\/01\/c-wurf-Crischa.jpg 447w, https:\/\/purplearrow.ch\/wp-content\/uploads\/2022\/01\/c-wurf-Crischa-250x300.jpg 250w\" sizes=\"auto, (max-width: 447px) 100vw, 447px\" \/><\/figure><div class=\"wp-block-media-text__content\">\n<p style=\"font-size:14px\"><strong>Purple arrow&#8217;s Crischa Chesmu <\/strong><br>R\u00fcde <br>Red, c\/w<br>HSF4 N\/N;  PRA N\/N; CEA N\/N<br>MDR1 +\/+<br>HD A\/A, ED 0\/0<br>Begleithund 3<br>Angek\u00f6rt<\/p>\n<\/div><\/div>\n\n\n\n<div class=\"wp-block-media-text alignwide is-stacked-on-mobile\" style=\"grid-template-columns:25% auto\"><figure class=\"wp-block-media-text__media\"><img loading=\"lazy\" decoding=\"async\" width=\"495\" height=\"594\" src=\"https:\/\/purplearrow.ch\/wp-content\/uploads\/2022\/01\/c-wurf-Chicca.jpg\" alt=\"\" class=\"wp-image-1877 size-full\" srcset=\"https:\/\/purplearrow.ch\/wp-content\/uploads\/2022\/01\/c-wurf-Chicca.jpg 495w, https:\/\/purplearrow.ch\/wp-content\/uploads\/2022\/01\/c-wurf-Chicca-250x300.jpg 250w\" sizes=\"auto, (max-width: 495px) 100vw, 495px\" \/><\/figure><div class=\"wp-block-media-text__content\">\n<p style=\"font-size:14px\"><strong>Purple arrow&#8217;s Chicca Charu<\/strong><br>H\u00fcndin <br>Black, c\/w<br>HSF4 N\/N;  PRA N\/N; CEA N\/N<br>HD A\/A, ED 0\/0<br>Agility<\/p>\n<\/div><\/div>\n\n\n\n<h2 class=\"wp-block-heading\"><strong>Eltern vom C-Wurf<\/strong><\/h2>\n\n\n\n<figure class=\"wp-block-image size-full\"><img loading=\"lazy\" decoding=\"async\" width=\"774\" height=\"645\" src=\"https:\/\/purplearrow.ch\/wp-content\/uploads\/2022\/01\/C-Wurf-Dolittle-Mail.jpg\" alt=\"\" class=\"wp-image-1660\" srcset=\"https:\/\/purplearrow.ch\/wp-content\/uploads\/2022\/01\/C-Wurf-Dolittle-Mail.jpg 774w, https:\/\/purplearrow.ch\/wp-content\/uploads\/2022\/01\/C-Wurf-Dolittle-Mail-300x250.jpg 300w, https:\/\/purplearrow.ch\/wp-content\/uploads\/2022\/01\/C-Wurf-Dolittle-Mail-768x640.jpg 768w\" sizes=\"auto, (max-width: 706px) 89vw, (max-width: 767px) 82vw, 740px\" \/><\/figure>\n\n\n\n<div class=\"wp-block-columns is-layout-flex wp-container-core-columns-is-layout-9d6595d7 wp-block-columns-is-layout-flex\">\n<div class=\"wp-block-column is-layout-flow wp-block-column-is-layout-flow\">\n<p class=\"has-medium-font-size\"><strong><strong>Talisman Dr. Dolittle<\/strong><\/strong><\/p>\n\n\n\n<p style=\"font-size:14px\">8.11.1998 \u2013 23.6.2014<br>Bm c\/w, red factored<br>Vollst\u00e4ndiges Scherengebiss<br>Rute: lang<br>HD A\/A; ED 0\/0<br>Augen: frei<br>CEA N\/N; PRA N\/N<br>MDR1 +\/-<br>Agility<br>Begleithundepr\u00fcfung<br><br><strong>Ausstellungs-Erfolge<\/strong><br>Jugendsieger Hannover u. Kassel<br>VDH Champion<br>VDH Veteranen-Champion<br>Besitzer: Angelika Wohlnick, D<\/p>\n<\/div>\n\n\n\n<div class=\"wp-block-column is-layout-flow wp-block-column-is-layout-flow\">\n<p class=\"has-text-align-left has-medium-font-size\"><strong>Horseman&#8217;s Mail forever<\/strong><\/p>\n\n\n\n<p class=\"has-text-align-left\" style=\"font-size:14px\">5.6.1999 \u2013 7.5.2014<br>B, c\/w, red factored <br>Vollst\u00e4ndiges Scherengebiss <br>Rute: lang<br>HD A\/A; ED 0\/0<br>Augen: frei<br>PRA N\/N; CEA N\/N<br>MDR1 +\/+<br>Agility 2<br>Obedience 1<br><br><strong>Ausstellungs-Erfolge<\/strong><br>V2; IHA Friedrichshafen, 8.4.2001<br>V2; IHA St.Gallen, 19.5.2001<br>Z\u00fcchter: Inge Hammer, D<\/p>\n<\/div>\n<\/div>\n","protected":false},"excerpt":{"rendered":"<p>Samstag, 15. Januar 20057 Welpen3 R\u00fcden und 4 H\u00fcndinnen Bilder aus der Wurfkiste Purple arrow&#8217;s Cheveyo Manapi &#8222;Chevy&#8220;R\u00fcdeRed, c\/wHSF4 N\/N; PRA N\/N; CEA N\/NMDR1 +\/+HD A\/A, ED 0\/0Begleithund , Agility 1,DogdanceAngek\u00f6rt Purple arrow&#8217;s Chilaili KimiH\u00fcndin Bluemerle, c\/wHSF4 N\/N; PRA N\/N; CEA N\/NMDR1 +\/-HD A\/A, ED 0\/0Agility 2, Dog-FrisbeeAngek\u00f6rtBilder von Kimi Purple arrow&#8217;s Casandra CasyH\u00fcndin Bluemerle, &hellip; <\/p>\n<p class=\"link-more\"><a href=\"https:\/\/purplearrow.ch\/?page_id=1035\" class=\"more-link\"><span class=\"screen-reader-text\">\u201eC-Wurf &#8211; 15.1.2005\u201c<\/span> weiterlesen<\/a><\/p>\n","protected":false},"author":1,"featured_media":0,"parent":70,"menu_order":15,"comment_status":"closed","ping_status":"closed","template":"","meta":{"footnotes":""},"class_list":["post-1035","page","type-page","status-publish","hentry"],"_links":{"self":[{"href":"https:\/\/purplearrow.ch\/index.php?rest_route=\/wp\/v2\/pages\/1035","targetHints":{"allow":["GET"]}}],"collection":[{"href":"https:\/\/purplearrow.ch\/index.php?rest_route=\/wp\/v2\/pages"}],"about":[{"href":"https:\/\/purplearrow.ch\/index.php?rest_route=\/wp\/v2\/types\/page"}],"author":[{"embeddable":true,"href":"https:\/\/purplearrow.ch\/index.php?rest_route=\/wp\/v2\/users\/1"}],"replies":[{"embeddable":true,"href":"https:\/\/purplearrow.ch\/index.php?rest_route=%2Fwp%2Fv2%2Fcomments&post=1035"}],"version-history":[{"count":22,"href":"https:\/\/purplearrow.ch\/index.php?rest_route=\/wp\/v2\/pages\/1035\/revisions"}],"predecessor-version":[{"id":7383,"href":"https:\/\/purplearrow.ch\/index.php?rest_route=\/wp\/v2\/pages\/1035\/revisions\/7383"}],"up":[{"embeddable":true,"href":"https:\/\/purplearrow.ch\/index.php?rest_route=\/wp\/v2\/pages\/70"}],"wp:attachment":[{"href":"https:\/\/purplearrow.ch\/index.php?rest_route=%2Fwp%2Fv2%2Fmedia&parent=1035"}],"curies":[{"name":"wp","href":"https:\/\/api.w.org\/{rel}","templated":true}]}}