{"id":1025,"date":"2022-01-19T22:40:16","date_gmt":"2022-01-19T22:40:16","guid":{"rendered":"https:\/\/purplearrow.ch\/?page_id=1025"},"modified":"2025-02-21T17:50:36","modified_gmt":"2025-02-21T17:50:36","slug":"h-wurf","status":"publish","type":"page","link":"https:\/\/purplearrow.ch\/?page_id=1025","title":{"rendered":"H-Wurf &#8211; 20.3.2012"},"content":{"rendered":"\n<figure class=\"wp-block-image size-large\"><img loading=\"lazy\" decoding=\"async\" width=\"1024\" height=\"683\" src=\"https:\/\/purplearrow.ch\/wp-content\/uploads\/2022\/01\/06_H-Welpen-1024x683.jpg\" alt=\"\" class=\"wp-image-1487\" srcset=\"https:\/\/purplearrow.ch\/wp-content\/uploads\/2022\/01\/06_H-Welpen-1024x683.jpg 1024w, https:\/\/purplearrow.ch\/wp-content\/uploads\/2022\/01\/06_H-Welpen-300x200.jpg 300w, https:\/\/purplearrow.ch\/wp-content\/uploads\/2022\/01\/06_H-Welpen-768x512.jpg 768w, https:\/\/purplearrow.ch\/wp-content\/uploads\/2022\/01\/06_H-Welpen-1536x1024.jpg 1536w, https:\/\/purplearrow.ch\/wp-content\/uploads\/2022\/01\/06_H-Welpen.jpg 1705w\" sizes=\"auto, (max-width: 706px) 89vw, (max-width: 767px) 82vw, 740px\" \/><\/figure>\n\n\n\n<p style=\"font-size:16px\"><strong>Dienstag, 20. M\u00e4rz 2012<\/strong><br>4 Welpen<br>2 R\u00fcden 1  H\u00fcndin Black c(w<br>1 H\u00fcndin Bluemerle c\/w<br><br><a href=\"https:\/\/purplearrow.ch\/?page_id=4493\" data-type=\"page\" data-id=\"4493\"><mark style=\"background-color:rgba(0, 0, 0, 0)\" class=\"has-inline-color has-luminous-vivid-amber-color\">Bilder aus der Wurfkiste<\/mark><\/a><\/p>\n\n\n\n<div class=\"wp-block-media-text alignwide is-stacked-on-mobile\" style=\"grid-template-columns:25% auto\"><figure class=\"wp-block-media-text__media\"><img loading=\"lazy\" decoding=\"async\" width=\"853\" height=\"1024\" src=\"https:\/\/purplearrow.ch\/wp-content\/uploads\/2022\/01\/H-Wurf-blue-853x1024.jpg\" alt=\"\" class=\"wp-image-1490 size-full\" srcset=\"https:\/\/purplearrow.ch\/wp-content\/uploads\/2022\/01\/H-Wurf-blue-853x1024.jpg 853w, https:\/\/purplearrow.ch\/wp-content\/uploads\/2022\/01\/H-Wurf-blue-250x300.jpg 250w, https:\/\/purplearrow.ch\/wp-content\/uploads\/2022\/01\/H-Wurf-blue-768x922.jpg 768w, https:\/\/purplearrow.ch\/wp-content\/uploads\/2022\/01\/H-Wurf-blue-1280x1536.jpg 1280w, https:\/\/purplearrow.ch\/wp-content\/uploads\/2022\/01\/H-Wurf-blue.jpg 1370w\" sizes=\"auto, (max-width: 706px) 89vw, (max-width: 767px) 82vw, 740px\" \/><\/figure><div class=\"wp-block-media-text__content\">\n<p style=\"font-size:14px\"><strong>Purple arrow&#8217;s Huyana Blue<\/strong><br>H\u00fcndin<br>Bluemerle, c\/w<br>HSF4 N\/N (Eltern genetisch frei)<br>PRA N\/N (Eltern genetisch frei)<br>CEA N\/N (Eltern genetisch frei)<br>MDR1+ N\/N (Eltern genetisch frei) <br>Einsatzf\u00e4higer Lawinenhund der Alpinen Rettung Schweiz<\/p>\n<\/div><\/div>\n\n\n\n<div class=\"wp-block-media-text alignwide is-stacked-on-mobile\" style=\"grid-template-columns:25% auto\"><figure class=\"wp-block-media-text__media\"><img loading=\"lazy\" decoding=\"async\" width=\"853\" height=\"1024\" src=\"https:\/\/purplearrow.ch\/wp-content\/uploads\/2022\/01\/H-Wurf-hailey-853x1024.jpg\" alt=\"\" class=\"wp-image-1491 size-full\" srcset=\"https:\/\/purplearrow.ch\/wp-content\/uploads\/2022\/01\/H-Wurf-hailey-853x1024.jpg 853w, https:\/\/purplearrow.ch\/wp-content\/uploads\/2022\/01\/H-Wurf-hailey-250x300.jpg 250w, https:\/\/purplearrow.ch\/wp-content\/uploads\/2022\/01\/H-Wurf-hailey-768x922.jpg 768w, https:\/\/purplearrow.ch\/wp-content\/uploads\/2022\/01\/H-Wurf-hailey-1280x1536.jpg 1280w, https:\/\/purplearrow.ch\/wp-content\/uploads\/2022\/01\/H-Wurf-hailey.jpg 1510w\" sizes=\"auto, (max-width: 706px) 89vw, (max-width: 767px) 82vw, 740px\" \/><\/figure><div class=\"wp-block-media-text__content\">\n<p style=\"font-size:14px\"><strong>Purple arrow&#8217;s Harmony &#8222;Hailey&#8220;<\/strong><br>H\u00fcndin<br>Black, c\/w<br>HSF4 N\/N (Eltern genetisch frei)<br>PRA N\/N (Eltern genetisch frei)<br>CEA N\/N (Eltern genetisch frei)<br>MDR1+ N\/N (Eltern genetisch frei) <br><br><\/p>\n<\/div><\/div>\n\n\n\n<div class=\"wp-block-media-text alignwide is-stacked-on-mobile\" style=\"grid-template-columns:25% auto\"><figure class=\"wp-block-media-text__media\"><img loading=\"lazy\" decoding=\"async\" width=\"853\" height=\"1024\" src=\"https:\/\/purplearrow.ch\/wp-content\/uploads\/2022\/01\/H-Wurf-herby-853x1024.jpg\" alt=\"\" class=\"wp-image-1492 size-full\" srcset=\"https:\/\/purplearrow.ch\/wp-content\/uploads\/2022\/01\/H-Wurf-herby-853x1024.jpg 853w, https:\/\/purplearrow.ch\/wp-content\/uploads\/2022\/01\/H-Wurf-herby-250x300.jpg 250w, https:\/\/purplearrow.ch\/wp-content\/uploads\/2022\/01\/H-Wurf-herby-768x922.jpg 768w, https:\/\/purplearrow.ch\/wp-content\/uploads\/2022\/01\/H-Wurf-herby-1280x1536.jpg 1280w, https:\/\/purplearrow.ch\/wp-content\/uploads\/2022\/01\/H-Wurf-herby.jpg 1364w\" sizes=\"auto, (max-width: 706px) 89vw, (max-width: 767px) 82vw, 740px\" \/><\/figure><div class=\"wp-block-media-text__content\">\n<p style=\"font-size:14px\"><strong>Purple arrow&#8217;s Hiamovi Herby<\/strong><br>R\u00fcde<br>Black, c\/w<br>HSF4 N\/N (Eltern genetisch frei)<br>PRA N\/N (Eltern genetisch frei)<br>CEA N\/N (Eltern genetisch frei)<br>MDR1+ N\/N (Eltern genetisch frei) <br>Agility<\/p>\n<\/div><\/div>\n\n\n\n<div class=\"wp-block-media-text alignwide is-stacked-on-mobile\" style=\"grid-template-columns:25% auto\"><figure class=\"wp-block-media-text__media\"><img loading=\"lazy\" decoding=\"async\" width=\"853\" height=\"1024\" src=\"https:\/\/purplearrow.ch\/wp-content\/uploads\/2022\/01\/H-Wurf-harley-853x1024.jpg\" alt=\"\" class=\"wp-image-1493 size-full\" srcset=\"https:\/\/purplearrow.ch\/wp-content\/uploads\/2022\/01\/H-Wurf-harley-853x1024.jpg 853w, https:\/\/purplearrow.ch\/wp-content\/uploads\/2022\/01\/H-Wurf-harley-250x300.jpg 250w, https:\/\/purplearrow.ch\/wp-content\/uploads\/2022\/01\/H-Wurf-harley-768x922.jpg 768w, https:\/\/purplearrow.ch\/wp-content\/uploads\/2022\/01\/H-Wurf-harley-1280x1536.jpg 1280w, https:\/\/purplearrow.ch\/wp-content\/uploads\/2022\/01\/H-Wurf-harley.jpg 1498w\" sizes=\"auto, (max-width: 706px) 89vw, (max-width: 767px) 82vw, 740px\" \/><\/figure><div class=\"wp-block-media-text__content\">\n<p style=\"font-size:14px\"><strong>Purple arrow&#8217;s Harley<\/strong><br>R\u00fcde<br>Black, c\/w<br>HSF4 N\/N (Eltern genetisch frei)<br>PRA N\/N (Eltern genetisch frei)<br>CEA N\/N (Eltern genetisch frei)<br>MDR1+ N\/N (Eltern genetisch frei) <br><br><\/p>\n<\/div><\/div>\n\n\n\n<h2 class=\"wp-block-heading\"><strong>Eltern vom H-Wurf<\/strong><\/h2>\n\n\n\n<figure class=\"wp-block-image size-large is-style-default\"><img loading=\"lazy\" decoding=\"async\" width=\"1024\" height=\"683\" src=\"https:\/\/purplearrow.ch\/wp-content\/uploads\/2022\/01\/H-Wurf-Shadow-Energy-1024x683.jpg\" alt=\"\" class=\"wp-image-1485\" srcset=\"https:\/\/purplearrow.ch\/wp-content\/uploads\/2022\/01\/H-Wurf-Shadow-Energy-1024x683.jpg 1024w, https:\/\/purplearrow.ch\/wp-content\/uploads\/2022\/01\/H-Wurf-Shadow-Energy-300x200.jpg 300w, https:\/\/purplearrow.ch\/wp-content\/uploads\/2022\/01\/H-Wurf-Shadow-Energy-768x512.jpg 768w, https:\/\/purplearrow.ch\/wp-content\/uploads\/2022\/01\/H-Wurf-Shadow-Energy-1536x1024.jpg 1536w, https:\/\/purplearrow.ch\/wp-content\/uploads\/2022\/01\/H-Wurf-Shadow-Energy-2048x1365.jpg 2048w\" sizes=\"auto, (max-width: 706px) 89vw, (max-width: 767px) 82vw, 740px\" \/><\/figure>\n\n\n\n<div class=\"wp-block-columns is-layout-flex wp-container-core-columns-is-layout-9d6595d7 wp-block-columns-is-layout-flex\">\n<div class=\"wp-block-column is-layout-flow wp-block-column-is-layout-flow\">\n<p class=\"has-medium-font-size\"><strong>Rafter Creek&#8217;s Blue Chip Shadow<\/strong><\/p>\n\n\n\n<p style=\"font-size:14px\">18.5.2007 \u2013 24.11.2021 <br>Bm, c\/w<br>Vollst\u00e4ndiges Scherengebiss<br>Rute: lang<br>HD A1; ED 0\/0<br>PRA N\/N; CEA N\/N<br>HSF4 N\/N; MDR1 +\/+<br>VDH Champion<br>Begleithundepr\u00fcfung<br><br>Besitzer: <br>Claudia Bosselmann und Fam. Kienzle<\/p>\n<\/div>\n\n\n\n<div class=\"wp-block-column is-layout-flow wp-block-column-is-layout-flow\">\n<p class=\"has-text-align-left has-medium-font-size\"><strong>Purple arrow&#8217;s Energy Black Eldri<\/strong><\/p>\n\n\n\n<p class=\"has-text-align-left\" style=\"font-size:14px\">6.7.2014 \u2013 13.4.2023<br>B, c\/w, red factored <br>Vollst\u00e4ndiges Scherengebiss <br>Rute: lang<br>HD A\/A; ED 0\/0<br>PRA N\/N; CEA N\/N<br>HSF4 N\/N; DM N\/N; MDR1 +\/+<br>Begleithund 1 AKZ, Agility 3,<br>Rally Obedience B-Gold<br>Obedience 1 FCI AKZ<br>Deutscher-Veteranen-Champion<\/p>\n<\/div>\n<\/div>\n","protected":false},"excerpt":{"rendered":"<p>Dienstag, 20. M\u00e4rz 20124 Welpen2 R\u00fcden 1 H\u00fcndin Black c(w1 H\u00fcndin Bluemerle c\/w Bilder aus der Wurfkiste Purple arrow&#8217;s Huyana BlueH\u00fcndinBluemerle, c\/wHSF4 N\/N (Eltern genetisch frei)PRA N\/N (Eltern genetisch frei)CEA N\/N (Eltern genetisch frei)MDR1+ N\/N (Eltern genetisch frei) Einsatzf\u00e4higer Lawinenhund der Alpinen Rettung Schweiz Purple arrow&#8217;s Harmony &#8222;Hailey&#8220;H\u00fcndinBlack, c\/wHSF4 N\/N (Eltern genetisch frei)PRA N\/N (Eltern &hellip; <\/p>\n<p class=\"link-more\"><a href=\"https:\/\/purplearrow.ch\/?page_id=1025\" class=\"more-link\"><span class=\"screen-reader-text\">\u201eH-Wurf &#8211; 20.3.2012\u201c<\/span> weiterlesen<\/a><\/p>\n","protected":false},"author":1,"featured_media":0,"parent":70,"menu_order":10,"comment_status":"closed","ping_status":"closed","template":"","meta":{"footnotes":""},"class_list":["post-1025","page","type-page","status-publish","hentry"],"_links":{"self":[{"href":"https:\/\/purplearrow.ch\/index.php?rest_route=\/wp\/v2\/pages\/1025","targetHints":{"allow":["GET"]}}],"collection":[{"href":"https:\/\/purplearrow.ch\/index.php?rest_route=\/wp\/v2\/pages"}],"about":[{"href":"https:\/\/purplearrow.ch\/index.php?rest_route=\/wp\/v2\/types\/page"}],"author":[{"embeddable":true,"href":"https:\/\/purplearrow.ch\/index.php?rest_route=\/wp\/v2\/users\/1"}],"replies":[{"embeddable":true,"href":"https:\/\/purplearrow.ch\/index.php?rest_route=%2Fwp%2Fv2%2Fcomments&post=1025"}],"version-history":[{"count":17,"href":"https:\/\/purplearrow.ch\/index.php?rest_route=\/wp\/v2\/pages\/1025\/revisions"}],"predecessor-version":[{"id":7376,"href":"https:\/\/purplearrow.ch\/index.php?rest_route=\/wp\/v2\/pages\/1025\/revisions\/7376"}],"up":[{"embeddable":true,"href":"https:\/\/purplearrow.ch\/index.php?rest_route=\/wp\/v2\/pages\/70"}],"wp:attachment":[{"href":"https:\/\/purplearrow.ch\/index.php?rest_route=%2Fwp%2Fv2%2Fmedia&parent=1025"}],"curies":[{"name":"wp","href":"https:\/\/api.w.org\/{rel}","templated":true}]}}